{"id":3058,"date":"2023-01-12T00:10:18","date_gmt":"2023-01-11T21:10:18","guid":{"rendered":"https:\/\/rocketplay-slot.com\/sports-betting\/cricket\/"},"modified":"2024-02-08T15:27:20","modified_gmt":"2024-02-08T12:27:20","slug":"cricket","status":"publish","type":"page","link":"https:\/\/rocketplay-slot.com\/pl\/sports-betting\/cricket\/","title":{"rendered":"Wszystko o zak\u0142adach online na krykieta"},"content":{"rendered":"<p>Krykiet to najpopularniejsza gra na \u015bwiecie, ale wci\u0105\u017c ma swoich fan\u00f3w. Ale poniewa\u017c krykiet nie obstawia si\u0119 tak cz\u0119sto jak pi\u0142ka no\u017cna i inne popularne gry, obstawianie krykieta jest bardzo op\u0142acalne. Pomocne by\u0142oby poznanie kilku wskaz\u00f3wek dotycz\u0105cych zak\u0142ad\u00f3w na krykieta i napisanie w tym celu tego artyku\u0142u.<\/p>\n<p><img loading=\"lazy\" decoding=\"async\" class=\"aligncenter wp-image-3968\" src=\"https:\/\/rocketplay-slot.com\/wp-content\/uploads\/2024\/02\/cricketer-field-action.jpg\" alt=\"Wszystko o zak\u0142adach online na krykieta\" width=\"800\" height=\"534\" srcset=\"https:\/\/rocketplay-slot.com\/wp-content\/uploads\/2024\/02\/cricketer-field-action.jpg 1000w, https:\/\/rocketplay-slot.com\/wp-content\/uploads\/2024\/02\/cricketer-field-action-300x200.jpg 300w, https:\/\/rocketplay-slot.com\/wp-content\/uploads\/2024\/02\/cricketer-field-action-768x512.jpg 768w\" sizes=\"auto, (max-width: 800px) 100vw, 800px\" \/><\/p>\n<h2>R\u00d3\u017bNE RODZAJE ZAK\u0141AD\u00d3W W KRYKIECIE<\/h2>\n<p>Ka\u017cdy bukmacher oferuje r\u00f3\u017cne opcje zak\u0142ad\u00f3w. Wiele z nich mo\u017ce zmyli\u0107 u\u017cytkownika, a on dokona fa\u0142szywego zak\u0142adu. Oznacza to, \u017ce firma bukmacherska wygra pieni\u0105dze. Istniej\u0105 r\u00f3wnie\u017c proste zak\u0142ady, ale musisz przeanalizowa\u0107 dane. Oczywi\u015bcie nie zabraknie zak\u0142ad\u00f3w na krykieta z najwi\u0119kszymi wygranymi.<\/p>\n<p>Aby pom\u00f3c Ci w dokonywaniu w\u0142a\u015bciwych zak\u0142ad\u00f3w, przygotowali\u015bmy dla Ciebie darmowe typy na krykieta:<\/p>\n<ul>\n<li>zak\u0142ad na zwyci\u0119zc\u0119. Mo\u017cesz postawi\u0107 na dru\u017cyn\u0119, kt\u00f3ra Twoim zdaniem musi wygra\u0107 ten mecz;<\/li>\n<li>wi\u0119cej\/mniej. Mo\u017cesz postawi\u0107 na zdarzenie, kt\u00f3re Twoim zdaniem b\u0119dzie mia\u0142o miejsce wi\u0119cej lub mniej razy. Na przyk\u0142ad mo\u017cesz powiedzie\u0107, \u017ce dru\u017cyna \u201eA\u201d zdob\u0119dzie wi\u0119cej ni\u017c 5 punkt\u00f3w;<\/li>\n<li>pierwsza pi\u0142ka\/pierwszy odbi\u00f3r &#8211; Ten zak\u0142ad jest doskona\u0142y dla tych, kt\u00f3rzy chc\u0105 uzyska\u0107 wynik tak szybko, jak to mo\u017cliwe;<\/li>\n<li>bieg inning\u00f3w. Jest to prosty zak\u0142ad, polegaj\u0105cy na odgadni\u0119ciu, czy dru\u017cyna b\u0119dzie mia\u0142a wymagan\u0105 liczb\u0119 run\u00f3w. Nie musisz nawet zgadywa\u0107 dok\u0142adnej liczby. To po prostu musi wystarczy\u0107;<\/li>\n<li>zak\u0142ady gracza. Mo\u017cesz postawi\u0107 nie na dru\u017cyn\u0119, ale na konkretnego zawodnika. Je\u015bli zostanie graczem w meczu, wygrywasz.<\/li>\n<\/ul>\n<p>Post\u0119puj\u0105c zgodnie z tym przewodnikiem dotycz\u0105cym zak\u0142ad\u00f3w na krykieta, zawsze mo\u017cesz postawi\u0107 zak\u0142ad.<\/p>\n<h2>STRATEGIA ZAK\u0141AD\u00d3W NA KRYKIETA<\/h2>\n<p>Ka\u017cdy zawodowy gracz na imprezach sportowych ma swoj\u0105 strategi\u0119. Dlatego zalecamy r\u00f3wnie\u017c wymy\u015blenie w\u0142asnego, ale dla Ciebie nauczyli\u015bmy si\u0119 og\u00f3lnych wskaz\u00f3wek od do\u015bwiadczonych u\u017cytkownik\u00f3w:<\/p>\n<ul>\n<li>zawsze uwa\u017cnie studiuj, na co stawiasz. Dobra analiza mo\u017ce podpowiedzie\u0107 Ci nieoczywiste i bardzo op\u0142acalne zak\u0142ady.<br \/>\nogl\u0105daj mecze, na kt\u00f3re obstawiasz. Pozwoli to zebra\u0107 wi\u0119cej danych do dalszej analizy, co oznacza, \u017ce b\u0119dzie mniej b\u0142\u0119d\u00f3w w obstawianiu.<\/li>\n<li>nigdy nie pij alkoholu podczas obstawiania. Mo\u017ce to uniemo\u017cliwi\u0107 obiektywne i sprawiedliwe postrzeganie rzeczy. Mo\u017cesz pope\u0142ni\u0107 wi\u0119cej b\u0142\u0119d\u00f3w.<\/li>\n<li>nie u\u017cywaj zak\u0142ad\u00f3w jako sposobu na zarabianie pieni\u0119dzy. Tak, mo\u017cesz tu du\u017co wygra\u0107, ale je\u015bli zabraknie Ci szcz\u0119\u015bcia, ryzykujesz utrat\u0119 wszystkiego.<\/li>\n<li>nie r\u00f3b du\u017cych zak\u0142ad\u00f3w. Zr\u00f3b du\u017co ma\u0142ych. Pozwoli ci to zr\u00f3\u017cnicowa\u0107 swoje inwestycje i straci\u0107 je wszystkie na raz. Masz du\u017co mniejsze szanse.<\/li>\n<li>skorzystaj ze sprawdzonej aplikacji do obstawiania krykieta, kt\u00f3ra gwarantuje uczciwe wyp\u0142aty, dobre kursy i doskona\u0142e bonusy<\/li>\n<\/ul>\n<p>Post\u0119puj\u0105c zgodnie z tymi prostymi wskaz\u00f3wkami, zawsze mo\u017cesz dobrze si\u0119 bawi\u0107, obstawiaj\u0105c krykieta na \u017cywo.<\/p>\n<h2>NAJPOPULARNIEJSZE ZAK\u0141ADY NA KRYKIETA<\/h2>\n<p>W przypadku zak\u0142ad\u00f3w na krykieta istnieje wiele odmian obstawiania. Musisz jednak pami\u0119ta\u0107, \u017ce im bardziej popularny jest dany zak\u0142ad, tym mniej korzystne s\u0105 kursy. Oznacza to, \u017ce masz znacznie mniejsze szanse na uzyskanie przyzwoitej nagrody.<\/p>\n<p>Dlatego wiele os\u00f3b korzysta z zak\u0142ad\u00f3w, kt\u00f3re nie s\u0105 najpopularniejsze. Ale aby to zrobi\u0107, warto przestudiowa\u0107 dost\u0119pne zak\u0142ady i przeanalizowa\u0107 dru\u017cyny i zawodnik\u00f3w, na kt\u00f3rych mo\u017cna postawi\u0107. W ten spos\u00f3b mo\u017cna odkry\u0107 wiele rzeczy, kt\u00f3re nie by\u0142y od razu oczywiste.<\/p>\n<p>Nie zapominaj r\u00f3wnie\u017c, \u017ce w zak\u0142adach na krykieta Australia zyskuje na popularno\u015bci w zak\u0142adach d\u0142ugoterminowych. Polegaj\u0105 one na tym, \u017ce mo\u017cna postawi\u0107 nie na jeden mecz, ale na ca\u0142y turniej. Eliminuje to pecha lub pecha konkretnych dru\u017cyn, a na pierwszy plan wysuwa si\u0119 systematyczno\u015b\u0107 zespo\u0142u, co czyni te zak\u0142ady bardzo atrakcyjnymi.<\/p>\n<h2>WNIOSEK<\/h2>\n<p>Podsumowuj\u0105c, obstawianie to doskona\u0142y dodatek do ogl\u0105dania ulubionego sportu, kt\u00f3ry mo\u017ce przynosi\u0107 okazjonalne i regularne wygrane. Oczywi\u015bcie, aby regularnie wygrywa\u0107, b\u0119dziesz musia\u0142 szczeg\u00f3\u0142owo analizowa\u0107 nadchodz\u0105ce mecze. Konieczne jest r\u00f3wnie\u017c od\u0142o\u017cenie na bok wszelkich uprzedze\u0144 przeci\u0119tnego kibica, poniewa\u017c profesjonalista jest racjonalny, nawet je\u015bli chodzi o ulubion\u0105 dru\u017cyn\u0119.<\/p>\n<p><img loading=\"lazy\" decoding=\"async\" class=\"aligncenter wp-image-3977\" src=\"https:\/\/rocketplay-slot.com\/wp-content\/uploads\/2024\/02\/man-watching-football-sports-game-digital-tablet.jpg\" alt=\"Wszystko o zak\u0142adach online na krykieta 2\" width=\"800\" height=\"534\" srcset=\"https:\/\/rocketplay-slot.com\/wp-content\/uploads\/2024\/02\/man-watching-football-sports-game-digital-tablet.jpg 1000w, https:\/\/rocketplay-slot.com\/wp-content\/uploads\/2024\/02\/man-watching-football-sports-game-digital-tablet-300x200.jpg 300w, https:\/\/rocketplay-slot.com\/wp-content\/uploads\/2024\/02\/man-watching-football-sports-game-digital-tablet-768x512.jpg 768w\" sizes=\"auto, (max-width: 800px) 100vw, 800px\" \/><\/p>\n<h2>Cz\u0119sto zadawane pytania<\/h2>\n<p>Wielu nowicjuszom trudno jest szybko opanowa\u0107 aplikacje bukmacherskie. Dlatego tworzymy t\u0119 sekcj\u0119, w kt\u00f3rej zbieramy popularne pytania, aby\u015b m\u00f3g\u0142 pozna\u0107 na nie odpowiedzi.<\/p>\n<h3>SK\u0104D MAM WIEDZIE\u0106, NA JAKI MECZ STAWIA\u0106?<\/h3>\n<p>Zawsze sam wybierasz, na kt\u00f3ry mecz chcesz postawi\u0107. Zalecamy obstawianie mecz\u00f3w z dobrymi kursami lub minimaln\u0105 mar\u017c\u0105 firmy bukmacherskiej. Cz\u0119sto s\u0105 oferowane nowicjuszom.<\/p>\n<h3>JAK WYBRA\u0106 NA KT\u00d3R\u0104 DRU\u017bYN\u0118 STAWIA\u0106?<\/h3>\n<p>Wybierz dru\u017cyn\u0119, na kt\u00f3r\u0105 chcesz postawi\u0107. Musisz zebra\u0107 szereg danych, kt\u00f3re pomog\u0105 Ci w analizie. Musz\u0105 to by\u0107 koniecznie opinie r\u00f3\u017cnych ekspert\u00f3w na temat nadchodz\u0105cej imprezy. Wyniki poprzednich spotka\u0144 tych dru\u017cyn i mecz\u00f3w w poprzednich rundach, aby zobaczy\u0107 dynamik\u0119 zespo\u0142\u00f3w. Warto zebra\u0107 informacje o kontuzjach czo\u0142owych zawodnik\u00f3w i czy kto\u015b mo\u017ce ich zast\u0105pi\u0107. Pami\u0119taj, aby dok\u0142adnie przestudiowa\u0107 te pytania i postawi\u0107 zak\u0142ad.<\/p>\n<h3>JAKA POWINNA BY\u0106 KWOTA MOJEGO ZAK\u0141ADU?<\/h3>\n<p>Kwota zak\u0142adu jest ograniczona g\u0142\u00f3wnie przez saldo. Oczywi\u015bcie czasami firmy bukmacherskie nak\u0142adaj\u0105 pu\u0142apy, ale g\u0142\u00f3wnie nie jest to wymagane, poniewa\u017c wi\u0119kszo\u015b\u0107 graczy stawia na niezbyt znacz\u0105ce kwoty. Zazwyczaj jest to od 10 do 20 dolar\u00f3w. Je\u015bli boisz si\u0119 straci\u0107 te pieni\u0105dze, zmniejsz kwot\u0119 zak\u0142adu.<\/p>\n","protected":false},"excerpt":{"rendered":"<p>Krykiet to najpopularniejsza gra na \u015bwiecie, ale wci\u0105\u017c ma swoich fan\u00f3w. Ale poniewa\u017c krykiet nie obstawia si\u0119 tak cz\u0119sto jak pi\u0142ka no\u017cna i inne popularne gry, obstawianie krykieta jest bardzo op\u0142acalne. Pomocne by\u0142oby poznanie kilku wskaz\u00f3wek dotycz\u0105cych zak\u0142ad\u00f3w na krykieta i napisanie w tym celu tego artyku\u0142u. R\u00d3\u017bNE RODZAJE ZAK\u0141AD\u00d3W W KRYKIECIE Ka\u017cdy bukmacher oferuje&#8230;<\/p>\n","protected":false},"author":1,"featured_media":0,"parent":2794,"menu_order":0,"comment_status":"closed","ping_status":"closed","template":"","meta":{"_acf_changed":false,"_kad_post_transparent":"default","_kad_post_title":"default","_kad_post_layout":"default","_kad_post_sidebar_id":"","_kad_post_content_style":"default","_kad_post_vertical_padding":"default","_kad_post_feature":"","_kad_post_feature_position":"","_kad_post_header":false,"_kad_post_footer":false,"footnotes":""},"class_list":["post-3058","page","type-page","status-publish","hentry"],"acf":[],"rttpg_featured_image_url":null,"rttpg_author":{"display_name":"Elvis","author_link":"https:\/\/rocketplay-slot.com\/pl\/author\/pemvas95n89x\/"},"rttpg_comment":0,"rttpg_category":null,"rttpg_excerpt":"Krykiet to najpopularniejsza gra na \u015bwiecie, ale wci\u0105\u017c ma swoich fan\u00f3w. Ale poniewa\u017c krykiet nie obstawia si\u0119 tak cz\u0119sto jak pi\u0142ka no\u017cna i inne popularne gry, obstawianie krykieta jest bardzo op\u0142acalne. Pomocne by\u0142oby poznanie kilku wskaz\u00f3wek dotycz\u0105cych zak\u0142ad\u00f3w na krykieta i napisanie w tym celu tego artyku\u0142u. R\u00d3\u017bNE RODZAJE ZAK\u0141AD\u00d3W W KRYKIECIE Ka\u017cdy bukmacher oferuje...","_links":{"self":[{"href":"https:\/\/rocketplay-slot.com\/pl\/wp-json\/wp\/v2\/pages\/3058","targetHints":{"allow":["GET"]}}],"collection":[{"href":"https:\/\/rocketplay-slot.com\/pl\/wp-json\/wp\/v2\/pages"}],"about":[{"href":"https:\/\/rocketplay-slot.com\/pl\/wp-json\/wp\/v2\/types\/page"}],"author":[{"embeddable":true,"href":"https:\/\/rocketplay-slot.com\/pl\/wp-json\/wp\/v2\/users\/1"}],"replies":[{"embeddable":true,"href":"https:\/\/rocketplay-slot.com\/pl\/wp-json\/wp\/v2\/comments?post=3058"}],"version-history":[{"count":3,"href":"https:\/\/rocketplay-slot.com\/pl\/wp-json\/wp\/v2\/pages\/3058\/revisions"}],"predecessor-version":[{"id":4556,"href":"https:\/\/rocketplay-slot.com\/pl\/wp-json\/wp\/v2\/pages\/3058\/revisions\/4556"}],"up":[{"embeddable":true,"href":"https:\/\/rocketplay-slot.com\/pl\/wp-json\/wp\/v2\/pages\/2794"}],"wp:attachment":[{"href":"https:\/\/rocketplay-slot.com\/pl\/wp-json\/wp\/v2\/media?parent=3058"}],"curies":[{"name":"wp","href":"https:\/\/api.w.org\/{rel}","templated":true}]}}