{"id":3348,"date":"2023-08-17T12:12:34","date_gmt":"2023-08-17T09:12:34","guid":{"rendered":"https:\/\/rocketplay-slot.com\/wolf-treasure\/"},"modified":"2023-10-07T19:25:10","modified_gmt":"2023-10-07T16:25:10","slug":"wolf-treasure","status":"publish","type":"page","link":"https:\/\/rocketplay-slot.com\/pl\/wolf-treasure\/","title":{"rendered":"Recenzja automatu Wolf Treasure"},"content":{"rendered":"<p>Wolf Treasure Pokies to ekscytuj\u0105cy automat online od s\u0142ynnego tw\u00f3rcy gier Pragmatic Play. Zabierze Ci\u0119 do dziczy Ameryki P\u00f3\u0142nocnej, gdzie spotkasz wilki, poszukiwaczy skarb\u00f3w i mn\u00f3stwo okazji do zdobycia nagr\u00f3d. W tej recenzji przyjrzymy si\u0119 g\u0142\u00f3wnym cechom automatu Wolf Treasure, mo\u017cliwo\u015bci darmowej gry z darmowymi spinami, a tak\u017ce szansom na wygranie prawdziwych pieni\u0119dzy Wolf Treasure w najlepszych kasynach online w Australii.<\/p>\n<p><img loading=\"lazy\" decoding=\"async\" class=\"aligncenter wp-image-3215 \" src=\"https:\/\/rocketplay-slot.com\/wp-content\/uploads\/2023\/08\/65.png\" alt=\"Wolf Treasure slot machine review 2\" width=\"805\" height=\"449\" srcset=\"https:\/\/rocketplay-slot.com\/wp-content\/uploads\/2023\/08\/65.png 1031w, https:\/\/rocketplay-slot.com\/wp-content\/uploads\/2023\/08\/65-300x167.png 300w, https:\/\/rocketplay-slot.com\/wp-content\/uploads\/2023\/08\/65-1024x571.png 1024w, https:\/\/rocketplay-slot.com\/wp-content\/uploads\/2023\/08\/65-768x428.png 768w\" sizes=\"auto, (max-width: 805px) 100vw, 805px\" \/><\/p>\n<h2>OPIS SLOTU WOLF TREASURE<\/h2>\n<p>Wolf Treasure Casino Australia to pi\u0119ciob\u0119bnowy i trzydziestoliniowy automat online z kolorowym i atrakcyjnym motywem. Symbole obejmuj\u0105 wilki, or\u0142y, dzikie konie oraz obrazy z cyframi i literami. Symbol wilka dzia\u0142a jak symbol Wild, zast\u0119puj\u0105c inne symbole opr\u00f3cz Scatter i Money, pomagaj\u0105c Ci tworzy\u0107 zwyci\u0119skie kombinacje. Automaty online Wolf Treasure maj\u0105 pi\u0119knie szczeg\u00f3\u0142ow\u0105 grafik\u0119, wysokiej jako\u015bci efekty d\u017awi\u0119kowe i ekscytuj\u0105ce animacje, kt\u00f3re tworz\u0105 atmosfer\u0119 prawdziwej przygody.<\/p>\n<h2>DARMOWE SPINNY W GRZE WOLF TREASURE<\/h2>\n<p>Automat Wolf Treasure oferuje ciekaw\u0105 funkcj\u0119 darmowych spin\u00f3w, kt\u00f3ra pozwala zyska\u0107 dodatkowe szanse na wygran\u0105. Aby aktywowa\u0107 darmowe spiny Wolf Treasure, musisz zebra\u0107 trzy symbole Scatter (ksi\u0119\u017cyc) na b\u0119bnach. Kiedy to zrobisz, otrzymasz 5 darmowych spin\u00f3w i b\u0119dziesz mia\u0142 mo\u017cliwo\u015b\u0107 zwi\u0119kszenia liczby darmowych spin\u00f3w, je\u015bli ponownie zbierzesz symbole Scatter podczas rundy bonusowej.<\/p>\n<h2>PRAWDZIWE PIENI\u0104DZE I DARMOWA GRA<\/h2>\n<p>Wolf Treasure oferuje graczom mo\u017cliwo\u015b\u0107 spr\u00f3bowania szcz\u0119\u015bcia zar\u00f3wno za prawdziwe pieni\u0105dze, jak i w trybie darmowej gry Wolf Treasure. Je\u015bli jeste\u015b pocz\u0105tkuj\u0105cy lub po prostu chcesz cieszy\u0107 si\u0119 gr\u0105 bez ryzyka, mo\u017cesz wybra\u0107 tryb darmowy i gra\u0107 za wirtualne kredyty. Jednak prawdziwe emocje zwi\u0105zane z hazardem i szanse na du\u017ce wygrane zostan\u0105 ujawnione, gdy b\u0119dziesz gra\u0107 na prawdziwe pieni\u0105dze.<\/p>\n<h2>GDZIE GRA\u0106 WOLF TREASURE<\/h2>\n<p>Automaty online Wolf Treasure s\u0105 dost\u0119pne w wielu kasynach online i mo\u017cesz wybra\u0107 to, kt\u00f3re najbardziej Ci odpowiada pod wzgl\u0119dem ofert i bonus\u00f3w. Je\u015bli jeste\u015b mieszka\u0144cem Australii, poszukaj kasyn oferuj\u0105cych darmowe spiny Wolf Treasure Australia i bonusy od depozytu dla nowych graczy. Niekt\u00f3re kasyna mog\u0105 r\u00f3wnie\u017c zapewnia\u0107 ekskluzywne promocje na gr\u0119 w ten popularny automat.<\/p>\n<p><img loading=\"lazy\" decoding=\"async\" class=\"aligncenter wp-image-3197\" src=\"https:\/\/rocketplay-slot.com\/wp-content\/uploads\/2023\/08\/22.png\" alt=\"Wolf Treasure slot machine review 2\" width=\"798\" height=\"386\" srcset=\"https:\/\/rocketplay-slot.com\/wp-content\/uploads\/2023\/08\/22.png 1026w, https:\/\/rocketplay-slot.com\/wp-content\/uploads\/2023\/08\/22-300x145.png 300w, https:\/\/rocketplay-slot.com\/wp-content\/uploads\/2023\/08\/22-1024x495.png 1024w, https:\/\/rocketplay-slot.com\/wp-content\/uploads\/2023\/08\/22-768x371.png 768w\" sizes=\"auto, (max-width: 798px) 100vw, 798px\" \/><\/p>\n<h2>AUTOMAT INTERNETOWY WOLF TREASURE \u2013 TWOJA PODR\u00d3\u017b DO SKARB\u00d3W<\/h2>\n<p>Wolf Treasure to ekscytuj\u0105cy automat online z ekscytuj\u0105cym motywem i mn\u00f3stwem mo\u017cliwo\u015bci wygranej. Gra z darmowymi spinami pozwoli Ci do\u015bwiadczy\u0107 dodatkowych emocji, a mo\u017cliwo\u015b\u0107 gry za darmo pomo\u017ce Ci zrozumie\u0107 zasady i strategie bez nara\u017cania salda. Automat Wolf Treasure jest dost\u0119pny w najlepszych kasynach online w Australii, a Ty masz niepowtarzaln\u0105 okazj\u0119 wybra\u0107 si\u0119 w ekscytuj\u0105c\u0105 podr\u00f3\u017c do skarbu wraz z wilkami.<\/p>\n","protected":false},"excerpt":{"rendered":"<p>Wolf Treasure Pokies to ekscytuj\u0105cy automat online od s\u0142ynnego tw\u00f3rcy gier Pragmatic Play. Zabierze Ci\u0119 do dziczy Ameryki P\u00f3\u0142nocnej, gdzie spotkasz wilki, poszukiwaczy skarb\u00f3w i mn\u00f3stwo okazji do zdobycia nagr\u00f3d. W tej recenzji przyjrzymy si\u0119 g\u0142\u00f3wnym cechom automatu Wolf Treasure, mo\u017cliwo\u015bci darmowej gry z darmowymi spinami, a tak\u017ce szansom na wygranie prawdziwych pieni\u0119dzy Wolf Treasure&#8230;<\/p>\n","protected":false},"author":1,"featured_media":0,"parent":0,"menu_order":0,"comment_status":"closed","ping_status":"closed","template":"","meta":{"_acf_changed":false,"_kad_post_transparent":"default","_kad_post_title":"default","_kad_post_layout":"default","_kad_post_sidebar_id":"","_kad_post_content_style":"default","_kad_post_vertical_padding":"default","_kad_post_feature":"","_kad_post_feature_position":"","_kad_post_header":false,"_kad_post_footer":false,"footnotes":""},"class_list":["post-3348","page","type-page","status-publish","hentry"],"acf":[],"rttpg_featured_image_url":null,"rttpg_author":{"display_name":"Elvis","author_link":"https:\/\/rocketplay-slot.com\/pl\/author\/pemvas95n89x\/"},"rttpg_comment":0,"rttpg_category":null,"rttpg_excerpt":"Wolf Treasure Pokies to ekscytuj\u0105cy automat online od s\u0142ynnego tw\u00f3rcy gier Pragmatic Play. Zabierze Ci\u0119 do dziczy Ameryki P\u00f3\u0142nocnej, gdzie spotkasz wilki, poszukiwaczy skarb\u00f3w i mn\u00f3stwo okazji do zdobycia nagr\u00f3d. W tej recenzji przyjrzymy si\u0119 g\u0142\u00f3wnym cechom automatu Wolf Treasure, mo\u017cliwo\u015bci darmowej gry z darmowymi spinami, a tak\u017ce szansom na wygranie prawdziwych pieni\u0119dzy Wolf Treasure...","_links":{"self":[{"href":"https:\/\/rocketplay-slot.com\/pl\/wp-json\/wp\/v2\/pages\/3348","targetHints":{"allow":["GET"]}}],"collection":[{"href":"https:\/\/rocketplay-slot.com\/pl\/wp-json\/wp\/v2\/pages"}],"about":[{"href":"https:\/\/rocketplay-slot.com\/pl\/wp-json\/wp\/v2\/types\/page"}],"author":[{"embeddable":true,"href":"https:\/\/rocketplay-slot.com\/pl\/wp-json\/wp\/v2\/users\/1"}],"replies":[{"embeddable":true,"href":"https:\/\/rocketplay-slot.com\/pl\/wp-json\/wp\/v2\/comments?post=3348"}],"version-history":[{"count":2,"href":"https:\/\/rocketplay-slot.com\/pl\/wp-json\/wp\/v2\/pages\/3348\/revisions"}],"predecessor-version":[{"id":3350,"href":"https:\/\/rocketplay-slot.com\/pl\/wp-json\/wp\/v2\/pages\/3348\/revisions\/3350"}],"wp:attachment":[{"href":"https:\/\/rocketplay-slot.com\/pl\/wp-json\/wp\/v2\/media?parent=3348"}],"curies":[{"name":"wp","href":"https:\/\/api.w.org\/{rel}","templated":true}]}}