{"id":3380,"date":"2023-08-17T12:14:12","date_gmt":"2023-08-17T09:14:12","guid":{"rendered":"https:\/\/rocketplay-slot.com\/9-coins\/"},"modified":"2023-10-07T19:59:48","modified_gmt":"2023-10-07T16:59:48","slug":"9-coins","status":"publish","type":"page","link":"https:\/\/rocketplay-slot.com\/pl\/9-coins\/","title":{"rendered":"Recenzja automatu 9 Coins"},"content":{"rendered":"<p>Automat 9 Coins to ekscytuj\u0105cy automat, kt\u00f3ry przyci\u0105ga graczy swoim unikalnym motywem i mo\u017cliwo\u015bciami wielkich wygranych. W tej recenzji przyjrzymy si\u0119 g\u0142\u00f3wnym funkcjom automatu 9 Coins, przedstawimy przegl\u0105d wersji demonstracyjnej gry, a tak\u017ce porozmawiamy o mo\u017cliwo\u015bci zdobycia darmowych spin\u00f3w w Australii na ten ekscytuj\u0105cy automat za prawdziwe pieni\u0105dze.<\/p>\n<p><img loading=\"lazy\" decoding=\"async\" class=\"aligncenter wp-image-3226\" src=\"https:\/\/rocketplay-slot.com\/wp-content\/uploads\/2023\/08\/9-coins-ss.jpg\" alt=\"Review 9 Coins slot 1\" width=\"816\" height=\"445\" srcset=\"https:\/\/rocketplay-slot.com\/wp-content\/uploads\/2023\/08\/9-coins-ss.jpg 850w, https:\/\/rocketplay-slot.com\/wp-content\/uploads\/2023\/08\/9-coins-ss-300x164.jpg 300w, https:\/\/rocketplay-slot.com\/wp-content\/uploads\/2023\/08\/9-coins-ss-768x419.jpg 768w\" sizes=\"auto, (max-width: 816px) 100vw, 816px\" \/><\/p>\n<h2>OPIS SLOTU NA 9 MONET<\/h2>\n<p>Recenzja automatu 9 monet to jasny i kolorowy automat online z ciekawym motywem hazardowym. Ma pi\u0119\u0107 b\u0119bn\u00f3w i dziewi\u0119\u0107 linii wygrywaj\u0105cych, co stwarza mn\u00f3stwo mo\u017cliwo\u015bci wygranej. Symbole automat\u00f3w obejmuj\u0105 z\u0142ote monety, sztabki, symbole dolara i inne atrybuty przynosz\u0105ce szcz\u0119\u015bcie. Ponadto automat 9 Coins ma pi\u0119knie szczeg\u00f3\u0142ow\u0105 grafik\u0119, animacje i ekscytuj\u0105c\u0105 \u015bcie\u017ck\u0119 d\u017awi\u0119kow\u0105, kt\u00f3ra tworzy atmosfer\u0119 prawdziwej przygody hazardowej.<\/p>\n<h2>PRZEGL\u0104DAJ SLOT DEMO 9 MONET<\/h2>\n<p>Dla pocz\u0105tkuj\u0105cych i tych, kt\u00f3rzy chc\u0105 wypr\u00f3bowa\u0107 automat bez nara\u017cania swojego salda, dost\u0119pna jest wersja demonstracyjna gry 9 Coins. Wersja demonstracyjna automatu na 9 monet umo\u017cliwia gr\u0119 wirtualnymi kredytami, przy czym wszystkie funkcje dost\u0119pne w prawdziwej grze zostaj\u0105 zachowane. To \u015bwietna okazja, aby zapozna\u0107 si\u0119 z zasadami gry na automacie, pozna\u0107 wyp\u0142aty i funkcje bonusowe oraz opracowa\u0107 w\u0142asn\u0105 strategi\u0119 gry.<\/p>\n<h2>DARMOWE SPINKI W AUTOMACIE 9 MONET W AUSTRALII<\/h2>\n<p>Gracze z Australii mog\u0105 cieszy\u0107 si\u0119 ekscytuj\u0105cymi darmowymi spinami w automacie 9 Coins. Freespiny to darmowe spiny na b\u0119bnie przyznawane graczowi w ramach promocji lub bonusu. Aby aktywowa\u0107 darmowe spiny w automacie 9 Coins, gracze zazwyczaj musz\u0105 zebra\u0107 okre\u015blon\u0105 liczb\u0119 symboli Scatter (cz\u0119sto symboli monet) na b\u0119bnach. Liczba darmowych spin\u00f3w i mo\u017cliwych dodatkowych bonus\u00f3w mo\u017ce si\u0119 r\u00f3\u017cni\u0107 w zale\u017cno\u015bci od kasyna.<\/p>\n<h2>GRAJ NA PRAWDZIWE PIENI\u0104DZE W Slocie 9 MONETY<\/h2>\n<p>Kiedy b\u0119dziesz gotowy do\u015bwiadczy\u0107 prawdziwych wra\u017ce\u0144 zwi\u0105zanych z hazardem i prawdziwych wygranych, mo\u017cesz przej\u015b\u0107 na gr\u0119 na automacie za 9 monet na prawdziwe pieni\u0105dze. Aby to zrobi\u0107, musisz za\u0142o\u017cy\u0107 konto w jednym z licencjonowanych kasyn online, dokona\u0107 wp\u0142aty i rozpocz\u0105\u0107 obstawianie prawdziwych pieni\u0119dzy na liniach. Dzi\u0119ki unikalnym funkcjom bonusowym i mo\u017cliwo\u015bciom wygranej, automat 9 Coins oferuje graczom ogromne szanse.<\/p>\n<p><img loading=\"lazy\" decoding=\"async\" class=\"aligncenter wp-image-3235\" src=\"https:\/\/rocketplay-slot.com\/wp-content\/uploads\/2023\/08\/9coins1000editionslot.png\" alt=\"Review 9 Coins slot 2\" width=\"811\" height=\"356\" srcset=\"https:\/\/rocketplay-slot.com\/wp-content\/uploads\/2023\/08\/9coins1000editionslot.png 1898w, https:\/\/rocketplay-slot.com\/wp-content\/uploads\/2023\/08\/9coins1000editionslot-300x132.png 300w, https:\/\/rocketplay-slot.com\/wp-content\/uploads\/2023\/08\/9coins1000editionslot-1024x449.png 1024w, https:\/\/rocketplay-slot.com\/wp-content\/uploads\/2023\/08\/9coins1000editionslot-768x337.png 768w, https:\/\/rocketplay-slot.com\/wp-content\/uploads\/2023\/08\/9coins1000editionslot-1536x674.png 1536w\" sizes=\"auto, (max-width: 811px) 100vw, 811px\" \/><\/p>\n<h2>GDZIE GRA\u0106 NA AUTOMACIE 9 COINS NA PRAWDZIWE PIENI\u0104DZE<\/h2>\n<p>Aby zagra\u0107 na automacie 9 Coins na prawdziwe pieni\u0105dze w Australii, musisz wybra\u0107 niezawodne i licencjonowane kasyno online. Sprawd\u017a reputacj\u0119 kasyna, dost\u0119pno\u015b\u0107 bonus\u00f3w i 9 darmowych spin\u00f3w w Australii oraz wygod\u0119 platformy do gier. Kiedy ju\u017c wybierzesz odpowiednie kasyno, b\u0119dziesz m\u00f3g\u0142 cieszy\u0107 si\u0119 ekscytuj\u0105c\u0105 przygod\u0105 hazardow\u0105 w automacie 9 Coins i mie\u0107 szans\u0119 na du\u017ce wygrane.<\/p>\n<h2>WNIOSEK<\/h2>\n<p>Automaty z 9 monetami to ekscytuj\u0105cy automat z ciekawym motywem i mn\u00f3stwem mo\u017cliwo\u015bci wygranej. Mo\u017cesz wypr\u00f3bowa\u0107 wersj\u0119 demonstracyjn\u0105 gry, aby zrozumie\u0107 zasady, lub od razu rozpocz\u0105\u0107 przygod\u0119 z hazardem na prawdziwe pieni\u0105dze w kasynach online w Australii. Darmowe spiny i wyj\u0105tkowe bonusy sprawiaj\u0105, \u017ce automat 9 Coins jest jeszcze bardziej atrakcyjny dla graczy, a Ty masz niepowtarzaln\u0105 okazj\u0119 poczu\u0107 ca\u0142\u0105 hazardow\u0105 atmosfer\u0119 gry w tym ekscytuj\u0105cym automacie.<\/p>\n","protected":false},"excerpt":{"rendered":"<p>Automat 9 Coins to ekscytuj\u0105cy automat, kt\u00f3ry przyci\u0105ga graczy swoim unikalnym motywem i mo\u017cliwo\u015bciami wielkich wygranych. W tej recenzji przyjrzymy si\u0119 g\u0142\u00f3wnym funkcjom automatu 9 Coins, przedstawimy przegl\u0105d wersji demonstracyjnej gry, a tak\u017ce porozmawiamy o mo\u017cliwo\u015bci zdobycia darmowych spin\u00f3w w Australii na ten ekscytuj\u0105cy automat za prawdziwe pieni\u0105dze. OPIS SLOTU NA 9 MONET Recenzja automatu&#8230;<\/p>\n","protected":false},"author":1,"featured_media":0,"parent":0,"menu_order":0,"comment_status":"closed","ping_status":"closed","template":"","meta":{"_acf_changed":false,"_kad_post_transparent":"default","_kad_post_title":"default","_kad_post_layout":"default","_kad_post_sidebar_id":"","_kad_post_content_style":"default","_kad_post_vertical_padding":"default","_kad_post_feature":"","_kad_post_feature_position":"","_kad_post_header":false,"_kad_post_footer":false,"footnotes":""},"class_list":["post-3380","page","type-page","status-publish","hentry"],"acf":[],"rttpg_featured_image_url":null,"rttpg_author":{"display_name":"Elvis","author_link":"https:\/\/rocketplay-slot.com\/pl\/author\/pemvas95n89x\/"},"rttpg_comment":0,"rttpg_category":null,"rttpg_excerpt":"Automat 9 Coins to ekscytuj\u0105cy automat, kt\u00f3ry przyci\u0105ga graczy swoim unikalnym motywem i mo\u017cliwo\u015bciami wielkich wygranych. W tej recenzji przyjrzymy si\u0119 g\u0142\u00f3wnym funkcjom automatu 9 Coins, przedstawimy przegl\u0105d wersji demonstracyjnej gry, a tak\u017ce porozmawiamy o mo\u017cliwo\u015bci zdobycia darmowych spin\u00f3w w Australii na ten ekscytuj\u0105cy automat za prawdziwe pieni\u0105dze. OPIS SLOTU NA 9 MONET Recenzja automatu...","_links":{"self":[{"href":"https:\/\/rocketplay-slot.com\/pl\/wp-json\/wp\/v2\/pages\/3380","targetHints":{"allow":["GET"]}}],"collection":[{"href":"https:\/\/rocketplay-slot.com\/pl\/wp-json\/wp\/v2\/pages"}],"about":[{"href":"https:\/\/rocketplay-slot.com\/pl\/wp-json\/wp\/v2\/types\/page"}],"author":[{"embeddable":true,"href":"https:\/\/rocketplay-slot.com\/pl\/wp-json\/wp\/v2\/users\/1"}],"replies":[{"embeddable":true,"href":"https:\/\/rocketplay-slot.com\/pl\/wp-json\/wp\/v2\/comments?post=3380"}],"version-history":[{"count":1,"href":"https:\/\/rocketplay-slot.com\/pl\/wp-json\/wp\/v2\/pages\/3380\/revisions"}],"predecessor-version":[{"id":3381,"href":"https:\/\/rocketplay-slot.com\/pl\/wp-json\/wp\/v2\/pages\/3380\/revisions\/3381"}],"wp:attachment":[{"href":"https:\/\/rocketplay-slot.com\/pl\/wp-json\/wp\/v2\/media?parent=3380"}],"curies":[{"name":"wp","href":"https:\/\/api.w.org\/{rel}","templated":true}]}}