{"id":3411,"date":"2023-08-17T12:16:08","date_gmt":"2023-08-17T09:16:08","guid":{"rendered":"https:\/\/rocketplay-slot.com\/gold-express\/"},"modified":"2023-10-08T11:05:54","modified_gmt":"2023-10-08T08:05:54","slug":"gold-express","status":"publish","type":"page","link":"https:\/\/rocketplay-slot.com\/pl\/gold-express\/","title":{"rendered":"Recenzja automatu Gold Express"},"content":{"rendered":"<p>Zagraj w automat Gold Express to ekscytuj\u0105ce prze\u017cycie dla entuzjast\u00f3w hazardu. Ten jasny i ekscytuj\u0105cy automat zapewnia wiele mo\u017cliwo\u015bci wygranej i czerpania przyjemno\u015bci z gry. W tym artykule przyjrzymy si\u0119 kluczowym funkcjom Gold Express i podpowiemy, jak uzyska\u0107 darmowy dost\u0119p do gry i skorzysta\u0107 z bonus\u00f3w.<\/p>\n<p><img loading=\"lazy\" decoding=\"async\" class=\"aligncenter size-full wp-image-3246\" src=\"https:\/\/rocketplay-slot.com\/wp-content\/uploads\/2023\/08\/maxresdefault-1.jpg\" alt=\"Gold Express slot machine review 1\" width=\"951\" height=\"705\" srcset=\"https:\/\/rocketplay-slot.com\/wp-content\/uploads\/2023\/08\/maxresdefault-1.jpg 951w, https:\/\/rocketplay-slot.com\/wp-content\/uploads\/2023\/08\/maxresdefault-1-300x222.jpg 300w, https:\/\/rocketplay-slot.com\/wp-content\/uploads\/2023\/08\/maxresdefault-1-768x569.jpg 768w\" sizes=\"auto, (max-width: 951px) 100vw, 951px\" \/><\/p>\n<h2>ZAPOZNANIE SI\u0118 Z AUTOMATEM GOLD EXPRESS<\/h2>\n<p>Gold Express to pi\u0119ciob\u0119bnowy automat z 25 liniami wygrywaj\u0105cymi, opracowany przez wiod\u0105cego producenta oprogramowania hazardowego. Temat recenzji automatu Gold Express Hold opiera si\u0119 na gor\u0105czce z\u0142ota i czasach poszukiwa\u0144 z\u0142ota. Kolorowa grafika, efekty d\u017awi\u0119kowe i animacje zanurzaj\u0105 gracza w fascynuj\u0105cy \u015bwiat przyg\u00f3d i mo\u017cliwych wygranych.<\/p>\n<h2>PREMIE I NAGRODY<\/h2>\n<p>Zagraj w automat Gold Express jest nie tylko interesuj\u0105cy, ale tak\u017ce zyskowny. Podczas gry mo\u017cesz spotka\u0107 r\u00f3\u017cne symbole bonusowe, takie jak symbole \u201eWild\u201d i \u201eScatter\u201d. Symbol \u201eDziki\u201d mo\u017ce zast\u0105pi\u0107 inne symbole na b\u0119bnach, pomagaj\u0105c w zbieraniu zwyci\u0119skich kombinacji. Symbol \u201eScatter\u201d aktywuje tryb darmowych spin\u00f3w, kt\u00f3ry daje dodatkowe szanse na wygran\u0105.<\/p>\n<h2>DARMOWY DOST\u0118P DO GRY<\/h2>\n<p>Dla tych, kt\u00f3rzy chc\u0105 wypr\u00f3bowa\u0107 Gold Express za darmo, istnieje mo\u017cliwo\u015b\u0107 zagrania w trybie demo. Free Gold Express daje Ci mo\u017cliwo\u015b\u0107 zapoznania si\u0119 z zasadami gry, poznania funkcji i bonus\u00f3w automatu bez ryzykowania swoich \u015brodk\u00f3w. To \u015bwietny spos\u00f3b na sprawdzenie, czy dana maszyna Ci odpowiada i czy jest warta prawdziwego zak\u0142adu.<\/p>\n<h2>NIESAMOWITE CECHY GOLD EXPRESS<\/h2>\n<p>Jedn\u0105 z kluczowych funkcji Gold Express jest tryb gry Hold. Kiedy zwyci\u0119skie kombinacje spadn\u0105 na b\u0119bny, zostaj\u0105 zamro\u017cone, podczas gdy pozosta\u0142e b\u0119bny wykonuj\u0105 ponowne obroty. Daje to dodatkowe szanse na uzyskanie wi\u0119kszych wygranych.<\/p>\n<p><img loading=\"lazy\" decoding=\"async\" class=\"aligncenter size-full wp-image-3255\" src=\"https:\/\/rocketplay-slot.com\/wp-content\/uploads\/2023\/08\/ss_671c8d840032a5051c396f539388da4cb8eacd97.1920x1080.jpg\" alt=\"Gold Express slot machine review 2\" width=\"1280\" height=\"720\" srcset=\"https:\/\/rocketplay-slot.com\/wp-content\/uploads\/2023\/08\/ss_671c8d840032a5051c396f539388da4cb8eacd97.1920x1080.jpg 1280w, https:\/\/rocketplay-slot.com\/wp-content\/uploads\/2023\/08\/ss_671c8d840032a5051c396f539388da4cb8eacd97.1920x1080-300x169.jpg 300w, https:\/\/rocketplay-slot.com\/wp-content\/uploads\/2023\/08\/ss_671c8d840032a5051c396f539388da4cb8eacd97.1920x1080-1024x576.jpg 1024w, https:\/\/rocketplay-slot.com\/wp-content\/uploads\/2023\/08\/ss_671c8d840032a5051c396f539388da4cb8eacd97.1920x1080-768x432.jpg 768w\" sizes=\"auto, (max-width: 1280px) 100vw, 1280px\" \/><\/p>\n<h2>WSKAZ\u00d3WKI I STRATEGIE DO GRY<\/h2>\n<p>Aby zwi\u0119kszy\u0107 swoje szanse na wygran\u0105 w darmowym automacie Gold Express, zaleca si\u0119 stawianie rozs\u0105dnych zak\u0142ad\u00f3w, szczeg\u00f3lnie podczas gry na prawdziwe pieni\u0105dze. Zarz\u0105dzaj swoim bankrollem, aby gra by\u0142a d\u0142uga i satysfakcjonuj\u0105ca. Warto tak\u017ce skorzysta\u0107 z bonusu Gold Express i promocji oferowanych przez kasyno, aby zwi\u0119kszy\u0107 swoje wygrane.<\/p>\n<h2>WNIOSEK<\/h2>\n<p>Jak wygra\u0107 na slocie Gold Express, kt\u00f3ry zapewnia graczom mn\u00f3stwo mo\u017cliwo\u015bci wygranej. Dzi\u0119ki bezp\u0142atnemu dost\u0119powi do gry w trybie demonstracyjnym mo\u017cesz bez ryzyka zapozna\u0107 si\u0119 z gr\u0105 i zdecydowa\u0107, czy jest ona dla Ciebie odpowiednia. Skorzystaj z bonus\u00f3w i funkcji Hold, aby zwi\u0119kszy\u0107 swoje szanse na du\u017c\u0105 wygran\u0105. Nie zapomnij zarz\u0105dza\u0107 swoim bankrollem i wybiera\u0107 niezawodne kasyna online, w kt\u00f3rych mo\u017cesz gra\u0107.<\/p>\n<p>Je\u015bli wi\u0119c jeste\u015b gotowy, aby wyruszy\u0107 w ekscytuj\u0105c\u0105 podr\u00f3\u017c w czasy gor\u0105czki z\u0142ota, gra na automacie Gold Express b\u0119dzie dla Ciebie doskona\u0142ym wyborem!<\/p>\n","protected":false},"excerpt":{"rendered":"<p>Zagraj w automat Gold Express to ekscytuj\u0105ce prze\u017cycie dla entuzjast\u00f3w hazardu. Ten jasny i ekscytuj\u0105cy automat zapewnia wiele mo\u017cliwo\u015bci wygranej i czerpania przyjemno\u015bci z gry. W tym artykule przyjrzymy si\u0119 kluczowym funkcjom Gold Express i podpowiemy, jak uzyska\u0107 darmowy dost\u0119p do gry i skorzysta\u0107 z bonus\u00f3w. ZAPOZNANIE SI\u0118 Z AUTOMATEM GOLD EXPRESS Gold Express to&#8230;<\/p>\n","protected":false},"author":1,"featured_media":0,"parent":0,"menu_order":0,"comment_status":"closed","ping_status":"closed","template":"","meta":{"_acf_changed":false,"_kad_post_transparent":"default","_kad_post_title":"default","_kad_post_layout":"default","_kad_post_sidebar_id":"","_kad_post_content_style":"default","_kad_post_vertical_padding":"default","_kad_post_feature":"","_kad_post_feature_position":"","_kad_post_header":false,"_kad_post_footer":false,"footnotes":""},"class_list":["post-3411","page","type-page","status-publish","hentry"],"acf":[],"rttpg_featured_image_url":null,"rttpg_author":{"display_name":"Elvis","author_link":"https:\/\/rocketplay-slot.com\/pl\/author\/pemvas95n89x\/"},"rttpg_comment":0,"rttpg_category":null,"rttpg_excerpt":"Zagraj w automat Gold Express to ekscytuj\u0105ce prze\u017cycie dla entuzjast\u00f3w hazardu. Ten jasny i ekscytuj\u0105cy automat zapewnia wiele mo\u017cliwo\u015bci wygranej i czerpania przyjemno\u015bci z gry. W tym artykule przyjrzymy si\u0119 kluczowym funkcjom Gold Express i podpowiemy, jak uzyska\u0107 darmowy dost\u0119p do gry i skorzysta\u0107 z bonus\u00f3w. ZAPOZNANIE SI\u0118 Z AUTOMATEM GOLD EXPRESS Gold Express to...","_links":{"self":[{"href":"https:\/\/rocketplay-slot.com\/pl\/wp-json\/wp\/v2\/pages\/3411","targetHints":{"allow":["GET"]}}],"collection":[{"href":"https:\/\/rocketplay-slot.com\/pl\/wp-json\/wp\/v2\/pages"}],"about":[{"href":"https:\/\/rocketplay-slot.com\/pl\/wp-json\/wp\/v2\/types\/page"}],"author":[{"embeddable":true,"href":"https:\/\/rocketplay-slot.com\/pl\/wp-json\/wp\/v2\/users\/1"}],"replies":[{"embeddable":true,"href":"https:\/\/rocketplay-slot.com\/pl\/wp-json\/wp\/v2\/comments?post=3411"}],"version-history":[{"count":2,"href":"https:\/\/rocketplay-slot.com\/pl\/wp-json\/wp\/v2\/pages\/3411\/revisions"}],"predecessor-version":[{"id":3413,"href":"https:\/\/rocketplay-slot.com\/pl\/wp-json\/wp\/v2\/pages\/3411\/revisions\/3413"}],"wp:attachment":[{"href":"https:\/\/rocketplay-slot.com\/pl\/wp-json\/wp\/v2\/media?parent=3411"}],"curies":[{"name":"wp","href":"https:\/\/api.w.org\/{rel}","templated":true}]}}