{"id":3431,"date":"2023-08-17T12:18:14","date_gmt":"2023-08-17T09:18:14","guid":{"rendered":"https:\/\/rocketplay-slot.com\/monkey-king\/"},"modified":"2023-10-08T11:26:43","modified_gmt":"2023-10-08T08:26:43","slug":"monkey-king","status":"publish","type":"page","link":"https:\/\/rocketplay-slot.com\/pl\/monkey-king\/","title":{"rendered":"Legendarny automat Monkey King"},"content":{"rendered":"<p>Slot Monkey King to ekscytuj\u0105cy automat oparty na mitologii chi\u0144skiej i legendzie o kr\u00f3lu ma\u0142p. Ten ekscytuj\u0105cy automat przyci\u0105ga uwag\u0119 wielu graczy dzi\u0119ki kolorowej grafice, unikalnym funkcjom i ciekawej mechanice gry. W tym artykule przyjrzymy si\u0119 kluczowym funkcjom automatu Monkey King i podamy przydatne wskaz\u00f3wki dotycz\u0105ce udanej gry.<\/p>\n<p><img loading=\"lazy\" decoding=\"async\" class=\"aligncenter size-full wp-image-3265\" src=\"https:\/\/rocketplay-slot.com\/wp-content\/uploads\/2023\/08\/monkey-king.png\" alt=\"Legendary Monkey King slot 1\" width=\"995\" height=\"555\" srcset=\"https:\/\/rocketplay-slot.com\/wp-content\/uploads\/2023\/08\/monkey-king.png 995w, https:\/\/rocketplay-slot.com\/wp-content\/uploads\/2023\/08\/monkey-king-300x167.png 300w, https:\/\/rocketplay-slot.com\/wp-content\/uploads\/2023\/08\/monkey-king-768x428.png 768w\" sizes=\"auto, (max-width: 995px) 100vw, 995px\" \/><\/p>\n<h2>ZAPOZNANIE SI\u0118 Z AUTOMATEM MONKEY KING<\/h2>\n<p>Slot Monkey King to pi\u0119ciob\u0119bnowy automat z trzema rz\u0119dami symboli i 25 liniami wygrywaj\u0105cymi. Stworzony przez wiod\u0105cych tw\u00f3rc\u00f3w oprogramowania hazardowego, ten automat przeniesie Ci\u0119 do \u015bwiata chi\u0144skiej mitologii, gdzie spotkasz legendarnego automatu Monkey King i jego towarzyszy na drodze do bogactwa i przygody.<\/p>\n<h2>NIESAMOWITA GRAFIKA I \u015aCIE\u017bKA D\u0179WI\u0118KOWA<\/h2>\n<p>Jedn\u0105 z g\u0142\u00f3wnych atrakcji automatu Monkey King jest wysokiej jako\u015bci grafika i osza\u0142amiaj\u0105ca grafika. Ka\u017cdy symbol na b\u0119bnach jest renderowany z dba\u0142o\u015bci\u0105 o szczeg\u00f3\u0142y, a animacje o\u017cywiaj\u0105 malownicze postacie. \u015acie\u017cka d\u017awi\u0119kowa r\u00f3wnie\u017c pasuje do atmosfery gry, zapewniaj\u0105c graczom najbardziej wci\u0105gaj\u0105ce wra\u017cenia.<\/p>\n<h2>UNIKALNE FUNKCJE I PREMIE<\/h2>\n<p>Automat Monkey King ma unikalne funkcje i bonusy, kt\u00f3re czyni\u0105 gr\u0119 jeszcze bardziej interesuj\u0105c\u0105. Jedn\u0105 z takich funkcji jest funkcja Monkey King, kt\u00f3ra jest aktywowana, gdy na b\u0119bnach pojawi\u0105 si\u0119 symbole Monkey King. W tym trybie kr\u00f3l ma\u0142p mo\u017ce zamieni\u0107 inne symbole w \u201edzikie\u201d, zwi\u0119kszaj\u0105c szanse na wygran\u0105 kombinacj\u0119.<\/p>\n<h2>SEKRETY GRY I WSKAZ\u00d3WKI DLA GRACZY<\/h2>\n<p>Aby z powodzeniem gra\u0107 na automacie Monkey King, nale\u017cy wzi\u0105\u0107 pod uwag\u0119 kilka wa\u017cnych wskaz\u00f3wek. Najpierw zapoznaj si\u0119 z tabel\u0105 wyp\u0142at i funkcjami ka\u017cdego symbolu. Pomo\u017ce Ci to zrozumie\u0107, kt\u00f3re kombinacje przynosz\u0105 najwi\u0119ksze wygrane. Po drugie, ustalaj rozs\u0105dne zak\u0142ady zgodnie ze swoim bankrollem, aby gra na automacie Monkey King by\u0142a d\u0142uga i intensywna. Po trzecie, wykorzystaj darmowe spiny i oferty bonusowe kasyna, aby zwi\u0119kszy\u0107 swoje szanse na sukces.<\/p>\n<p><img loading=\"lazy\" decoding=\"async\" class=\"aligncenter size-full wp-image-3274\" src=\"https:\/\/rocketplay-slot.com\/wp-content\/uploads\/2023\/08\/monkey-king-1.jpg\" alt=\"Legendary Monkey King slot 2\" width=\"838\" height=\"509\" srcset=\"https:\/\/rocketplay-slot.com\/wp-content\/uploads\/2023\/08\/monkey-king-1.jpg 838w, https:\/\/rocketplay-slot.com\/wp-content\/uploads\/2023\/08\/monkey-king-1-300x182.jpg 300w, https:\/\/rocketplay-slot.com\/wp-content\/uploads\/2023\/08\/monkey-king-1-768x466.jpg 768w\" sizes=\"auto, (max-width: 838px) 100vw, 838px\" \/><\/p>\n<h2>DOST\u0118PNO\u015a\u0106 I \u0141ATWO\u015a\u0106 GRY<\/h2>\n<p>Automat Monkey King jest dost\u0119pny w wielu kasynach online, dzi\u0119ki czemu mo\u017cesz gra\u0107 w dowolnym dogodnym momencie. Dzi\u0119ki technologii HTML5 gra w Monkey King jest dost\u0119pna tak\u017ce na urz\u0105dzeniach mobilnych, dzi\u0119ki czemu mo\u017cesz cieszy\u0107 si\u0119 emocjami w dowolnym miejscu i czasie.<\/p>\n<h2>WNIOSEK<\/h2>\n<p>Automat Monkey King to ekscytuj\u0105ca przygoda w \u015bwiecie chi\u0144skiej mitologii z Monkey Kingiem w roli g\u0142\u00f3wnej. Niesamowita grafika, unikalne funkcje i du\u017ce szanse na wygran\u0105 sprawiaj\u0105, \u017ce ten automat jest popularny w\u015br\u00f3d graczy. Stosuj\u0105c wskaz\u00f3wki i strategie dotycz\u0105ce automatu Monkey King, mo\u017cesz zwi\u0119kszy\u0107 swoje szanse na du\u017ce wygrane i cieszy\u0107 si\u0119 ka\u017cdym obrotem w automacie Monkey King. Wyrusz wi\u0119c na ekscytuj\u0105c\u0105 przygod\u0119 i zdob\u0105d\u017a sw\u00f3j skarb razem z legendarnym Ma\u0142pim Kr\u00f3lem!<\/p>\n","protected":false},"excerpt":{"rendered":"<p>Slot Monkey King to ekscytuj\u0105cy automat oparty na mitologii chi\u0144skiej i legendzie o kr\u00f3lu ma\u0142p. Ten ekscytuj\u0105cy automat przyci\u0105ga uwag\u0119 wielu graczy dzi\u0119ki kolorowej grafice, unikalnym funkcjom i ciekawej mechanice gry. W tym artykule przyjrzymy si\u0119 kluczowym funkcjom automatu Monkey King i podamy przydatne wskaz\u00f3wki dotycz\u0105ce udanej gry. ZAPOZNANIE SI\u0118 Z AUTOMATEM MONKEY KING Slot&#8230;<\/p>\n","protected":false},"author":1,"featured_media":0,"parent":0,"menu_order":0,"comment_status":"closed","ping_status":"closed","template":"","meta":{"_acf_changed":false,"_kad_post_transparent":"default","_kad_post_title":"default","_kad_post_layout":"default","_kad_post_sidebar_id":"","_kad_post_content_style":"default","_kad_post_vertical_padding":"default","_kad_post_feature":"","_kad_post_feature_position":"","_kad_post_header":false,"_kad_post_footer":false,"footnotes":""},"class_list":["post-3431","page","type-page","status-publish","hentry"],"acf":[],"rttpg_featured_image_url":null,"rttpg_author":{"display_name":"Elvis","author_link":"https:\/\/rocketplay-slot.com\/pl\/author\/pemvas95n89x\/"},"rttpg_comment":0,"rttpg_category":null,"rttpg_excerpt":"Slot Monkey King to ekscytuj\u0105cy automat oparty na mitologii chi\u0144skiej i legendzie o kr\u00f3lu ma\u0142p. Ten ekscytuj\u0105cy automat przyci\u0105ga uwag\u0119 wielu graczy dzi\u0119ki kolorowej grafice, unikalnym funkcjom i ciekawej mechanice gry. W tym artykule przyjrzymy si\u0119 kluczowym funkcjom automatu Monkey King i podamy przydatne wskaz\u00f3wki dotycz\u0105ce udanej gry. ZAPOZNANIE SI\u0118 Z AUTOMATEM MONKEY KING Slot...","_links":{"self":[{"href":"https:\/\/rocketplay-slot.com\/pl\/wp-json\/wp\/v2\/pages\/3431","targetHints":{"allow":["GET"]}}],"collection":[{"href":"https:\/\/rocketplay-slot.com\/pl\/wp-json\/wp\/v2\/pages"}],"about":[{"href":"https:\/\/rocketplay-slot.com\/pl\/wp-json\/wp\/v2\/types\/page"}],"author":[{"embeddable":true,"href":"https:\/\/rocketplay-slot.com\/pl\/wp-json\/wp\/v2\/users\/1"}],"replies":[{"embeddable":true,"href":"https:\/\/rocketplay-slot.com\/pl\/wp-json\/wp\/v2\/comments?post=3431"}],"version-history":[{"count":2,"href":"https:\/\/rocketplay-slot.com\/pl\/wp-json\/wp\/v2\/pages\/3431\/revisions"}],"predecessor-version":[{"id":3433,"href":"https:\/\/rocketplay-slot.com\/pl\/wp-json\/wp\/v2\/pages\/3431\/revisions\/3433"}],"wp:attachment":[{"href":"https:\/\/rocketplay-slot.com\/pl\/wp-json\/wp\/v2\/media?parent=3431"}],"curies":[{"name":"wp","href":"https:\/\/api.w.org\/{rel}","templated":true}]}}