{"id":3482,"date":"2023-08-17T12:20:18","date_gmt":"2023-08-17T09:20:18","guid":{"rendered":"https:\/\/rocketplay-slot.com\/lion-gems-hold-and-win\/"},"modified":"2023-10-08T14:18:04","modified_gmt":"2023-10-08T11:18:04","slug":"lion-gems-hold-and-win","status":"publish","type":"page","link":"https:\/\/rocketplay-slot.com\/pl\/lion-gems-hold-and-win\/","title":{"rendered":"Lion Gems: Recenzja automatu do gry Trzymaj i wygrywaj"},"content":{"rendered":"<p>Automat Lion Gems: Hold and Win &#8211; ekscytuj\u0105cy automat, kt\u00f3ry daje graczom niepowtarzaln\u0105 okazj\u0119 zanurzenia si\u0119 w atmosferze afryka\u0144skiej prerii i poczucia ch\u0119ci do gry na prawdziwe pieni\u0105dze Lion Gems Hold.<\/p>\n<p><img loading=\"lazy\" decoding=\"async\" class=\"aligncenter size-full wp-image-3294\" src=\"https:\/\/rocketplay-slot.com\/wp-content\/uploads\/2023\/08\/lion_gems__post_984x552.png\" alt=\"Lion Gems 1\" width=\"984\" height=\"552\" srcset=\"https:\/\/rocketplay-slot.com\/wp-content\/uploads\/2023\/08\/lion_gems__post_984x552.png 984w, https:\/\/rocketplay-slot.com\/wp-content\/uploads\/2023\/08\/lion_gems__post_984x552-300x168.png 300w, https:\/\/rocketplay-slot.com\/wp-content\/uploads\/2023\/08\/lion_gems__post_984x552-768x431.png 768w\" sizes=\"auto, (max-width: 984px) 100vw, 984px\" \/><\/p>\n<h2>EKSCYTUJ\u0104CA ROZGRYWKA LION GEMS: TRZYMAJ I WYGRAJ<\/h2>\n<p>Lion Gems Hold and Win \u2013 jasny i kolorowy automat z pi\u0119cioma b\u0119bnami i 25 liniami wygrywaj\u0105cymi. Tematyka automatu po\u015bwi\u0119cona jest \u017cyciu w dziczy ziem afryka\u0144skich, a symbolami s\u0105 lwy, s\u0142onie, \u017cyrafy i inni mieszka\u0144cy sawanny. Wysokiej jako\u015bci grafika i klimatyczny d\u017awi\u0119k zanurzaj\u0105 graczy w cudownym \u015bwiecie afryka\u0144skiej przyrody.<\/p>\n<h2>CECHY I PREMIE LION GEMS: TRZYMAJ I WYGRYWAJ<\/h2>\n<p>Recenzja Lion Gems: Hold and Win zawiera r\u00f3\u017cne interesuj\u0105ce funkcje i bonusy:<\/p>\n<ul>\n<li>Bonus Hold and Win \u2013 gdy na b\u0119bnach pojawi si\u0119 pewna liczba symboli klejnot\u00f3w, aktywowany zostanie tryb Hold and Win. Gracze maj\u0105 mo\u017cliwo\u015b\u0107 zdobycia ogromnych wygranych, a tak\u017ce wygrania jednego z trzech jackpot\u00f3w.<\/li>\n<li>Darmowe spiny \u2013 gdy spadn\u0105 trzy lub wi\u0119cej symboli scatter, gracze otrzymaj\u0105 darmowe spiny ze zwi\u0119kszonymi szansami na wygran\u0105.<\/li>\n<\/ul>\n<h2>JAK GRA\u0106 W Lion GEMS: TRZYMAJ I WYGRAJ SLOT NA PRAWDZIWE PIENI\u0104DZE<\/h2>\n<p>Aby zagra\u0107 na automacie Lion Gems: Hold and Win na prawdziwe pieni\u0105dze, musisz wybra\u0107 niezawodne kasyno online, kt\u00f3re oferuje t\u0119 maszyn\u0119. Nast\u0119pnie powiniene\u015b zarejestrowa\u0107 si\u0119 na stronie kasyna, uzupe\u0142ni\u0107 swoje konto w grze i wybra\u0107 Lion Gems: Trzymaj i wygraj w sekcji automat\u00f3w.<\/p>\n<h2 style=\"font-family: Rubik, sans-serif;\"><img loading=\"lazy\" decoding=\"async\" class=\"aligncenter size-full wp-image-3285\" src=\"https:\/\/rocketplay-slot.com\/wp-content\/uploads\/2023\/08\/lion-gems-hold-and-win-ss.jpg\" alt=\"Lion Gems 2\" width=\"850\" height=\"483\" srcset=\"https:\/\/rocketplay-slot.com\/wp-content\/uploads\/2023\/08\/lion-gems-hold-and-win-ss.jpg 850w, https:\/\/rocketplay-slot.com\/wp-content\/uploads\/2023\/08\/lion-gems-hold-and-win-ss-300x170.jpg 300w, https:\/\/rocketplay-slot.com\/wp-content\/uploads\/2023\/08\/lion-gems-hold-and-win-ss-768x436.jpg 768w\" sizes=\"auto, (max-width: 850px) 100vw, 850px\" \/><\/h2>\n<h2>WSKAZ\u00d3WKI, ABY ZWI\u0118KSZY\u0106 SWOJE WYGRANE<\/h2>\n<p>Aby zwi\u0119kszy\u0107 swoje szanse na wygran\u0105 w slocie Lion Gems: Hold and Win, zaleca si\u0119 stosowanie si\u0119 do poni\u017cszych wskaz\u00f3wek:<\/p>\n<ul>\n<li>Ustaw optymalne zak\u0142ady &#8211; wybieraj zak\u0142ady, kt\u00f3re pasuj\u0105 do Twojego bud\u017cetu i pozwol\u0105 Ci cieszy\u0107 si\u0119 gr\u0105 przez d\u0142ugi czas.<\/li>\n<li>Skorzystaj z bonusu Hold and Win &#8211; aktywnie uczestnicz w trybie Hold and Win, aby zwi\u0119kszy\u0107 swoje szanse na uzyskanie du\u017cych wygranych.<\/li>\n<li>Graj odpowiedzialnie \u2013 pami\u0119taj, \u017ce hazard mo\u017ce uzale\u017cnia\u0107, wi\u0119c graj odpowiedzialnie i ustalaj limity zak\u0142ad\u00f3w.<\/li>\n<\/ul>\n<h2>WNIOSEK<\/h2>\n<p>Lion Gems: Hold and Win to ekscytuj\u0105cy automat z jasn\u0105 grafik\u0105 i ekscytuj\u0105c\u0105 rozgrywk\u0105. Bonusy i funkcje automatu pozwalaj\u0105 graczom uzyska\u0107 du\u017ce wygrane i w pe\u0142ni cieszy\u0107 si\u0119 emocjami. Je\u015bli szukasz wysokiej jako\u015bci gry z mo\u017cliwo\u015bci\u0105 wygrania prawdziwych pieni\u0119dzy, Lion Gems: Hold and Win jest warta Twojej uwagi. Graj w Lion Gems: Trzymaj i wygrywaj odpowiedzialnie i powodzenia w swojej hazardowej podr\u00f3\u017cy!<\/p>\n","protected":false},"excerpt":{"rendered":"<p>Automat Lion Gems: Hold and Win &#8211; ekscytuj\u0105cy automat, kt\u00f3ry daje graczom niepowtarzaln\u0105 okazj\u0119 zanurzenia si\u0119 w atmosferze afryka\u0144skiej prerii i poczucia ch\u0119ci do gry na prawdziwe pieni\u0105dze Lion Gems Hold. EKSCYTUJ\u0104CA ROZGRYWKA LION GEMS: TRZYMAJ I WYGRAJ Lion Gems Hold and Win \u2013 jasny i kolorowy automat z pi\u0119cioma b\u0119bnami i 25 liniami wygrywaj\u0105cymi&#8230;.<\/p>\n","protected":false},"author":1,"featured_media":0,"parent":0,"menu_order":0,"comment_status":"closed","ping_status":"closed","template":"","meta":{"_acf_changed":false,"_kad_post_transparent":"default","_kad_post_title":"default","_kad_post_layout":"default","_kad_post_sidebar_id":"","_kad_post_content_style":"default","_kad_post_vertical_padding":"default","_kad_post_feature":"","_kad_post_feature_position":"","_kad_post_header":false,"_kad_post_footer":false,"footnotes":""},"class_list":["post-3482","page","type-page","status-publish","hentry"],"acf":[],"rttpg_featured_image_url":null,"rttpg_author":{"display_name":"Elvis","author_link":"https:\/\/rocketplay-slot.com\/pl\/author\/pemvas95n89x\/"},"rttpg_comment":0,"rttpg_category":null,"rttpg_excerpt":"Automat Lion Gems: Hold and Win &#8211; ekscytuj\u0105cy automat, kt\u00f3ry daje graczom niepowtarzaln\u0105 okazj\u0119 zanurzenia si\u0119 w atmosferze afryka\u0144skiej prerii i poczucia ch\u0119ci do gry na prawdziwe pieni\u0105dze Lion Gems Hold. EKSCYTUJ\u0104CA ROZGRYWKA LION GEMS: TRZYMAJ I WYGRAJ Lion Gems Hold and Win \u2013 jasny i kolorowy automat z pi\u0119cioma b\u0119bnami i 25 liniami wygrywaj\u0105cymi....","_links":{"self":[{"href":"https:\/\/rocketplay-slot.com\/pl\/wp-json\/wp\/v2\/pages\/3482","targetHints":{"allow":["GET"]}}],"collection":[{"href":"https:\/\/rocketplay-slot.com\/pl\/wp-json\/wp\/v2\/pages"}],"about":[{"href":"https:\/\/rocketplay-slot.com\/pl\/wp-json\/wp\/v2\/types\/page"}],"author":[{"embeddable":true,"href":"https:\/\/rocketplay-slot.com\/pl\/wp-json\/wp\/v2\/users\/1"}],"replies":[{"embeddable":true,"href":"https:\/\/rocketplay-slot.com\/pl\/wp-json\/wp\/v2\/comments?post=3482"}],"version-history":[{"count":2,"href":"https:\/\/rocketplay-slot.com\/pl\/wp-json\/wp\/v2\/pages\/3482\/revisions"}],"predecessor-version":[{"id":3484,"href":"https:\/\/rocketplay-slot.com\/pl\/wp-json\/wp\/v2\/pages\/3482\/revisions\/3484"}],"wp:attachment":[{"href":"https:\/\/rocketplay-slot.com\/pl\/wp-json\/wp\/v2\/media?parent=3482"}],"curies":[{"name":"wp","href":"https:\/\/api.w.org\/{rel}","templated":true}]}}