{"id":3574,"date":"2024-01-22T20:04:42","date_gmt":"2024-01-22T17:04:42","guid":{"rendered":"https:\/\/rocketplay-slot.com\/about-us\/"},"modified":"2025-11-17T11:29:38","modified_gmt":"2025-11-17T08:29:38","slug":"about-us","status":"publish","type":"page","link":"https:\/\/rocketplay-slot.com\/pl\/about-us\/","title":{"rendered":"O nas"},"content":{"rendered":"<p>Witamy w kasynie RocketPlay, gdzie emocje osi\u0105gaj\u0105 nowy poziom, a dreszczyk emocji zwi\u0105zany z gr\u0105 nabiera rozp\u0119du! Odkryj wszech\u015bwiat rozrywki jak nigdy dot\u0105d, w kt\u00f3rym najnowocze\u015bniejsza technologia \u0142\u0105czy si\u0119 z niezr\u00f3wnanymi wra\u017ceniami z gier. Pozw\u00f3l nam zabra\u0107 Ci\u0119 w podr\u00f3\u017c po kosmosie RocketPlay Casino, gdzie zbiegaj\u0105 si\u0119 innowacja, bezpiecze\u0144stwo i galaktyka gier.<\/p>\n<h2>Nasza misja: podnoszenie poziomu rozrywki<\/h2>\n<p>Nasz\u0105 misj\u0105 w RocketPlay Casino jest podniesienie poziomu \u015bwiata gier online poprzez zapewnienie platformy, kt\u00f3ra wykracza poza zwyk\u0142e. Staramy si\u0119 stworzy\u0107 wci\u0105gaj\u0105ce i elektryzuj\u0105ce \u015brodowisko, w kt\u00f3rym gracze mog\u0105 uciec do \u015bwiata mo\u017cliwo\u015bci. Nasze d\u0105\u017cenie do doskona\u0142o\u015bci znajduje odzwierciedlenie w ka\u017cdym aspekcie RocketPlay Casino, od projektu naszej platformy po wyb\u00f3r gier, kt\u00f3re zaspokajaj\u0105 r\u00f3\u017cnorodne gusta naszych graczy.<\/p>\n<h2>Innowacyjna technologia: po\u0142\u0105czenie nauki z zabaw\u0105<\/h2>\n<p>Kasyno RocketPlay stoi w czo\u0142\u00f3wce innowacji technologicznych, wykorzystuj\u0105c najnowocze\u015bniejsze osi\u0105gni\u0119cia, aby zapewni\u0107 niezr\u00f3wnane wra\u017cenia z gry. Nasza platforma jest oparta na najnowocze\u015bniejszym oprogramowaniu, kt\u00f3re zapewnia p\u0142ynn\u0105 nawigacj\u0119, responsywn\u0105 rozgrywk\u0119 i osza\u0142amiaj\u0105c\u0105 grafik\u0119. Niezale\u017cnie od tego, czy jeste\u015b do\u015bwiadczonym graczem, czy nowicjuszem, nasz przyjazny interfejs u\u0142atwia eksploracj\u0119 i zapewnia ka\u017cdemu rado\u015b\u0107 z gry.<\/p>\n<h2>Wyb\u00f3r gry: galaktyka wybor\u00f3w<\/h2>\n<p>Zanurz si\u0119 w rozleg\u0142\u0105 galaktyk\u0119 mo\u017cliwo\u015bci gier w kasynie RocketPlay. Rozumiemy, \u017ce r\u00f3\u017cnorodno\u015b\u0107 dodaje \u017cyciu smaku, a nasz szeroki wyb\u00f3r gier odzwierciedla t\u0119 filozofi\u0119. Od klasycznych gier sto\u0142owych po najnowsze automaty wideo \u2013 nasza kolekcja zosta\u0142a stworzona tak, aby zaspokoi\u0107 r\u00f3\u017cne preferencje i poziomy umiej\u0119tno\u015bci. Poczuj przyp\u0142yw adrenaliny w pokerze na wysokie stawki, strategiczn\u0105 g\u0142\u0119bi\u0119 blackjacka lub emocje zwi\u0105zane z kr\u0119ceniem b\u0119bnami na naszej r\u00f3\u017cnorodnej ofercie automat\u00f3w do gier.<\/p>\n<h2>Bezpiecze\u0144stwo: Twoje bezpiecze\u0144stwo jest naszym priorytetem<\/h2>\n<p>Kasyno RocketPlay przywi\u0105zuje najwy\u017csz\u0105 wag\u0119 do bezpiecze\u0144stwa i prywatno\u015bci naszych graczy. Nasza platforma jest wzmocniona zaawansowan\u0105 technologi\u0105 szyfrowania, dzi\u0119ki czemu Twoje dane osobowe pozostaj\u0105 poufne. Dzia\u0142amy w spos\u00f3b przejrzysty i uczciwy, przestrzegaj\u0105c surowych standard\u00f3w bran\u017cowych, aby stworzy\u0107 bezpieczne \u015brodowisko gier. Ciesz si\u0119 dreszczykiem emocji zwi\u0105zanym z graniem ze spokojem ducha, wiedz\u0105c, \u017ce w kasynie RocketPlay Twoje bezpiecze\u0144stwo jest najwa\u017cniejsze we wszystkim, co robimy.<\/p>\n<h2>Fair Play: zobowi\u0105zanie do uczciwo\u015bci<\/h2>\n<p>W RocketPlay Casino wierzymy w uczciw\u0105 gr\u0119 i przejrzysto\u015b\u0107. Nasze gry przechodz\u0105 rygorystyczne testy przez niezale\u017cnych audytor\u00f3w, aby mie\u0107 pewno\u015b\u0107, \u017ce wyniki s\u0105 naprawd\u0119 losowe i bezstronne. Jeste\u015bmy dumni, \u017ce zapewniamy r\u00f3wne szanse wszystkim naszym graczom, tworz\u0105c \u015brodowisko, w kt\u00f3rym umiej\u0119tno\u015bci i szcz\u0119\u015bcie \u0142\u0105cz\u0105 si\u0119 w harmonijnym ta\u0144cu. Zaufaj kasynie RocketPlay, aby zapewni\u0107 gry, kt\u00f3re s\u0105 nie tylko ekscytuj\u0105ce, ale tak\u017ce uczciwe i godne zaufania.<\/p>\n<h2>Premie i promocje: zwi\u0119kszenie emocji<\/h2>\n<p>Kasyno RocketPlay uwielbia nagradza\u0107 swoich graczy! Przygotuj si\u0119 na start dzi\u0119ki naszym ekscytuj\u0105cym bonusom i promocjom, kt\u00f3re wzbogac\u0105 Twoj\u0105 przygod\u0119 z grami. Wierzymy w dodawanie dodatkowej warto\u015bci do ka\u017cdej sesji gry, od bonus\u00f3w powitalnych, kt\u00f3re gwa\u0142townie podnosz\u0105 Tw\u00f3j pocz\u0105tkowy depozyt, po regularne promocje, kt\u00f3re podtrzymuj\u0105 emocje. B\u0105d\u017a na bie\u017c\u0105co z ekskluzywnymi ofertami, kt\u00f3re wznios\u0105 Twoje wra\u017cenia z RocketPlay na nowy poziom.<\/p>\n<h2>Obs\u0142uga klienta: wprowadzenie na rynek doskona\u0142o\u015bci<\/h2>\n<p>Kasyno RocketPlay jest dumne ze swojego zaanga\u017cowania w zadowolenie klienta. Nasz oddany zesp\u00f3\u0142 wsparcia jest dost\u0119pny 24 godziny na dob\u0119, 7 dni w tygodniu, aby pom\u00f3c Ci w Twojej podr\u00f3\u017cy do gry. Niezale\u017cnie od tego, czy masz pytania dotycz\u0105ce gry, potrzebujesz pomocy zwi\u0105zanej ze swoim kontem, czy chcesz podzieli\u0107 si\u0119 swoj\u0105 opini\u0105, nasza obs\u0142uga klienta jest tutaj. W RocketPlay wierzymy w budowanie trwa\u0142ych relacji z naszymi graczami, dbaj\u0105c o to, aby ka\u017cda interakcja wywo\u0142ywa\u0142a u\u015bmiech.<\/p>\n<h2>Gry mobilne: graj w dowolnym miejscu i czasie<\/h2>\n<p>Dreszcz emocji w RocketPlay Casino nie ogranicza si\u0119 do Twojego komputera. Poczuj emocje w podr\u00f3\u017cy dzi\u0119ki naszej mobilnej platformie do gier. Niezale\u017cnie od tego, czy doje\u017cd\u017casz do pracy, czekasz na przyjaciela, czy po prostu odpoczywasz w domu, kasyno RocketPlay jest na wyci\u0105gni\u0119cie r\u0119ki. Ciesz si\u0119 t\u0105 sam\u0105 p\u0142ynn\u0105 rozgrywk\u0105, \u017cyw\u0105 grafik\u0105 i ekscytuj\u0105c\u0105 atmosfer\u0105 na swoim urz\u0105dzeniu mobilnym, dzi\u0119ki czemu wra\u017cenia z kasyna s\u0105 na wyci\u0105gni\u0119cie r\u0119ki, gdziekolwiek jeste\u015b.<\/p>\n<h2>Odpowiedzialna gra: bezpieczna nawigacja<\/h2>\n<p>Kasyno RocketPlay anga\u017cuje si\u0119 w promowanie praktyk odpowiedzialnej gry. Zach\u0119camy naszych graczy, aby czerpali przyjemno\u015b\u0107 z gry w spos\u00f3b odpowiedzialny i w ramach swoich mo\u017cliwo\u015bci. Nasza platforma zawiera funkcje, kt\u00f3re pozwalaj\u0105 graczom ustala\u0107 limity wp\u0142at, strat i czasu gry, dzi\u0119ki czemu mo\u017cesz zachowa\u0107 kontrol\u0119. Je\u015bli kiedykolwiek b\u0119dziesz potrzebowa\u0107 wsparcia lub wskaz\u00f3wek dotycz\u0105cych odpowiedzialnej gry, nasz zesp\u00f3\u0142 jest tutaj, aby Ci pom\u00f3c.<\/p>\n<h2>Wyrusz w niezapomnian\u0105 podr\u00f3\u017c<\/h2>\n<p>RocketPlay Casino wyr\u00f3\u017cnia si\u0119 jako latarnia morska innowacji, bezpiecze\u0144stwa i niezr\u00f3wnanej rozrywki w rozleg\u0142ym kosmosie gier online. Do\u0142\u0105cz do nas w tej ekscytuj\u0105cej podr\u00f3\u017cy, w kt\u00f3rej dreszczyk emocji zwi\u0105zany z grami nie zna granic. Od naszej najnowocze\u015bniejszej technologii po nasz\u0105 galaktyk\u0119 gier, RocketPlay Casino to miejsce, w kt\u00f3rym emocje nabieraj\u0105 tempa. Przygotuj si\u0119 do startu \u2013 Twoja przygoda zaczyna si\u0119 tutaj!<\/p>\n","protected":false},"excerpt":{"rendered":"<p>Witamy w kasynie RocketPlay, gdzie emocje osi\u0105gaj\u0105 nowy poziom, a dreszczyk emocji zwi\u0105zany z gr\u0105 nabiera rozp\u0119du! Odkryj wszech\u015bwiat rozrywki jak nigdy dot\u0105d, w kt\u00f3rym najnowocze\u015bniejsza technologia \u0142\u0105czy si\u0119 z niezr\u00f3wnanymi wra\u017ceniami z gier. Pozw\u00f3l nam zabra\u0107 Ci\u0119 w podr\u00f3\u017c po kosmosie RocketPlay Casino, gdzie zbiegaj\u0105 si\u0119 innowacja, bezpiecze\u0144stwo i galaktyka gier. Nasza misja: podnoszenie&#8230;<\/p>\n","protected":false},"author":1,"featured_media":0,"parent":0,"menu_order":0,"comment_status":"closed","ping_status":"closed","template":"","meta":{"_acf_changed":false,"_kad_post_transparent":"default","_kad_post_title":"default","_kad_post_layout":"default","_kad_post_sidebar_id":"","_kad_post_content_style":"default","_kad_post_vertical_padding":"default","_kad_post_feature":"","_kad_post_feature_position":"","_kad_post_header":false,"_kad_post_footer":false,"footnotes":""},"class_list":["post-3574","page","type-page","status-publish","hentry"],"acf":[],"rttpg_featured_image_url":null,"rttpg_author":{"display_name":"Elvis","author_link":"https:\/\/rocketplay-slot.com\/pl\/author\/pemvas95n89x\/"},"rttpg_comment":0,"rttpg_category":null,"rttpg_excerpt":"Witamy w kasynie RocketPlay, gdzie emocje osi\u0105gaj\u0105 nowy poziom, a dreszczyk emocji zwi\u0105zany z gr\u0105 nabiera rozp\u0119du! Odkryj wszech\u015bwiat rozrywki jak nigdy dot\u0105d, w kt\u00f3rym najnowocze\u015bniejsza technologia \u0142\u0105czy si\u0119 z niezr\u00f3wnanymi wra\u017ceniami z gier. Pozw\u00f3l nam zabra\u0107 Ci\u0119 w podr\u00f3\u017c po kosmosie RocketPlay Casino, gdzie zbiegaj\u0105 si\u0119 innowacja, bezpiecze\u0144stwo i galaktyka gier. Nasza misja: podnoszenie...","_links":{"self":[{"href":"https:\/\/rocketplay-slot.com\/pl\/wp-json\/wp\/v2\/pages\/3574","targetHints":{"allow":["GET"]}}],"collection":[{"href":"https:\/\/rocketplay-slot.com\/pl\/wp-json\/wp\/v2\/pages"}],"about":[{"href":"https:\/\/rocketplay-slot.com\/pl\/wp-json\/wp\/v2\/types\/page"}],"author":[{"embeddable":true,"href":"https:\/\/rocketplay-slot.com\/pl\/wp-json\/wp\/v2\/users\/1"}],"replies":[{"embeddable":true,"href":"https:\/\/rocketplay-slot.com\/pl\/wp-json\/wp\/v2\/comments?post=3574"}],"version-history":[{"count":2,"href":"https:\/\/rocketplay-slot.com\/pl\/wp-json\/wp\/v2\/pages\/3574\/revisions"}],"predecessor-version":[{"id":3576,"href":"https:\/\/rocketplay-slot.com\/pl\/wp-json\/wp\/v2\/pages\/3574\/revisions\/3576"}],"wp:attachment":[{"href":"https:\/\/rocketplay-slot.com\/pl\/wp-json\/wp\/v2\/media?parent=3574"}],"curies":[{"name":"wp","href":"https:\/\/api.w.org\/{rel}","templated":true}]}}