{"id":3601,"date":"2024-01-22T21:35:23","date_gmt":"2024-01-22T18:35:23","guid":{"rendered":"https:\/\/rocketplay-slot.com\/aml-policy\/"},"modified":"2024-01-22T22:02:23","modified_gmt":"2024-01-22T19:02:23","slug":"aml-policy","status":"publish","type":"page","link":"https:\/\/rocketplay-slot.com\/pl\/aml-policy\/","title":{"rendered":"Polityka przeciwdzia\u0142ania praniu pieni\u0119dzy"},"content":{"rendered":"<p>RocketPlay Casino zdaje sobie spraw\u0119 ze znaczenia tworzenia \u015brodowiska wolnego od przest\u0119pstw finansowych, zapewniaj\u0105c ochron\u0119 zar\u00f3wno graczom, jak i platformie. Polityka przeciwdzia\u0142ania praniu pieni\u0119dzy to kompleksowy przewodnik przedstawiaj\u0105cy \u015brodki s\u0142u\u017c\u0105ce identyfikacji i ograniczaniu potencjalnego ryzyka zwi\u0105zanego z praniem pieni\u0119dzy i innymi nielegalnymi dzia\u0142aniami.<\/p>\n<h2>Procedury Poznaj swojego klienta (KYC)<\/h2>\n<p>Jednym z kamieni w\u0119gielnych polityki AML kasyna RocketPlay jest wdro\u017cenie rygorystycznych procedur \u201eKnow Your Customer\u201d (KYC). Gracze musz\u0105 przej\u015b\u0107 dok\u0142adny proces weryfikacji to\u017csamo\u015bci przed zezwoleniem na jakiekolwiek transakcje finansowe na platformie. Wi\u0105\u017ce si\u0119 to z przedstawieniem wa\u017cnych dokument\u00f3w to\u017csamo\u015bci, potwierdzenia adresu, a w niekt\u00f3rych przypadkach \u017ar\u00f3d\u0142a \u015brodk\u00f3w. \u015arodki te nie tylko pomagaj\u0105 zapobiega\u0107 praniu pieni\u0119dzy, ale tak\u017ce przyczyniaj\u0105 si\u0119 do og\u00f3lnego bezpiecze\u0144stwa spo\u0142eczno\u015bci graczy.<\/p>\n<h2>Monitorowanie i raportowanie transakcji<\/h2>\n<p>RocketPlay Casino wykorzystuje zaawansowane rozwi\u0105zania technologiczne do monitorowania transakcji w czasie rzeczywistym. To proaktywne podej\u015bcie umo\u017cliwia szybk\u0105 identyfikacj\u0119 podejrzanych dzia\u0142a\u0144. Wszelkie transakcje, kt\u00f3re odbiegaj\u0105 od ustalonych wzorc\u00f3w lub powoduj\u0105 z g\u00f3ry okre\u015blone sygna\u0142y ostrzegawcze, podlegaj\u0105 dalszej kontroli. Kasyno RocketPlay przestrzega \u015bcis\u0142ego protoko\u0142u raportowania w zakresie wykrywania potencjalnie nielegalnych transakcji, powiadamiaj\u0105c odpowiednie w\u0142adze zgodnie z wymogami prawnymi.<\/p>\n<h2>Strategie oceny i ograniczania ryzyka<\/h2>\n<p>Polityka AML w RocketPlay Casino obejmuje ci\u0105g\u0142\u0105 ocen\u0119 ryzyka, aby wyprzedzi\u0107 pojawiaj\u0105ce si\u0119 zagro\u017cenia. Oceniaj\u0105c ryzyko zwi\u0105zane z ka\u017cdym graczem i transakcj\u0105, kasyno mo\u017ce skutecznie alokowa\u0107 zasoby w celu ograniczenia potencjalnych luk w zabezpieczeniach. To proaktywne podej\u015bcie zapewnia, \u017ce \u015brodki w zakresie przeciwdzia\u0142ania praniu pieni\u0119dzy s\u0105 solidne i przystosowuj\u0105 si\u0119 do zmieniaj\u0105cego si\u0119 krajobrazu przest\u0119pstw finansowych.<\/p>\n<h2>Szkolenie i \u015bwiadomo\u015b\u0107 pracownik\u00f3w<\/h2>\n<p>RocketPlay Casino rozumie, \u017ce dobrze poinformowany zesp\u00f3\u0142 ma kluczowe znaczenie dla skutecznego wdro\u017cenia wszelkich zasad przeciwdzia\u0142ania praniu pieni\u0119dzy. Dlatego te\u017c wszyscy pracownicy przechodz\u0105 kompleksowe szkolenia maj\u0105ce na celu zwi\u0119kszenie ich \u015bwiadomo\u015bci w zakresie zagro\u017ce\u0144 zwi\u0105zanych z praniem pieni\u0119dzy i technik ich wykrywania. Gwarantuje to, \u017ce ka\u017cdy cz\u0142onek personelu, od obs\u0142ugi klienta po kierownictwo, odegra rol\u0119 w utrzymaniu zaanga\u017cowania kasyna w przestrzeganie przepis\u00f3w AML.<\/p>\n<h2>Wsp\u00f3\u0142praca z organami regulacyjnymi<\/h2>\n<p>RocketPlay Casino aktywnie wsp\u00f3\u0142pracuje z organami regulacyjnymi w celu wzmocnienia swoich \u015brodk\u00f3w AML. Kasyno przyczynia si\u0119 do zbiorowych wysi\u0142k\u00f3w na rzecz zwalczania prania pieni\u0119dzy w bran\u017cy gier online, dziel\u0105c si\u0119 informacjami i spostrze\u017ceniami z odpowiednimi organami. To oparte na wsp\u00f3\u0142pracy podej\u015bcie zwi\u0119ksza skuteczno\u015b\u0107 polityki AML kasyna RocketPlay i promuje standardy i najlepsze praktyki obowi\u0105zuj\u0105ce w ca\u0142ej bran\u017cy.<\/p>\n<h2>Wi\u0119ksza nale\u017cyta staranno\u015b\u0107 w przypadku graczy wysokiego ryzyka<\/h2>\n<p>Uznaj\u0105c, \u017ce niekt\u00f3rzy gracze mog\u0105 stwarza\u0107 wi\u0119ksze ryzyko prania pieni\u0119dzy, RocketPlay Casino wdro\u017cy\u0142o w stosunku do takich os\u00f3b wzmocnione \u015brodki nale\u017cytej staranno\u015bci. Mo\u017ce to obejmowa\u0107 dodatkow\u0105 dokumentacj\u0119, kontrol\u0119 transakcji i dok\u0142adniejsze monitorowanie wzorc\u00f3w gier. Dostosowuj\u0105c \u015brodki AML do r\u00f3\u017cnych profili ryzyka, RocketPlay Casino zapewnia ukierunkowane i praktyczne podej\u015bcie.<\/p>\n<h2>Technologia i innowacje w zakresie zgodno\u015bci z przepisami AML<\/h2>\n<p>RocketPlay Casino wykorzystuje najnowocze\u015bniejsze technologie i innowacje, aby zwi\u0119kszy\u0107 swoje wysi\u0142ki w zakresie zgodno\u015bci z przepisami AML. Algorytmy uczenia maszynowego, analityka danych i sztuczna inteligencja maj\u0105 kluczowe znaczenie w identyfikowaniu i przewidywaniu potencjalnych zagro\u017ce\u0144. Pozostaj\u0105c w czo\u0142\u00f3wce post\u0119pu technologicznego, RocketPlay Casino zapewnia, \u017ce jego polityka AML pozostaje elastyczna i skuteczna w obliczu ewoluuj\u0105cych zagro\u017ce\u0144.<\/p>\n<h2>Edukacja graczy i wspieranie odpowiedzialnej gry<\/h2>\n<p>Poza wewn\u0119trznymi \u015brodkami przeciwdzia\u0142ania praniu pieni\u0119dzy, RocketPlay Casino aktywnie edukuje graczy na temat znaczenia odpowiedzialnej gry. Udost\u0119pniono zasoby informacyjne, przewodniki i narz\u0119dzia, kt\u00f3re pomagaj\u0105 graczom rozpozna\u0107 potencjalne ryzyko i przyj\u0105\u0107 praktyki odpowiedzialnej gry. RocketPlay Casino przyczynia si\u0119 do bezpieczniejszego ekosystemu gier online, wspieraj\u0105c spo\u0142eczno\u015b\u0107, kt\u00f3ra ceni odpowiedzialn\u0105 gr\u0119.<\/p>\n<h2>Ci\u0105g\u0142e doskonalenie i zdolno\u015b\u0107 adaptacji<\/h2>\n<p>RocketPlay Casino postrzega swoj\u0105 polityk\u0119 AML jako dynamiczne ramy, kt\u00f3re ewoluuj\u0105 wraz z bran\u017c\u0105 i krajobrazem regulacyjnym. Regularne przegl\u0105dy, aktualizacje i ulepszenia zapewniaj\u0105, \u017ce polityka pozostaje skuteczna i zgodna z najnowszymi standardami. Wspieraj\u0105c kultur\u0119 ci\u0105g\u0142ego doskonalenia, RocketPlay Casino stara si\u0119 wyprzedza\u0107 potencjalne ryzyko i wyzwania.<\/p>\n<p>Podsumowuj\u0105c, polityka AML kasyna RocketPlay jest \u015bwiadectwem jego niezachwianego zaanga\u017cowania w zapewnianie bezpiecznego i odpowiedzialnego \u015brodowiska gier. Dzi\u0119ki kompleksowym \u015brodkom, wsp\u00f3\u0142pracy z organami regulacyjnymi i zaanga\u017cowaniu w ci\u0105g\u0142e doskonalenie, RocketPlay Casino wyznacza standardy w zakresie zgodno\u015bci z przepisami AML w bran\u017cy gier online. Gdy gracze wyruszaj\u0105 w ekscytuj\u0105c\u0105 podr\u00f3\u017c w grach, mog\u0105 to zrobi\u0107 z pewno\u015bci\u0105, \u017ce ich bezpiecze\u0144stwo i ochrona s\u0105 najwa\u017cniejsze w RocketPlay Casino.<\/p>\n","protected":false},"excerpt":{"rendered":"<p>RocketPlay Casino zdaje sobie spraw\u0119 ze znaczenia tworzenia \u015brodowiska wolnego od przest\u0119pstw finansowych, zapewniaj\u0105c ochron\u0119 zar\u00f3wno graczom, jak i platformie. Polityka przeciwdzia\u0142ania praniu pieni\u0119dzy to kompleksowy przewodnik przedstawiaj\u0105cy \u015brodki s\u0142u\u017c\u0105ce identyfikacji i ograniczaniu potencjalnego ryzyka zwi\u0105zanego z praniem pieni\u0119dzy i innymi nielegalnymi dzia\u0142aniami. Procedury Poznaj swojego klienta (KYC) Jednym z kamieni w\u0119gielnych polityki AML kasyna&#8230;<\/p>\n","protected":false},"author":1,"featured_media":0,"parent":0,"menu_order":0,"comment_status":"closed","ping_status":"closed","template":"","meta":{"_acf_changed":false,"_kad_post_transparent":"default","_kad_post_title":"default","_kad_post_layout":"default","_kad_post_sidebar_id":"","_kad_post_content_style":"default","_kad_post_vertical_padding":"default","_kad_post_feature":"","_kad_post_feature_position":"","_kad_post_header":false,"_kad_post_footer":false,"footnotes":""},"class_list":["post-3601","page","type-page","status-publish","hentry"],"acf":[],"rttpg_featured_image_url":null,"rttpg_author":{"display_name":"Elvis","author_link":"https:\/\/rocketplay-slot.com\/pl\/author\/pemvas95n89x\/"},"rttpg_comment":0,"rttpg_category":null,"rttpg_excerpt":"RocketPlay Casino zdaje sobie spraw\u0119 ze znaczenia tworzenia \u015brodowiska wolnego od przest\u0119pstw finansowych, zapewniaj\u0105c ochron\u0119 zar\u00f3wno graczom, jak i platformie. Polityka przeciwdzia\u0142ania praniu pieni\u0119dzy to kompleksowy przewodnik przedstawiaj\u0105cy \u015brodki s\u0142u\u017c\u0105ce identyfikacji i ograniczaniu potencjalnego ryzyka zwi\u0105zanego z praniem pieni\u0119dzy i innymi nielegalnymi dzia\u0142aniami. Procedury Poznaj swojego klienta (KYC) Jednym z kamieni w\u0119gielnych polityki AML kasyna...","_links":{"self":[{"href":"https:\/\/rocketplay-slot.com\/pl\/wp-json\/wp\/v2\/pages\/3601","targetHints":{"allow":["GET"]}}],"collection":[{"href":"https:\/\/rocketplay-slot.com\/pl\/wp-json\/wp\/v2\/pages"}],"about":[{"href":"https:\/\/rocketplay-slot.com\/pl\/wp-json\/wp\/v2\/types\/page"}],"author":[{"embeddable":true,"href":"https:\/\/rocketplay-slot.com\/pl\/wp-json\/wp\/v2\/users\/1"}],"replies":[{"embeddable":true,"href":"https:\/\/rocketplay-slot.com\/pl\/wp-json\/wp\/v2\/comments?post=3601"}],"version-history":[{"count":1,"href":"https:\/\/rocketplay-slot.com\/pl\/wp-json\/wp\/v2\/pages\/3601\/revisions"}],"predecessor-version":[{"id":3602,"href":"https:\/\/rocketplay-slot.com\/pl\/wp-json\/wp\/v2\/pages\/3601\/revisions\/3602"}],"wp:attachment":[{"href":"https:\/\/rocketplay-slot.com\/pl\/wp-json\/wp\/v2\/media?parent=3601"}],"curies":[{"name":"wp","href":"https:\/\/api.w.org\/{rel}","templated":true}]}}