{"id":3625,"date":"2024-01-22T21:39:33","date_gmt":"2024-01-22T18:39:33","guid":{"rendered":"https:\/\/rocketplay-slot.com\/bonus-policy\/"},"modified":"2024-01-22T22:37:18","modified_gmt":"2024-01-22T19:37:18","slug":"bonus-policy","status":"publish","type":"page","link":"https:\/\/rocketplay-slot.com\/pl\/bonus-policy\/","title":{"rendered":"Polityka bonusowa"},"content":{"rendered":"<p>W dynamicznym \u015bwiecie kasyn online gracze nieustannie poszukuj\u0105 platform oferuj\u0105cych szerok\u0105 gam\u0119 gier i zapewniaj\u0105cych lukratywne zach\u0119ty, kt\u00f3re usprawni\u0105 ich przygod\u0119 z grami. Kasyno RocketPlay wyr\u00f3\u017cnia si\u0119 jako latarnia morska w tym krajobrazie, nie tylko dzi\u0119ki r\u00f3\u017cnorodnym opcjom gier, ale tak\u017ce przejrzystej i skoncentrowanej na graczu Polityce premii. Zag\u0142\u0119bmy si\u0119 w zawi\u0142o\u015bci Polityki Bonus\u00f3w RocketPlay Casino, aby zrozumie\u0107, w jaki spos\u00f3b dodaje ona dodatkow\u0105 warstw\u0119 emocji do wra\u017ce\u0144 z gry.<\/p>\n<h2>Premie powitalne: Rozpocznij swoj\u0105 przygod\u0119<\/h2>\n<p>Kasyno RocketPlay wita nowych graczy z otwartymi ramionami, oferuj\u0105c kusz\u0105ce bonusy powitalne. Premie te maj\u0105 na celu o\u017cywienie Twojej przygody z grami dzi\u0119ki dodatkowym \u015brodkom. Niezale\u017cnie od tego, czy jeste\u015b do\u015bwiadczonym graczem, czy nowicjuszem, Bonus Powitalny dzia\u0142a jak katalizator, zapewniaj\u0105c dodatkowe zasoby do odkrywania szerokiej gamy gier dost\u0119pnych na platformie.<\/p>\n<p>Struktura bonusu powitalnego w RocketPlay Casino jest hojna i \u0142atwa do zrozumienia. Gracze mog\u0105 spodziewa\u0107 si\u0119 kombinacji depozyt\u00f3w i darmowych spin\u00f3w, tworz\u0105c idealn\u0105 r\u00f3wnowag\u0119 dla entuzjast\u00f3w automat\u00f3w i fan\u00f3w gier sto\u0142owych. Przejrzyste zasady i warunki tych bonus\u00f3w zapewniaj\u0105, \u017ce gracze rozpoczynaj\u0105 swoj\u0105 podr\u00f3\u017c w grach z jasno\u015bci\u0105 i pewno\u015bci\u0105.<\/p>\n<h2>Premie za prze\u0142adowanie: podtrzymaj dreszczyk emocji<\/h2>\n<p>RocketPlay Casino wykracza poza pocz\u0105tkowe powitanie i zapewnia, \u017ce emocje pozostan\u0105 silne w miar\u0119 up\u0142ywu czasu. Wejd\u017a do krainy bonus\u00f3w za prze\u0142adowanie, gdzie gracze s\u0105 nagradzani za lojalno\u015b\u0107 i konsekwentn\u0105 rozgrywk\u0119. Premie te \u015bwiadcz\u0105 o zaanga\u017cowaniu RocketPlay w tworzenie satysfakcjonuj\u0105cego i zr\u00f3wnowa\u017conego \u015brodowiska gier.<\/p>\n<p>Premie za do\u0142adowanie zwykle wchodz\u0105 w gr\u0119, gdy gracze dokonuj\u0105 kolejnych wp\u0142at po pocz\u0105tkowej fazie powitalnej. Premie te s\u0105 cz\u0119sto wielopoziomowe, co oznacza, \u017ce im wi\u0119cej inwestujesz w swoje wra\u017cenia z gry, tym bardziej znacz\u0105ca staje si\u0119 premia. Kasyno RocketPlay ceni lojalno\u015b\u0107 graczy, a premie za do\u0142adowanie wyra\u017caj\u0105 wdzi\u0119czno\u015b\u0107 tym, kt\u00f3rzy zdecydowali si\u0119 uczyni\u0107 t\u0119 platform\u0119 swoim domem do gier.<\/p>\n<h2>Darmowe spiny: kr\u0119cenie ko\u0142em fortuny<\/h2>\n<p>RocketPlay Casino oferuje mn\u00f3stwo darmowych spin\u00f3w w ramach swojej Polityki bonusowej dla entuzjast\u00f3w automat\u00f3w, kt\u00f3rzy czerpi\u0105 rado\u015b\u0107 z kr\u0119cenia b\u0119bnami. Te darmowe spiny mo\u017cna \u0142\u0105czy\u0107 z r\u00f3\u017cnymi promocjami, w tym z bonusami powitalnymi i bonusami za do\u0142adowanie, zapewniaj\u0105c graczom dodatkowe szanse na wygran\u0105 bez wyczerpywania \u015brodk\u00f3w.<\/p>\n<p>Pi\u0119kno darmowych spin\u00f3w le\u017cy w ich prostocie i wszechstronno\u015bci. Mo\u017cna je powi\u0105za\u0107 z konkretnymi grami slotowymi lub oferowa\u0107 jako og\u00f3lny bonus, pozwalaj\u0105cy graczom odkrywa\u0107 nowe tytu\u0142y lub rozkoszowa\u0107 si\u0119 swoimi ulubionymi grami wszechczas\u00f3w. Kasyno RocketPlay cz\u0119sto aktualizuje swoj\u0105 ofert\u0119 darmowych spin\u00f3w, zapewniaj\u0105c graczom zawsze co\u015b \u015bwie\u017cego i ekscytuj\u0105cego, na co mog\u0105 czeka\u0107.<\/p>\n<h2>Wymagania dotycz\u0105ce zak\u0142ad\u00f3w: osi\u0105gni\u0119cie r\u00f3wnowagi<\/h2>\n<p>Podczas gdy bonusy dodaj\u0105 emocji do gry, RocketPlay Casino zachowuje uczciwo\u015b\u0107 i przejrzysto\u015b\u0107 dzi\u0119ki dobrze zdefiniowanym wymaganiom dotycz\u0105cym zak\u0142ad\u00f3w. Wymagania dotycz\u0105ce zak\u0142ad\u00f3w s\u0105 cz\u0119stym aspektem premii w kasynie online, a RocketPlay zapewnia, \u017ce r\u00f3wnowa\u017c\u0105 one nagradzanie graczy i utrzymanie integralno\u015bci platformy.<\/p>\n<p>Wymagania dotycz\u0105ce zak\u0142ad\u00f3w w kasynie s\u0105 jasno okre\u015blone w zasadach i warunkach zwi\u0105zanych z ka\u017cdym bonusem. W ten spos\u00f3b RocketPlay Casino zapewnia graczom wiedz\u0119 niezb\u0119dn\u0105 do podejmowania \u015bwiadomych decyzji. Przywi\u0105zanie kasyna do zasad fair play jest widoczne w rozs\u0105dnych wymaganiach dotycz\u0105cych zak\u0142ad\u00f3w, dzi\u0119ki czemu gracze mog\u0105 cieszy\u0107 si\u0119 wygranymi bez niepotrzebnych przeszk\u00f3d.<\/p>\n<h2>Program VIP: podnoszenie nagr\u00f3d dla elity<\/h2>\n<p>Kasyno RocketPlay wykracza poza to, oferuj\u0105c program VIP, kt\u00f3ry przenosi nagrody dla graczy na nowy poziom. Program VIP przeznaczony jest dla najbardziej oddanych i ambitnych graczy kasyna, zapewniaj\u0105c ekskluzywne korzy\u015bci i bonusy dostosowane do indywidualnych preferencji.<\/p>\n<p>Cz\u0142onkowie VIP w RocketPlay Casino mog\u0105 cieszy\u0107 si\u0119 spersonalizowan\u0105 gr\u0105 dzi\u0119ki dedykowanym mened\u017cerom kont, kr\u00f3tszym czasem wyp\u0142at i dostosowanym do indywidualnych potrzeb promocjom. Program VIP jest przyk\u0142adem zaanga\u017cowania RocketPlay w docenianie i nagradzanie lojalno\u015bci najbardziej cenionych graczy, tworz\u0105c elitarne i elitarne \u015brodowisko gier.<\/p>\n<p>W rozleg\u0142ym krajobrazie kasyn online RocketPlay Casino wyr\u00f3\u017cnia si\u0119 obszern\u0105 bibliotek\u0105 gier i polityk\u0105 bonusow\u0105 skupion\u0105 na graczu. Od chwili, gdy gracze zarejestruj\u0105 si\u0119 i odbior\u0105 premi\u0119 powitaln\u0105, po ci\u0105g\u0142e emocje zwi\u0105zane z bonusami za do\u0142adowanie i ekskluzywnymi korzy\u015bciami programu VIP, RocketPlay Casino gwarantuje, \u017ce hojne nagrody b\u0119d\u0105 towarzyszy\u0107 ka\u017cdej podr\u00f3\u017cy w grze.<\/p>\n<p>Przejrzyste i uczciwe podej\u015bcie do bonus\u00f3w oraz rozs\u0105dnych wymaga\u0144 dotycz\u0105cych zak\u0142ad\u00f3w wyr\u00f3\u017cnia RocketPlay Casino jako platform\u0119, kt\u00f3ra priorytetowo traktuje do\u015bwiadczenie gracza. Zatem zapnij pasy i przygotuj si\u0119 na ekscytuj\u0105c\u0105 przygod\u0119 w grach, nap\u0119dzan\u0105 niezr\u00f3wnan\u0105 polityk\u0105 bonusow\u0105 RocketPlay Casino.<\/p>\n","protected":false},"excerpt":{"rendered":"<p>W dynamicznym \u015bwiecie kasyn online gracze nieustannie poszukuj\u0105 platform oferuj\u0105cych szerok\u0105 gam\u0119 gier i zapewniaj\u0105cych lukratywne zach\u0119ty, kt\u00f3re usprawni\u0105 ich przygod\u0119 z grami. Kasyno RocketPlay wyr\u00f3\u017cnia si\u0119 jako latarnia morska w tym krajobrazie, nie tylko dzi\u0119ki r\u00f3\u017cnorodnym opcjom gier, ale tak\u017ce przejrzystej i skoncentrowanej na graczu Polityce premii. Zag\u0142\u0119bmy si\u0119 w zawi\u0142o\u015bci Polityki Bonus\u00f3w RocketPlay&#8230;<\/p>\n","protected":false},"author":1,"featured_media":0,"parent":0,"menu_order":0,"comment_status":"closed","ping_status":"closed","template":"","meta":{"_acf_changed":false,"_kad_post_transparent":"default","_kad_post_title":"default","_kad_post_layout":"default","_kad_post_sidebar_id":"","_kad_post_content_style":"default","_kad_post_vertical_padding":"default","_kad_post_feature":"","_kad_post_feature_position":"","_kad_post_header":false,"_kad_post_footer":false,"footnotes":""},"class_list":["post-3625","page","type-page","status-publish","hentry"],"acf":[],"rttpg_featured_image_url":null,"rttpg_author":{"display_name":"Elvis","author_link":"https:\/\/rocketplay-slot.com\/pl\/author\/pemvas95n89x\/"},"rttpg_comment":0,"rttpg_category":null,"rttpg_excerpt":"W dynamicznym \u015bwiecie kasyn online gracze nieustannie poszukuj\u0105 platform oferuj\u0105cych szerok\u0105 gam\u0119 gier i zapewniaj\u0105cych lukratywne zach\u0119ty, kt\u00f3re usprawni\u0105 ich przygod\u0119 z grami. Kasyno RocketPlay wyr\u00f3\u017cnia si\u0119 jako latarnia morska w tym krajobrazie, nie tylko dzi\u0119ki r\u00f3\u017cnorodnym opcjom gier, ale tak\u017ce przejrzystej i skoncentrowanej na graczu Polityce premii. Zag\u0142\u0119bmy si\u0119 w zawi\u0142o\u015bci Polityki Bonus\u00f3w RocketPlay...","_links":{"self":[{"href":"https:\/\/rocketplay-slot.com\/pl\/wp-json\/wp\/v2\/pages\/3625","targetHints":{"allow":["GET"]}}],"collection":[{"href":"https:\/\/rocketplay-slot.com\/pl\/wp-json\/wp\/v2\/pages"}],"about":[{"href":"https:\/\/rocketplay-slot.com\/pl\/wp-json\/wp\/v2\/types\/page"}],"author":[{"embeddable":true,"href":"https:\/\/rocketplay-slot.com\/pl\/wp-json\/wp\/v2\/users\/1"}],"replies":[{"embeddable":true,"href":"https:\/\/rocketplay-slot.com\/pl\/wp-json\/wp\/v2\/comments?post=3625"}],"version-history":[{"count":1,"href":"https:\/\/rocketplay-slot.com\/pl\/wp-json\/wp\/v2\/pages\/3625\/revisions"}],"predecessor-version":[{"id":3626,"href":"https:\/\/rocketplay-slot.com\/pl\/wp-json\/wp\/v2\/pages\/3625\/revisions\/3626"}],"wp:attachment":[{"href":"https:\/\/rocketplay-slot.com\/pl\/wp-json\/wp\/v2\/media?parent=3625"}],"curies":[{"name":"wp","href":"https:\/\/api.w.org\/{rel}","templated":true}]}}