{"id":3649,"date":"2024-01-22T20:16:05","date_gmt":"2024-01-22T17:16:05","guid":{"rendered":"https:\/\/rocketplay-slot.com\/contact-us\/"},"modified":"2024-01-22T22:50:14","modified_gmt":"2024-01-22T19:50:14","slug":"contact-us","status":"publish","type":"page","link":"https:\/\/rocketplay-slot.com\/pl\/contact-us\/","title":{"rendered":"Skontaktuj si\u0119 z nami"},"content":{"rendered":"<p>Witamy w RocketPlay Casino, gdzie ekscytuj\u0105ce wra\u017cenia z gry spotykaj\u0105 si\u0119 z obs\u0142ug\u0105 klienta na najwy\u017cszym poziomie. Nasze zaanga\u017cowanie w zapewnienie Twojej satysfakcji obejmuje tak\u017ce nasz\u0105 dedykowan\u0105 us\u0142ug\u0119 \u201eKontakt\u201d. Niezale\u017cnie od tego, czy masz pytania, uwagi, czy potrzebujesz pomocy, jeste\u015bmy tutaj, aby Twoje korzystanie z RocketPlay by\u0142o p\u0142ynne i przyjemne.<\/p>\n<h2>Docieraj do nas w dowolnym miejscu i czasie<\/h2>\n<p>W RocketPlay Casino rozumiemy, \u017ce pytania mog\u0105 pojawi\u0107 si\u0119 w dowolnym momencie. Dlatego nasza funkcja Skontaktuj si\u0119 z nami jest dost\u0119pna 24 godziny na dob\u0119, 7 dni w tygodniu, dzi\u0119ki czemu mo\u017cesz si\u0119 z nami skontaktowa\u0107, gdy potrzebujesz pomocy. Niezale\u017cnie od tego, czy jeste\u015b nocnym markiem ciesz\u0105cym si\u0119 nocnymi spinami, czy rannym ptaszkiem \u0142apaj\u0105cym poranny jackpot, nasz zesp\u00f3\u0142 wsparcia jest gotowy do pomocy przez ca\u0142\u0105 dob\u0119.<\/p>\n<h2>Wiele kana\u0142\u00f3w dla wygody<\/h2>\n<p>Cenimy Tw\u00f3j czas i rozumiemy, \u017ce ka\u017cdy ma sw\u00f3j preferowany spos\u00f3b komunikacji. Dlatego oferujemy wiele kana\u0142\u00f3w kontaktu z nami. Niezale\u017cnie od tego, czy wolisz natychmiastowo\u015b\u0107 czatu na \u017cywo, formalno\u015b\u0107 e-maila, czy te\u017c znajomo\u015b\u0107 rozmowy telefonicznej, RocketPlay Casino zapewni Ci wszystko. Nasza r\u00f3\u017cnorodna oferta mo\u017cliwo\u015bci kontaktu gwarantuje, \u017ce mo\u017cesz wybra\u0107 metod\u0119, kt\u00f3ra najlepiej odpowiada Twoim potrzebom i preferencjom.<\/p>\n<h2>Natychmiastowa pomoc dzi\u0119ki czatowi na \u017cywo<\/h2>\n<p>Nasza funkcja czatu na \u017cywo to idealna opcja, aby uzyska\u0107 szybk\u0105 pomoc w czasie rzeczywistym. Natychmiast po\u0142\u0105cz si\u0119 z naszymi kompetentnymi agentami wsparcia, co umo\u017cliwi Ci niezw\u0142oczne rozwi\u0105zanie wszelkich zapyta\u0144 i w\u0105tpliwo\u015bci. Niezale\u017cnie od tego, czy masz pytania dotycz\u0105ce zasad gry, zarz\u0105dzania kontem czy promocji, nasza obs\u0142uga czatu na \u017cywo ma na celu zapewnienie natychmiastowych rozwi\u0105za\u0144 na wyci\u0105gni\u0119cie r\u0119ki.<\/p>\n<h2>E-mail z pro\u015bb\u0105 o kompleksow\u0105 pomoc<\/h2>\n<p>Je\u015bli wolisz bardziej szczeg\u00f3\u0142owe wyja\u015bnienia lub chcesz za\u0142\u0105czy\u0107 dokumenty, nasza pomoc e-mailowa jest do Twojej dyspozycji. Napisz do nas na adres support@rocketplaycasino.com, a nasz oddany zesp\u00f3\u0142 niezw\u0142ocznie odpowie. Niezale\u017cnie od tego, czy chodzi o weryfikacj\u0119 konta, problemy z p\u0142atno\u015bci\u0105 czy og\u00f3ln\u0105 opini\u0119, nasza pomoc e-mailowa zapewnia wszechstronn\u0105 pomoc w przypadku wszystkich zapyta\u0144 zwi\u0105zanych z kasynem.<\/p>\n<h2>Porozmawiaj bezpo\u015brednio z naszym zespo\u0142em<\/h2>\n<p>Nasza pomoc telefoniczna umo\u017cliwia bezpo\u015bredni\u0105 rozmow\u0119 z naszym zespo\u0142em ekspert\u00f3w w celu uzyskania bardziej osobistego kontaktu. Wybierz nasz bezp\u0142atny numer, a nasi przyja\u017ani agenci pomocy technicznej poprowadz\u0105 Ci\u0119 przez wszelkie problemy, jakie mo\u017cesz napotka\u0107. Od usterek technicznych po zarz\u0105dzanie kontem \u2013 nasza pomoc telefoniczna ma na celu zapewnienie jasnej i zwi\u0119z\u0142ej pomocy, kt\u00f3rej potrzebujesz.<\/p>\n<p>Kontakt z nami w kasynie RocketPlay to nie tylko us\u0142uga; to zobowi\u0105zanie do zapewnienia niezr\u00f3wnanego wsparcia i zapewnienia, \u017ce Twoja podr\u00f3\u017c z grami z nami b\u0119dzie wyj\u0105tkowa. Skontaktuj si\u0119 z nami \u2013 jeste\u015bmy tutaj, aby ulepszy\u0107 Twoje do\u015bwiadczenia z RocketPlay w ka\u017cdy mo\u017cliwy spos\u00f3b.<\/p>\n","protected":false},"excerpt":{"rendered":"<p>Witamy w RocketPlay Casino, gdzie ekscytuj\u0105ce wra\u017cenia z gry spotykaj\u0105 si\u0119 z obs\u0142ug\u0105 klienta na najwy\u017cszym poziomie. Nasze zaanga\u017cowanie w zapewnienie Twojej satysfakcji obejmuje tak\u017ce nasz\u0105 dedykowan\u0105 us\u0142ug\u0119 \u201eKontakt\u201d. Niezale\u017cnie od tego, czy masz pytania, uwagi, czy potrzebujesz pomocy, jeste\u015bmy tutaj, aby Twoje korzystanie z RocketPlay by\u0142o p\u0142ynne i przyjemne. Docieraj do nas w dowolnym&#8230;<\/p>\n","protected":false},"author":1,"featured_media":0,"parent":0,"menu_order":0,"comment_status":"closed","ping_status":"closed","template":"","meta":{"_acf_changed":false,"_kad_post_transparent":"default","_kad_post_title":"default","_kad_post_layout":"default","_kad_post_sidebar_id":"","_kad_post_content_style":"default","_kad_post_vertical_padding":"default","_kad_post_feature":"","_kad_post_feature_position":"","_kad_post_header":false,"_kad_post_footer":false,"footnotes":""},"class_list":["post-3649","page","type-page","status-publish","hentry"],"acf":[],"rttpg_featured_image_url":null,"rttpg_author":{"display_name":"Elvis","author_link":"https:\/\/rocketplay-slot.com\/pl\/author\/pemvas95n89x\/"},"rttpg_comment":0,"rttpg_category":null,"rttpg_excerpt":"Witamy w RocketPlay Casino, gdzie ekscytuj\u0105ce wra\u017cenia z gry spotykaj\u0105 si\u0119 z obs\u0142ug\u0105 klienta na najwy\u017cszym poziomie. Nasze zaanga\u017cowanie w zapewnienie Twojej satysfakcji obejmuje tak\u017ce nasz\u0105 dedykowan\u0105 us\u0142ug\u0119 \u201eKontakt\u201d. Niezale\u017cnie od tego, czy masz pytania, uwagi, czy potrzebujesz pomocy, jeste\u015bmy tutaj, aby Twoje korzystanie z RocketPlay by\u0142o p\u0142ynne i przyjemne. Docieraj do nas w dowolnym...","_links":{"self":[{"href":"https:\/\/rocketplay-slot.com\/pl\/wp-json\/wp\/v2\/pages\/3649","targetHints":{"allow":["GET"]}}],"collection":[{"href":"https:\/\/rocketplay-slot.com\/pl\/wp-json\/wp\/v2\/pages"}],"about":[{"href":"https:\/\/rocketplay-slot.com\/pl\/wp-json\/wp\/v2\/types\/page"}],"author":[{"embeddable":true,"href":"https:\/\/rocketplay-slot.com\/pl\/wp-json\/wp\/v2\/users\/1"}],"replies":[{"embeddable":true,"href":"https:\/\/rocketplay-slot.com\/pl\/wp-json\/wp\/v2\/comments?post=3649"}],"version-history":[{"count":2,"href":"https:\/\/rocketplay-slot.com\/pl\/wp-json\/wp\/v2\/pages\/3649\/revisions"}],"predecessor-version":[{"id":3651,"href":"https:\/\/rocketplay-slot.com\/pl\/wp-json\/wp\/v2\/pages\/3649\/revisions\/3651"}],"wp:attachment":[{"href":"https:\/\/rocketplay-slot.com\/pl\/wp-json\/wp\/v2\/media?parent=3649"}],"curies":[{"name":"wp","href":"https:\/\/api.w.org\/{rel}","templated":true}]}}