{"id":3677,"date":"2024-01-22T21:16:56","date_gmt":"2024-01-22T18:16:56","guid":{"rendered":"https:\/\/rocketplay-slot.com\/gdpr-policy\/"},"modified":"2024-01-22T23:06:35","modified_gmt":"2024-01-22T20:06:35","slug":"gdpr-policy","status":"publish","type":"page","link":"https:\/\/rocketplay-slot.com\/pl\/gdpr-policy\/","title":{"rendered":"Polityka RODO"},"content":{"rendered":"<p>RocketPlay Casino rozumie znaczenie RODO, kompleksowego rozporz\u0105dzenia o ochronie danych wdro\u017conego w celu wzmocnienia pozycji os\u00f3b fizycznych i zwi\u0119kszenia ich kontroli nad danymi osobowymi. Nasze zaanga\u017cowanie w przestrzeganie RODO wykracza poza zwyk\u0142e przestrzeganie wymog\u00f3w prawnych; odzwierciedla nasze zaanga\u017cowanie w tworzenie bezpiecznej i skoncentrowanej na graczu platformy do gier.<\/p>\n<h2>Zakres gromadzenia danych<\/h2>\n<p>Kiedy gracze wchodz\u0105 w interakcj\u0119 z RocketPlay Casino, gromadzone s\u0105 pewne informacje, aby zapewni\u0107 p\u0142ynn\u0105 rozgrywk\u0119. Dane te obejmuj\u0105 mi\u0119dzy innymi dane osobowe, dane kontaktowe i zapisy transakcji. Nale\u017cy zauwa\u017cy\u0107, \u017ce kasyno RocketPlay gromadzi wy\u0142\u0105cznie informacje niezb\u0119dne do prowadzenia gier i dok\u0142ada wszelkich stara\u0144, aby zapewni\u0107 minimalistyczne podej\u015bcie do gromadzenia danych.<\/p>\n<h2>Podstawa prawna przetwarzania danych<\/h2>\n<p>RocketPlay Casino przetwarza dane u\u017cytkownik\u00f3w w oparciu o podstawy prawne okre\u015blone przez RODO. Do tych podstaw prawnych zalicza si\u0119 niezb\u0119dno\u015b\u0107 przetwarzania danych do wykonania umowy, dope\u0142nienia obowi\u0105zk\u00f3w prawnych, ochrony \u017cywotnych interes\u00f3w, zgody, wykonywania zada\u0144 realizowanych w interesie publicznym lub sprawowania w\u0142adzy publicznej, a tak\u017ce prawnie uzasadnione interesy realizowane przez Kasyno RocketPlay lub strona trzecia.<\/p>\n<h2>Mechanizm zgody<\/h2>\n<p>Uzyskanie zgody u\u017cytkownika jest kamieniem w\u0119gielnym naszej strategii zgodno\u015bci z RODO. RocketPlay Casino zapewnia, \u017ce gracze s\u0105 dobrze poinformowani o danych, kt\u00f3re zbieramy, o tym, w jaki spos\u00f3b b\u0119d\u0105 one wykorzystywane oraz o ich prawach do danych osobowych. Zgoda wymagana jest w spos\u00f3b wyra\u017any, a gracze mog\u0105 j\u0105 wycofa\u0107 w dowolnym momencie bez wp\u0142ywu na zgodno\u015b\u0107 z prawem przetwarzania, kt\u00f3rego dokonano na podstawie zgody przed jej wycofaniem.<\/p>\n<h2>\u015arodki bezpiecze\u0144stwa danych<\/h2>\n<p>Kasyno RocketPlay wykorzystuje najnowocze\u015bniejsze \u015brodki bezpiecze\u0144stwa, aby chroni\u0107 dane gracza przed nieautoryzowanym dost\u0119pem, ujawnieniem, zmian\u0105 i zniszczeniem. Nasze solidne protoko\u0142y bezpiecze\u0144stwa obejmuj\u0105 szyfrowanie, kontrol\u0119 dost\u0119pu, regularne audyty bezpiecze\u0144stwa i szkolenia personelu, aby zapewni\u0107 najwy\u017cszy poziom ochrony danych.<\/p>\n<h2>Minimalizacja i przechowywanie danych<\/h2>\n<p>Przestrzegamy zasady minimalizacji danych, dbaj\u0105c o to, aby zbiera\u0107 i przechowywa\u0107 wy\u0142\u0105cznie informacje niezb\u0119dne do zamierzonego celu. RocketPlay Casino ustala okre\u015blone okresy przechowywania dla r\u00f3\u017cnych kategorii danych, a dane s\u0105 bezpiecznie i nieodwracalnie usuwane po up\u0142ywie okresu przechowywania.<\/p>\n<h2>Prawa gracza zgodnie z RODO<\/h2>\n<p>RocketPlay Casino uznaje i szanuje prawa przyznane graczom na mocy RODO. Prawa te obejmuj\u0105 prawo dost\u0119pu do danych osobowych, ich sprostowania, usuni\u0119cia, ograniczenia przetwarzania oraz wniesienia sprzeciwu wobec przetwarzania danych osobowych. Wdro\u017cyli\u015bmy mechanizmy u\u0142atwiaj\u0105ce realizacj\u0119 tych praw, pozwalaj\u0105ce graczom mie\u0107 kontrol\u0119 nad swoimi danymi osobowymi.<\/p>\n<h2>Przekazywanie danych i przetwarzanie przez strony trzecie<\/h2>\n<p>W pewnych okoliczno\u015bciach RocketPlay Casino mo\u017ce przekazywa\u0107 dane gracza stronom trzecim lub przetwarza\u0107 je we wsp\u00f3\u0142pracy z zewn\u0119trznymi dostawcami us\u0142ug. Takie transfery przeprowadzane s\u0105 z najwy\u017csz\u0105 staranno\u015bci\u0105, a strony trzecie s\u0105 dok\u0142adnie sprawdzane pod k\u0105tem zgodno\u015bci ze standardami RODO. Zawierane s\u0105 umowy i porozumienia reguluj\u0105ce czynno\u015bci przetwarzania danych, podkre\u015blaj\u0105ce znaczenie ochrony danych.<\/p>\n<h2>Reakcja na incydenty i powiadomienie o naruszeniu<\/h2>\n<p>Pomimo naszych rygorystycznych \u015brodk\u00f3w bezpiecze\u0144stwa mog\u0105 wyst\u0105pi\u0107 nieprzewidziane zdarzenia. W przypadku naruszenia danych kasyno RocketPlay zobowi\u0105zuje si\u0119 do szybkiej i przejrzystej komunikacji. Przestrzegamy wymogu RODO, aby bez zb\u0119dnej zw\u0142oki powiadamia\u0107 odpowiednie organy nadzorcze i zainteresowanych graczy, przekazuj\u0105c informacje o charakterze naruszenia, jego potencjalnych konsekwencjach oraz \u015brodkach podj\u0119tych w celu zaradzenia temu naruszeniu.<\/p>\n<h2>Regularne audyty i aktualizacje zgodno\u015bci z RODO<\/h2>\n<p>RocketPlay Casino zdaje sobie spraw\u0119 z dynamicznej natury cyfrowego krajobrazu i zmieniaj\u0105cego si\u0119 charakteru przepis\u00f3w o ochronie danych. Aby wyprzedzi\u0107 konkurencj\u0119, przeprowadzamy regularne audyty zgodno\u015bci z RODO, aktualizuj\u0105c nasze zasady i praktyki, aby odzwierciedla\u0142y najnowsze wymagania prawne i post\u0119p technologiczny.<\/p>\n<p>Podsumowuj\u0105c, RocketPlay Casino niezachwianie przestrzega przepis\u00f3w RODO, zapewniaj\u0105c, \u017ce dane graczy s\u0105 traktowane z najwy\u017csz\u0105 staranno\u015bci\u0105 i szacunkiem. Nasza polityka RODO odzwierciedla nasze zaanga\u017cowanie w przejrzysto\u015b\u0107, bezpiecze\u0144stwo i ochron\u0119 prywatno\u015bci graczy w stale zmieniaj\u0105cym si\u0119 krajobrazie gier online. W miar\u0119 ci\u0105g\u0142ego ulepszania naszej oferty gier, nasi gracze mog\u0105 mie\u0107 pewno\u015b\u0107, \u017ce ich dane osobowe s\u0105 bezpieczne w RocketPlay Casino.<\/p>\n","protected":false},"excerpt":{"rendered":"<p>RocketPlay Casino rozumie znaczenie RODO, kompleksowego rozporz\u0105dzenia o ochronie danych wdro\u017conego w celu wzmocnienia pozycji os\u00f3b fizycznych i zwi\u0119kszenia ich kontroli nad danymi osobowymi. Nasze zaanga\u017cowanie w przestrzeganie RODO wykracza poza zwyk\u0142e przestrzeganie wymog\u00f3w prawnych; odzwierciedla nasze zaanga\u017cowanie w tworzenie bezpiecznej i skoncentrowanej na graczu platformy do gier. Zakres gromadzenia danych Kiedy gracze wchodz\u0105 w&#8230;<\/p>\n","protected":false},"author":1,"featured_media":0,"parent":0,"menu_order":0,"comment_status":"closed","ping_status":"closed","template":"","meta":{"_acf_changed":false,"_kad_post_transparent":"default","_kad_post_title":"default","_kad_post_layout":"default","_kad_post_sidebar_id":"","_kad_post_content_style":"default","_kad_post_vertical_padding":"default","_kad_post_feature":"","_kad_post_feature_position":"","_kad_post_header":false,"_kad_post_footer":false,"footnotes":""},"class_list":["post-3677","page","type-page","status-publish","hentry"],"acf":[],"rttpg_featured_image_url":null,"rttpg_author":{"display_name":"Elvis","author_link":"https:\/\/rocketplay-slot.com\/pl\/author\/pemvas95n89x\/"},"rttpg_comment":0,"rttpg_category":null,"rttpg_excerpt":"RocketPlay Casino rozumie znaczenie RODO, kompleksowego rozporz\u0105dzenia o ochronie danych wdro\u017conego w celu wzmocnienia pozycji os\u00f3b fizycznych i zwi\u0119kszenia ich kontroli nad danymi osobowymi. Nasze zaanga\u017cowanie w przestrzeganie RODO wykracza poza zwyk\u0142e przestrzeganie wymog\u00f3w prawnych; odzwierciedla nasze zaanga\u017cowanie w tworzenie bezpiecznej i skoncentrowanej na graczu platformy do gier. Zakres gromadzenia danych Kiedy gracze wchodz\u0105 w...","_links":{"self":[{"href":"https:\/\/rocketplay-slot.com\/pl\/wp-json\/wp\/v2\/pages\/3677","targetHints":{"allow":["GET"]}}],"collection":[{"href":"https:\/\/rocketplay-slot.com\/pl\/wp-json\/wp\/v2\/pages"}],"about":[{"href":"https:\/\/rocketplay-slot.com\/pl\/wp-json\/wp\/v2\/types\/page"}],"author":[{"embeddable":true,"href":"https:\/\/rocketplay-slot.com\/pl\/wp-json\/wp\/v2\/users\/1"}],"replies":[{"embeddable":true,"href":"https:\/\/rocketplay-slot.com\/pl\/wp-json\/wp\/v2\/comments?post=3677"}],"version-history":[{"count":1,"href":"https:\/\/rocketplay-slot.com\/pl\/wp-json\/wp\/v2\/pages\/3677\/revisions"}],"predecessor-version":[{"id":3678,"href":"https:\/\/rocketplay-slot.com\/pl\/wp-json\/wp\/v2\/pages\/3677\/revisions\/3678"}],"wp:attachment":[{"href":"https:\/\/rocketplay-slot.com\/pl\/wp-json\/wp\/v2\/media?parent=3677"}],"curies":[{"name":"wp","href":"https:\/\/api.w.org\/{rel}","templated":true}]}}