{"id":3703,"date":"2024-01-22T21:30:34","date_gmt":"2024-01-22T18:30:34","guid":{"rendered":"https:\/\/rocketplay-slot.com\/kyc-policy\/"},"modified":"2024-01-22T23:19:02","modified_gmt":"2024-01-22T20:19:02","slug":"kyc-policy","status":"publish","type":"page","link":"https:\/\/rocketplay-slot.com\/pl\/kyc-policy\/","title":{"rendered":"Polityka KYC"},"content":{"rendered":"<p>KYC, podstawowy element bran\u017cy gier online, odnosi si\u0119 do procesu weryfikacji to\u017csamo\u015bci graczy w celu ograniczenia ryzyka zwi\u0105zanego z oszustwami, praniem pieni\u0119dzy i hazardem nieletnich. RocketPlay Casino postrzega KYC nie tylko jako obowi\u0105zek regulacyjny, ale jako kluczowy element swojego zaanga\u017cowania w zapewnianie graczom bezpiecznej i godnej zaufania platformy.<\/p>\n<h2>Proces KYC w kasynie RocketPlay: prosty, ale rygorystyczny<\/h2>\n<p>RocketPlay Casino zaprojektowa\u0142o sw\u00f3j proces KYC tak, aby by\u0142 przyjazny dla u\u017cytkownika, przy jednoczesnym zachowaniu rygorystycznego podej\u015bcia do weryfikacji to\u017csamo\u015bci. Podczas rejestracji gracze musz\u0105 poda\u0107 podstawowe informacje, w tym imi\u0119 i nazwisko, adres, dat\u0119 urodzenia i dane kontaktowe. Aby usprawni\u0107 proces, kasyno wykorzystuje najnowocze\u015bniejsz\u0105 technologi\u0119 weryfikacji dokument\u00f3w, zapewniaj\u0105c graczom szybk\u0105 i wydajn\u0105 obs\u0142ug\u0119.<\/p>\n<h2>Bezpiecze\u0144stwo danych: najwa\u017cniejsza kwestia we wdra\u017caniu KYC<\/h2>\n<p>Ochrona informacji o graczach jest podstaw\u0105 polityki KYC RocketPlay Casino. Kasyno wykorzystuje najnowocze\u015bniejsze technologie szyfrowania w celu zabezpieczenia transmisji i przechowywania wra\u017cliwych danych. Gracze mog\u0105 mie\u0107 pewno\u015b\u0107, \u017ce ich dane osobowe i finansowe s\u0105 traktowane z najwy\u017csz\u0105 poufno\u015bci\u0105, zgodnie z wiod\u0105cymi w bran\u017cy standardami bezpiecze\u0144stwa.<\/p>\n<h2>Weryfikacja wieku: dbanie o odpowiedzialno\u015b\u0107 i legalno\u015b\u0107 hazardu<\/h2>\n<p>Jednym z g\u0142\u00f3wnych cel\u00f3w polityki KYC RocketPlay Casino jest zapobieganie hazardowi nieletnich. Weryfikacja wieku jest kluczowym krokiem w tym procesie, wymagaj\u0105cym od graczy przedstawienia wa\u017cnych dokument\u00f3w to\u017csamo\u015bci potwierdzaj\u0105cych, \u017ce osi\u0105gn\u0119li wiek pozwalaj\u0105cy na legalne uprawianie hazardu. Zapewnia to zgodno\u015b\u0107 z wymogami regulacyjnymi i promuje praktyki odpowiedzialnej gry.<\/p>\n<h2>Wymagania dotycz\u0105ce dokument\u00f3w: przejrzyste podej\u015bcie<\/h2>\n<p>RocketPlay Casino utrzymuje przejrzysto\u015b\u0107 procesu KYC, jasno okre\u015blaj\u0105c wymagania dokumentacyjne dotycz\u0105ce weryfikacji to\u017csamo\u015bci. Zazwyczaj gracze proszeni s\u0105 o przedstawienie wydanego przez rz\u0105d dokumentu to\u017csamo\u015bci ze zdj\u0119ciem, dowodu adresu oraz, w niekt\u00f3rych przypadkach, dokumentacji finansowej. Zapewniaj\u0105c jasny plan dzia\u0142ania, kasyno ma na celu wspieranie wsp\u00f3\u0142pracy graczy i usprawnienie procesu weryfikacji.<\/p>\n<h2>Szybka weryfikacja: minimalizowanie zak\u0142\u00f3ce\u0144 w grach<\/h2>\n<p>Uznaj\u0105c znaczenie p\u0142ynnej rozgrywki, RocketPlay Casino stara si\u0119 szybko zako\u0144czy\u0107 proces weryfikacji KYC. Zaawansowane narz\u0119dzia weryfikacyjne zapewniaj\u0105, \u017ce legalni gracze napotykaj\u0105 minimalne zak\u0142\u00f3cenia, dzi\u0119ki czemu mog\u0105 cieszy\u0107 si\u0119 r\u00f3\u017cnymi grami bez niepotrzebnych op\u00f3\u017anie\u0144. To zaanga\u017cowanie w efektywno\u015b\u0107 jest \u015bwiadectwem zaanga\u017cowania RocketPlay Casino w satysfakcj\u0119 graczy.<\/p>\n<h2>Wzmocniona nale\u017cyta staranno\u015b\u0107: czujno\u015b\u0107 w przypadku nieuczciwych dzia\u0142a\u0144<\/h2>\n<p>Kasyno RocketPlay zajmuje aktywn\u0105 postaw\u0119 wobec nieuczciwych dzia\u0142a\u0144, wdra\u017caj\u0105c wzmocnione \u015brodki nale\u017cytej staranno\u015bci. Obejmuje to ci\u0105g\u0142e monitorowanie kont graczy i transakcji w celu szybkiego identyfikowania podejrzanych zachowa\u0144. Oddany zesp\u00f3\u0142 ds. bezpiecze\u0144stwa kasyna niestrudzenie pracuje nad ochron\u0105 platformy, zapewniaj\u0105c graczom spok\u00f3j ducha podczas grania w ulubione gry.<\/p>\n<h2>KYC i odpowiedzialny hazard: symbiotyczna relacja<\/h2>\n<p>RocketPlay Casino postrzega KYC jako wym\u00f3g zgodno\u015bci i integraln\u0105 cz\u0119\u015b\u0107 promowania odpowiedzialnego hazardu. Zapewniaj\u0105c, \u017ce gracze s\u0105 pe\u0142noletni i przestrzegaj\u0105 etycznych praktyk w grach, kasyno przyczynia si\u0119 do bezpieczniejszego i zdrowszego \u015brodowiska gier. Zaanga\u017cowanie w odpowiedzialny hazard jest zgodne z szersz\u0105 misj\u0105 RocketPlay Casino, polegaj\u0105c\u0105 na priorytetowym traktowaniu dobrego samopoczucia graczy.<\/p>\n<h2>Ci\u0105g\u0142a zgodno\u015b\u0107: dostosowywanie si\u0119 do zmian regulacyjnych<\/h2>\n<p>W stale zmieniaj\u0105cym si\u0119 krajobrazie przepis\u00f3w dotycz\u0105cych gier online, kasyno RocketPlay pozostaje czujne i dostosowuje si\u0119. Polityka KYC jest regularnie aktualizowana w celu dostosowania do najnowszych standard\u00f3w bran\u017cowych i wymog\u00f3w regulacyjnych. To zaanga\u017cowanie w przestrzeganie zasad podkre\u015bla zaanga\u017cowanie kasyna w etyczne dzia\u0142anie i utrzymanie zaufania swoich graczy.<\/p>\n<h2>Edukacja graczy: wsp\u00f3lny wysi\u0142ek<\/h2>\n<p>RocketPlay Casino wierzy we wsp\u00f3lne podej\u015bcie do wdra\u017cania KYC. Kasyno stara si\u0119 edukowa\u0107 graczy na temat znaczenia KYC i jego roli w tworzeniu bezpiecznego \u015brodowiska gier. Utworzono jasne kana\u0142y komunikacji, aby pom\u00f3c graczom w zrozumieniu wymaga\u0144 KYC, wzmacnianiu poczucia partnerstwa i utrzymaniu integralno\u015bci platformy do gier.<\/p>\n<h2>Podnoszenie jako\u015bci gier dzi\u0119ki zaufaniu i bezpiecze\u0144stwu<\/h2>\n<p>Podsumowuj\u0105c, polityka KYC RocketPlay Casino jest \u015bwiadectwem jego niezachwianego zaanga\u017cowania w uczciw\u0105 gr\u0119, bezpiecze\u0144stwo i odpowiedzialn\u0105 gr\u0119. Wdra\u017caj\u0105c usprawniony, ale rygorystyczny proces KYC, kasyno priorytetowo traktuje ochron\u0119 informacji o graczach i zapobieganie nieuczciwym dzia\u0142aniom. RocketPlay Casino zaprasza graczy do wzi\u0119cia udzia\u0142u w ekscytuj\u0105cych grach z pewno\u015bci\u0105, \u017ce ich dobre samopoczucie i bezpiecze\u0144stwo s\u0105 najwa\u017cniejszymi priorytetami kasyna.<\/p>\n","protected":false},"excerpt":{"rendered":"<p>KYC, podstawowy element bran\u017cy gier online, odnosi si\u0119 do procesu weryfikacji to\u017csamo\u015bci graczy w celu ograniczenia ryzyka zwi\u0105zanego z oszustwami, praniem pieni\u0119dzy i hazardem nieletnich. RocketPlay Casino postrzega KYC nie tylko jako obowi\u0105zek regulacyjny, ale jako kluczowy element swojego zaanga\u017cowania w zapewnianie graczom bezpiecznej i godnej zaufania platformy. Proces KYC w kasynie RocketPlay: prosty, ale&#8230;<\/p>\n","protected":false},"author":1,"featured_media":0,"parent":0,"menu_order":0,"comment_status":"closed","ping_status":"closed","template":"","meta":{"_acf_changed":false,"_kad_post_transparent":"default","_kad_post_title":"default","_kad_post_layout":"default","_kad_post_sidebar_id":"","_kad_post_content_style":"default","_kad_post_vertical_padding":"default","_kad_post_feature":"","_kad_post_feature_position":"","_kad_post_header":false,"_kad_post_footer":false,"footnotes":""},"class_list":["post-3703","page","type-page","status-publish","hentry"],"acf":[],"rttpg_featured_image_url":null,"rttpg_author":{"display_name":"Elvis","author_link":"https:\/\/rocketplay-slot.com\/pl\/author\/pemvas95n89x\/"},"rttpg_comment":0,"rttpg_category":null,"rttpg_excerpt":"KYC, podstawowy element bran\u017cy gier online, odnosi si\u0119 do procesu weryfikacji to\u017csamo\u015bci graczy w celu ograniczenia ryzyka zwi\u0105zanego z oszustwami, praniem pieni\u0119dzy i hazardem nieletnich. RocketPlay Casino postrzega KYC nie tylko jako obowi\u0105zek regulacyjny, ale jako kluczowy element swojego zaanga\u017cowania w zapewnianie graczom bezpiecznej i godnej zaufania platformy. Proces KYC w kasynie RocketPlay: prosty, ale...","_links":{"self":[{"href":"https:\/\/rocketplay-slot.com\/pl\/wp-json\/wp\/v2\/pages\/3703","targetHints":{"allow":["GET"]}}],"collection":[{"href":"https:\/\/rocketplay-slot.com\/pl\/wp-json\/wp\/v2\/pages"}],"about":[{"href":"https:\/\/rocketplay-slot.com\/pl\/wp-json\/wp\/v2\/types\/page"}],"author":[{"embeddable":true,"href":"https:\/\/rocketplay-slot.com\/pl\/wp-json\/wp\/v2\/users\/1"}],"replies":[{"embeddable":true,"href":"https:\/\/rocketplay-slot.com\/pl\/wp-json\/wp\/v2\/comments?post=3703"}],"version-history":[{"count":1,"href":"https:\/\/rocketplay-slot.com\/pl\/wp-json\/wp\/v2\/pages\/3703\/revisions"}],"predecessor-version":[{"id":3704,"href":"https:\/\/rocketplay-slot.com\/pl\/wp-json\/wp\/v2\/pages\/3703\/revisions\/3704"}],"wp:attachment":[{"href":"https:\/\/rocketplay-slot.com\/pl\/wp-json\/wp\/v2\/media?parent=3703"}],"curies":[{"name":"wp","href":"https:\/\/api.w.org\/{rel}","templated":true}]}}