{"id":3731,"date":"2024-01-22T21:06:39","date_gmt":"2024-01-22T18:06:39","guid":{"rendered":"https:\/\/rocketplay-slot.com\/privacy-policy\/"},"modified":"2024-01-23T11:22:14","modified_gmt":"2024-01-23T08:22:14","slug":"privacy-policy","status":"publish","type":"page","link":"https:\/\/rocketplay-slot.com\/pl\/privacy-policy\/","title":{"rendered":"Polityka prywatno\u015bci"},"content":{"rendered":"<p>Witamy w RocketPlay Casino, gdzie rozrywka \u0142\u0105czy si\u0119 z odpowiedzialn\u0105 gr\u0105. RocketPlay stara si\u0119 zapewni\u0107 u\u017cytkownikom bezpieczne i przyjemne \u015brodowisko gry. Jednym z naszych najwa\u017cniejszych priorytet\u00f3w jest zapewnienie prywatno\u015bci i bezpiecze\u0144stwa Twoich danych osobowych. Niniejsza Polityka prywatno\u015bci opisuje, w jaki spos\u00f3b gromadzimy, wykorzystujemy i chronimy Twoje dane, podkre\u015blaj\u0105c nasze zaanga\u017cowanie w przejrzysto\u015b\u0107 i zaufanie.<\/p>\n<h2>Informacje, kt\u00f3re zbieramy<\/h2>\n<h3>Dane osobowe<\/h3>\n<p>Aby poprawi\u0107 Twoje wra\u017cenia z gry, zbieramy pewne dane osobowe podczas procesu rejestracji. Mo\u017ce to obejmowa\u0107 Twoje imi\u0119 i nazwisko, adres e-mail, dat\u0119 urodzenia i dane kontaktowe. Mo\u017cesz mie\u0107 pewno\u015b\u0107, \u017ce stosujemy zaawansowane technologie szyfrowania, aby zabezpieczy\u0107 te informacje i zapobiec nieautoryzowanemu dost\u0119powi.<\/p>\n<h3>Informacje finansowe<\/h3>\n<p>W celu zapewnienia bezproblemowych transakcji i wyp\u0142at mo\u017cemy wymaga\u0107 informacji finansowych, takich jak dane karty kredytowej lub innych metod p\u0142atno\u015bci. RocketPlay Casino priorytetowo traktuje bezpiecze\u0144stwo Twoich danych finansowych, wdra\u017caj\u0105c standardowe w bran\u017cy protoko\u0142y w celu ochrony przed nieuczciwymi dzia\u0142aniami.<\/p>\n<h3>Informacje techniczne<\/h3>\n<p>Podobnie jak w przypadku wielu platform internetowych, automatycznie zbieramy informacje techniczne, w tym adres IP, typ urz\u0105dzenia, dane przegl\u0105darki i system operacyjny. Informacje te maj\u0105 kluczowe znaczenie dla optymalizacji wydajno\u015bci naszej witryny internetowej, zapewnienia kompatybilno\u015bci z r\u00f3\u017cnymi urz\u0105dzeniami i poprawy wra\u017ce\u0144 z gry.<\/p>\n<h2>Jak wykorzystujemy Twoje dane<\/h2>\n<h3>Dostosowywanie wra\u017ce\u0144<\/h3>\n<p>RocketPlay Casino wykorzystuje zebrane dane, aby dostosowa\u0107 Twoje wra\u017cenia z gry. Analizuj\u0105c Twoje preferencje i zachowania, mo\u017cemy zaproponowa\u0107 spersonalizowane gry i promocje, tworz\u0105c dla Ciebie przyjemniejsze i bardziej wci\u0105gaj\u0105ce \u015brodowisko.<\/p>\n<h3>Przetwarzanie transakcji<\/h3>\n<p>Informacje finansowe s\u0105 wykorzystywane wy\u0142\u0105cznie do przetwarzania transakcji zwi\u0105zanych z Twoj\u0105 aktywno\u015bci\u0105 w grach. Obejmuje to wp\u0142aty, wyp\u0142aty i wszelkie inne transakcje pieni\u0119\u017cne. Wsp\u00f3\u0142pracujemy z renomowanymi operatorami p\u0142atno\u015bci, aby zagwarantowa\u0107 bezpiecze\u0144stwo Twoich danych finansowych.<\/p>\n<h3>Zgodno\u015b\u0107 z prawem<\/h3>\n<p>Mo\u017cemy wykorzystywa\u0107 Twoje dane do weryfikacji to\u017csamo\u015bci i potwierdzenia wieku, aby zapewni\u0107 zgodno\u015b\u0107 z obowi\u0105zuj\u0105cymi przepisami i regulacjami. Utrzymanie odpowiedzialnego \u015brodowiska gier i zapobieganie dost\u0119powi nieletnich do naszych us\u0142ug ma kluczowe znaczenie.<\/p>\n<h2>Udost\u0119pnianie przez strony trzecie<\/h2>\n<p>Kasyno RocketPlay stara si\u0119 chroni\u0107 Twoj\u0105 prywatno\u015b\u0107 i nie sprzedajemy ani nie udost\u0119pniamy Twoich danych osobowych stronom trzecim w celach marketingowych. Jednak\u017ce niekt\u00f3rzy zewn\u0119trzni dostawcy us\u0142ug mog\u0105 mie\u0107 dost\u0119p do Twoich danych, aby pom\u00f3c nam w zapewnieniu p\u0142ynnej rozgrywki. Mo\u017cesz mie\u0107 pewno\u015b\u0107, \u017ce dok\u0142adnie sprawdzamy tych dostawc\u00f3w i egzekwujemy \u015bcis\u0142e umowy o zachowaniu poufno\u015bci, aby chroni\u0107 Twoje dane.<\/p>\n<h2>\u015arodki bezpiecze\u0144stwa<\/h2>\n<p>Zapewnienie bezpiecze\u0144stwa Twoich informacji jest dla RocketPlay Casino spraw\u0105 najwy\u017cszej wagi. Stosujemy najnowocze\u015bniejsze \u015brodki bezpiecze\u0144stwa, w tym protoko\u0142y szyfrowania, zapory ogniowe i technologi\u0119 Secure Socket Layer (SSL). \u015arodki te s\u0105 stale aktualizowane, aby wyprzedza\u0107 pojawiaj\u0105ce si\u0119 zagro\u017cenia i s\u0142abe punkty.<\/p>\n<h2>Pliki cookie i technologie \u015bledzenia<\/h2>\n<p>RocketPlay Casino wykorzystuje pliki cookie i podobne technologie \u015bledzenia, aby poprawi\u0107 komfort u\u017cytkownika i analizowa\u0107 ruch w witrynie. Technologie te pomagaj\u0105 nam zrozumie\u0107 preferencje u\u017cytkownik\u00f3w, ulepsza\u0107 funkcjonalno\u015b\u0107 witryny i dostosowywa\u0107 promocje. Mo\u017cesz zarz\u0105dza\u0107 preferencjami dotycz\u0105cymi plik\u00f3w cookie za pomoc\u0105 ustawie\u0144 przegl\u0105darki, co daje Ci kontrol\u0119 nad informacjami, kt\u00f3re udost\u0119pniasz.<\/p>\n<h2>Twoje prawa i wybory<\/h2>\n<h3>Dost\u0119p i poprawianie<\/h3>\n<p>Masz prawo dost\u0119pu do tre\u015bci swoich danych osobowych i ich poprawiania. RocketPlay Casino zapewnia narz\u0119dzia i ustawienia na Twoim koncie, aby aktualizowa\u0107 Twoje dane i zapewnia\u0107 dok\u0142adno\u015b\u0107 Twoich danych.<\/p>\n<h3>Rezygnacja<\/h3>\n<p>Mo\u017cesz zrezygnowa\u0107, je\u015bli nie chcesz ju\u017c otrzymywa\u0107 wiadomo\u015bci promocyjnych RocketPlay Casino. Dostosuj swoje preferencje dotycz\u0105ce komunikacji w ustawieniach konta, a my uszanujemy Tw\u00f3j wyb\u00f3r.<\/p>\n<h3>Dezaktywacja konta<\/h3>\n<p>Mo\u017cesz poprosi\u0107 o dezaktywacj\u0119 konta, je\u015bli zaprzestaniesz grania w RocketPlay Casino. Bezpiecznie usuniemy Twoje dane osobowe, zachowuj\u0105c jedynie dane niezb\u0119dne do zapewnienia zgodno\u015bci z prawem i przepisami.<\/p>\n<h2>Zmiany w Polityce prywatno\u015bci<\/h2>\n<p>RocketPlay Casino zastrzega sobie prawo do aktualizacji i modyfikacji niniejszej Polityki prywatno\u015bci, aby odzwierciedli\u0107 zmiany w naszych praktykach biznesowych, wymaganiach prawnych lub post\u0119pie technologicznym. Zach\u0119camy Ci\u0119 do okresowego przegl\u0105dania tej polityki, aby by\u0107 na bie\u017c\u0105co z informacjami o tym, jak chronimy Twoje dane.<\/p>\n<h2>Skontaktuj si\u0119 z nami<\/h2>\n<p>Je\u015bli masz pytania lub w\u0105tpliwo\u015bci dotycz\u0105ce Polityki prywatno\u015bci kasyna RocketPlay, nie wahaj si\u0119 skontaktowa\u0107 z naszym oddanym zespo\u0142em wsparcia. Jeste\u015bmy tutaj, aby Ci pom\u00f3c i zapewni\u0107, \u017ce Twoje wra\u017cenia z gry pozostan\u0105 bezpieczne, przyjemne i skupione na prywatno\u015bci.<\/p>\n<p>W RocketPlay Casino nie tylko jeste\u015bmy zaanga\u017cowani w dostarczanie rozrywki na najwy\u017cszym poziomie; naszym celem jest budowanie spo\u0142eczno\u015bci, w kt\u00f3rej prywatno\u015b\u0107 i bezpiecze\u0144stwo s\u0105 najwa\u017cniejsze. Do\u0142\u0105cz do nas w ekscytuj\u0105cym \u015bwiecie gier, wiedz\u0105c, \u017ce Twoje dane s\u0105 bezpieczne.<\/p>\n","protected":false},"excerpt":{"rendered":"<p>Witamy w RocketPlay Casino, gdzie rozrywka \u0142\u0105czy si\u0119 z odpowiedzialn\u0105 gr\u0105. RocketPlay stara si\u0119 zapewni\u0107 u\u017cytkownikom bezpieczne i przyjemne \u015brodowisko gry. Jednym z naszych najwa\u017cniejszych priorytet\u00f3w jest zapewnienie prywatno\u015bci i bezpiecze\u0144stwa Twoich danych osobowych. Niniejsza Polityka prywatno\u015bci opisuje, w jaki spos\u00f3b gromadzimy, wykorzystujemy i chronimy Twoje dane, podkre\u015blaj\u0105c nasze zaanga\u017cowanie w przejrzysto\u015b\u0107 i zaufanie. Informacje,&#8230;<\/p>\n","protected":false},"author":1,"featured_media":0,"parent":0,"menu_order":0,"comment_status":"closed","ping_status":"closed","template":"","meta":{"_acf_changed":false,"_kad_post_transparent":"default","_kad_post_title":"default","_kad_post_layout":"default","_kad_post_sidebar_id":"","_kad_post_content_style":"default","_kad_post_vertical_padding":"default","_kad_post_feature":"","_kad_post_feature_position":"","_kad_post_header":false,"_kad_post_footer":false,"footnotes":""},"class_list":["post-3731","page","type-page","status-publish","hentry"],"acf":[],"rttpg_featured_image_url":null,"rttpg_author":{"display_name":"Elvis","author_link":"https:\/\/rocketplay-slot.com\/pl\/author\/pemvas95n89x\/"},"rttpg_comment":0,"rttpg_category":null,"rttpg_excerpt":"Witamy w RocketPlay Casino, gdzie rozrywka \u0142\u0105czy si\u0119 z odpowiedzialn\u0105 gr\u0105. RocketPlay stara si\u0119 zapewni\u0107 u\u017cytkownikom bezpieczne i przyjemne \u015brodowisko gry. Jednym z naszych najwa\u017cniejszych priorytet\u00f3w jest zapewnienie prywatno\u015bci i bezpiecze\u0144stwa Twoich danych osobowych. Niniejsza Polityka prywatno\u015bci opisuje, w jaki spos\u00f3b gromadzimy, wykorzystujemy i chronimy Twoje dane, podkre\u015blaj\u0105c nasze zaanga\u017cowanie w przejrzysto\u015b\u0107 i zaufanie. Informacje,...","_links":{"self":[{"href":"https:\/\/rocketplay-slot.com\/pl\/wp-json\/wp\/v2\/pages\/3731","targetHints":{"allow":["GET"]}}],"collection":[{"href":"https:\/\/rocketplay-slot.com\/pl\/wp-json\/wp\/v2\/pages"}],"about":[{"href":"https:\/\/rocketplay-slot.com\/pl\/wp-json\/wp\/v2\/types\/page"}],"author":[{"embeddable":true,"href":"https:\/\/rocketplay-slot.com\/pl\/wp-json\/wp\/v2\/users\/1"}],"replies":[{"embeddable":true,"href":"https:\/\/rocketplay-slot.com\/pl\/wp-json\/wp\/v2\/comments?post=3731"}],"version-history":[{"count":1,"href":"https:\/\/rocketplay-slot.com\/pl\/wp-json\/wp\/v2\/pages\/3731\/revisions"}],"predecessor-version":[{"id":3732,"href":"https:\/\/rocketplay-slot.com\/pl\/wp-json\/wp\/v2\/pages\/3731\/revisions\/3732"}],"wp:attachment":[{"href":"https:\/\/rocketplay-slot.com\/pl\/wp-json\/wp\/v2\/media?parent=3731"}],"curies":[{"name":"wp","href":"https:\/\/api.w.org\/{rel}","templated":true}]}}