{"id":3758,"date":"2024-01-22T20:29:31","date_gmt":"2024-01-22T17:29:31","guid":{"rendered":"https:\/\/rocketplay-slot.com\/responsible-gaming\/"},"modified":"2024-01-23T11:49:59","modified_gmt":"2024-01-23T08:49:59","slug":"responsible-gaming","status":"publish","type":"page","link":"https:\/\/rocketplay-slot.com\/pl\/responsible-gaming\/","title":{"rendered":"Odpowiedzialna gra"},"content":{"rendered":"<p>Odpowiedzialna gra to podstawowa warto\u015b\u0107 w RocketPlay Casino, osadzona w naszej misji zapewniania bezpiecznego i przyjemnego \u015brodowiska dla naszych graczy. Zdajemy sobie spraw\u0119 z potencjalnego ryzyka zwi\u0105zanego z hazardem online i staramy si\u0119 ogranicza\u0107 to ryzyko za pomoc\u0105 proaktywnych \u015brodk\u00f3w. Nasza inicjatywa Odpowiedzialna gra to kompleksowe podej\u015bcie, kt\u00f3rego celem jest ochrona naszych graczy przed negatywnymi skutkami nadmiernego hazardu, przy jednoczesnym wspieraniu kultury odpowiedzialnej rozrywki.<\/p>\n<h2>Edukacja i \u015bwiadomo\u015b\u0107 graczy<\/h2>\n<p>W RocketPlay Casino dobrze poinformowani gracze to uprawnieni gracze. W tym celu udost\u0119pniamy obszerne zasoby i informacje na temat odpowiedzialnej gry. Na naszej stronie internetowej znajduj\u0105 si\u0119 materia\u0142y edukacyjne poruszaj\u0105ce takie tematy, jak ustalanie limit\u00f3w, rozpoznawanie oznak problematycznego hazardu i dost\u0119p do us\u0142ug wsparcia. Zach\u0119camy naszych graczy do korzystania z tych zasob\u00f3w w celu podejmowania \u015bwiadomych decyzji dotycz\u0105cych ich aktywno\u015bci w grach.<\/p>\n<h2>Ustawianie limit\u00f3w i narz\u0119dzia samowykluczenia<\/h2>\n<p>Aby umo\u017cliwi\u0107 naszym graczom odpowiedzialne zarz\u0105dzanie swoj\u0105 dzia\u0142alno\u015bci\u0105 w grach, RocketPlay Casino oferuje szereg narz\u0119dzi samoograniczania. Gracze mog\u0105 ustawi\u0107 dzienne, tygodniowe lub miesi\u0119czne limity depozyt\u00f3w, upewniaj\u0105c si\u0119, \u017ce mieszcz\u0105 si\u0119 w ustalonych wcze\u015bniej bud\u017cetach. Dodatkowo nasza funkcja samowykluczenia pozwala graczom zrobi\u0107 sobie przerw\u0119 od gry, blokuj\u0105c dost\u0119p do ich kont na okre\u015blony czas. Narz\u0119dzia te zaprojektowano tak, aby zapewni\u0107 graczom kontrol\u0119 niezb\u0119dn\u0105 do podejmowania odpowiedzialnych wybor\u00f3w.<\/p>\n<h2>Weryfikacja wieku i bezpiecze\u0144stwo konta<\/h2>\n<p>Zapewnienie naszym graczom legalnego udzia\u0142u w grach hazardowych online jest podstawowym aspektem odpowiedzialnej gry. Kasyno RocketPlay wykorzystuje zaawansowane procesy weryfikacji wieku, aby zagwarantowa\u0107, \u017ce tylko osoby pe\u0142noletnie mog\u0105 tworzy\u0107 konta i bra\u0107 udzia\u0142 w grach na prawdziwe pieni\u0105dze. Co wi\u0119cej, priorytetowo traktujemy bezpiecze\u0144stwo kont, aby chroni\u0107 naszych graczy przed nieautoryzowanym dost\u0119pem. Wprowadzono uwierzytelnianie dwusk\u0142adnikowe i niezawodne technologie szyfrowania, aby chroni\u0107 informacje o graczach i utrzymywa\u0107 bezpieczne \u015brodowisko gry.<\/p>\n<h2>Wsp\u00f3\u0142praca z organizacjami wspieraj\u0105cymi<\/h2>\n<p>RocketPlay Casino aktywnie wsp\u00f3\u0142pracuje z renomowanymi organizacjami wsparcia, kt\u00f3re specjalizuj\u0105 si\u0119 w pomaganiu osobom z problemami zwi\u0105zanymi z hazardem. Na naszej stronie internetowej udost\u0119pniamy bezpo\u015brednie linki do tych organizacji, u\u0142atwiaj\u0105c graczom dost\u0119p do profesjonalnej pomocy w razie potrzeby. Wspieraj\u0105c partnerstwa z tymi podmiotami, wnosimy wk\u0142ad w sie\u0107 zasob\u00f3w po\u015bwi\u0119conych promowaniu praktyk odpowiedzialnej gry i pomaganiu tym, kt\u00f3rzy tego potrzebuj\u0105.<\/p>\n<h2>Regularne monitorowanie i audyty odpowiedzialnej gry<\/h2>\n<p>Kasyno RocketPlay prowadzi regularne monitorowanie i audyty wewn\u0119trzne, aby zapewni\u0107 skuteczno\u015b\u0107 naszych \u015brodk\u00f3w odpowiedzialnej gry. Analizujemy wzorce zachowa\u0144 graczy, aby zidentyfikowa\u0107 potencjalne oznaki problematycznego hazardu i podj\u0105\u0107 odpowiednie dzia\u0142ania. To proaktywne podej\u015bcie pozwala nam interweniowa\u0107, gdy jest to konieczne, wspieraj\u0105c graczy, kt\u00f3rzy mog\u0105 by\u0107 zagro\u017ceni. Nasze zaanga\u017cowanie w odpowiedzialn\u0105 gr\u0119 to nie tylko stwierdzenie, ale ci\u0105g\u0142y wysi\u0142ek maj\u0105cy na celu ewolucj\u0119 i doskonalenie naszych praktyk.<\/p>\n<h2>Promowanie kultury odpowiedzialnej rozrywki<\/h2>\n<p>Opr\u00f3cz technicznych aspekt\u00f3w odpowiedzialnej gry, celem RocketPlay Casino jest wspieranie kultury odpowiedzialnej rozrywki w spo\u0142eczno\u015bci graczy online. Zach\u0119camy graczy, aby poprzez kampanie promocyjne i dzia\u0142ania spo\u0142eczne traktowali priorytetowo r\u00f3wnowag\u0119 i uwa\u017cno\u015b\u0107 w swoich grach. Podkre\u015blaj\u0105c znaczenie odpowiedzialnej gry, mamy nadziej\u0119 przyczyni\u0107 si\u0119 do stworzenia pozytywnego i zr\u00f3wnowa\u017conego \u015brodowiska gier dla wszystkich.<\/p>\n<h2>Nasze ci\u0105g\u0142e zaanga\u017cowanie w odpowiedzialn\u0105 gr\u0119<\/h2>\n<p>Podsumowuj\u0105c, RocketPlay Casino to co\u015b wi\u0119cej ni\u017c tylko platforma gier online; to spo\u0142eczno\u015b\u0107 zaanga\u017cowana w promowanie praktyk odpowiedzialnej gry. Nasze wieloaspektowe podej\u015bcie obejmuje edukacj\u0119, wzmacnianie pozycji graczy, wsp\u00f3\u0142prac\u0119 z organizacjami wspieraj\u0105cymi i ci\u0105g\u0142e monitorowanie. Wraz z ewolucj\u0105 \u015brodowiska gier online ro\u015bnie tak\u017ce nasze zaanga\u017cowanie w zapewnianie naszym graczom bezpiecznej, przyjemnej i odpowiedzialnej rozgrywki. W RocketPlay Casino odpowiedzialna gra to nie tylko pole wyboru; jest to podstawowy aspekt naszej misji polegaj\u0105cej na ponownym zdefiniowaniu do\u015bwiadczenia kasyna online. Do\u0142\u0105cz do nas i poczuj dreszczyk odpowiedzialnej rozrywki w RocketPlay Casino \u2013 gdzie troska o Twoje dobre samopoczucie towarzyszy ekscytacji.<\/p>\n","protected":false},"excerpt":{"rendered":"<p>Odpowiedzialna gra to podstawowa warto\u015b\u0107 w RocketPlay Casino, osadzona w naszej misji zapewniania bezpiecznego i przyjemnego \u015brodowiska dla naszych graczy. Zdajemy sobie spraw\u0119 z potencjalnego ryzyka zwi\u0105zanego z hazardem online i staramy si\u0119 ogranicza\u0107 to ryzyko za pomoc\u0105 proaktywnych \u015brodk\u00f3w. Nasza inicjatywa Odpowiedzialna gra to kompleksowe podej\u015bcie, kt\u00f3rego celem jest ochrona naszych graczy przed negatywnymi&#8230;<\/p>\n","protected":false},"author":1,"featured_media":0,"parent":0,"menu_order":0,"comment_status":"closed","ping_status":"closed","template":"","meta":{"_acf_changed":false,"_kad_post_transparent":"default","_kad_post_title":"default","_kad_post_layout":"default","_kad_post_sidebar_id":"","_kad_post_content_style":"default","_kad_post_vertical_padding":"default","_kad_post_feature":"","_kad_post_feature_position":"","_kad_post_header":false,"_kad_post_footer":false,"footnotes":""},"class_list":["post-3758","page","type-page","status-publish","hentry"],"acf":[],"rttpg_featured_image_url":null,"rttpg_author":{"display_name":"Elvis","author_link":"https:\/\/rocketplay-slot.com\/pl\/author\/pemvas95n89x\/"},"rttpg_comment":0,"rttpg_category":null,"rttpg_excerpt":"Odpowiedzialna gra to podstawowa warto\u015b\u0107 w RocketPlay Casino, osadzona w naszej misji zapewniania bezpiecznego i przyjemnego \u015brodowiska dla naszych graczy. Zdajemy sobie spraw\u0119 z potencjalnego ryzyka zwi\u0105zanego z hazardem online i staramy si\u0119 ogranicza\u0107 to ryzyko za pomoc\u0105 proaktywnych \u015brodk\u00f3w. Nasza inicjatywa Odpowiedzialna gra to kompleksowe podej\u015bcie, kt\u00f3rego celem jest ochrona naszych graczy przed negatywnymi...","_links":{"self":[{"href":"https:\/\/rocketplay-slot.com\/pl\/wp-json\/wp\/v2\/pages\/3758","targetHints":{"allow":["GET"]}}],"collection":[{"href":"https:\/\/rocketplay-slot.com\/pl\/wp-json\/wp\/v2\/pages"}],"about":[{"href":"https:\/\/rocketplay-slot.com\/pl\/wp-json\/wp\/v2\/types\/page"}],"author":[{"embeddable":true,"href":"https:\/\/rocketplay-slot.com\/pl\/wp-json\/wp\/v2\/users\/1"}],"replies":[{"embeddable":true,"href":"https:\/\/rocketplay-slot.com\/pl\/wp-json\/wp\/v2\/comments?post=3758"}],"version-history":[{"count":2,"href":"https:\/\/rocketplay-slot.com\/pl\/wp-json\/wp\/v2\/pages\/3758\/revisions"}],"predecessor-version":[{"id":3760,"href":"https:\/\/rocketplay-slot.com\/pl\/wp-json\/wp\/v2\/pages\/3758\/revisions\/3760"}],"wp:attachment":[{"href":"https:\/\/rocketplay-slot.com\/pl\/wp-json\/wp\/v2\/media?parent=3758"}],"curies":[{"name":"wp","href":"https:\/\/api.w.org\/{rel}","templated":true}]}}