{"id":3784,"date":"2024-01-22T20:34:58","date_gmt":"2024-01-22T17:34:58","guid":{"rendered":"https:\/\/rocketplay-slot.com\/terms-conditions\/"},"modified":"2024-01-23T12:02:25","modified_gmt":"2024-01-23T09:02:25","slug":"terms-conditions","status":"publish","type":"page","link":"https:\/\/rocketplay-slot.com\/pl\/terms-conditions\/","title":{"rendered":"Zasady i Warunki"},"content":{"rendered":"<p>Witamy w RocketPlay Casino, Twoim biletu do mi\u0119dzygwiezdnej rozgrywki! Zanim wyruszysz w t\u0119 kosmiczn\u0105 podr\u00f3\u017c, koniecznie zapoznaj si\u0119 z zasadami i warunkami rz\u0105dz\u0105cymi twoj\u0105 gr\u0105. Naszym celem jest zapewnienie p\u0142ynnego i przyjemnego \u015brodowiska gry, zapewniaj\u0105c uczciwo\u015b\u0107, bezpiecze\u0144stwo i odpowiedzialn\u0105 gr\u0119. Czytaj dalej, aby pozna\u0107 wszech\u015bwiat zasad, kt\u00f3re kszta\u0142tuj\u0105 Twoj\u0105 przygod\u0119 w RocketPlay Casino.<\/p>\n<h2>Akceptacja Warunk\u00f3w<\/h2>\n<p>Uzyskuj\u0105c dost\u0119p do kasyna RocketPlay i korzystaj\u0105c z niego, potwierdzasz, \u017ce przeczyta\u0142e\u015b, zrozumia\u0142e\u015b i zaakceptowa\u0142e\u015b niniejsze zasady i warunki. Koniecznie b\u0105d\u017a na bie\u017c\u0105co z wszelkimi aktualizacjami i zmianami, poniewa\u017c dalsze korzystanie z platformy oznacza sta\u0142\u0105 akceptacj\u0119 warunk\u00f3w.<\/p>\n<h2>Rejestracja konta i bezpiecze\u0144stwo<\/h2>\n<p>Za\u0142o\u017cenie konta w RocketPlay Casino to Tw\u00f3j paszport do gwiazd. Upewnij si\u0119 jednak, \u017ce informacje, kt\u00f3re podajesz podczas rejestracji s\u0105 dok\u0142adne i aktualne. Jeste\u015b odpowiedzialny za zachowanie poufno\u015bci danych uwierzytelniaj\u0105cych Twoje konto. Wszelkie podejrzane dzia\u0142ania nale\u017cy niezw\u0142ocznie zg\u0142asza\u0107 naszemu zespo\u0142owi wsparcia. Priorytetowo traktujemy bezpiecze\u0144stwo Twoich danych, stosuj\u0105c zaawansowane metody szyfrowania w celu ochrony Twoich danych osobowych.<\/p>\n<h2>Kwalifikowalno\u015b\u0107 i jurysdykcja<\/h2>\n<p>Kasyno RocketPlay to mi\u0119dzygalaktyczny plac zabaw, jednak nie ka\u017cdy mo\u017ce do\u0142\u0105czy\u0107 do kosmicznej imprezy. Aby wzi\u0105\u0107 udzia\u0142, gracze musz\u0105 by\u0107 pe\u0142noletni wed\u0142ug prawa obowi\u0105zuj\u0105cego w ich jurysdykcji. Mieszka\u0144cy kraj\u00f3w, w kt\u00f3rych hazard online jest zabroniony, nie mog\u0105 korzysta\u0107 z naszej platformy. Twoim obowi\u0105zkiem jest zapewnienie zgodno\u015bci z lokalnymi przepisami.<\/p>\n<h2>Wp\u0142aty i wyp\u0142aty<\/h2>\n<p>Nap\u0119dzanie podr\u00f3\u017cy RocketPlay wymaga zastrzyku finansowego. Dokonuj\u0105c wp\u0142at, upewnij si\u0119, \u017ce metoda p\u0142atno\u015bci nale\u017cy do Ciebie. \u017b\u0105dania wyp\u0142aty s\u0105 przetwarzane natychmiast, ale mog\u0105 obowi\u0105zywa\u0107 pewne warunki, takie jak spe\u0142nienie wymaga\u0144 dotycz\u0105cych zak\u0142ad\u00f3w. Aby zapewni\u0107 p\u0142ynno\u015b\u0107 transakcji, prosimy o zapoznanie si\u0119 z nasz\u0105 polityk\u0105 bankow\u0105.<\/p>\n<h2>Zasady gier i Fair Play<\/h2>\n<p>W rozleg\u0142ym kasynie RocketPlay gwiazd\u0105 przewodni\u0105 jest uczciwo\u015b\u0107. Wszystkie gry s\u0105 zaprojektowane tak, aby by\u0142y losowe i uczciwe, zapewniaj\u0105c r\u00f3wne szanse wszystkim graczom. Oszustwa i oszuka\u0144cze dzia\u0142ania nie b\u0119d\u0105 tolerowane. Nasze zaawansowane systemy wykrywaj\u0105 i zapobiegaj\u0105 wszelkim nieuczciwym zachowaniom. Korzystaj z gier w spos\u00f3b odpowiedzialny i etyczny.<\/p>\n<h2>Premie i promocje<\/h2>\n<p>Eksploruj\u0105c galaktyki w RocketPlay, wypatruj ekscytuj\u0105cych bonus\u00f3w i promocji. Jednak ka\u017cdy kosmiczny prezent ma sw\u00f3j zestaw warunk\u00f3w. Mog\u0105 obowi\u0105zywa\u0107 wymagania dotycz\u0105ce zak\u0142ad\u00f3w, daty wa\u017cno\u015bci i ograniczenia gry. Przeczytaj uwa\u017cnie warunki premii, aby jak najlepiej wykorzysta\u0107 te niebia\u0144skie ofiary.<\/p>\n<h2>Odpowiedzialna gra<\/h2>\n<p>RocketPlay Casino opowiada si\u0119 za odpowiedzialn\u0105 gr\u0105. Chocia\u017c kosmos rozrywki jest ogromny, kluczowe znaczenie ma wyznaczanie granic i gra w ramach swoich mo\u017cliwo\u015bci. Nasza platforma zapewnia narz\u0119dzia do samowykluczenia, limit\u00f3w depozyt\u00f3w i limit\u00f3w czasu w celu promowania zdrowego \u015brodowiska gier. Je\u015bli uwa\u017casz, \u017ce mo\u017cesz mie\u0107 problem z hazardem, poszukaj pomocy.<\/p>\n<h2>Zamkni\u0119cie Konta<\/h2>\n<p>W stale rozwijaj\u0105cym si\u0119 wszech\u015bwiecie RocketPlay pewne zasady reguluj\u0105 koniec Twojej podr\u00f3\u017cy. Konta mog\u0105 zosta\u0107 zamkni\u0119te z r\u00f3\u017cnych powod\u00f3w, w tym z powodu naruszenia warunk\u00f3w, oszustwa lub wymog\u00f3w prawnych. RocketPlay zastrzega sobie prawo do zamkni\u0119cia kont bez wcze\u015bniejszego powiadomienia. Upewnij si\u0119, \u017ce przestrzegasz naszych warunk\u00f3w, aby cieszy\u0107 si\u0119 nieprzerwanym dost\u0119pem do kosmicznej przygody.<\/p>\n<h2>Polityka prywatno\u015bci<\/h2>\n<p>Ochrona Twojej prywatno\u015bci jest najwy\u017cszym priorytetem w RocketPlay Casino. Nasza Polityka prywatno\u015bci opisuje, w jaki spos\u00f3b Twoje dane s\u0105 gromadzone, wykorzystywane i zapisywane. Korzystaj\u0105c z naszej platformy, wyra\u017casz zgod\u0119 na praktyki opisane w Polityce prywatno\u015bci. Prosimy o zapoznanie si\u0119 z tym dokumentem, aby zrozumie\u0107, jakie \u015brodki podejmujemy w celu zapewnienia poufno\u015bci Twoich informacji.<\/p>\n<h2>W\u0142asno\u015b\u0107 intelektualna<\/h2>\n<p>Kosmiczny temat i to\u017csamo\u015b\u0107 marki RocketPlay Casino wynikaj\u0105 z tw\u00f3rczych wysi\u0142k\u00f3w. Szanuj nasze prawa w\u0142asno\u015bci intelektualnej i powstrzymuj si\u0119 od nieuprawnionego wykorzystania naszych znak\u00f3w towarowych, logo lub jakichkolwiek innych tre\u015bci. Ka\u017cde naruszenie mo\u017ce skutkowa\u0107 konsekwencjami prawnymi.<\/p>\n<h2>Wy\u0142\u0105czenie odpowiedzialno\u015bci<\/h2>\n<p>Chocia\u017c d\u0105\u017cymy do bezb\u0142\u0119dnej kosmicznej podr\u00f3\u017cy, RocketPlay Casino nie mo\u017ce zagwarantowa\u0107 nieprzerwanego i wolnego od b\u0142\u0119d\u00f3w dzia\u0142ania. Nie ponosimy odpowiedzialno\u015bci za jakiekolwiek problemy techniczne, w tym mi\u0119dzy innymi za przestoje serwera, usterki oprogramowania lub problemy z \u0142\u0105czno\u015bci\u0105. Korzystanie z platformy odbywa si\u0119 na w\u0142asne ryzyko.<\/p>\n<h2>Zmiany Regulaminu<\/h2>\n<p>Kosmos ci\u0105gle si\u0119 zmienia, podobnie jak zasady rz\u0105dz\u0105ce kasynem RocketPlay. Zastrzegamy sobie prawo do zmiany lub modyfikacji niniejszych warunk\u00f3w w dowolnym momencie. Twoim obowi\u0105zkiem jest by\u0107 informowanym o wszelkich aktualizacjach. Dalsze korzystanie z platformy oznacza akceptacj\u0119 zmienionych warunk\u00f3w.<\/p>\n<h2>Odpowiedzialnie rozpocznij swoj\u0105 galaktyczn\u0105 przygod\u0119<\/h2>\n<p>RocketPlay Casino zaprasza Ci\u0119 na kosmiczn\u0105 przygod\u0119 pe\u0142n\u0105 emocji i rozrywki. Zapoznanie si\u0119 z naszym regulaminem gwarantuje p\u0142ynn\u0105 podr\u00f3\u017c przez gwiazdy. Nawiguj odpowiedzialnie, graj etycznie i pozw\u00f3l, aby kosmiczny wiatr szcz\u0119\u015bcia prowadzi\u0142 Ci\u0119 podczas eksploracji galaktyk w kasynie RocketPlay. Niech Twoje wra\u017cenia z gry b\u0119d\u0105 tak nieograniczone jak sam wszech\u015bwiat!<\/p>\n","protected":false},"excerpt":{"rendered":"<p>Witamy w RocketPlay Casino, Twoim biletu do mi\u0119dzygwiezdnej rozgrywki! Zanim wyruszysz w t\u0119 kosmiczn\u0105 podr\u00f3\u017c, koniecznie zapoznaj si\u0119 z zasadami i warunkami rz\u0105dz\u0105cymi twoj\u0105 gr\u0105. Naszym celem jest zapewnienie p\u0142ynnego i przyjemnego \u015brodowiska gry, zapewniaj\u0105c uczciwo\u015b\u0107, bezpiecze\u0144stwo i odpowiedzialn\u0105 gr\u0119. Czytaj dalej, aby pozna\u0107 wszech\u015bwiat zasad, kt\u00f3re kszta\u0142tuj\u0105 Twoj\u0105 przygod\u0119 w RocketPlay Casino. Akceptacja Warunk\u00f3w&#8230;<\/p>\n","protected":false},"author":1,"featured_media":0,"parent":0,"menu_order":0,"comment_status":"closed","ping_status":"closed","template":"","meta":{"_acf_changed":false,"_kad_post_transparent":"default","_kad_post_title":"default","_kad_post_layout":"default","_kad_post_sidebar_id":"","_kad_post_content_style":"default","_kad_post_vertical_padding":"default","_kad_post_feature":"","_kad_post_feature_position":"","_kad_post_header":false,"_kad_post_footer":false,"footnotes":""},"class_list":["post-3784","page","type-page","status-publish","hentry"],"acf":[],"rttpg_featured_image_url":null,"rttpg_author":{"display_name":"Elvis","author_link":"https:\/\/rocketplay-slot.com\/pl\/author\/pemvas95n89x\/"},"rttpg_comment":0,"rttpg_category":null,"rttpg_excerpt":"Witamy w RocketPlay Casino, Twoim biletu do mi\u0119dzygwiezdnej rozgrywki! Zanim wyruszysz w t\u0119 kosmiczn\u0105 podr\u00f3\u017c, koniecznie zapoznaj si\u0119 z zasadami i warunkami rz\u0105dz\u0105cymi twoj\u0105 gr\u0105. Naszym celem jest zapewnienie p\u0142ynnego i przyjemnego \u015brodowiska gry, zapewniaj\u0105c uczciwo\u015b\u0107, bezpiecze\u0144stwo i odpowiedzialn\u0105 gr\u0119. Czytaj dalej, aby pozna\u0107 wszech\u015bwiat zasad, kt\u00f3re kszta\u0142tuj\u0105 Twoj\u0105 przygod\u0119 w RocketPlay Casino. Akceptacja Warunk\u00f3w...","_links":{"self":[{"href":"https:\/\/rocketplay-slot.com\/pl\/wp-json\/wp\/v2\/pages\/3784","targetHints":{"allow":["GET"]}}],"collection":[{"href":"https:\/\/rocketplay-slot.com\/pl\/wp-json\/wp\/v2\/pages"}],"about":[{"href":"https:\/\/rocketplay-slot.com\/pl\/wp-json\/wp\/v2\/types\/page"}],"author":[{"embeddable":true,"href":"https:\/\/rocketplay-slot.com\/pl\/wp-json\/wp\/v2\/users\/1"}],"replies":[{"embeddable":true,"href":"https:\/\/rocketplay-slot.com\/pl\/wp-json\/wp\/v2\/comments?post=3784"}],"version-history":[{"count":1,"href":"https:\/\/rocketplay-slot.com\/pl\/wp-json\/wp\/v2\/pages\/3784\/revisions"}],"predecessor-version":[{"id":3785,"href":"https:\/\/rocketplay-slot.com\/pl\/wp-json\/wp\/v2\/pages\/3784\/revisions\/3785"}],"wp:attachment":[{"href":"https:\/\/rocketplay-slot.com\/pl\/wp-json\/wp\/v2\/media?parent=3784"}],"curies":[{"name":"wp","href":"https:\/\/api.w.org\/{rel}","templated":true}]}}