{"id":3808,"date":"2024-01-22T21:12:25","date_gmt":"2024-01-22T18:12:25","guid":{"rendered":"https:\/\/rocketplay-slot.com\/underage-gaming-policy\/"},"modified":"2024-01-23T12:25:42","modified_gmt":"2024-01-23T09:25:42","slug":"underage-gaming-policy","status":"publish","type":"page","link":"https:\/\/rocketplay-slot.com\/pl\/underage-gaming-policy\/","title":{"rendered":"Zasady dotycz\u0105ce gier nieletnich"},"content":{"rendered":"<p>Odpowiedzialna gra to podstawowa zasada w RocketPlay Casino, wynikaj\u0105ca z przekonania, \u017ce hazard powinien by\u0107 form\u0105 rozrywki dla doros\u0142ych, kt\u00f3rzy mog\u0105 podejmowa\u0107 \u015bwiadome decyzje. Maj\u0105c na uwadze t\u0119 filozofi\u0119, RocketPlay opracowa\u0142o kompleksowe zasady maj\u0105ce na celu uniemo\u017cliwienie osobom niepe\u0142noletnim dost\u0119pu do jakichkolwiek form hazardu online i uczestniczenia w nich.<\/p>\n<h2>Protoko\u0142y weryfikacji wieku<\/h2>\n<p>RocketPlay Casino wykorzystuje najnowocze\u015bniejsze protoko\u0142y weryfikacji wieku, aby wzmocni\u0107 swoje zaanga\u017cowanie w odpowiedzialn\u0105 gr\u0119. Protoko\u0142y te maj\u0105 na celu zapewnienie, \u017ce jedynie osoby, kt\u00f3re osi\u0105gn\u0119\u0142y wiek uprawniaj\u0105cy do uprawiania hazardu zgodnie z przepisami obowi\u0105zuj\u0105cymi w ich odpowiednich jurysdykcjach, b\u0119d\u0105 mog\u0142y tworzy\u0107 konta i anga\u017cowa\u0107 si\u0119 w gry na prawdziwe pieni\u0105dze. RocketPlay wykorzystuje zaawansowane narz\u0119dzia weryfikacji to\u017csamo\u015bci i odniesienia do oficjalnych baz danych w celu ustalenia wieku i to\u017csamo\u015bci ka\u017cdego u\u017cytkownika.<\/p>\n<h2>Proces rejestracji i dokumentacja<\/h2>\n<p>Proces rejestracji w RocketPlay Casino obejmuje skrupulatn\u0105 procedur\u0119 weryfikacji. Potencjalni gracze musz\u0105 podczas rejestracji przedstawi\u0107 wa\u017cne dokumenty identyfikacyjne, takie jak wydane przez rz\u0105d dokumenty to\u017csamo\u015bci lub paszporty. Dokument ten jest kluczowy dla potwierdzenia wieku i to\u017csamo\u015bci gracza. Przestrzeganie przez kasyno RocketPlay tych rygorystycznych \u015brodk\u00f3w weryfikacji zapewnia ochron\u0119 przed hazardem nieletnich.<\/p>\n<h2>\u015acis\u0142e egzekwowanie ogranicze\u0144 wiekowych<\/h2>\n<p>Kasyno RocketPlay niez\u0142omnie anga\u017cuje si\u0119 w \u015bcis\u0142e egzekwowanie ogranicze\u0144 wiekowych. Kasyno wykorzystuje najnowocze\u015bniejsz\u0105 technologi\u0119 geolokalizacji w celu ustalenia fizycznej lokalizacji swoich u\u017cytkownik\u00f3w. Technologia ta, w po\u0142\u0105czeniu ze \u015bledzeniem adresu IP, pomaga zapewni\u0107, \u017ce gracze uzyskuj\u0105 dost\u0119p do platformy z jurysdykcji, w kt\u00f3rych hazard online jest legalny i spe\u0142niaj\u0105 wymagania wiekowe.<\/p>\n<h2>Inicjatywy i \u015bwiadomo\u015b\u0107 edukacyjna<\/h2>\n<p>Opr\u00f3cz rygorystycznych \u015brodk\u00f3w egzekwowania prawa, RocketPlay Casino aktywnie edukuje swoich u\u017cytkownik\u00f3w w zakresie praktyk odpowiedzialnej gry. Platforma zapewnia kompleksowe informacje na temat wieku legalnego hazardu w r\u00f3\u017cnych jurysdykcjach i zach\u0119ca graczy do zapoznania si\u0119 z lokalnymi przepisami i regulacjami oraz ich przestrzegania.<\/p>\n<p>Ponadto RocketPlay Casino stara si\u0119 podnosi\u0107 \u015bwiadomo\u015b\u0107 na temat potencjalnych zagro\u017ce\u0144 zwi\u0105zanych z hazardem nieletnich. Platforma rozpowszechnia informacje na temat znaczenia zapewnienia bezpiecze\u0144stwa danych osobowych do logowania oraz mo\u017cliwych konsekwencji umo\u017cliwienia nieletnim dost\u0119pu do platform hazardowych. Ta inicjatywa edukacyjna ma na celu budowanie poczucia odpowiedzialno\u015bci w\u015br\u00f3d spo\u0142eczno\u015bci graczy kasyna.<\/p>\n<h2>Kontrola rodzicielska i narz\u0119dzia filtruj\u0105ce<\/h2>\n<p>Kasyno RocketPlay zdaje sobie spraw\u0119 z roli, jak\u0105 odgrywaj\u0105 rodzice i opiekunowie w ochronie nieletnich przed potencjalnymi szkodami wynikaj\u0105cymi z hazardu online. Kasyno zapewnia solidn\u0105 kontrol\u0119 rodzicielsk\u0105 i narz\u0119dzia filtruj\u0105ce, kt\u00f3re wspieraj\u0105 ten wysi\u0142ek. Narz\u0119dzia te umo\u017cliwiaj\u0105 rodzicom ograniczenie dost\u0119pu do strony kasyna na urz\u0105dzeniach u\u017cywanych przez nieletnich. RocketPlay wierzy, \u017ce odpowiedzialna gra to wsp\u00f3lna odpowiedzialno\u015b\u0107, a te funkcje umo\u017cliwiaj\u0105 rodzicom aktywne uczestnictwo w utrzymywaniu bezpiecznego \u015brodowiska online dla swoich dzieci.<\/p>\n<h2>Mechanizmy raportowania i us\u0142ugi wsparcia<\/h2>\n<p>RocketPlay Casino anga\u017cuje si\u0119 w tworzenie otwartego i przejrzystego \u015brodowiska u\u017cytkownika. Platforma zach\u0119ca spo\u0142eczno\u015b\u0107 do zg\u0142aszania wszelkich przypadk\u00f3w hazardu nieletnich. \u0141atwo dost\u0119pny mechanizm raportowania pozwala u\u017cytkownikom szybko zg\u0142osi\u0107 potencjalne naruszenia zespo\u0142owi obs\u0142ugi kasyna. Kasyno niezw\u0142ocznie bada takie zg\u0142oszenia i podejmuje odpowiednie dzia\u0142ania, aby zapewni\u0107 zgodno\u015b\u0107 z Polityk\u0105 dotycz\u0105c\u0105 gier nieletnich.<\/p>\n<p>Dodatkowo RocketPlay zapewnia us\u0142ugi wsparcia dla os\u00f3b, kt\u00f3re mog\u0105 boryka\u0107 si\u0119 z problemami zwi\u0105zanymi z hazardem. Platforma wsp\u00f3\u0142pracuje z organizacjami odpowiedzialnymi za hazard, oferuj\u0105c zasoby, infolinie i opcje samowykluczenia graczom szukaj\u0105cym pomocy w zarz\u0105dzaniu swoimi nawykami zwi\u0105zanymi z grami.<\/p>\n<h2>Ci\u0105g\u0142e doskonalenie i adaptacja<\/h2>\n<p>Kasyno RocketPlay anga\u017cuje si\u0119 w ci\u0105g\u0142e doskonalenie swoich praktyk odpowiedzialnej gry. Platforma regularnie przegl\u0105da i aktualizuje swoj\u0105 Polityk\u0119 dotycz\u0105c\u0105 gier nieletnich, aby dostosowa\u0107 j\u0105 do nowych technologii i najlepszych praktyk bran\u017cowych. Wyprzedzaj\u0105c konkurencj\u0119, RocketPlay zapewnia, \u017ce zaanga\u017cowanie w odpowiedzialn\u0105 gr\u0119 pozostaje w czo\u0142\u00f3wce swoich dzia\u0142a\u0144.<\/p>\n<h2>Holistyczne podej\u015bcie do odpowiedzialnej gry<\/h2>\n<p>Podsumowuj\u0105c, polityka RocketPlay Casino dotycz\u0105ca gier nieletnich jest dowodem jego zaanga\u017cowania w tworzenie bezpiecznego i odpowiedzialnego \u015brodowiska gier. Poprzez rygorystyczne protoko\u0142y weryfikacji wieku, inicjatywy edukacyjne, kontrol\u0119 rodzicielsk\u0105 i us\u0142ugi wsparcia, RocketPlay aktywnie kszta\u0142tuje spo\u0142eczno\u015b\u0107 graczy, dla kt\u00f3rej priorytetem jest odpowiedzialne post\u0119powanie. Wraz z ewolucj\u0105 krajobrazu hazardu online, RocketPlay pozostaje niez\u0142omny w swoim zaanga\u017cowaniu w utrzymywanie najwy\u017cszych standard\u00f3w odpowiedzialnej gry, zapewniaj\u0105c przyjemne i bezpieczne wra\u017cenia dla wszystkich graczy.<\/p>\n","protected":false},"excerpt":{"rendered":"<p>Odpowiedzialna gra to podstawowa zasada w RocketPlay Casino, wynikaj\u0105ca z przekonania, \u017ce hazard powinien by\u0107 form\u0105 rozrywki dla doros\u0142ych, kt\u00f3rzy mog\u0105 podejmowa\u0107 \u015bwiadome decyzje. Maj\u0105c na uwadze t\u0119 filozofi\u0119, RocketPlay opracowa\u0142o kompleksowe zasady maj\u0105ce na celu uniemo\u017cliwienie osobom niepe\u0142noletnim dost\u0119pu do jakichkolwiek form hazardu online i uczestniczenia w nich. Protoko\u0142y weryfikacji wieku RocketPlay Casino wykorzystuje&#8230;<\/p>\n","protected":false},"author":1,"featured_media":0,"parent":0,"menu_order":0,"comment_status":"closed","ping_status":"closed","template":"","meta":{"_acf_changed":false,"_kad_post_transparent":"default","_kad_post_title":"default","_kad_post_layout":"default","_kad_post_sidebar_id":"","_kad_post_content_style":"default","_kad_post_vertical_padding":"default","_kad_post_feature":"","_kad_post_feature_position":"","_kad_post_header":false,"_kad_post_footer":false,"footnotes":""},"class_list":["post-3808","page","type-page","status-publish","hentry"],"acf":[],"rttpg_featured_image_url":null,"rttpg_author":{"display_name":"Elvis","author_link":"https:\/\/rocketplay-slot.com\/pl\/author\/pemvas95n89x\/"},"rttpg_comment":0,"rttpg_category":null,"rttpg_excerpt":"Odpowiedzialna gra to podstawowa zasada w RocketPlay Casino, wynikaj\u0105ca z przekonania, \u017ce hazard powinien by\u0107 form\u0105 rozrywki dla doros\u0142ych, kt\u00f3rzy mog\u0105 podejmowa\u0107 \u015bwiadome decyzje. Maj\u0105c na uwadze t\u0119 filozofi\u0119, RocketPlay opracowa\u0142o kompleksowe zasady maj\u0105ce na celu uniemo\u017cliwienie osobom niepe\u0142noletnim dost\u0119pu do jakichkolwiek form hazardu online i uczestniczenia w nich. Protoko\u0142y weryfikacji wieku RocketPlay Casino wykorzystuje...","_links":{"self":[{"href":"https:\/\/rocketplay-slot.com\/pl\/wp-json\/wp\/v2\/pages\/3808","targetHints":{"allow":["GET"]}}],"collection":[{"href":"https:\/\/rocketplay-slot.com\/pl\/wp-json\/wp\/v2\/pages"}],"about":[{"href":"https:\/\/rocketplay-slot.com\/pl\/wp-json\/wp\/v2\/types\/page"}],"author":[{"embeddable":true,"href":"https:\/\/rocketplay-slot.com\/pl\/wp-json\/wp\/v2\/users\/1"}],"replies":[{"embeddable":true,"href":"https:\/\/rocketplay-slot.com\/pl\/wp-json\/wp\/v2\/comments?post=3808"}],"version-history":[{"count":1,"href":"https:\/\/rocketplay-slot.com\/pl\/wp-json\/wp\/v2\/pages\/3808\/revisions"}],"predecessor-version":[{"id":3809,"href":"https:\/\/rocketplay-slot.com\/pl\/wp-json\/wp\/v2\/pages\/3808\/revisions\/3809"}],"wp:attachment":[{"href":"https:\/\/rocketplay-slot.com\/pl\/wp-json\/wp\/v2\/media?parent=3808"}],"curies":[{"name":"wp","href":"https:\/\/api.w.org\/{rel}","templated":true}]}}