{"id":2146,"date":"2022-09-30T14:50:51","date_gmt":"2022-09-30T11:50:51","guid":{"rendered":"https:\/\/rocketplay-slot.com\/3-coins\/"},"modified":"2022-11-03T00:49:52","modified_gmt":"2022-11-02T21:49:52","slug":"3-coins","status":"publish","type":"page","link":"https:\/\/rocketplay-slot.com\/pt-br\/3-coins\/","title":{"rendered":"3 moedas segure e ganhe"},"content":{"rendered":"<p><img loading=\"lazy\" decoding=\"async\" class=\"size-medium wp-image-411 alignleft\" src=\"https:\/\/rocketplay-slot.com\/wp-content\/uploads\/2022\/09\/3-coins-hold-and-win-300x300.png\" alt=\"3 Coins Hold And Win\" width=\"300\" height=\"300\" srcset=\"https:\/\/rocketplay-slot.com\/wp-content\/uploads\/2022\/09\/3-coins-hold-and-win-300x300.png 300w, https:\/\/rocketplay-slot.com\/wp-content\/uploads\/2022\/09\/3-coins-hold-and-win-150x150.png 150w, https:\/\/rocketplay-slot.com\/wp-content\/uploads\/2022\/09\/3-coins-hold-and-win.png 425w\" sizes=\"auto, (max-width: 300px) 100vw, 300px\" \/><\/p>\n<p>Uma tremenda expans\u00e3o de um dos principais criadores de conte\u00fado de jogos de azar do mundo, Booongo, pode ser encontrada entre a variedade de jogos no portal. O slot de moedas Rocket Play 3 definitivamente vale a sua aten\u00e7\u00e3o e tempo. Um ano ap\u00f3s o primeiro lan\u00e7amento, o jogo foi extremamente adorado por milhares de clientes. E todos os dias, o ex\u00e9rcito de f\u00e3s do slot s\u00f3 aumenta. Torne-se um conhecedor deste entretenimento e comece suas aventuras imediatamente.<\/p>\n<h2>3 MOEDAS RETENHA E GANHE REVIS\u00c3O DE SLOT<\/h2>\n<p>Apresentamos a sua aten\u00e7\u00e3o a revis\u00e3o do slot de moedas Rocket Play 3. Nossa breve descri\u00e7\u00e3o cont\u00e9m todas as informa\u00e7\u00f5es interessantes sobre o programa e fatos importantes que ser\u00e3o \u00fateis. Para uma melhor apresenta\u00e7\u00e3o e compreens\u00e3o de tudo que influencia, leia a tabela.<\/p>\n<table border=\"0\" cellspacing=\"0\" cellpadding=\"0\">\n<tbody>\n<tr>\n<td><strong>Desenvolvedora<\/strong><\/td>\n<td><b>Booongo<\/b><\/td>\n<\/tr>\n<tr>\n<td>Data de aparecimento<\/td>\n<td>2021<\/td>\n<\/tr>\n<tr>\n<td>Linhas<\/td>\n<td>5<\/td>\n<\/tr>\n<tr>\n<td>Rodas<\/td>\n<td>3<\/td>\n<\/tr>\n<tr>\n<td>Linhas<\/td>\n<td>3<\/td>\n<\/tr>\n<tr>\n<td>B\u00f4nus<\/td>\n<td>rejeitado;<\/p>\n<p>Recurso de b\u00f4nus<\/td>\n<\/tr>\n<tr>\n<td>RTP<\/td>\n<td>95,82%<\/td>\n<\/tr>\n<tr>\n<td>Diapas\u00e3o de apostas<\/td>\n<td>0.01-80 BRL<\/td>\n<\/tr>\n<\/tbody>\n<\/table>\n<p>Tendo estudado o jogo, voc\u00ea pode notar muitos pontos positivos que o tornam t\u00e3o bem-sucedido entre os usu\u00e1rios. Aqui est\u00e1 uma jogabilidade extremamente conveniente e r\u00e1pida. Tudo \u00e9 intuitivo. Mesmo um iniciante que est\u00e1 lidando com slots pela primeira vez precisar\u00e1 apenas de alguns minutos para se familiarizar e aprender as fun\u00e7\u00f5es do menu principal. Al\u00e9m disso, se voc\u00ea tiver alguma d\u00favida, sempre poder\u00e1 consultar as dicas, que descrever\u00e3o em detalhes todas as fun\u00e7\u00f5es, \u00edcones e s\u00edmbolos necess\u00e1rios do jogo.<\/p>\n<p>H\u00e1 uma s\u00e9rie de b\u00f4nus bastante s\u00f3lida aqui. Quatro voltas e uma rodada adicional certamente n\u00e3o o deixar\u00e3o sem impress\u00f5es. Super oportunidades para ganhos incr\u00edveis! Mesmo com uma aposta m\u00ednima de apenas 10 centavos, voc\u00ea pode obter um pr\u00eamio muito bom.<\/p>\n<h2>COMO JOGAR O SLOT DE 3 MOEDAS EGITO<\/h2>\n<p>Existem duas maneiras de jogar no portal:<\/p>\n<ul>\n<li>Slot Rocket Play 3 moedas gr\u00e1tis;<\/li>\n<li>Slot Rocket Play 3 moedas com dinheiro real.<\/li>\n<\/ul>\n<p>A primeira op\u00e7\u00e3o est\u00e1 dispon\u00edvel para todos os visitantes do portal sem registro ou dep\u00f3sito. A segunda op\u00e7\u00e3o requer ambos. No entanto, abre caminho para ganhos incr\u00edveis. Registre-se, fa\u00e7a um dep\u00f3sito em sua conta, selecione este slot e inicie-o. Para uma rota\u00e7\u00e3o bem-sucedida, vale a pena:<\/p>\n<ol>\n<li>definir o tamanho da aposta;<\/li>\n<li>selecione o n\u00famero de linhas;<\/li>\n<li>pressione come\u00e7ar;<\/li>\n<li>aguarde o t\u00e9rmino da rota\u00e7\u00e3o.<\/li>\n<\/ol>\n<p>Todas as combina\u00e7\u00f5es vencedoras s\u00e3o calculadas automaticamente e os fundos s\u00e3o depositados instantaneamente na sua conta.<\/p>\n<p style=\"text-align: center;\"><img loading=\"lazy\" decoding=\"async\" class=\"aligncenter wp-image-413 size-full\" src=\"https:\/\/rocketplay-slot.com\/wp-content\/uploads\/2022\/09\/3-coins--e1664538849251.jpeg\" alt=\"3 coins RocketPlay\" width=\"680\" height=\"406\" srcset=\"https:\/\/rocketplay-slot.com\/wp-content\/uploads\/2022\/09\/3-coins--e1664538849251.jpeg 680w, https:\/\/rocketplay-slot.com\/wp-content\/uploads\/2022\/09\/3-coins--e1664538849251-300x179.jpeg 300w\" sizes=\"auto, (max-width: 680px) 100vw, 680px\" \/><\/p>\n<h2>3 MOEDAS EGITO CARACTER\u00cdSTICAS DA Slot Machine<\/h2>\n<p>O slot online Rocket Play 3 coins \u00e9 um entretenimento cl\u00e1ssico e familiar para jogadores experientes. Se falarmos especificamente sobre os recursos do slot, a primeira coisa que vem \u00e0 mente \u00e9 a presen\u00e7a de 4 respins. Eles ajudar\u00e3o a avan\u00e7ar para rodadas \u00fanicas com apenas \u00edcones especiais e caros. Isso ir\u00e1 ajud\u00e1-lo a obter um lucro inacredit\u00e1vel. O pagamento mais alto pode ser de at\u00e9 500 vezes a aposta inicial.<\/p>\n<p>Outro fato interessante sobre o slot \u00e9 a possibilidade de obter um multiplicador aleat\u00f3rio. Seu valor pode variar de 1 a 20. Isso mais uma vez ajuda a obter um grande lucro com um investimento m\u00ednimo de capital.<\/p>\n<h2>Perguntas frequentes<\/h2>\n<h3>VOC\u00ca PODE JOGAR DE GRA\u00c7A?<\/h3>\n<p>Sim, escolhendo a vers\u00e3o demo do slot, voc\u00ea pode jogar de gra\u00e7a, sem dep\u00f3sito e at\u00e9 mesmo sem registro. Esta \u00e9 uma grande oportunidade se voc\u00ea ainda n\u00e3o est\u00e1 pronto para investir dinheiro real em jogos de azar.<\/p>\n<h3>O QUE H\u00c1 DE ESPECIAL NO SLOT?<\/h3>\n<p>Uma caracter\u00edstica dos pokies \u00e9 a capacidade de usar 4 respins nele, o que abre o acesso a rodadas de b\u00f4nus. H\u00e1 tamb\u00e9m um multiplicador aleat\u00f3rio que cai aleatoriamente e aumenta o n\u00famero de ganhos de 1 a 20 vezes.<\/p>\n<h3>QUAL \u00c9 A PRINCIPAL DESVANTAGEM DO SLOT?<\/h3>\n<p>N\u00e3o notamos tais falhas depois de analisar o jogo. A \u00fanica coisa que pode ser notada, nem mesmo como uma desvantagem, mas como uma pequena nuance, \u00e9 que a vers\u00e3o b\u00e1sica do jogo carece de certas fun\u00e7\u00f5es.<\/p>\n<p><strong><em>Leia tamb\u00e9m sobre:<\/em><\/strong><\/p>\n<ul>\n<li><a href=\"https:\/\/rocketplay-slot.com\/aloha-king-elvis\/\">Aloha King Elvis<\/a><\/li>\n<li><a href=\"https:\/\/rocketplay-slot.com\/black-wolf\/\">Black Wolf<\/a><\/li>\n<\/ul>\n","protected":false},"excerpt":{"rendered":"<p>Uma tremenda expans\u00e3o de um dos principais criadores de conte\u00fado de jogos de azar do mundo, Booongo, pode ser encontrada entre a variedade de jogos no portal. O slot de moedas Rocket Play 3 definitivamente vale a sua aten\u00e7\u00e3o e tempo. Um ano ap\u00f3s o primeiro lan\u00e7amento, o jogo foi extremamente adorado por milhares de&#8230;<\/p>\n","protected":false},"author":1,"featured_media":0,"parent":0,"menu_order":0,"comment_status":"closed","ping_status":"closed","template":"","meta":{"_acf_changed":false,"_kad_post_transparent":"default","_kad_post_title":"default","_kad_post_layout":"default","_kad_post_sidebar_id":"","_kad_post_content_style":"default","_kad_post_vertical_padding":"default","_kad_post_feature":"","_kad_post_feature_position":"","_kad_post_header":false,"_kad_post_footer":false,"footnotes":""},"class_list":["post-2146","page","type-page","status-publish","hentry"],"acf":[],"rttpg_featured_image_url":null,"rttpg_author":{"display_name":"Elvis","author_link":"https:\/\/rocketplay-slot.com\/pt-br\/author\/pemvas95n89x\/"},"rttpg_comment":0,"rttpg_category":null,"rttpg_excerpt":"Uma tremenda expans\u00e3o de um dos principais criadores de conte\u00fado de jogos de azar do mundo, Booongo, pode ser encontrada entre a variedade de jogos no portal. O slot de moedas Rocket Play 3 definitivamente vale a sua aten\u00e7\u00e3o e tempo. Um ano ap\u00f3s o primeiro lan\u00e7amento, o jogo foi extremamente adorado por milhares de...","_links":{"self":[{"href":"https:\/\/rocketplay-slot.com\/pt-br\/wp-json\/wp\/v2\/pages\/2146","targetHints":{"allow":["GET"]}}],"collection":[{"href":"https:\/\/rocketplay-slot.com\/pt-br\/wp-json\/wp\/v2\/pages"}],"about":[{"href":"https:\/\/rocketplay-slot.com\/pt-br\/wp-json\/wp\/v2\/types\/page"}],"author":[{"embeddable":true,"href":"https:\/\/rocketplay-slot.com\/pt-br\/wp-json\/wp\/v2\/users\/1"}],"replies":[{"embeddable":true,"href":"https:\/\/rocketplay-slot.com\/pt-br\/wp-json\/wp\/v2\/comments?post=2146"}],"version-history":[{"count":3,"href":"https:\/\/rocketplay-slot.com\/pt-br\/wp-json\/wp\/v2\/pages\/2146\/revisions"}],"predecessor-version":[{"id":2150,"href":"https:\/\/rocketplay-slot.com\/pt-br\/wp-json\/wp\/v2\/pages\/2146\/revisions\/2150"}],"wp:attachment":[{"href":"https:\/\/rocketplay-slot.com\/pt-br\/wp-json\/wp\/v2\/media?parent=2146"}],"curies":[{"name":"wp","href":"https:\/\/api.w.org\/{rel}","templated":true}]}}