{"id":2152,"date":"2022-09-30T15:52:03","date_gmt":"2022-09-30T12:52:03","guid":{"rendered":"https:\/\/rocketplay-slot.com\/aloha-king-elvis\/"},"modified":"2022-11-03T00:54:32","modified_gmt":"2022-11-02T21:54:32","slug":"aloha-king-elvis","status":"publish","type":"page","link":"https:\/\/rocketplay-slot.com\/pt-br\/aloha-king-elvis\/","title":{"rendered":"Aloha Rei Elvis"},"content":{"rendered":"<p><img loading=\"lazy\" decoding=\"async\" class=\"aligncenter wp-image-425 size-full\" src=\"https:\/\/rocketplay-slot.com\/wp-content\/uploads\/2022\/09\/aloha-king-elvis.jpeg\" alt=\"Aloha King Elvis\" width=\"720\" height=\"240\" srcset=\"https:\/\/rocketplay-slot.com\/wp-content\/uploads\/2022\/09\/aloha-king-elvis.jpeg 720w, https:\/\/rocketplay-slot.com\/wp-content\/uploads\/2022\/09\/aloha-king-elvis-300x100.jpeg 300w\" sizes=\"auto, (max-width: 720px) 100vw, 720px\" \/><\/p>\n<p>Se voc\u00ea deseja adicionar cores brilhantes \u00e0 sua rotina, o ca\u00e7a-n\u00edqueis online Rocket Play Aloha King Elvis \u00e9 o que voc\u00ea precisa. Um sapo alegre n\u00e3o vai deixar voc\u00ea ficar entediado. Temas de uma festa havaiana com dan\u00e7a louca e divers\u00e3o, al\u00e9m de ganhos incr\u00edveis, definitivamente n\u00e3o o deixar\u00e3o indiferente.<\/p>\n<p>O jogo apareceu h\u00e1 relativamente pouco tempo, mas seu fabricante, a empresa BGaming, fez todos os esfor\u00e7os para torn\u00e1-lo memor\u00e1vel e apreciado por muitos usu\u00e1rios. Chamamos a sua aten\u00e7\u00e3o para a revis\u00e3o do slot Rocket Play Aloha King Elvis, gra\u00e7as ao qual voc\u00ea poder\u00e1 conhecer esse entretenimento, aprender todos os detalhes e come\u00e7ar a ganhar imediatamente.<\/p>\n<p>O dinheiro real do Rocket Play Aloha King Elvis foi lan\u00e7ado no ver\u00e3o de 2021, e muitos usu\u00e1rios gostaram imediatamente. O design brilhante, o enredo discreto e a excelente oferta de b\u00f4nus conquistaram os cora\u00e7\u00f5es de muitos jogadores.<\/p>\n<table border=\"0\" cellspacing=\"0\" cellpadding=\"0\">\n<tbody>\n<tr>\n<td><strong>Desenvolvedora<\/strong><\/td>\n<td><strong>BGing<\/strong><\/td>\n<\/tr>\n<tr>\n<td>Data de aparecimento<\/td>\n<td>2021<\/td>\n<\/tr>\n<tr>\n<td>Linhas<\/td>\n<td>20<\/td>\n<\/tr>\n<tr>\n<td>Rodas<\/td>\n<td>5<\/td>\n<\/tr>\n<tr>\n<td>Linhas<\/td>\n<td>3<\/td>\n<\/tr>\n<tr>\n<td>B\u00f4nus<\/td>\n<td>lan\u00e7amentos gratuitos;<\/p>\n<p>3 jackpots<\/td>\n<\/tr>\n<tr>\n<td>RTP<\/td>\n<td>94,9%<\/td>\n<\/tr>\n<tr>\n<td>Reprodu\u00e7\u00e3o autom\u00e1tica<\/td>\n<td>+<\/td>\n<\/tr>\n<tr>\n<td>Sinais especiais<\/td>\n<td>Dispers\u00e3o<\/p>\n<p>Selvagem<\/td>\n<\/tr>\n<tr>\n<td>Diapas\u00e3o de apostas<\/td>\n<td>0.25-50 BRL<\/td>\n<\/tr>\n<\/tbody>\n<\/table>\n<p>&nbsp;<\/p>\n<p>Qualquer jogador n\u00e3o ficar\u00e1 indiferente aos pagamentos incr\u00edveis e aventuras emocionantes que o aguardam aqui.<\/p>\n<p>H\u00e1 uma s\u00e9rie de b\u00f4nus bastante s\u00f3lida aqui. Se os jogadores n\u00e3o forem mais surpreendidos por rodadas gr\u00e1tis adicionais do Rocket Play Aloha King Elvis ou s\u00edmbolos especiais de dispers\u00e3o, os desenvolvedores do jogo esconderam mais alguns truques nas mangas. Quatro jackpots permanentes e uma mini-rodada adicional certamente n\u00e3o o deixar\u00e3o sem impress\u00f5es. Super oportunidades para ganhos inacredit\u00e1veis! Mesmo com uma aposta m\u00ednima de apenas 25 centavos, voc\u00ea pode obter um pr\u00eamio muito bom.<\/p>\n<h2>JOGO<\/h2>\n<p>Tendo estudado o slot Rocket Play Aloha King Elvis gr\u00e1tis, voc\u00ea pode notar muitos pontos positivos que o tornam t\u00e3o bem-sucedido entre os usu\u00e1rios. Aqui est\u00e1 uma jogabilidade extremamente conveniente e r\u00e1pida. Tudo \u00e9 intuitivo. Mesmo um iniciante que est\u00e1 lidando com slots pela primeira vez precisar\u00e1 apenas de alguns minutos para se familiarizar e aprender as fun\u00e7\u00f5es do menu principal.<\/p>\n<p>O design do slot \u00e9 visualmente agrad\u00e1vel. Ao fundo, os jogadores veem a natureza tropical e os atributos de uma festa, e a inacredit\u00e1vel divers\u00e3o havaiana: De acordo com o tema, as combina\u00e7\u00f5es vencedoras consistem em imagens tem\u00e1ticas de personagens. Aqui s\u00e3o apresentados:<\/p>\n<ul>\n<li>Sapo alegre com uma guitarra (selvagem);<\/li>\n<li>Garota de r\u00e3 com um coquetel;<\/li>\n<li>Totem engra\u00e7ado (skatista);<\/li>\n<li>Van rosa;<\/li>\n<li>Viol\u00e3o;<\/li>\n<li>Bateria;<\/li>\n<li>Moedas Coletar;<\/li>\n<li>Letras A, Q, K e J em flores!<\/li>\n<\/ul>\n<p>Esta a\u00e7\u00e3o de jogo v\u00edvida \u00e9 acompanhada por trilhas sonoras apropriadas ao tema.<\/p>\n<p>Ambos os m\u00e9todos possuem regras e condi\u00e7\u00f5es id\u00eanticas, exceto pelo componente financeiro na vers\u00e3o demo. As apostas s\u00e3o feitas em fundos virtuais e, portanto, os ganhos s\u00e3o recebidos na mesma moeda. Em qualquer modo, os jogadores podem usar a reprodu\u00e7\u00e3o autom\u00e1tica.<\/p>\n<h2>RECURSOS<\/h2>\n<p>O slot Rocket Play Aloha King Elvis \u00e9 um entretenimento cl\u00e1ssico com 5 rodas e 3 linhas. Se falarmos especificamente sobre os recursos do slot, a primeira coisa que vem \u00e0 mente \u00e9 a presen\u00e7a de:<\/p>\n<ul>\n<li>3 jackpots;<\/li>\n<li>Lan\u00e7amento gratuito;<\/li>\n<li>Respins;<\/li>\n<li>\u00cdcones gigantes!<\/li>\n<\/ul>\n<p>Todas essas peculiaridades ajudar\u00e3o voc\u00ea a obter um lucro incr\u00edvel. O pagamento mais alto pode ser de at\u00e9 2200 vezes a aposta inicial.<\/p>\n<p style=\"text-align: center;\"><img loading=\"lazy\" decoding=\"async\" class=\"aligncenter wp-image-426 size-large\" src=\"https:\/\/rocketplay-slot.com\/wp-content\/uploads\/2022\/09\/aloha-king-elvis-slot-e1664541573948-1024x514.jpeg\" alt=\"Aloha King Elvis slot\" width=\"1024\" height=\"514\" srcset=\"https:\/\/rocketplay-slot.com\/wp-content\/uploads\/2022\/09\/aloha-king-elvis-slot-e1664541573948-1024x514.jpeg 1024w, https:\/\/rocketplay-slot.com\/wp-content\/uploads\/2022\/09\/aloha-king-elvis-slot-e1664541573948-300x151.jpeg 300w, https:\/\/rocketplay-slot.com\/wp-content\/uploads\/2022\/09\/aloha-king-elvis-slot-e1664541573948-768x386.jpeg 768w, https:\/\/rocketplay-slot.com\/wp-content\/uploads\/2022\/09\/aloha-king-elvis-slot-e1664541573948.jpeg 1455w\" sizes=\"auto, (max-width: 1024px) 100vw, 1024px\" \/><\/p>\n<h2>CONCLUS\u00c3O<\/h2>\n<p>Em conclus\u00e3o, uma coisa pode ser notada &#8211; este \u00e9 um entretenimento brilhante e interessante. Tudo \u00e9 compreens\u00edvel aqui, ent\u00e3o a jogabilidade \u00e9 f\u00e1cil, mesmo para iniciantes. Existem as linhas e bobinas usuais. H\u00e1 tamb\u00e9m respins, tentativas gr\u00e1tis e uma mini-rodada extra. Existe um super jackpot que pode crescer 2200 vezes. A gama de apostas \u00e9 extremamente ampla &#8211; de 25 centavos a 50 d\u00f3lares por rodada. No entanto, mesmo com um investimento m\u00ednimo de capital, voc\u00ea pode ganhar muito dinheiro. Este jogo \u00e9 definitivamente digno de sua aten\u00e7\u00e3o e tempo.<\/p>\n<p><strong>Leia tamb\u00e9m sobre:<\/strong><\/p>\n<ul>\n<li><a href=\"https:\/\/rocketplay-slot.com\/black-wolf\/\">Black Wolf<\/a><\/li>\n<li><a href=\"https:\/\/rocketplay-slot.com\/buffalo-power-hold-and-win\/\">Buffalo Power Hold And Win<\/a><\/li>\n<\/ul>\n","protected":false},"excerpt":{"rendered":"<p>Se voc\u00ea deseja adicionar cores brilhantes \u00e0 sua rotina, o ca\u00e7a-n\u00edqueis online Rocket Play Aloha King Elvis \u00e9 o que voc\u00ea precisa. Um sapo alegre n\u00e3o vai deixar voc\u00ea ficar entediado. Temas de uma festa havaiana com dan\u00e7a louca e divers\u00e3o, al\u00e9m de ganhos incr\u00edveis, definitivamente n\u00e3o o deixar\u00e3o indiferente. O jogo apareceu h\u00e1 relativamente&#8230;<\/p>\n","protected":false},"author":1,"featured_media":0,"parent":0,"menu_order":0,"comment_status":"closed","ping_status":"closed","template":"","meta":{"_acf_changed":false,"_kad_post_transparent":"default","_kad_post_title":"default","_kad_post_layout":"default","_kad_post_sidebar_id":"","_kad_post_content_style":"default","_kad_post_vertical_padding":"default","_kad_post_feature":"","_kad_post_feature_position":"","_kad_post_header":false,"_kad_post_footer":false,"footnotes":""},"class_list":["post-2152","page","type-page","status-publish","hentry"],"acf":[],"rttpg_featured_image_url":null,"rttpg_author":{"display_name":"Elvis","author_link":"https:\/\/rocketplay-slot.com\/pt-br\/author\/pemvas95n89x\/"},"rttpg_comment":0,"rttpg_category":null,"rttpg_excerpt":"Se voc\u00ea deseja adicionar cores brilhantes \u00e0 sua rotina, o ca\u00e7a-n\u00edqueis online Rocket Play Aloha King Elvis \u00e9 o que voc\u00ea precisa. Um sapo alegre n\u00e3o vai deixar voc\u00ea ficar entediado. Temas de uma festa havaiana com dan\u00e7a louca e divers\u00e3o, al\u00e9m de ganhos incr\u00edveis, definitivamente n\u00e3o o deixar\u00e3o indiferente. O jogo apareceu h\u00e1 relativamente...","_links":{"self":[{"href":"https:\/\/rocketplay-slot.com\/pt-br\/wp-json\/wp\/v2\/pages\/2152","targetHints":{"allow":["GET"]}}],"collection":[{"href":"https:\/\/rocketplay-slot.com\/pt-br\/wp-json\/wp\/v2\/pages"}],"about":[{"href":"https:\/\/rocketplay-slot.com\/pt-br\/wp-json\/wp\/v2\/types\/page"}],"author":[{"embeddable":true,"href":"https:\/\/rocketplay-slot.com\/pt-br\/wp-json\/wp\/v2\/users\/1"}],"replies":[{"embeddable":true,"href":"https:\/\/rocketplay-slot.com\/pt-br\/wp-json\/wp\/v2\/comments?post=2152"}],"version-history":[{"count":3,"href":"https:\/\/rocketplay-slot.com\/pt-br\/wp-json\/wp\/v2\/pages\/2152\/revisions"}],"predecessor-version":[{"id":2155,"href":"https:\/\/rocketplay-slot.com\/pt-br\/wp-json\/wp\/v2\/pages\/2152\/revisions\/2155"}],"wp:attachment":[{"href":"https:\/\/rocketplay-slot.com\/pt-br\/wp-json\/wp\/v2\/media?parent=2152"}],"curies":[{"name":"wp","href":"https:\/\/api.w.org\/{rel}","templated":true}]}}