{"id":2157,"date":"2022-06-15T09:01:36","date_gmt":"2022-06-15T06:01:36","guid":{"rendered":"https:\/\/rocketplay-slot.com\/live-baccarat\/"},"modified":"2022-11-03T02:29:10","modified_gmt":"2022-11-02T23:29:10","slug":"live-baccarat","status":"publish","type":"page","link":"https:\/\/rocketplay-slot.com\/pt-br\/live-baccarat\/","title":{"rendered":"Bacar\u00e1 online no RocketPlay Casino"},"content":{"rendered":"<p>O bacar\u00e1 pode ser chamado com seguran\u00e7a de um dos jogos de cassino cl\u00e1ssicos que sempre ser\u00e3o populares entre um grande p\u00fablico de jogadores de todo o mundo. Originalmente um jogo de azar exclusivo para a aristocracia, o bacar\u00e1 n\u00e3o \u00e9 mais apenas um jogo para a elite &#8211; n\u00e3o h\u00e1 restri\u00e7\u00f5es sobre quem pode jog\u00e1-lo. Assim, os cassinos online hoje oferecem uma variedade de jogos que voc\u00ea pode jogar com apostas m\u00ednimas. Ao mesmo tempo, as m\u00e1quinas ca\u00e7a-n\u00edqueis de bacar\u00e1 n\u00e3o perderam seu charme, emo\u00e7\u00e3o e grandes chances de ganhar dinheiro real. Este \u00faltimo se deve \u00e0 regra simples do jogo e uma grande chance de vit\u00f3ria para o jogador.<\/p>\n<p>O bacar\u00e1 <a href=\"https:\/\/rocketplay-slot.com\/pt-br\/\">online RocketPlay<\/a> ao vivo \u00e9 um dos jogos mais f\u00e1ceis, onde voc\u00ea s\u00f3 precisa fazer uma aposta e pronto. Ao contr\u00e1rio de outros jogos de cassino, os participantes podem apostar no jogador, no banqueiro ou em ambos. N\u00e3o h\u00e1 regras complicadas ou combina\u00e7\u00f5es complicadas, ent\u00e3o voc\u00ea n\u00e3o precisa perder tempo aprendendo a teoria. O objetivo do jogo \u00e9 adivinhar quem fez as apostas corretas: o jogador ou o banqueiro. Al\u00e9m disso, voc\u00ea pode apostar em ambos, o que tamb\u00e9m pode lhe trazer dinheiro no jogo.<\/p>\n<p>Se voc\u00ea nunca jogou bacar\u00e1 no <a href=\"https:\/\/rocketplay-slot.com\/pt-br\/live-casino\/\">cassino ao vivo<\/a> RocketPlay e n\u00e3o sabe por que deve experimentar este jogo, temos alguns argumentos e recomenda\u00e7\u00f5es para voc\u00ea;<\/p>\n<ul>\n<li>Se voc\u00ea quer ver se a sorte est\u00e1 do seu lado hoje, ent\u00e3o o bacar\u00e1 \u00e9 o melhor jogo para voc\u00ea. No bacar\u00e1, o sucesso \u00e9 100% determinado pela sua sorte;<\/li>\n<li>Neste jogo, o cassino tem a menor vantagem sobre o jogador, apenas 1,06%;<\/li>\n<li>As apostas de bacar\u00e1 variam de US$ 0,15 a US$ 1.000.<\/li>\n<\/ul>\n<p>Ao jogar, voc\u00ea precisa ter em mente que, embora o cassino tenha uma vantagem baixa, quanto mais tempo voc\u00ea joga, menor a probabilidade de ganhar.<\/p>\n<p>Se voc\u00ea n\u00e3o est\u00e1 procurando por ganhos, mas apenas quer se divertir jogando seu jogo favorito, ent\u00e3o voc\u00ea pode jogar bacar\u00e1 ao vivo RocketPlay Brasil. Jogabilidade emocionante e uma ampla variedade de jogos s\u00e3o garantidos para voc\u00ea. Antes de iniciar sua sess\u00e3o, tome nota das seguintes recomenda\u00e7\u00f5es de especialistas em bacar\u00e1:<\/p>\n<ul>\n<li>Apostar no banqueiro \u00e9 mais vantajoso do que apostar no jogador. Para compara\u00e7\u00e3o, a vantagem do jogador \u00e9 de 1,29% e a vantagem do banqueiro \u00e9 de 1,01%. Ao mesmo tempo, apostar em ambos \u00e9 o menos bem sucedido.<\/li>\n<li>Quanto mais baralhos envolvidos no jogo, menos favor\u00e1vel \u00e9 para o jogador.<\/li>\n<li>Suas chances de ganhar tamb\u00e9m dependem do valor do seu pagamento se voc\u00ea apostar no banqueiro. Escolha um jogo em que essa porcentagem seja inferior a 4%.<\/li>\n<li>Fa\u00e7a apostas razo\u00e1veis, mas assim que come\u00e7ar a ganhar, pare o jogo imediatamente.<\/li>\n<\/ul>\n<p>Normalmente, os cassinos online oferecem uma vers\u00e3o cl\u00e1ssica do jogo. No entanto, somos uma exce\u00e7\u00e3o nesse sentido. Em nosso site voc\u00ea pode escolher entre uma variedade de varia\u00e7\u00f5es de Bacar\u00e1, todas dispon\u00edveis sem registro e cobrindo as melhores vers\u00f5es deste jogo.<\/p>\n<p><span style=\"font-family: var(--global-body-font-family); letter-spacing: 0em;\"> \u00a0 \u00a0 \u00a0 \u00a0 \u00a0 \u00a0 \u00a0 \u00a0 \u00a0 \u00a0 \u00a0 \u00a0 \u00a0 \u00a0 \u00a0 \u00a0 \u00a0 \u00a0 \u00a0 \u00a0 \u00a0 \u00a0 \u00a0 \u00a0 \u00a0 \u00a0 \u00a0 \u00a0 \u00a0 \u00a0 \u00a0 \u00a0 \u00a0 \u00a0 \u00a0\u00a0<\/span><\/p>\n<p><span style=\"font-weight: 400;\"><img loading=\"lazy\" decoding=\"async\" class=\"aligncenter wp-image-272\" src=\"https:\/\/rocketplay-slot.com\/wp-content\/uploads\/2022\/06\/second_bonus_nonlog-300x148.png\" alt=\"\" width=\"600\" height=\"295\" srcset=\"https:\/\/rocketplay-slot.com\/wp-content\/uploads\/2022\/06\/second_bonus_nonlog-300x148.png 300w, https:\/\/rocketplay-slot.com\/wp-content\/uploads\/2022\/06\/second_bonus_nonlog-1024x504.png 1024w, https:\/\/rocketplay-slot.com\/wp-content\/uploads\/2022\/06\/second_bonus_nonlog-768x378.png 768w, https:\/\/rocketplay-slot.com\/wp-content\/uploads\/2022\/06\/second_bonus_nonlog.png 1300w\" sizes=\"auto, (max-width: 600px) 100vw, 600px\" \/><\/span><\/p>\n<h2>AS VANTAGENS DE JOGAR BACCARAT ONLINE<\/h2>\n<p>O fato de os jogos de cartas serem emocionantes e imprevis\u00edveis \u00e9 conhecido por todos os amantes da emo\u00e7\u00e3o e das emo\u00e7\u00f5es. Este tipo de entretenimento tem sido popular em todo o mundo h\u00e1 muitos anos. Ainda hoje, quando os jogadores podem jogar jogos como ca\u00e7a-n\u00edqueis e v\u00eddeo p\u00f4quer, o bacar\u00e1 n\u00e3o perdeu sua popularidade.<\/p>\n<p>Mas a melhor coisa sobre este jogo s\u00e3o as altas chances de ganhar, bem como os valores que voc\u00ea pode ganhar como pr\u00eamio principal do jogo. A este respeito, o bacar\u00e1 \u00e9 um jogo muito tentador.<\/p>\n<p>N\u00e3o tem certeza se faz sentido jogar o b\u00f4nus de bacar\u00e1 ao vivo RocketPlay em nosso site? Oferecemos muitas raz\u00f5es para experimentar este jogo conosco. E aqui est\u00e3o apenas alguns deles:<\/p>\n<ul>\n<li>Grande variedade de jogos &#8211; Al\u00e9m da vers\u00e3o cl\u00e1ssica do jogo, voc\u00ea pode jogar 15 outras varia\u00e7\u00f5es de bacar\u00e1. Baccarat Gold,<\/li>\n<li>Baccarat High Roller, Baccarat Pro e Baccarat Pro &#8211; VIP Limit s\u00e3o apenas algumas das op\u00e7\u00f5es;<\/li>\n<li>Software de jogos de qualidade &#8211; Usamos apenas software de jogos de qualidade dos principais fabricantes do mundo &#8211;<\/li>\n<li>Microgaming, OneTouch e NetEnt;<\/li>\n<li>Casino online RocketPlay bacar\u00e1 ao vivo com dinheiro real &#8211; Se voc\u00ea decidir lutar pelo pr\u00eamio principal, voc\u00ea definitivamente vai<\/li>\n<li>gostar de jogar conosco;<\/li>\n<li>Altas odds para ganhar &#8211; Oferecemos uma das mais altas odds para ganhar no bacar\u00e1, variando entre 94% e 97%;<\/li>\n<li>Simples RocketPlay jogar bacar\u00e1 online gr\u00e1tis &#8211; voc\u00ea n\u00e3o precisa gastar tempo aprendendo as regras do jogo. Aprenda as regras jogando o jogo;<\/li>\n<li>Gerador de n\u00fameros aleat\u00f3rios garante jogo justo &#8211; Absolutamente nenhum risco de ser enganado;<\/li>\n<li>Sem restri\u00e7\u00f5es. N\u00e3o importa em que pa\u00eds voc\u00ea mora, voc\u00ea pode acessar nosso cassino e jogar qualquer jogo online;<\/li>\n<\/ul>\n<p>Voc\u00ea n\u00e3o arrisca nada ao jogar em nosso cassino online. \u00c9 o lugar perfeito para jogadores novatos e campe\u00f5es de bacar\u00e1 experientes.<\/p>\n<p>O bacar\u00e1 pode ser chamado com seguran\u00e7a de um dos jogos de cassino cl\u00e1ssicos que sempre ser\u00e3o populares entre um grande p\u00fablico de jogadores de todo o mundo. Originalmente um jogo de azar exclusivo para a aristocracia, o bacar\u00e1 n\u00e3o \u00e9 mais apenas um jogo para a elite &#8211; n\u00e3o h\u00e1 restri\u00e7\u00f5es sobre quem pode jog\u00e1-lo. Assim, os cassinos online hoje oferecem uma variedade de jogos que voc\u00ea pode jogar com apostas m\u00ednimas. Ao mesmo tempo, as m\u00e1quinas ca\u00e7a-n\u00edqueis de bacar\u00e1 n\u00e3o perderam seu charme, emo\u00e7\u00e3o e grandes chances de ganhar dinheiro real. Este \u00faltimo se deve \u00e0 regra simples do jogo e uma grande chance de vit\u00f3ria para o jogador.<\/p>\n<p>O bacar\u00e1 online RocketPlay ao vivo \u00e9 um dos jogos mais f\u00e1ceis, onde voc\u00ea s\u00f3 precisa fazer uma aposta e pronto. Ao contr\u00e1rio de outros jogos de cassino, os participantes podem apostar no jogador, no banqueiro ou em ambos. N\u00e3o h\u00e1 regras complicadas ou combina\u00e7\u00f5es complicadas, ent\u00e3o voc\u00ea n\u00e3o precisa perder tempo aprendendo a teoria. O objetivo do jogo \u00e9 adivinhar quem fez as apostas corretas: o jogador ou o banqueiro. Al\u00e9m disso, voc\u00ea pode apostar em ambos, o que tamb\u00e9m pode lhe trazer dinheiro no jogo.<\/p>\n<p>Se voc\u00ea nunca jogou bacar\u00e1 no cassino ao vivo RocketPlay e n\u00e3o sabe por que deve experimentar este jogo, temos alguns argumentos e recomenda\u00e7\u00f5es para voc\u00ea;<\/p>\n<p>Se voc\u00ea quer ver se a sorte est\u00e1 do seu lado hoje, ent\u00e3o o bacar\u00e1 \u00e9 o melhor jogo para voc\u00ea. No bacar\u00e1, o sucesso \u00e9 100% determinado pela sua sorte;<\/p>\n<p>Neste jogo, o cassino tem a menor vantagem sobre o jogador, apenas 1,06%;<\/p>\n<p>As apostas de bacar\u00e1 variam de US$ 0,15 a US$ 1.000.<\/p>\n<p>Ao jogar, voc\u00ea precisa ter em mente que, embora o cassino tenha uma vantagem baixa, quanto mais tempo voc\u00ea joga, menor a probabilidade de ganhar.<\/p>\n<p>Se voc\u00ea n\u00e3o est\u00e1 procurando por ganhos, mas apenas quer se divertir jogando seu jogo favorito, ent\u00e3o voc\u00ea pode jogar bacar\u00e1 ao vivo RocketPlay Brasil. Jogabilidade emocionante e uma ampla variedade de jogos s\u00e3o garantidos para voc\u00ea. Antes de iniciar sua sess\u00e3o, tome nota das seguintes recomenda\u00e7\u00f5es de especialistas em bacar\u00e1:<\/p>\n<p>Apostar no banqueiro \u00e9 mais vantajoso do que apostar no jogador. Para compara\u00e7\u00e3o, a vantagem do jogador \u00e9 de 1,29% e a vantagem do banqueiro \u00e9 de 1,01%. Ao mesmo tempo, apostar em ambos \u00e9 o menos bem sucedido.<\/p>\n<p>Quanto mais baralhos envolvidos no jogo, menos favor\u00e1vel \u00e9 para o jogador.<\/p>\n<p>Suas chances de ganhar tamb\u00e9m dependem do valor do seu pagamento se voc\u00ea apostar no banqueiro. Escolha um jogo em que essa porcentagem seja inferior a 4%.<\/p>\n<p>Fa\u00e7a apostas razo\u00e1veis, mas assim que come\u00e7ar a ganhar, pare o jogo imediatamente.<\/p>\n<p>Normalmente, os cassinos online oferecem uma vers\u00e3o cl\u00e1ssica do jogo. No entanto, somos uma exce\u00e7\u00e3o nesse sentido. Em nosso site voc\u00ea pode escolher entre uma variedade de varia\u00e7\u00f5es de Bacar\u00e1, todas dispon\u00edveis sem registro e cobrindo as melhores vers\u00f5es deste jogo.<\/p>\n<h2><span style=\"font-family: var(--global-body-font-family); font-size: 16px; letter-spacing: 0em;\">\t<div class=\"alao-sidebar-box alao-sidebar-box-\">\n\t\t<a href=\"\" class=\"alao-sidebar-box__link\">\n\t\t\t<span class=\"alao-sidebar-box__thumb\">\n\t\t\t\t<img decoding=\"async\" src=\"https:\/\/rocketplay-slot.com\/wp-content\/uploads\/2022\/06\/second_bonus_nonlog.png\" alt=\"B\u00f4nus de primeiro dep\u00f3sito\">\n\t\t\t<\/span>\n\t\t\t<span class=\"alao-sidebar-box__info\">\n\t\t\t\t<span class=\"alao-sidebar-box__info-wrap\">\n\t\t\t\t\t<span class=\"alao-sidebar-box__head\">B\u00f4nus de primeiro dep\u00f3sito<\/span>\n\t\t\t\t\t<span class=\"alao-sidebar-box__desc\">100% + 100 FS PARA UM IN\u00cdCIO PERFEITO<\/span>\n\t\t\t\t\t<span class=\"alao-sidebar-box__button\">Obter Agora<\/span>\n\t\t\t\t<\/span>\n\t\t\t<\/span>\n\t\t<\/a>\n\t<\/div>\n\t<\/span><\/h2>\n<h2>AS VANTAGENS DE JOGAR BACCARAT ONLINE<\/h2>\n<p>O fato de os jogos de cartas serem emocionantes e imprevis\u00edveis \u00e9 conhecido por todos os amantes da emo\u00e7\u00e3o e das emo\u00e7\u00f5es. Este tipo de entretenimento tem sido popular em todo o mundo h\u00e1 muitos anos. Ainda hoje, quando os jogadores podem jogar jogos como ca\u00e7a-n\u00edqueis e v\u00eddeo p\u00f4quer, o bacar\u00e1 n\u00e3o perdeu sua popularidade.<\/p>\n<p>Mas a melhor coisa sobre este jogo s\u00e3o as altas chances de ganhar, bem como os valores que voc\u00ea pode ganhar como pr\u00eamio principal do jogo. A este respeito, o bacar\u00e1 \u00e9 um jogo muito tentador.<\/p>\n<p>N\u00e3o tem certeza se faz sentido jogar o b\u00f4nus de bacar\u00e1 ao vivo RocketPlay em nosso site? Oferecemos muitas raz\u00f5es para experimentar este jogo conosco. E aqui est\u00e3o apenas alguns deles<\/p>\n<ul>\n<li>Grande variedade de jogos &#8211; Al\u00e9m da vers\u00e3o cl\u00e1ssica do jogo, voc\u00ea pode jogar 15 outras varia\u00e7\u00f5es de bacar\u00e1. Baccarat Gold, Baccarat High Roller, Baccarat Pro e Baccarat Pro &#8211; VIP Limit s\u00e3o apenas algumas das op\u00e7\u00f5es;<\/li>\n<li>Software de jogos de qualidade &#8211; Usamos apenas software de jogos de qualidade dos principais fabricantes do mundo &#8211; Microgaming, OneTouch e NetEnt;<\/li>\n<li>Casino online RocketPlay bacar\u00e1 ao vivo com dinheiro real &#8211; Se voc\u00ea decidir lutar pelo pr\u00eamio principal, voc\u00ea definitivamente vai gostar de jogar conosco;<\/li>\n<li>Altas odds para ganhar &#8211; Oferecemos uma das mais altas odds para ganhar no bacar\u00e1, variando entre 94% e 97%;<\/li>\n<li>Simples RocketPlay jogar bacar\u00e1 online gr\u00e1tis &#8211; voc\u00ea n\u00e3o precisa gastar tempo aprendendo as regras do jogo. Aprenda as regras jogando o jogo;<\/li>\n<li>Gerador de n\u00fameros aleat\u00f3rios garante jogo justo &#8211; Absolutamente nenhum risco de ser enganado;<\/li>\n<li>Sem restri\u00e7\u00f5es. N\u00e3o importa em que pa\u00eds voc\u00ea mora, voc\u00ea pode acessar nosso cassino e jogar qualquer jogo online;<\/li>\n<\/ul>\n<p>Voc\u00ea n\u00e3o arrisca nada ao jogar em nosso cassino online. \u00c9 o lugar perfeito para jogadores novatos e campe\u00f5es de bacar\u00e1 experientes.<\/p>\n<h2>MELHORES JOGOS DE BACAR\u00c1<\/h2>\n<p>O bacar\u00e1 \u00e9 um jogo de cartas muito difundido, oferecido em todos os cassinos tradicionais e cassinos online do mundo. Naturalmente, devido \u00e0 sua popularidade, bem como \u00e0 sua longa hist\u00f3ria, existem diferentes tipos deste jogo &#8211; os mais comuns e populares s\u00e3o American Baccarat, Mini Baccara, Punto Banco, Macau e Nine. Eles diferem entre si:<\/p>\n<ul>\n<li>As regras de distribui\u00e7\u00e3o e distribui\u00e7\u00e3o de cartas;<\/li>\n<li>O n\u00famero de baralhos envolvidos no jogo;<\/li>\n<li>A percentagem de apostas;<\/li>\n<li>O n\u00famero de jogadores;<\/li>\n<li>Os ganhos;<\/li>\n<li>n\u00famero de cart\u00f5es;<\/li>\n<\/ul>\n<p>as regras que dizem respeito \u00e0 3\u00aa carta.<\/p>\n<p>Considere as variantes mais comuns deste jogo, que voc\u00ea pode jogar bacar\u00e1 ao vivo RocketPlay em nosso cassino.<\/p>\n<h2>BACCAR\u00c1 EUROPEU<\/h2>\n<p>O bacar\u00e1 europeu \u00e9 um tipo cl\u00e1ssico de jogo. No bacar\u00e1 europeu, os ganhos s\u00e3o determinados pelo cassino e o n\u00famero de participantes depende do tamanho total de todas as apostas feitas na rodada. Ao apostar em um banqueiro, os jogadores (se vencerem) pagam uma taxa, que geralmente \u00e9 de cerca de 5%. Caso contr\u00e1rio, todas as regras do jogo s\u00e3o id\u00eanticas ao bacar\u00e1 cl\u00e1ssico.<\/p>\n<h3>BACCARAT FRANC\u00caS (CHEMIN DE FER)<\/h3>\n<p>O bacar\u00e1 franc\u00eas \u00e9 outro tipo popular de jogo. Suas regras b\u00e1sicas s\u00e3o as mesmas da vers\u00e3o cl\u00e1ssica do jogo, mas sua principal caracter\u00edstica \u00e9 que o cassino n\u00e3o est\u00e1 envolvido no jogo. Assim, os jogadores jogam uns contra os outros. Nesse caso, o cassino atua como observador e garante que os jogadores sigam todas as regras e, claro, cobra uma comiss\u00e3o de cada lado.<\/p>\n<h2>MINI BACCAR\u00c1<\/h2>\n<p>O mini bacar\u00e1 \u00e9 mais popular nos Estados Unidos. O jogo \u00e9 praticamente o mesmo das vers\u00f5es cl\u00e1ssicas, exceto que o jogo acontece em uma pequena mesa. Assim, no mini bacar\u00e1, um m\u00e1ximo de sete pessoas podem jogar em uma mesa. Incluindo um dealer ao vivo de bacar\u00e1 RocketPlay, que \u00e9 respons\u00e1vel por toda a a\u00e7\u00e3o e apostas que ocorrem durante o jogo de minibacar\u00e1. Ele tamb\u00e9m atua como o banqueiro.<\/p>\n<p><img loading=\"lazy\" decoding=\"async\" class=\"aligncenter wp-image-247\" src=\"https:\/\/rocketplay-slot.com\/wp-content\/uploads\/2022\/06\/vip_header_icon1-300x300.png\" alt=\"\" width=\"600\" height=\"600\" srcset=\"https:\/\/rocketplay-slot.com\/wp-content\/uploads\/2022\/06\/vip_header_icon1-300x300.png 300w, https:\/\/rocketplay-slot.com\/wp-content\/uploads\/2022\/06\/vip_header_icon1-150x150.png 150w, https:\/\/rocketplay-slot.com\/wp-content\/uploads\/2022\/06\/vip_header_icon1.png 552w\" sizes=\"auto, (max-width: 600px) 100vw, 600px\" \/><\/p>\n<h2>PUNTO BANCO<\/h2>\n<p>O jogo de Punto Banco \u00e9 muito parecido com a vers\u00e3o cl\u00e1ssica do bacar\u00e1. A \u00fanica diferen\u00e7a \u00e9 que, em vez de apostar no jogador e no banqueiro, os participantes apostam no Punto (jogador) ou no Banco (banqueiro). Em outras palavras, os nomes s\u00e3o diferentes &#8211; a ess\u00eancia do jogo \u00e9 a mesma.<\/p>\n<p>Independentemente do jogo que voc\u00ea escolher, voc\u00ea pode jog\u00e1-lo sem registro em nosso site. Sem restri\u00e7\u00f5es, uma grande variedade de jogos &#8211; essas s\u00e3o apenas algumas das vantagens de jogar bacar\u00e1 no RocketPlay.<\/p>\n<p>O bacar\u00e1 \u00e9 um jogo de cartas muito difundido, oferecido em todos os cassinos tradicionais e cassinos online do mundo. Naturalmente, devido \u00e0 sua popularidade, bem como \u00e0 sua longa hist\u00f3ria, existem diferentes tipos deste jogo &#8211; os mais comuns e populares s\u00e3o American Baccarat, Mini Baccara, Punto Banco, Macau e Nine. Eles diferem entre si:<\/p>\n<ul>\n<li>As regras de distribui\u00e7\u00e3o e distribui\u00e7\u00e3o de cartas;<\/li>\n<li>O n\u00famero de baralhos envolvidos no jogo;<\/li>\n<li>A percentagem de apostas;<\/li>\n<li>O n\u00famero de jogadores;<\/li>\n<li>Os ganhos;<\/li>\n<li>n\u00famero de cart\u00f5es;<\/li>\n<\/ul>\n<p>as regras que dizem respeito \u00e0 3\u00aa carta.<\/p>\n<p>Considere as variantes mais comuns deste jogo, que voc\u00ea pode jogar bacar\u00e1 ao vivo RocketPlay em nosso cassino.<\/p>\n<h2>BACCAR\u00c1 EUROPEU<\/h2>\n<p>O bacar\u00e1 europeu \u00e9 um tipo cl\u00e1ssico de jogo. No bacar\u00e1 europeu, os ganhos s\u00e3o determinados pelo cassino e o n\u00famero de participantes depende do tamanho total de todas as apostas feitas na rodada. Ao apostar em um banqueiro, os jogadores (se vencerem) pagam uma taxa, que geralmente \u00e9 de cerca de 5%. Caso contr\u00e1rio, todas as regras do jogo s\u00e3o id\u00eanticas ao bacar\u00e1 cl\u00e1ssico.<\/p>\n<h2>BACCARAT FRANC\u00caS (CHEMIN DE FER)<\/h2>\n<p>O bacar\u00e1 franc\u00eas \u00e9 outro tipo popular de jogo. Suas regras b\u00e1sicas s\u00e3o as mesmas da vers\u00e3o cl\u00e1ssica do jogo, mas sua principal caracter\u00edstica \u00e9 que o cassino n\u00e3o est\u00e1 envolvido no jogo. Assim, os jogadores jogam uns contra os outros. Nesse caso, o cassino atua como observador e garante que os jogadores sigam todas as regras e, claro, cobra uma comiss\u00e3o de cada lado.<\/p>\n<h2>MINI BACCAR\u00c1<\/h2>\n<p>O mini bacar\u00e1 \u00e9 mais popular nos Estados Unidos. O jogo \u00e9 praticamente o mesmo das vers\u00f5es cl\u00e1ssicas, exceto que o jogo acontece em uma pequena mesa. Assim, no mini bacar\u00e1, um m\u00e1ximo de sete pessoas podem jogar em uma mesa. Incluindo um dealer ao vivo de bacar\u00e1 RocketPlay, que \u00e9 respons\u00e1vel por toda a a\u00e7\u00e3o e apostas que ocorrem durante o jogo de minibacar\u00e1. Ele tamb\u00e9m atua como o banqueiro.<\/p>\n<h2>PUNTO BANCO<\/h2>\n<p>O jogo de Punto Banco \u00e9 muito parecido com a vers\u00e3o cl\u00e1ssica do bacar\u00e1. A \u00fanica diferen\u00e7a \u00e9 que, em vez de apostar no jogador e no banqueiro, os participantes apostam no Punto (jogador) ou no Banco (banqueiro). Em outras palavras, os nomes s\u00e3o diferentes &#8211; a ess\u00eancia do jogo \u00e9 a mesma.<\/p>\n<p>Independentemente do jogo que voc\u00ea escolher, voc\u00ea pode jog\u00e1-lo sem registro em nosso site. Sem restri\u00e7\u00f5es, uma grande variedade de jogos &#8211; essas s\u00e3o apenas algumas das vantagens de jogar bacar\u00e1 no RocketPlay.<\/p>\n","protected":false},"excerpt":{"rendered":"<p>O bacar\u00e1 pode ser chamado com seguran\u00e7a de um dos jogos de cassino cl\u00e1ssicos que sempre ser\u00e3o populares entre um grande p\u00fablico de jogadores de todo o mundo. Originalmente um jogo de azar exclusivo para a aristocracia, o bacar\u00e1 n\u00e3o \u00e9 mais apenas um jogo para a elite &#8211; n\u00e3o h\u00e1 restri\u00e7\u00f5es sobre quem pode&#8230;<\/p>\n","protected":false},"author":1,"featured_media":0,"parent":0,"menu_order":0,"comment_status":"closed","ping_status":"closed","template":"","meta":{"_acf_changed":false,"_kad_post_transparent":"default","_kad_post_title":"default","_kad_post_layout":"default","_kad_post_sidebar_id":"","_kad_post_content_style":"default","_kad_post_vertical_padding":"default","_kad_post_feature":"","_kad_post_feature_position":"","_kad_post_header":false,"_kad_post_footer":false,"footnotes":""},"class_list":["post-2157","page","type-page","status-publish","hentry"],"acf":[],"rttpg_featured_image_url":null,"rttpg_author":{"display_name":"Elvis","author_link":"https:\/\/rocketplay-slot.com\/pt-br\/author\/pemvas95n89x\/"},"rttpg_comment":0,"rttpg_category":null,"rttpg_excerpt":"O bacar\u00e1 pode ser chamado com seguran\u00e7a de um dos jogos de cassino cl\u00e1ssicos que sempre ser\u00e3o populares entre um grande p\u00fablico de jogadores de todo o mundo. Originalmente um jogo de azar exclusivo para a aristocracia, o bacar\u00e1 n\u00e3o \u00e9 mais apenas um jogo para a elite &#8211; n\u00e3o h\u00e1 restri\u00e7\u00f5es sobre quem pode...","_links":{"self":[{"href":"https:\/\/rocketplay-slot.com\/pt-br\/wp-json\/wp\/v2\/pages\/2157","targetHints":{"allow":["GET"]}}],"collection":[{"href":"https:\/\/rocketplay-slot.com\/pt-br\/wp-json\/wp\/v2\/pages"}],"about":[{"href":"https:\/\/rocketplay-slot.com\/pt-br\/wp-json\/wp\/v2\/types\/page"}],"author":[{"embeddable":true,"href":"https:\/\/rocketplay-slot.com\/pt-br\/wp-json\/wp\/v2\/users\/1"}],"replies":[{"embeddable":true,"href":"https:\/\/rocketplay-slot.com\/pt-br\/wp-json\/wp\/v2\/comments?post=2157"}],"version-history":[{"count":4,"href":"https:\/\/rocketplay-slot.com\/pt-br\/wp-json\/wp\/v2\/pages\/2157\/revisions"}],"predecessor-version":[{"id":2209,"href":"https:\/\/rocketplay-slot.com\/pt-br\/wp-json\/wp\/v2\/pages\/2157\/revisions\/2209"}],"wp:attachment":[{"href":"https:\/\/rocketplay-slot.com\/pt-br\/wp-json\/wp\/v2\/media?parent=2157"}],"curies":[{"name":"wp","href":"https:\/\/api.w.org\/{rel}","templated":true}]}}