{"id":2162,"date":"2022-09-30T15:12:17","date_gmt":"2022-09-30T12:12:17","guid":{"rendered":"https:\/\/rocketplay-slot.com\/black-wolf\/"},"modified":"2022-11-03T01:10:38","modified_gmt":"2022-11-02T22:10:38","slug":"black-wolf","status":"publish","type":"page","link":"https:\/\/rocketplay-slot.com\/pt-br\/black-wolf\/","title":{"rendered":"Lobo Negro: Segure e Ganhe"},"content":{"rendered":"<p><img loading=\"lazy\" decoding=\"async\" class=\"size-medium wp-image-421 alignleft\" src=\"https:\/\/rocketplay-slot.com\/wp-content\/uploads\/2022\/09\/black-wolf-hold-and-win-300x300.png\" alt=\"Black Wolf hold and win\" width=\"300\" height=\"300\" srcset=\"https:\/\/rocketplay-slot.com\/wp-content\/uploads\/2022\/09\/black-wolf-hold-and-win-300x300.png 300w, https:\/\/rocketplay-slot.com\/wp-content\/uploads\/2022\/09\/black-wolf-hold-and-win-150x150.png 150w, https:\/\/rocketplay-slot.com\/wp-content\/uploads\/2022\/09\/black-wolf-hold-and-win.png 425w\" sizes=\"auto, (max-width: 300px) 100vw, 300px\" \/><\/p>\n<p>Ap\u00f3s seu lan\u00e7amento no final de 2021, o ca\u00e7a-n\u00edqueis online Rocket Play Black Wolf fez um verdadeiro sucesso entre as comunidades de jogos de azar e ganhou mais ou menos popularidade. Milhares de usu\u00e1rios notam suas altas caracter\u00edsticas tecnol\u00f3gicas e fun\u00e7\u00f5es incr\u00edveis. Os desenvolvedores do slot, a empresa Booongo, realmente deram o seu melhor e criaram um projeto mega legal.<\/p>\n<p>Para saber mais sobre esta novidade de jogo, oferecemos-lhe a revis\u00e3o do slot Rocket Play Black Wolf. Apenas informa\u00e7\u00f5es \u00fateis e verificadas, fatos interessantes e dicas \u00fateis. Fique conosco e saiba mais!<\/p>\n<h2>UMA INTRODU\u00c7\u00c3O AO LOBO NEGRO<\/h2>\n<p>Para que voc\u00ea conhe\u00e7a o slot Rocket Play Black Wolf com o m\u00e1ximo de sucesso e lucratividade poss\u00edvel, sugerimos que voc\u00ea se familiarize com as principais caracter\u00edsticas do jogo.<\/p>\n<table border=\"0\" cellspacing=\"0\" cellpadding=\"0\">\n<tbody>\n<tr>\n<td><strong>Desenvolvedora<\/strong><\/td>\n<td><b>Booongo<\/b><\/td>\n<\/tr>\n<tr>\n<td>Data de aparecimento<\/td>\n<td>2021<\/td>\n<\/tr>\n<tr>\n<td>Linhas<\/td>\n<td>25<\/td>\n<\/tr>\n<tr>\n<td>Rodas<\/td>\n<td>5<\/td>\n<\/tr>\n<tr>\n<td>Linhas<\/td>\n<td>4<\/td>\n<\/tr>\n<tr>\n<td>B\u00f4nus<\/td>\n<td>Rodadas gr\u00e1tis do ca\u00e7a-n\u00edqueis Rocket Play Black Wolf;<\/p>\n<p>rodada de b\u00f4nus<\/p>\n<p>Multijogador<\/td>\n<\/tr>\n<tr>\n<td>RTP<\/td>\n<td>95.65%<\/td>\n<\/tr>\n<tr>\n<td>Reprodu\u00e7\u00e3o autom\u00e1tica<\/td>\n<td>+<\/td>\n<\/tr>\n<tr>\n<td>Sinais especiais<\/td>\n<td>Dispers\u00e3o<\/p>\n<p>Selvagem<\/td>\n<\/tr>\n<tr>\n<td>Diapas\u00e3o de apostas<\/td>\n<td>0.25-60 BRL<\/td>\n<\/tr>\n<\/tbody>\n<\/table>\n<p>&nbsp;<\/p>\n<p>Qualquer jogador n\u00e3o ficar\u00e1 indiferente aos pagamentos incr\u00edveis e aventuras emocionantes que o aguardam aqui.<\/p>\n<p>H\u00e1 uma s\u00e9rie de b\u00f4nus bastante s\u00f3lida aqui. Se os jogadores n\u00e3o forem mais surpreendidos por tentativas gratuitas adicionais ou s\u00edmbolos especiais de dispers\u00e3o, os desenvolvedores do jogo esconderam mais alguns truques nas mangas. Multiplayer e uma mini-rodada adicional certamente n\u00e3o deixar\u00e3o voc\u00ea sem impress\u00f5es. Super oportunidades para ganhos incr\u00edveis! Mesmo com uma aposta m\u00ednima de apenas 25 centavos, voc\u00ea pode obter um pr\u00eamio muito bom.<\/p>\n<h2>JOGABILIDADE E CARACTER\u00cdSTICAS<\/h2>\n<p>Tendo estudado o jogo, voc\u00ea pode notar muitos pontos positivos que o tornam t\u00e3o bem-sucedido entre os usu\u00e1rios. Aqui est\u00e1 uma jogabilidade extremamente conveniente e r\u00e1pida. Tudo \u00e9 intuitivo. Mesmo um iniciante que est\u00e1 lidando com slots pela primeira vez precisar\u00e1 apenas de alguns minutos para se familiarizar e aprender as fun\u00e7\u00f5es do menu principal.<\/p>\n<p>O design do slot \u00e9 visualmente agrad\u00e1vel. Ao fundo, os jogadores veem a natureza inacredit\u00e1vel e o crep\u00fasculo nas montanhas. De acordo com o tema, as combina\u00e7\u00f5es vencedoras consistem em imagens tem\u00e1ticas de animais. Aqui s\u00e3o apresentados:<\/p>\n<ul>\n<li>Alce;<\/li>\n<li>Lobo (selvagem);<\/li>\n<li>Ca\u00e7adora de mulheres (skatista);<\/li>\n<li>Lince;<\/li>\n<li>\u00c1guia;<\/li>\n<li>Coruja.<\/li>\n<\/ul>\n<p>Al\u00e9m das imagens tem\u00e1ticas, h\u00e1 tamb\u00e9m os s\u00edmbolos usuais do baralho de cartas.<\/p>\n<p>Existem duas op\u00e7\u00f5es de jogo aqui:<\/p>\n<ul>\n<li>Dinheiro real do ca\u00e7a-n\u00edqueis Rocket Play Black Wolf;<\/li>\n<li>Rocket Play Black Wolf ca\u00e7a-n\u00edqueis gr\u00e1tis.<\/li>\n<\/ul>\n<p>Ambos os m\u00e9todos possuem regras e condi\u00e7\u00f5es id\u00eanticas, exceto pelo componente financeiro na vers\u00e3o demo. As apostas s\u00e3o feitas em fundos virtuais e, portanto, os ganhos s\u00e3o recebidos na mesma moeda. Em qualquer modo, os jogadores podem usar a reprodu\u00e7\u00e3o autom\u00e1tica.<\/p>\n<p><img loading=\"lazy\" decoding=\"async\" class=\"aligncenter wp-image-422 size-full\" style=\"text-align: center; font-family: var(--global-body-font-family); letter-spacing: 0em;\" src=\"https:\/\/rocketplay-slot.com\/wp-content\/uploads\/2022\/09\/black-wolf-slot.png\" alt=\"Black Wolf slot\" width=\"1280\" height=\"720\" srcset=\"https:\/\/rocketplay-slot.com\/wp-content\/uploads\/2022\/09\/black-wolf-slot.png 1280w, https:\/\/rocketplay-slot.com\/wp-content\/uploads\/2022\/09\/black-wolf-slot-300x169.png 300w, https:\/\/rocketplay-slot.com\/wp-content\/uploads\/2022\/09\/black-wolf-slot-1024x576.png 1024w, https:\/\/rocketplay-slot.com\/wp-content\/uploads\/2022\/09\/black-wolf-slot-768x432.png 768w\" sizes=\"auto, (max-width: 1280px) 100vw, 1280px\" \/><\/p>\n<h2>COMO GANHAR NO BLACK WOLF E RECEBER RODADAS GR\u00c1TIS<\/h2>\n<p>Para maximizar suas chances de ganhar e de ganhos bem pagos, voc\u00ea precisa usar todos os b\u00f4nus e recursos adicionais. Primeiro, selvagem \u2014 a imagem de um lobo \u2014 ser\u00e1 \u00fatil. Ele substitui qualquer outro s\u00edmbolo, exceto a dispers\u00e3o. Isso permite que voc\u00ea fa\u00e7a a combina\u00e7\u00e3o vencedora com o pagamento mais alto o mais r\u00e1pido poss\u00edvel.<\/p>\n<p>Em segundo lugar, depois de coletar 3 scatters, o jogador recebe 8 rodadas extras gr\u00e1tis. Isso idealmente aumenta as chances de ganhar, pois quanto mais tentativas, maior a probabilidade de que uma delas seja bem-sucedida.<\/p>\n<h2>Perguntas frequentes<\/h2>\n<h3>COMO GANHAR O JOGO E RECEBER O M\u00c1XIMO DE PAGAMENTOS?<\/h3>\n<p>Use todas as oportunidades e ofertas de b\u00f4nus que o ajudar\u00e3o a se tornar um vencedor. Wilds substituem outros \u00edcones, o que permite obter a combina\u00e7\u00e3o desejada mais rapidamente. Scatters desbloqueiam rodadas gr\u00e1tis adicionais. H\u00e1 tamb\u00e9m uma rodada adicional, gra\u00e7as \u00e0 qual suas chances de ganhar tamb\u00e9m aumentam significativamente.<\/p>\n<h3>POSSO JOGAR DE GRA\u00c7A?<\/h3>\n<p>Sim, gra\u00e7as \u00e0 vers\u00e3o demo gratuita, voc\u00ea pode jogar com moedas virtuais. Para isso, voc\u00ea n\u00e3o precisa fazer dep\u00f3sitos nem mesmo se tornar um cliente oficial do portal.<\/p>\n<h3>QUAL \u00c9 A APOSTA MAIS BAIXA QUE POSSO FAZER?<\/h3>\n<p>A gama de taxas \u00e9 muito grande. O menor valor que pode ser apostado em uma rodada \u00e9 de apenas 25 centavos.<\/p>\n<p><strong>Leia tamb\u00e9m sobre:<\/strong><\/p>\n<ul>\n<li><a href=\"https:\/\/rocketplay-slot.com\/buffalo-power-hold-and-win\/\">Buffalo Power Hold And Win<\/a><\/li>\n<li><a href=\"https:\/\/rocketplay-slot.com\/magic-spins\/\">Magic Spins<\/a><\/li>\n<\/ul>\n","protected":false},"excerpt":{"rendered":"<p>Ap\u00f3s seu lan\u00e7amento no final de 2021, o ca\u00e7a-n\u00edqueis online Rocket Play Black Wolf fez um verdadeiro sucesso entre as comunidades de jogos de azar e ganhou mais ou menos popularidade. Milhares de usu\u00e1rios notam suas altas caracter\u00edsticas tecnol\u00f3gicas e fun\u00e7\u00f5es incr\u00edveis. Os desenvolvedores do slot, a empresa Booongo, realmente deram o seu melhor e&#8230;<\/p>\n","protected":false},"author":1,"featured_media":0,"parent":0,"menu_order":0,"comment_status":"closed","ping_status":"closed","template":"","meta":{"_acf_changed":false,"_kad_post_transparent":"default","_kad_post_title":"default","_kad_post_layout":"default","_kad_post_sidebar_id":"","_kad_post_content_style":"default","_kad_post_vertical_padding":"default","_kad_post_feature":"","_kad_post_feature_position":"","_kad_post_header":false,"_kad_post_footer":false,"footnotes":""},"class_list":["post-2162","page","type-page","status-publish","hentry"],"acf":[],"rttpg_featured_image_url":null,"rttpg_author":{"display_name":"Elvis","author_link":"https:\/\/rocketplay-slot.com\/pt-br\/author\/pemvas95n89x\/"},"rttpg_comment":0,"rttpg_category":null,"rttpg_excerpt":"Ap\u00f3s seu lan\u00e7amento no final de 2021, o ca\u00e7a-n\u00edqueis online Rocket Play Black Wolf fez um verdadeiro sucesso entre as comunidades de jogos de azar e ganhou mais ou menos popularidade. Milhares de usu\u00e1rios notam suas altas caracter\u00edsticas tecnol\u00f3gicas e fun\u00e7\u00f5es incr\u00edveis. Os desenvolvedores do slot, a empresa Booongo, realmente deram o seu melhor e...","_links":{"self":[{"href":"https:\/\/rocketplay-slot.com\/pt-br\/wp-json\/wp\/v2\/pages\/2162","targetHints":{"allow":["GET"]}}],"collection":[{"href":"https:\/\/rocketplay-slot.com\/pt-br\/wp-json\/wp\/v2\/pages"}],"about":[{"href":"https:\/\/rocketplay-slot.com\/pt-br\/wp-json\/wp\/v2\/types\/page"}],"author":[{"embeddable":true,"href":"https:\/\/rocketplay-slot.com\/pt-br\/wp-json\/wp\/v2\/users\/1"}],"replies":[{"embeddable":true,"href":"https:\/\/rocketplay-slot.com\/pt-br\/wp-json\/wp\/v2\/comments?post=2162"}],"version-history":[{"count":3,"href":"https:\/\/rocketplay-slot.com\/pt-br\/wp-json\/wp\/v2\/pages\/2162\/revisions"}],"predecessor-version":[{"id":2166,"href":"https:\/\/rocketplay-slot.com\/pt-br\/wp-json\/wp\/v2\/pages\/2162\/revisions\/2166"}],"wp:attachment":[{"href":"https:\/\/rocketplay-slot.com\/pt-br\/wp-json\/wp\/v2\/media?parent=2162"}],"curies":[{"name":"wp","href":"https:\/\/api.w.org\/{rel}","templated":true}]}}