{"id":2170,"date":"2022-09-30T13:41:51","date_gmt":"2022-09-30T10:41:51","guid":{"rendered":"https:\/\/rocketplay-slot.com\/bonus\/loyalty-program\/"},"modified":"2024-02-08T18:28:11","modified_gmt":"2024-02-08T15:28:11","slug":"loyalty-program","status":"publish","type":"page","link":"https:\/\/rocketplay-slot.com\/pt-br\/bonus\/loyalty-program\/","title":{"rendered":"Programa de fidelidade RocketPlay"},"content":{"rendered":"<p>A melhor coisa que voc\u00ea pode pensar para os clientes de estabelecimentos de jogos de azar \u00e9 criar um programa exclusivo com brindes e incentivos. \u00c9 muito motivador e estimulante dedicar o m\u00e1ximo de tempo poss\u00edvel \u00e0 sua atividade favorita. Tamb\u00e9m ajuda a n\u00e3o perder a f\u00e9 na vit\u00f3ria, a n\u00e3o ficar t\u00e3o chateado com os fracassos, e a aumentar as chances de vit\u00f3ria.<\/p>\n<h2>O QUE S\u00c3O OS PROGRAMAS DE FIDELIDADE DO CASINO?<\/h2>\n<p>A primeira coisa a entender \u00e9 descobrir o que \u00e9 um programa de fidelidade. Tamb\u00e9m vale a pena investigar todos os privil\u00e9gios do programa de fidelidade Rocket Play e entender o que o torna \u00fanico e atraente.<\/p>\n<p>O programa de fidelidade \u00e9 uma oportunidade adicional de receber b\u00f4nus, pr\u00eamios, recompensas ou cashback. No caso desta institui\u00e7\u00e3o, \u00e9 uma chance de devolver uma certa quantia de fundos usados para apostas. De acordo com os termos do reembolso, os apostadores podem receber de 10 a 15% do valor gasto em ca\u00e7a-n\u00edqueis e jogos ao vivo.<\/p>\n<p><img loading=\"lazy\" decoding=\"async\" class=\"aligncenter wp-image-4156\" src=\"https:\/\/rocketplay-slot.com\/wp-content\/uploads\/2024\/02\/2222.png\" alt=\"Programa de fidelidade RocketPlay\" width=\"800\" height=\"193\" srcset=\"https:\/\/rocketplay-slot.com\/wp-content\/uploads\/2024\/02\/2222.png 1213w, https:\/\/rocketplay-slot.com\/wp-content\/uploads\/2024\/02\/2222-300x72.png 300w, https:\/\/rocketplay-slot.com\/wp-content\/uploads\/2024\/02\/2222-1024x247.png 1024w, https:\/\/rocketplay-slot.com\/wp-content\/uploads\/2024\/02\/2222-768x185.png 768w\" sizes=\"auto, (max-width: 800px) 100vw, 800px\" \/><\/p>\n<h2>PRINCIPAIS BENEF\u00cdCIOS DOS PROGRAMAS DE FIDELIDADE ROCKET PLAY CASINO<\/h2>\n<p>Os principais benef\u00edcios do programa de fidelidade do cassino online Rocket Play s\u00e3o a capacidade de devolver \u00e0 sua conta uma certa porcentagem dos fundos gastos em apostas. Esta \u00e9 uma oferta \u00fanica que cuida do seu or\u00e7amento e oferece oportunidades adicionais para ainda mais apostas e ganhos, respectivamente.<\/p>\n<p>A institui\u00e7\u00e3o oferece aos seus clientes dois tipos de programas de fidelidade. No entanto, todos eles se referem \u00e0 devolu\u00e7\u00e3o de fundos gastos. Apenas o valor do cashback e as condi\u00e7\u00f5es para receb\u00ea-lo diferem.<\/p>\n<ul>\n<li>At\u00e9 15% dos fundos gastos em slots, que s\u00e3o acumulados todas as segundas-feiras e s\u00e3o v\u00e1lidos por 3 dias;<\/li>\n<li>At\u00e9 10% de reembolso em jogos ao vivo s\u00e3o creditados todas as quintas-feiras.<\/li>\n<\/ul>\n<p>A quantidade de dinheiro que ser\u00e1 devolvida ao cliente depende do seu status de jogo. Quanto maior, maior a quantidade. Portanto, vale a pena ser um usu\u00e1rio ativo e reabastecer constantemente a conta. Observe que apenas fundos reais s\u00e3o calculados e b\u00f4nus ou ganhos n\u00e3o s\u00e3o levados em considera\u00e7\u00e3o. No dia apropriado (segunda ou quinta-feira), todo o procedimento de devolu\u00e7\u00e3o do cashback ocorre automaticamente. O valor m\u00e1ximo de reembolso \u00e9 de 5.000 euros ou 8.000 d\u00f3lares brasileiros.<\/p>\n<h2>COMO SER ELEG\u00cdVEL PARA UM PROGRAMA DE FIDELIDADE DE CASINO?<\/h2>\n<p>Para se inscrever no programa de fidelidade do cassino Rocket Play Brasil, voc\u00ea deve cumprir todos os termos e condi\u00e7\u00f5es para conceder b\u00f4nus. Neste caso, \u00e9 um ac\u00famulo de cashback. Primeiro, voc\u00ea deve ser um cliente oficialmente registrado do portal e ter sua pr\u00f3pria conta e conta de jogo. Em segundo lugar, voc\u00ea precisa fazer dep\u00f3sitos em sua conta. Em terceiro lugar, \u00e9 necess\u00e1rio fazer apostas usando um or\u00e7amento real. Afinal, \u00e9 desses fundos que ser\u00e1 deduzido o valor da restitui\u00e7\u00e3o.<\/p>\n<h2>CONCLUS\u00c3O<\/h2>\n<p>Resumindo o exposto, podemos concluir que para os clientes oficiais do portal o melhor programa de fidelidade do cassino Rocket Play \u00e9 uma oferta incr\u00edvel que ajudar\u00e1 a devolver parte dos fundos gastos. Voc\u00ea pode obter at\u00e9 15% de reembolso em apostas de ca\u00e7a-n\u00edqueis e at\u00e9 10% em gastos com entretenimento ao vivo. Aumente o status do seu jogo e obtenha retornos m\u00e1ximos. O valor \u00e9 calculado e creditado na conta do jogo automaticamente todas as segundas e quintas-feiras.<\/p>\n<p><strong>Leia tamb\u00e9m sobre:<\/strong><\/p>\n<ul>\n<li><a href=\"https:\/\/rocketplay-slot.com\/bonus\/regular-bonuses\/\">Regular Bonuses<\/a><\/li>\n<li><a href=\"https:\/\/rocketplay-slot.com\/bonus\/vip-program\/\">VIP program<\/a><\/li>\n<\/ul>\n","protected":false},"excerpt":{"rendered":"<p>A melhor coisa que voc\u00ea pode pensar para os clientes de estabelecimentos de jogos de azar \u00e9 criar um programa exclusivo com brindes e incentivos. \u00c9 muito motivador e estimulante dedicar o m\u00e1ximo de tempo poss\u00edvel \u00e0 sua atividade favorita. Tamb\u00e9m ajuda a n\u00e3o perder a f\u00e9 na vit\u00f3ria, a n\u00e3o ficar t\u00e3o chateado com&#8230;<\/p>\n","protected":false},"author":1,"featured_media":0,"parent":2167,"menu_order":0,"comment_status":"closed","ping_status":"closed","template":"","meta":{"_acf_changed":false,"_kad_post_transparent":"default","_kad_post_title":"default","_kad_post_layout":"default","_kad_post_sidebar_id":"","_kad_post_content_style":"default","_kad_post_vertical_padding":"default","_kad_post_feature":"","_kad_post_feature_position":"","_kad_post_header":false,"_kad_post_footer":false,"footnotes":""},"class_list":["post-2170","page","type-page","status-publish","hentry"],"acf":[],"rttpg_featured_image_url":null,"rttpg_author":{"display_name":"Elvis","author_link":"https:\/\/rocketplay-slot.com\/pt-br\/author\/pemvas95n89x\/"},"rttpg_comment":0,"rttpg_category":null,"rttpg_excerpt":"A melhor coisa que voc\u00ea pode pensar para os clientes de estabelecimentos de jogos de azar \u00e9 criar um programa exclusivo com brindes e incentivos. \u00c9 muito motivador e estimulante dedicar o m\u00e1ximo de tempo poss\u00edvel \u00e0 sua atividade favorita. Tamb\u00e9m ajuda a n\u00e3o perder a f\u00e9 na vit\u00f3ria, a n\u00e3o ficar t\u00e3o chateado com...","_links":{"self":[{"href":"https:\/\/rocketplay-slot.com\/pt-br\/wp-json\/wp\/v2\/pages\/2170","targetHints":{"allow":["GET"]}}],"collection":[{"href":"https:\/\/rocketplay-slot.com\/pt-br\/wp-json\/wp\/v2\/pages"}],"about":[{"href":"https:\/\/rocketplay-slot.com\/pt-br\/wp-json\/wp\/v2\/types\/page"}],"author":[{"embeddable":true,"href":"https:\/\/rocketplay-slot.com\/pt-br\/wp-json\/wp\/v2\/users\/1"}],"replies":[{"embeddable":true,"href":"https:\/\/rocketplay-slot.com\/pt-br\/wp-json\/wp\/v2\/comments?post=2170"}],"version-history":[{"count":3,"href":"https:\/\/rocketplay-slot.com\/pt-br\/wp-json\/wp\/v2\/pages\/2170\/revisions"}],"predecessor-version":[{"id":4666,"href":"https:\/\/rocketplay-slot.com\/pt-br\/wp-json\/wp\/v2\/pages\/2170\/revisions\/4666"}],"up":[{"embeddable":true,"href":"https:\/\/rocketplay-slot.com\/pt-br\/wp-json\/wp\/v2\/pages\/2167"}],"wp:attachment":[{"href":"https:\/\/rocketplay-slot.com\/pt-br\/wp-json\/wp\/v2\/media?parent=2170"}],"curies":[{"name":"wp","href":"https:\/\/api.w.org\/{rel}","templated":true}]}}