{"id":2174,"date":"2022-09-30T12:39:29","date_gmt":"2022-09-30T09:39:29","guid":{"rendered":"https:\/\/rocketplay-slot.com\/bonus\/regular-bonuses\/"},"modified":"2025-11-24T20:43:14","modified_gmt":"2025-11-24T17:43:14","slug":"regular-bonuses","status":"publish","type":"page","link":"https:\/\/rocketplay-slot.com\/pt-br\/bonus\/regular-bonuses\/","title":{"rendered":"B\u00f4nus regulares RocketPlay"},"content":{"rendered":"<p>\u00c9 legal cooperar com uma institui\u00e7\u00e3o que trabalha para os clientes e faz todo o poss\u00edvel para seu conforto, satisfa\u00e7\u00e3o e benef\u00edcio. \u00c9 por isso que recomendamos que voc\u00ea preste aten\u00e7\u00e3o ao programa de b\u00f4nus do cassino Rocket Play. Esta \u00e9 uma institui\u00e7\u00e3o \u00fanica que \u00e9 famosa por suas generosas doa\u00e7\u00f5es. Muitos clientes s\u00e3o usu\u00e1rios fi\u00e9is deste portal por causa de condi\u00e7\u00f5es de b\u00f4nus t\u00e3o favor\u00e1veis \u200b\u200be uma ampla gama de ofertas.<\/p>\n<h2>TUDO SOBRE B\u00d4NUS REGULARES NO ROCKET PLAY CASINO<\/h2>\n<p>B\u00f4nus de cassino Rocket Play Brasil tem b\u00f4nus regulares que voc\u00ea deve conhecer e aproveitar ao m\u00e1ximo. Como se costuma dizer: &#8220;Confie em Deus, mas tamb\u00e9m fa\u00e7a um esfor\u00e7o voc\u00ea mesmo&#8221;. Portanto, n\u00e3o seja pregui\u00e7oso e continue lendo. Todas as informa\u00e7\u00f5es necess\u00e1rias que voc\u00ea precisa saber sobre b\u00f4nus regulares s\u00e3o coletadas aqui.<\/p>\n<p>Um ponto importante \u00e9 o fato de que para usufruir de todos os b\u00f4nus, ofertas e privil\u00e9gios do portal, voc\u00ea deve ser um cliente registrado oficialmente. Fa\u00e7a um cadastro simples e r\u00e1pido, crie seu perfil e aproveite todos os benef\u00edcios e dividendos.<\/p>\n<p>Al\u00e9m disso, n\u00e3o se esque\u00e7a de recarregar a conta do jogo com o valor m\u00ednimo. Isso abrir\u00e1 o caminho para voc\u00ea n\u00e3o apenas para apostas reais e ganhos m\u00e1ximos, mas tamb\u00e9m para todos os b\u00f4nus poss\u00edveis. Quanto mais ativamente voc\u00ea recarregar sua conta, mais privil\u00e9gios voc\u00ea obt\u00e9m por ela.<\/p>\n<p style=\"text-align: center;\"><img loading=\"lazy\" decoding=\"async\" class=\"aligncenter wp-image-4205\" src=\"https:\/\/rocketplay-slot.com\/wp-content\/uploads\/2024\/02\/32352252.png\" alt=\"bonus RocketPlay\" width=\"800\" height=\"304\" \/><\/p>\n<h2>TIPOS DE B\u00d4NUS DE CASINO<\/h2>\n<p>A institui\u00e7\u00e3o oferece aos seus clientes v\u00e1rios tipos de b\u00f4nus:<\/p>\n<ul>\n<li>\u00c0s sextas-feiras, s\u00e3o rodadas de presentes para sobrecarga;<\/li>\n<li>Todos os domingos, \u00e9 um acr\u00e9scimo de 50% na conta;<\/li>\n<\/ul>\n<p>C\u00f3digos promocionais do Rocket Play.<\/p>\n<p>Todos eles s\u00e3o muito rent\u00e1veis e abrem novas oportunidades para o jogador. No entanto, cada um desses b\u00f4nus exige o cumprimento de certas condi\u00e7\u00f5es. Fique conosco e leia o que \u00e9 necess\u00e1rio para isso.<\/p>\n<p><img loading=\"lazy\" decoding=\"async\" class=\"alignright wp-image-4195\" src=\"https:\/\/rocketplay-slot.com\/wp-content\/uploads\/2024\/02\/333.png\" alt=\"bonus RocketPlay 2\" width=\"600\" height=\"299\" srcset=\"https:\/\/rocketplay-slot.com\/wp-content\/uploads\/2024\/02\/333.png 626w, https:\/\/rocketplay-slot.com\/wp-content\/uploads\/2024\/02\/333-300x150.png 300w\" sizes=\"auto, (max-width: 600px) 100vw, 600px\" \/><\/p>\n<h2>COMO OBTER O B\u00d4NUS DO CASSINO<\/h2>\n<p>Para obter b\u00f4nus, voc\u00ea n\u00e3o precisa fazer nada incomum. Primeiro, voc\u00ea deve ser um cliente registrado oficialmente e ter sua pr\u00f3pria conta e conta pessoal.<\/p>\n<p>Al\u00e9m disso, para receber presentes, voc\u00ea precisa depositar seu pr\u00f3prio dinheiro real na conta do jogo. No entanto, este \u00e9 um neg\u00f3cio como de costume para um jogador. Afinal, para fazer uma aposta e ter a chance de ganhar dinheiro, \u00e9 necess\u00e1rio fazer dep\u00f3sitos. Fa\u00e7a-os corretamente, na hora e na quantidade necess\u00e1ria, e receba presentes adicionais por isso.<\/p>\n<h2>TERMOS E CONDI\u00c7\u00d5ES DE B\u00d4NUS REGULARES<\/h2>\n<p>Para que voc\u00ea entenda melhor todos os benef\u00edcios de receber tais presentes e o que \u00e9 necess\u00e1rio para isso, leia a tabela abaixo. Ele descreve em detalhes todas as informa\u00e7\u00f5es necess\u00e1rias.<\/p>\n<table border=\"0\" cellspacing=\"0\" cellpadding=\"0\">\n<tbody>\n<tr>\n<td><strong>B\u00f4nus<\/strong><\/td>\n<td><strong>Condi\u00e7\u00f5es<\/strong><\/td>\n<\/tr>\n<tr>\n<td>Sexta-feira Recarregar<\/td>\n<td>Se na sexta-feira voc\u00ea reabastecer a conta do jogo em pelo menos o valor m\u00ednimo (20 EUR ou 30 BRL), receber\u00e1 rodadas gr\u00e1tis do Rocket Play no valor equivalente \u00e0 sua contribui\u00e7\u00e3o (20, 50 ou 100).<\/td>\n<\/tr>\n<tr>\n<td>oferta de domingo<\/td>\n<td>Se no domingo voc\u00ea reabastecer a conta do jogo em pelo menos o valor m\u00ednimo (20 EUR ou 30 BRL), receber\u00e1 um adicional de 50% do valor depositado.<\/td>\n<\/tr>\n<tr>\n<td>C\u00f3digos de b\u00f4nus Rocket Play (promo)<\/td>\n<td>Recarregue sua conta com um valor de 350 euros ou 300 BRL e insira o c\u00f3digo promocional especial HIGHROLLER na janela de checkout. Para isso, voc\u00ea receber\u00e1 um adicional de 50% do valor depositado.<\/td>\n<\/tr>\n<\/tbody>\n<\/table>\n<p>Como voc\u00ea pode ver, as condi\u00e7\u00f5es s\u00e3o bastante simples, mas os presentes s\u00e3o extremamente lucrativos. Voc\u00ea faz dep\u00f3sitos de qualquer maneira, ent\u00e3o fa\u00e7a-os corretamente e no prazo. N\u00e3o demore porque ganhos loucos j\u00e1 est\u00e3o esperando por voc\u00ea!<\/p>\n<h2>Perguntas frequentes<\/h2>\n<h3>QUAIS S\u00c3O OS B\u00d4NUS REGULARES PARA JOGADORES?<\/h3>\n<p>H\u00e1 b\u00f4nus semanais para clientes do portal &#8211; \u00e0s quartas-feiras h\u00e1 brindes para recarga e, todos os domingos, voc\u00ea pode obter um adicional de 50% do dep\u00f3sito. Voc\u00ea tamb\u00e9m pode usar um c\u00f3digo promocional especial e, sujeito a certas condi\u00e7\u00f5es, obter mais 50% de desconto em sua conta.<\/p>\n<h3>O QUE VOC\u00ca PRECISA PARA GANHAR B\u00d4NUS?<\/h3>\n<p>As 2 condi\u00e7\u00f5es mais importantes que devem ser cumpridas para receber b\u00f4nus s\u00e3o: ser um cliente oficialmente registrado e depositar periodicamente seus pr\u00f3prios fundos reais na conta do jogo.<\/p>\n<h3>UM JOGADOR PODE RECEBER TODOS OS B\u00d4NUS DE UMA VEZ?<\/h3>\n<p>Sim. Cada cliente pode receber absolutamente todos os tipos de b\u00f4nus apresentados.<\/p>\n<p><strong>Leia tamb\u00e9m sobre:<\/strong><\/p>\n<ul>\n<li><a href=\"https:\/\/rocketplay-slot.com\/bonus\/welcome-offer\/\">Welcome Offer<\/a><\/li>\n<li><a href=\"https:\/\/rocketplay-slot.com\/bonus\/vip-program\/\">VIP Program<\/a><\/li>\n<\/ul>\n","protected":false},"excerpt":{"rendered":"<p>\u00c9 legal cooperar com uma institui\u00e7\u00e3o que trabalha para os clientes e faz todo o poss\u00edvel para seu conforto, satisfa\u00e7\u00e3o e benef\u00edcio. \u00c9 por isso que recomendamos que voc\u00ea preste aten\u00e7\u00e3o ao programa de b\u00f4nus do cassino Rocket Play. Esta \u00e9 uma institui\u00e7\u00e3o \u00fanica que \u00e9 famosa por suas generosas doa\u00e7\u00f5es. Muitos clientes s\u00e3o usu\u00e1rios&#8230;<\/p>\n","protected":false},"author":1,"featured_media":0,"parent":2167,"menu_order":0,"comment_status":"closed","ping_status":"closed","template":"","meta":{"_acf_changed":false,"_kad_post_transparent":"default","_kad_post_title":"default","_kad_post_layout":"default","_kad_post_sidebar_id":"","_kad_post_content_style":"default","_kad_post_vertical_padding":"default","_kad_post_feature":"","_kad_post_feature_position":"","_kad_post_header":false,"_kad_post_footer":false,"footnotes":""},"class_list":["post-2174","page","type-page","status-publish","hentry"],"acf":[],"rttpg_featured_image_url":null,"rttpg_author":{"display_name":"Elvis","author_link":"https:\/\/rocketplay-slot.com\/pt-br\/author\/pemvas95n89x\/"},"rttpg_comment":0,"rttpg_category":null,"rttpg_excerpt":"\u00c9 legal cooperar com uma institui\u00e7\u00e3o que trabalha para os clientes e faz todo o poss\u00edvel para seu conforto, satisfa\u00e7\u00e3o e benef\u00edcio. \u00c9 por isso que recomendamos que voc\u00ea preste aten\u00e7\u00e3o ao programa de b\u00f4nus do cassino Rocket Play. Esta \u00e9 uma institui\u00e7\u00e3o \u00fanica que \u00e9 famosa por suas generosas doa\u00e7\u00f5es. Muitos clientes s\u00e3o usu\u00e1rios...","_links":{"self":[{"href":"https:\/\/rocketplay-slot.com\/pt-br\/wp-json\/wp\/v2\/pages\/2174","targetHints":{"allow":["GET"]}}],"collection":[{"href":"https:\/\/rocketplay-slot.com\/pt-br\/wp-json\/wp\/v2\/pages"}],"about":[{"href":"https:\/\/rocketplay-slot.com\/pt-br\/wp-json\/wp\/v2\/types\/page"}],"author":[{"embeddable":true,"href":"https:\/\/rocketplay-slot.com\/pt-br\/wp-json\/wp\/v2\/users\/1"}],"replies":[{"embeddable":true,"href":"https:\/\/rocketplay-slot.com\/pt-br\/wp-json\/wp\/v2\/comments?post=2174"}],"version-history":[{"count":3,"href":"https:\/\/rocketplay-slot.com\/pt-br\/wp-json\/wp\/v2\/pages\/2174\/revisions"}],"predecessor-version":[{"id":4656,"href":"https:\/\/rocketplay-slot.com\/pt-br\/wp-json\/wp\/v2\/pages\/2174\/revisions\/4656"}],"up":[{"embeddable":true,"href":"https:\/\/rocketplay-slot.com\/pt-br\/wp-json\/wp\/v2\/pages\/2167"}],"wp:attachment":[{"href":"https:\/\/rocketplay-slot.com\/pt-br\/wp-json\/wp\/v2\/media?parent=2174"}],"curies":[{"name":"wp","href":"https:\/\/api.w.org\/{rel}","templated":true}]}}