{"id":2178,"date":"2022-09-30T14:05:28","date_gmt":"2022-09-30T11:05:28","guid":{"rendered":"https:\/\/rocketplay-slot.com\/bonus\/vip-program\/"},"modified":"2025-11-24T20:41:50","modified_gmt":"2025-11-24T17:41:50","slug":"vip-program","status":"publish","type":"page","link":"https:\/\/rocketplay-slot.com\/pt-br\/bonus\/vip-program\/","title":{"rendered":"Programa VIP RocketPlay"},"content":{"rendered":"<p>Apenas os estabelecimentos de jogo de elite podem se orgulhar de ter um sistema de incentivo especial para os clientes. Se voc\u00ea escolheu esta institui\u00e7\u00e3o para coopera\u00e7\u00e3o, ent\u00e3o voc\u00ea fez a escolha certa porque os clientes ativos aqui est\u00e3o esperando pelo melhor programa VIP do cassino Rocket Play e b\u00f4nus e presentes constantes para aumentar o status do jogo. Vamos descobrir o que exatamente \u00e9 este programa e quais os benef\u00edcios que ele oferece. Fique conosco e saiba mais!<\/p>\n<h2>O QUE \u00c9 O PROGRAMA VIP NO ROCKET PLAY CASINO?<\/h2>\n<p>O programa VIP do cassino Rocket Play \u00e9 uma oferta \u00fanica que oferece a oportunidade de aumentar o status do jogo. Quanto maior esse status, melhores as condi\u00e7\u00f5es de coopera\u00e7\u00e3o e mais valiosos presentes e b\u00f4nus. H\u00e1 10 n\u00edveis no total. O primeiro deles \u00e9 o ferro, que o jogador recebe assim que conclui com sucesso o processo de registro.<\/p>\n<p>Em seguida, voc\u00ea precisa ganhar Comp Points &#8211; pontos virtuais, cuja acumula\u00e7\u00e3o melhorar\u00e1 seu status. O primeiro n\u00edvel \u00e9 bronze e, quando voc\u00ea o alcan\u00e7a, voc\u00ea recebe 10 rodadas gr\u00e1tis nos melhores ca\u00e7a-n\u00edqueis. O status mais alto \u00e9 Diamond Legend. Ele abre benef\u00edcios incr\u00edveis para o jogador &#8211; o retorno de 15% de cashback semanal, bem como at\u00e9 15 mil euros ou 22,5 mil d\u00f3lares brasileiros em um b\u00f4nus sem dep\u00f3sito.<\/p>\n<p>As condi\u00e7\u00f5es de ac\u00famulo de Pontos Comp s\u00e3o muito simples. Eles s\u00e3o creditados automaticamente em uma conta de jogo especial para cada aposta feita com dinheiro real. O equivalente de acumula\u00e7\u00e3o \u00e9 de 1 moeda virtual para cada \u20ac 20\/30 BRL gastos em uma aposta.<\/p>\n<p><img loading=\"lazy\" decoding=\"async\" class=\"aligncenter wp-image-4215\" src=\"https:\/\/rocketplay-slot.com\/wp-content\/uploads\/2024\/02\/r3463463.png\" alt=\"VIP RocketPlay\" width=\"1000\" height=\"333\" srcset=\"https:\/\/rocketplay-slot.com\/wp-content\/uploads\/2024\/02\/r3463463.png 1568w, https:\/\/rocketplay-slot.com\/wp-content\/uploads\/2024\/02\/r3463463-300x100.png 300w, https:\/\/rocketplay-slot.com\/wp-content\/uploads\/2024\/02\/r3463463-1024x341.png 1024w, https:\/\/rocketplay-slot.com\/wp-content\/uploads\/2024\/02\/r3463463-768x256.png 768w, https:\/\/rocketplay-slot.com\/wp-content\/uploads\/2024\/02\/r3463463-1536x511.png 1536w\" sizes=\"auto, (max-width: 1000px) 100vw, 1000px\" \/><\/p>\n<h2>BENEF\u00cdCIOS DE SER VIP EM UM CASINO ROCKET PLAY<\/h2>\n<p>Os benef\u00edcios do programa VIP do cassino Rocket Play Brasil s\u00e3o \u00f3bvios. Cada novo status trar\u00e1 melhores condi\u00e7\u00f5es de coopera\u00e7\u00e3o e b\u00f4nus mais rent\u00e1veis. Claro, tudo depende do status, mas mesmo depois de ganhar os primeiros n\u00edveis, o jogador ficar\u00e1 feliz em receber incentivos adicionais. Dependendo do n\u00edvel, \u00e9:<\/p>\n<ul>\n<li>Rodadas gr\u00e1tis adicionais em slots (de 10 para um n\u00edvel Bronze a 300 para Silver Legend);<\/li>\n<li>Cashback (de 3% para Silver a 15% para Diamond Legend);<\/li>\n<li>B\u00f4nus sem dep\u00f3sito (de \u20ac 1,5 mil\/BRL $ 2,3 mil para Gold Legend a \u20ac 15 mil\/BRL $ 22,5 mil para Diamond Legend).<\/li>\n<\/ul>\n<p>Como voc\u00ea pode ver, os termos e benef\u00edcios s\u00e3o ainda melhores do que voc\u00ea pode imaginar. Al\u00e9m disso, para aumentar o status, voc\u00ea n\u00e3o precisa fazer nada de especial &#8211; apenas reabastecer sua pr\u00f3pria conta e fazer apostas no or\u00e7amento real. No entanto, a ess\u00eancia do jogo \u00e9 esta. Fa\u00e7a a\u00e7\u00f5es habituais e obtenha dividendos por isso.<\/p>\n<h2>PR\u00d3S E CONTRAS<\/h2>\n<p>O programa vip do cassino online Rocket Play tem suas in\u00fameras vantagens e desvantagens menores, que por uma quest\u00e3o de justi\u00e7a, devem ser observadas.<\/p>\n<table border=\"0\" cellspacing=\"0\" cellpadding=\"0\">\n<tbody>\n<tr>\n<td><strong>Pr\u00f3s<\/strong><\/td>\n<td><strong>Contras<\/strong><\/td>\n<\/tr>\n<tr>\n<td>Lan\u00e7amentos gr\u00e1tis nos TOP pokies<\/td>\n<td>Limite de tempo para b\u00f4nus (5 dias)<\/td>\n<\/tr>\n<tr>\n<td>Reembolso de 3% a 15%<\/td>\n<td>O processo de alcan\u00e7ar cada novo n\u00edvel \u00e9 bastante longo<\/td>\n<\/tr>\n<tr>\n<td>B\u00f4nus sem dep\u00f3sito<\/td>\n<td><\/td>\n<\/tr>\n<\/tbody>\n<\/table>\n<p>Pequenos inconvenientes ainda n\u00e3o anulam os incr\u00edveis benef\u00edcios que o cliente do portal recebe a cada novo n\u00edvel.<\/p>\n<h2>Perguntas frequentes<\/h2>\n<h3>COMO OBTER UM NOVO N\u00cdVEL DE JOGO?<\/h3>\n<p>Para fazer isso, \u00e9 necess\u00e1rio reabastecer a conta com fundos reais e fazer apostas usando esse capital.<\/p>\n<h3>O QUE RECEBO QUANDO ALCAN\u00c7AR O N\u00cdVEL M\u00c1XIMO VIP?<\/h3>\n<p>Nesse caso, voc\u00ea receber\u00e1 15% de reembolso e uma quantidade significativa de b\u00f4nus sem dep\u00f3sito.<\/p>\n<h3>COMO GANHAR 1 MOEDA VIRTUAL?<\/h3>\n<p>Cada novo ponto \u00e9 creditado ap\u00f3s o ambler fazer uma aposta de \u20ac 20 ou 30 BRL.<\/p>\n<p>Leia tamb\u00e9m sobre:<\/p>\n<ul>\n<li><a href=\"https:\/\/rocketplay-slot.com\/bonus\/welcome-offer\/\">Welcome Offer<\/a><\/li>\n<\/ul>\n","protected":false},"excerpt":{"rendered":"<p>Apenas os estabelecimentos de jogo de elite podem se orgulhar de ter um sistema de incentivo especial para os clientes. Se voc\u00ea escolheu esta institui\u00e7\u00e3o para coopera\u00e7\u00e3o, ent\u00e3o voc\u00ea fez a escolha certa porque os clientes ativos aqui est\u00e3o esperando pelo melhor programa VIP do cassino Rocket Play e b\u00f4nus e presentes constantes para aumentar&#8230;<\/p>\n","protected":false},"author":1,"featured_media":0,"parent":2167,"menu_order":0,"comment_status":"closed","ping_status":"closed","template":"","meta":{"_acf_changed":false,"_kad_post_transparent":"default","_kad_post_title":"default","_kad_post_layout":"default","_kad_post_sidebar_id":"","_kad_post_content_style":"default","_kad_post_vertical_padding":"default","_kad_post_feature":"","_kad_post_feature_position":"","_kad_post_header":false,"_kad_post_footer":false,"footnotes":""},"class_list":["post-2178","page","type-page","status-publish","hentry"],"acf":[],"rttpg_featured_image_url":null,"rttpg_author":{"display_name":"Elvis","author_link":"https:\/\/rocketplay-slot.com\/pt-br\/author\/pemvas95n89x\/"},"rttpg_comment":0,"rttpg_category":null,"rttpg_excerpt":"Apenas os estabelecimentos de jogo de elite podem se orgulhar de ter um sistema de incentivo especial para os clientes. Se voc\u00ea escolheu esta institui\u00e7\u00e3o para coopera\u00e7\u00e3o, ent\u00e3o voc\u00ea fez a escolha certa porque os clientes ativos aqui est\u00e3o esperando pelo melhor programa VIP do cassino Rocket Play e b\u00f4nus e presentes constantes para aumentar...","_links":{"self":[{"href":"https:\/\/rocketplay-slot.com\/pt-br\/wp-json\/wp\/v2\/pages\/2178","targetHints":{"allow":["GET"]}}],"collection":[{"href":"https:\/\/rocketplay-slot.com\/pt-br\/wp-json\/wp\/v2\/pages"}],"about":[{"href":"https:\/\/rocketplay-slot.com\/pt-br\/wp-json\/wp\/v2\/types\/page"}],"author":[{"embeddable":true,"href":"https:\/\/rocketplay-slot.com\/pt-br\/wp-json\/wp\/v2\/users\/1"}],"replies":[{"embeddable":true,"href":"https:\/\/rocketplay-slot.com\/pt-br\/wp-json\/wp\/v2\/comments?post=2178"}],"version-history":[{"count":3,"href":"https:\/\/rocketplay-slot.com\/pt-br\/wp-json\/wp\/v2\/pages\/2178\/revisions"}],"predecessor-version":[{"id":4647,"href":"https:\/\/rocketplay-slot.com\/pt-br\/wp-json\/wp\/v2\/pages\/2178\/revisions\/4647"}],"up":[{"embeddable":true,"href":"https:\/\/rocketplay-slot.com\/pt-br\/wp-json\/wp\/v2\/pages\/2167"}],"wp:attachment":[{"href":"https:\/\/rocketplay-slot.com\/pt-br\/wp-json\/wp\/v2\/media?parent=2178"}],"curies":[{"name":"wp","href":"https:\/\/api.w.org\/{rel}","templated":true}]}}