{"id":2182,"date":"2022-09-29T18:12:36","date_gmt":"2022-09-29T15:12:36","guid":{"rendered":"https:\/\/rocketplay-slot.com\/bonus\/welcome-offer\/"},"modified":"2025-11-24T20:32:01","modified_gmt":"2025-11-24T17:32:01","slug":"welcome-offer","status":"publish","type":"page","link":"https:\/\/rocketplay-slot.com\/pt-br\/bonus\/welcome-offer\/","title":{"rendered":"Oferta de boas-vindas RocketPlay"},"content":{"rendered":"<p>Todo apostador deseja obter as melhores condi\u00e7\u00f5es de coopera\u00e7\u00e3o. Este \u00e9 provavelmente um dos pontos-chave ao decidir ingressar em um estabelecimento de jogos. No entanto, os b\u00f4nus de boas-vindas do Rocket Play de cassino online n\u00e3o fazem voc\u00ea esperar muito tempo e duvidar da exatid\u00e3o da decis\u00e3o.<\/p>\n<p>Os novatos que decidirem se juntar ao super time de clientes do portal podem contar com brindes incr\u00edveis que ser\u00e3o um bom come\u00e7o para novas conquistas. A oferta de boas-vindas do Casino Rocket Play \u00e9 algo que merece sua aten\u00e7\u00e3o. \u00c9 por isso que \u00e9 aconselh\u00e1vel saber mais sobre esta oferta \u00fanica, sobre a qual falaremos mais tarde.<\/p>\n<p style=\"text-align: center;\"><img loading=\"lazy\" decoding=\"async\" class=\"aligncenter wp-image-4234\" src=\"https:\/\/rocketplay-slot.com\/wp-content\/uploads\/2024\/02\/wtyeuyr453.png\" alt=\"Oferta de boas-vindas RocketPlay\" width=\"1000\" height=\"303\" srcset=\"https:\/\/rocketplay-slot.com\/wp-content\/uploads\/2024\/02\/wtyeuyr453.png 1047w, https:\/\/rocketplay-slot.com\/wp-content\/uploads\/2024\/02\/wtyeuyr453-300x91.png 300w, https:\/\/rocketplay-slot.com\/wp-content\/uploads\/2024\/02\/wtyeuyr453-1024x310.png 1024w, https:\/\/rocketplay-slot.com\/wp-content\/uploads\/2024\/02\/wtyeuyr453-768x233.png 768w\" sizes=\"auto, (max-width: 1000px) 100vw, 1000px\" \/><\/p>\n<h2>DIFERENTES TIPOS DE OFERTAS DE BOAS-VINDAS<\/h2>\n<p>N\u00e3o \u00e9 de admirar que os melhores b\u00f4nus de boas-vindas do cassino Rocket Play sejam t\u00e3o populares entre os jogadores.<\/p>\n<p>O objetivo de cada oferta de boas-vindas do Rocket Play Brasil \u00e9 apresentar o usu\u00e1rio ao portal, bem como facilitar o caminho para a vit\u00f3ria. \u00c9 claro que no mundo dos jogos de azar, a sorte \u00e9 um ponto chave e muito importante, mas voc\u00ea sempre pode tentar aumentar suas chances de sorte. Como se costuma dizer: &#8220;Confie em Deus, mas n\u00e3o fique de bra\u00e7os cruzados sozinho&#8221;.<\/p>\n<p>Ap\u00f3s o registro bem-sucedido no portal, a melhor oferta de boas-vindas do cassino, o Rocket Play, fica dispon\u00edvel para absolutamente todos os clientes do portal. Este incentivo \u00e9 composto por duas partes, pelo que se podem distinguir os seguintes tipos de presentes de boas-vindas.<\/p>\n<ul>\n<li>Um presente para o primeiro dep\u00f3sito. Esta \u00e9 uma oferta muito legal porque o valor m\u00ednimo de recarga \u00e9 de apenas 20\u20ac ou 30 BRL. Este generoso dividendo \u00e9 recebido pelo jogador imediatamente ap\u00f3s reabastecer a conta. Um adicional de 100% do valor depositado \u00e9 creditado na conta do jogo. Al\u00e9m disso, o jogador recebe 100 rodadas gr\u00e1tis nas melhores m\u00e1quinas. 20 tentativas s\u00e3o contadas imediatamente. O restante das rodadas \u00e9 creditado nos pr\u00f3ximos 4 dias.<\/li>\n<li>Ap\u00f3s a segunda recarga, presentes ainda mais legais esperam por voc\u00ea. Se voc\u00ea depositar um valor entre 50 e 200 euros ou d\u00f3lares, eles adicionar\u00e3o outros 200% do valor depositado. O valor m\u00ednimo para reivindicar o b\u00f4nus \u00e9 de 50 EUR ou BRL, ent\u00e3o fique atento a essa condi\u00e7\u00e3o e n\u00e3o perca a chance.<\/li>\n<\/ul>\n<p>Como voc\u00ea pode ver, a pol\u00edtica da institui\u00e7\u00e3o funciona a favor do cliente desde os primeiros minutos ap\u00f3s o cadastro. Existem poucos lugares hoje onde voc\u00ea pode encontrar condi\u00e7\u00f5es t\u00e3o favor\u00e1veis. Portanto, n\u00e3o procure algo melhor quando o ideal j\u00e1 est\u00e1 \u00e0 sua frente.<\/p>\n<p><img loading=\"lazy\" decoding=\"async\" class=\"alignright wp-image-4243\" src=\"https:\/\/rocketplay-slot.com\/wp-content\/uploads\/2024\/02\/45345435435.png\" alt=\"Oferta de boas-vindas RocketPlay 2\" width=\"600\" height=\"304\" srcset=\"https:\/\/rocketplay-slot.com\/wp-content\/uploads\/2024\/02\/45345435435.png 615w, https:\/\/rocketplay-slot.com\/wp-content\/uploads\/2024\/02\/45345435435-300x152.png 300w\" sizes=\"auto, (max-width: 600px) 100vw, 600px\" \/><\/p>\n<h2>COMO POSSO RECEBER UMA OFERTA DE BOAS-VINDAS?<\/h2>\n<p>As condi\u00e7\u00f5es para fornecer um pacote de boas-vindas s\u00e3o muito simples. Siga-os e voc\u00ea ser\u00e1 feliz.<\/p>\n<ul>\n<li>Primeiro, voc\u00ea deve concluir com \u00eaxito o processo de registro. Apenas clientes oficiais podem reivindicar todos os benef\u00edcios da coopera\u00e7\u00e3o com a institui\u00e7\u00e3o.<\/li>\n<li>Em segundo lugar, ap\u00f3s o registro, \u00e9 absolutamente necess\u00e1rio depositar seus pr\u00f3prios fundos na conta do jogo. Fundos adicionais e rodadas gr\u00e1tis ser\u00e3o creditados somente ap\u00f3s o dep\u00f3sito. \u00c9 muito simples. Para fazer isso, use uma se\u00e7\u00e3o especial do menu em sua conta pessoal. O dep\u00f3sito m\u00ednimo \u00e9 de apenas 30 BRL para a primeira recarga e 50 UAD para a segunda. Eles permanecem em sua conta pessoal de qualquer maneira. No entanto, quanto mais fundos contribu\u00eddos, mais dinheiro ser\u00e1 doado. Preste aten\u00e7\u00e3o a isso.<\/li>\n<\/ul>\n<p>Apenas alguns pr\u00e9-requisitos e um pacote completo de presentes de boas-vindas est\u00e3o em suas m\u00e3os. N\u00e3o negligencie esta oportunidade. Use todas as oportunidades ao m\u00e1ximo para seu pr\u00f3prio benef\u00edcio. A sorte favorece os persistentes.<\/p>\n<h2>Perguntas frequentes<\/h2>\n<h3>COMO OBTER UM B\u00d4NUS DE BEM-VINDO?<\/h3>\n<p>Para receber um pacote de presente de boas-vindas, voc\u00ea deve ser um cliente registrado oficialmente do portal. A segunda condi\u00e7\u00e3o obrigat\u00f3ria \u00e9 reabastecer a conta do jogo pelo menos no valor m\u00ednimo. Ap\u00f3s o primeiro pagamento bem-sucedido, os presentes ser\u00e3o imediatamente creditados em sua conta.<\/p>\n<h3>O QUE EST\u00c1 INCLU\u00cdDO NO PACOTE DE BOAS-VINDAS?<\/h3>\n<p>O pacote de presente de boas-vindas inclui fundos adicionais para a conta e 100 slots gratuitos come\u00e7am. Voc\u00ea recebe capital de b\u00f4nus ap\u00f3s a primeira e a segunda recarga. Ap\u00f3s o primeiro, na forma de 100% do valor, ap\u00f3s o segundo &#8211; at\u00e9 200%.<\/p>\n<h3>QUAL O VALOR M\u00cdNIMO DE DEP\u00d3SITO?<\/h3>\n<p>Depende da moeda que voc\u00ea escolher. Sim, se voc\u00ea selecionou euros nas configura\u00e7\u00f5es do seu perfil, o primeiro dep\u00f3sito deve ser de pelo menos 20 euros. Se as transa\u00e7\u00f5es financeiras forem realizadas em d\u00f3lares brasileiros ou canadenses, ser\u00e3o $ 30.<\/p>\n<p><strong>Leia tamb\u00e9m sobre:<\/strong><\/p>\n<ul>\n<li><a href=\"https:\/\/rocketplay-slot.com\/bonus\/loyalty-program\/\">Loyalty Program<\/a><\/li>\n<li><a href=\"https:\/\/rocketplay-slot.com\/bonus\/regular-bonuses\/\">Regular Bonuses<\/a><\/li>\n<\/ul>\n","protected":false},"excerpt":{"rendered":"<p>Todo apostador deseja obter as melhores condi\u00e7\u00f5es de coopera\u00e7\u00e3o. Este \u00e9 provavelmente um dos pontos-chave ao decidir ingressar em um estabelecimento de jogos. No entanto, os b\u00f4nus de boas-vindas do Rocket Play de cassino online n\u00e3o fazem voc\u00ea esperar muito tempo e duvidar da exatid\u00e3o da decis\u00e3o. Os novatos que decidirem se juntar ao super&#8230;<\/p>\n","protected":false},"author":1,"featured_media":0,"parent":2167,"menu_order":0,"comment_status":"closed","ping_status":"closed","template":"","meta":{"_acf_changed":false,"_kad_post_transparent":"default","_kad_post_title":"default","_kad_post_layout":"default","_kad_post_sidebar_id":"","_kad_post_content_style":"default","_kad_post_vertical_padding":"default","_kad_post_feature":"","_kad_post_feature_position":"","_kad_post_header":false,"_kad_post_footer":false,"footnotes":""},"class_list":["post-2182","page","type-page","status-publish","hentry"],"acf":[],"rttpg_featured_image_url":null,"rttpg_author":{"display_name":"Elvis","author_link":"https:\/\/rocketplay-slot.com\/pt-br\/author\/pemvas95n89x\/"},"rttpg_comment":0,"rttpg_category":null,"rttpg_excerpt":"Todo apostador deseja obter as melhores condi\u00e7\u00f5es de coopera\u00e7\u00e3o. Este \u00e9 provavelmente um dos pontos-chave ao decidir ingressar em um estabelecimento de jogos. No entanto, os b\u00f4nus de boas-vindas do Rocket Play de cassino online n\u00e3o fazem voc\u00ea esperar muito tempo e duvidar da exatid\u00e3o da decis\u00e3o. Os novatos que decidirem se juntar ao super...","_links":{"self":[{"href":"https:\/\/rocketplay-slot.com\/pt-br\/wp-json\/wp\/v2\/pages\/2182","targetHints":{"allow":["GET"]}}],"collection":[{"href":"https:\/\/rocketplay-slot.com\/pt-br\/wp-json\/wp\/v2\/pages"}],"about":[{"href":"https:\/\/rocketplay-slot.com\/pt-br\/wp-json\/wp\/v2\/types\/page"}],"author":[{"embeddable":true,"href":"https:\/\/rocketplay-slot.com\/pt-br\/wp-json\/wp\/v2\/users\/1"}],"replies":[{"embeddable":true,"href":"https:\/\/rocketplay-slot.com\/pt-br\/wp-json\/wp\/v2\/comments?post=2182"}],"version-history":[{"count":3,"href":"https:\/\/rocketplay-slot.com\/pt-br\/wp-json\/wp\/v2\/pages\/2182\/revisions"}],"predecessor-version":[{"id":4638,"href":"https:\/\/rocketplay-slot.com\/pt-br\/wp-json\/wp\/v2\/pages\/2182\/revisions\/4638"}],"up":[{"embeddable":true,"href":"https:\/\/rocketplay-slot.com\/pt-br\/wp-json\/wp\/v2\/pages\/2167"}],"wp:attachment":[{"href":"https:\/\/rocketplay-slot.com\/pt-br\/wp-json\/wp\/v2\/media?parent=2182"}],"curies":[{"name":"wp","href":"https:\/\/api.w.org\/{rel}","templated":true}]}}