{"id":2186,"date":"2022-09-30T14:22:20","date_gmt":"2022-09-30T11:22:20","guid":{"rendered":"https:\/\/rocketplay-slot.com\/buffalo-power-hold-and-win\/"},"modified":"2022-11-03T01:53:12","modified_gmt":"2022-11-02T22:53:12","slug":"buffalo-power-hold-and-win","status":"publish","type":"page","link":"https:\/\/rocketplay-slot.com\/pt-br\/buffalo-power-hold-and-win\/","title":{"rendered":"Buffalo Power Segure e Ganhe"},"content":{"rendered":"<p><img loading=\"lazy\" decoding=\"async\" class=\"alignleft wp-image-405\" src=\"https:\/\/rocketplay-slot.com\/wp-content\/uploads\/2022\/09\/buffalo-power-hold-and-win-150x150.png\" alt=\"Buffalo Power Hold And Win\" width=\"200\" height=\"200\" srcset=\"https:\/\/rocketplay-slot.com\/wp-content\/uploads\/2022\/09\/buffalo-power-hold-and-win-150x150.png 150w, https:\/\/rocketplay-slot.com\/wp-content\/uploads\/2022\/09\/buffalo-power-hold-and-win-300x300.png 300w, https:\/\/rocketplay-slot.com\/wp-content\/uploads\/2022\/09\/buffalo-power-hold-and-win.png 380w\" sizes=\"auto, (max-width: 200px) 100vw, 200px\" \/><\/p>\n<p>Um desenvolvimento incr\u00edvel de um dos principais criadores de conte\u00fado de jogos de azar do mundo, a Playson, pode ser encontrado entre a variedade de jogos no portal. O slot Rocket Play Buffalo Power Hold e Win s\u00e3o bastante procurados, e voc\u00ea pode gastar tempo com isso. 2 anos ap\u00f3s o primeiro lan\u00e7amento, o jogo foi extremamente amado por milhares de usu\u00e1rios. E todos os dias, o ex\u00e9rcito de f\u00e3s do slot s\u00f3 aumenta. Torne-se um conhecedor deste entretenimento e comece suas aventuras imediatamente.<\/p>\n<p>Apresentamos a sua aten\u00e7\u00e3o a an\u00e1lise do Rocket Play Buffalo Power Hold and Win. Nossa breve descri\u00e7\u00e3o cont\u00e9m todas as informa\u00e7\u00f5es interessantes sobre o programa e fatos importantes que ser\u00e3o \u00fateis. Para uma melhor apresenta\u00e7\u00e3o e compreens\u00e3o de tudo o que \u00e9 essencial, leia a tabela.<\/p>\n<table border=\"0\" cellspacing=\"0\" cellpadding=\"0\">\n<tbody>\n<tr>\n<td><strong>Desenvolvedora<\/strong><\/td>\n<td><b>Playson<\/b><\/td>\n<\/tr>\n<tr>\n<td>Data de aparecimento<\/td>\n<td>2020<\/td>\n<\/tr>\n<tr>\n<td>Linhas<\/td>\n<td>20<\/td>\n<\/tr>\n<tr>\n<td>Rodas<\/td>\n<td>5<\/td>\n<\/tr>\n<tr>\n<td>Linhas<\/td>\n<td>3<\/td>\n<\/tr>\n<tr>\n<td>B\u00f4nus<\/td>\n<td>lan\u00e7amento gratuito;<\/p>\n<p>4 jackpots<\/td>\n<\/tr>\n<tr>\n<td>RTP<\/td>\n<td>95%<\/td>\n<\/tr>\n<tr>\n<td>Reprodu\u00e7\u00e3o autom\u00e1tica<\/td>\n<td>+<\/td>\n<\/tr>\n<tr>\n<td>Sinais especiais<\/td>\n<td>Dispers\u00e3o<\/p>\n<p>Selvagem<\/td>\n<\/tr>\n<tr>\n<td>Diapas\u00e3o de apostas<\/td>\n<td>0.20-100 BRL<\/td>\n<\/tr>\n<\/tbody>\n<\/table>\n<p>Tendo estudado o jogo, voc\u00ea pode notar muitos pontos positivos que o tornam t\u00e3o bem-sucedido entre os usu\u00e1rios. Aqui est\u00e1 uma jogabilidade extremamente conveniente e r\u00e1pida. Tudo \u00e9 intuitivo. Mesmo um iniciante que est\u00e1 lidando com slots pela primeira vez precisar\u00e1 apenas de alguns minutos para se familiarizar e aprender as fun\u00e7\u00f5es do menu principal. Al\u00e9m disso, se voc\u00ea tiver alguma d\u00favida, sempre poder\u00e1 consultar as dicas, que descrever\u00e3o em detalhes todas as fun\u00e7\u00f5es, \u00edcones e s\u00edmbolos necess\u00e1rios do jogo.<\/p>\n<p>N\u00e3o se pode deixar de ficar satisfeito com os recursos adicionais do jogo. H\u00e1 uma s\u00e9rie de b\u00f4nus bastante s\u00f3lida aqui. Se os jogadores n\u00e3o forem mais surpreendidos por tentativas gratuitas adicionais ou s\u00edmbolos especiais de dispers\u00e3o, os desenvolvedores do jogo esconderam mais alguns truques nas mangas. Quatro jackpots e uma mini-rodada adicional certamente n\u00e3o o deixar\u00e3o sem impress\u00f5es. Super oportunidades para ganhos incr\u00edveis! Mesmo com uma aposta m\u00ednima de apenas 20 centavos, voc\u00ea pode obter um pr\u00eamio muito bom.<\/p>\n<h2>TEMA, GR\u00c1FICOS E TRILHA SONORA<\/h2>\n<p>Um lugar especial no cora\u00e7\u00e3o \u00e9 ocupado por gr\u00e1ficos, trilhas sonoras e o tema do jogo. Rocket Play Buffalo power hold and win slot online combina harmoniosamente s\u00edmbolos de animais e efeitos especiais gr\u00e1ficos e sonoros. Desde os primeiros segundos ap\u00f3s o lan\u00e7amento, fica claro o qu\u00e3o competente os desenvolvedores trabalharam para combinar esses tr\u00eas aspectos.<\/p>\n<p>J\u00e1 pelo pr\u00f3prio nome, fica claro que aqui voc\u00ea ter\u00e1 que ver \u00edcones tradicionais com animais e os s\u00edmbolos usuais de cartas. Para fazer combina\u00e7\u00f5es vencedoras e coletar seus pr\u00eamios, voc\u00ea precisar\u00e1 coletar pelo menos tr\u00eas s\u00edmbolos:<\/p>\n<ul>\n<li>touros;<\/li>\n<li>Ursos;<\/li>\n<li>pumas;<\/li>\n<li>Lobos;<\/li>\n<li>\u00c1guias;<\/li>\n<\/ul>\n<p>S\u00edmbolos b\u00e1sicos de cartas!<\/p>\n<p>Cada signo tem seu pr\u00f3prio valor. Al\u00e9m disso, o valor final dos ganhos \u00e9 afetado pelo n\u00famero total na linha. S\u00edmbolos adicionais podem trazer rodadas gr\u00e1tis, uma mini rodada e um de 4 ou at\u00e9 mesmo todos os jackpots.<\/p>\n<h2>RTP E VARIA\u00c7\u00c3O<\/h2>\n<p>O valor RTP \u00e9 ligeiramente superior a 95%. \u00c9 claro que gostar\u00edamos de melhorar esses indicadores, mas isso n\u00e3o \u00e9 cr\u00edtico. Mesmo com esses valores, o entretenimento vale a pena recomendar.<\/p>\n<p><img loading=\"lazy\" decoding=\"async\" class=\"aligncenter wp-image-406 size-full\" style=\"text-align: center; font-family: var(--global-body-font-family); letter-spacing: 0em;\" src=\"https:\/\/rocketplay-slot.com\/wp-content\/uploads\/2022\/09\/buffalo-power-hold-and-win-slot.jpeg\" alt=\"Buffalo Power Hold And Win slot\" width=\"1280\" height=\"720\" srcset=\"https:\/\/rocketplay-slot.com\/wp-content\/uploads\/2022\/09\/buffalo-power-hold-and-win-slot.jpeg 1280w, https:\/\/rocketplay-slot.com\/wp-content\/uploads\/2022\/09\/buffalo-power-hold-and-win-slot-300x169.jpeg 300w, https:\/\/rocketplay-slot.com\/wp-content\/uploads\/2022\/09\/buffalo-power-hold-and-win-slot-1024x576.jpeg 1024w, https:\/\/rocketplay-slot.com\/wp-content\/uploads\/2022\/09\/buffalo-power-hold-and-win-slot-768x432.jpeg 768w\" sizes=\"auto, (max-width: 1280px) 100vw, 1280px\" \/><\/p>\n<h2>COMO JOGAR<\/h2>\n<p>Existem duas maneiras de jogar no portal Rocket Play Buffalo power hold e win free. A primeira op\u00e7\u00e3o est\u00e1 dispon\u00edvel para todos os visitantes do portal sem registro ou dep\u00f3sito. A segunda op\u00e7\u00e3o requer ambos. No entanto, abre caminho para ganhos incr\u00edveis. Registre-se, fa\u00e7a um dep\u00f3sito em sua conta, selecione este slot e inicie-o. Para uma rota\u00e7\u00e3o bem-sucedida, vale a pena:<\/p>\n<ol>\n<li>definir o tamanho da aposta;<\/li>\n<li>selecione o n\u00famero de linhas;<\/li>\n<li>pressione come\u00e7ar;<\/li>\n<li>aguarde o t\u00e9rmino da rota\u00e7\u00e3o.<\/li>\n<\/ol>\n<p>Todas as combina\u00e7\u00f5es vencedoras s\u00e3o calculadas automaticamente e os fundos s\u00e3o depositados instantaneamente na sua conta.<\/p>\n<h2>Perguntas frequentes<\/h2>\n<h3>VOC\u00ca PODE JOGAR DE GRA\u00c7A?<\/h3>\n<p>Sim, ao escolher a vers\u00e3o demo do Rocket Play Buffalo power hold e ganhar dinheiro real, voc\u00ea pode jogar de gra\u00e7a, sem dep\u00f3sito e at\u00e9 mesmo sem registro.<\/p>\n<h3>O QUE H\u00c1 DE ESPECIAL NO SLOT?<\/h3>\n<p>Existem 4 jackpots, uma mini rodada, rodadas extras e muitas outras coisas interessantes que merecem sua aten\u00e7\u00e3o.<\/p>\n<p><strong>Leia tamb\u00e9m sobre:<\/strong><\/p>\n<ul>\n<li><a href=\"https:\/\/rocketplay-slot.com\/magic-spins\/\">Magic Spins<\/a><\/li>\n<li><a href=\"https:\/\/rocketplay-slot.com\/3-coins\/\">3 Coins<\/a><\/li>\n<\/ul>\n","protected":false},"excerpt":{"rendered":"<p>Um desenvolvimento incr\u00edvel de um dos principais criadores de conte\u00fado de jogos de azar do mundo, a Playson, pode ser encontrado entre a variedade de jogos no portal. O slot Rocket Play Buffalo Power Hold e Win s\u00e3o bastante procurados, e voc\u00ea pode gastar tempo com isso. 2 anos ap\u00f3s o primeiro lan\u00e7amento, o jogo&#8230;<\/p>\n","protected":false},"author":1,"featured_media":0,"parent":0,"menu_order":0,"comment_status":"closed","ping_status":"closed","template":"","meta":{"_acf_changed":false,"_kad_post_transparent":"default","_kad_post_title":"default","_kad_post_layout":"default","_kad_post_sidebar_id":"","_kad_post_content_style":"default","_kad_post_vertical_padding":"default","_kad_post_feature":"","_kad_post_feature_position":"","_kad_post_header":false,"_kad_post_footer":false,"footnotes":""},"class_list":["post-2186","page","type-page","status-publish","hentry"],"acf":[],"rttpg_featured_image_url":null,"rttpg_author":{"display_name":"Elvis","author_link":"https:\/\/rocketplay-slot.com\/pt-br\/author\/pemvas95n89x\/"},"rttpg_comment":0,"rttpg_category":null,"rttpg_excerpt":"Um desenvolvimento incr\u00edvel de um dos principais criadores de conte\u00fado de jogos de azar do mundo, a Playson, pode ser encontrado entre a variedade de jogos no portal. O slot Rocket Play Buffalo Power Hold e Win s\u00e3o bastante procurados, e voc\u00ea pode gastar tempo com isso. 2 anos ap\u00f3s o primeiro lan\u00e7amento, o jogo...","_links":{"self":[{"href":"https:\/\/rocketplay-slot.com\/pt-br\/wp-json\/wp\/v2\/pages\/2186","targetHints":{"allow":["GET"]}}],"collection":[{"href":"https:\/\/rocketplay-slot.com\/pt-br\/wp-json\/wp\/v2\/pages"}],"about":[{"href":"https:\/\/rocketplay-slot.com\/pt-br\/wp-json\/wp\/v2\/types\/page"}],"author":[{"embeddable":true,"href":"https:\/\/rocketplay-slot.com\/pt-br\/wp-json\/wp\/v2\/users\/1"}],"replies":[{"embeddable":true,"href":"https:\/\/rocketplay-slot.com\/pt-br\/wp-json\/wp\/v2\/comments?post=2186"}],"version-history":[{"count":2,"href":"https:\/\/rocketplay-slot.com\/pt-br\/wp-json\/wp\/v2\/pages\/2186\/revisions"}],"predecessor-version":[{"id":2188,"href":"https:\/\/rocketplay-slot.com\/pt-br\/wp-json\/wp\/v2\/pages\/2186\/revisions\/2188"}],"wp:attachment":[{"href":"https:\/\/rocketplay-slot.com\/pt-br\/wp-json\/wp\/v2\/media?parent=2186"}],"curies":[{"name":"wp","href":"https:\/\/api.w.org\/{rel}","templated":true}]}}