{"id":2194,"date":"2022-09-30T15:05:52","date_gmt":"2022-09-30T12:05:52","guid":{"rendered":"https:\/\/rocketplay-slot.com\/magic-spins\/"},"modified":"2025-11-24T20:17:16","modified_gmt":"2025-11-24T17:17:16","slug":"magic-spins","status":"publish","type":"page","link":"https:\/\/rocketplay-slot.com\/pt-br\/magic-spins\/","title":{"rendered":"Giros M\u00e1gicos"},"content":{"rendered":"<p>Obrigado ao desenvolvedor do slot, a empresa Wazdan, por uma cria\u00e7\u00e3o t\u00e3o interessante, incomum e criativa. N\u00e3o apenas o design e as novas oportunidades que podem ser usadas, mas tamb\u00e9m o n\u00famero de ganhos poss\u00edveis \u00e9 impressionante. Se a sorte sorrir para voc\u00ea, seu pr\u00eamio aumentar\u00e1 para 2.500 vezes a aposta inicial.<\/p>\n<p>Falaremos sobre recompensas extraordin\u00e1rias e outros \u00f3timos recursos do jogo em nossa an\u00e1lise do slot Rocket Play Magic Spins. Fique conosco, e voc\u00ea n\u00e3o vai se arrepender porque quem possui a informa\u00e7\u00e3o \u00e9 dono do mundo.<\/p>\n<p style=\"text-align: center;\"><img loading=\"lazy\" decoding=\"async\" class=\"aligncenter wp-image-417 size-full\" src=\"https:\/\/rocketplay-slot.com\/wp-content\/uploads\/2022\/09\/magic-spins.png\" alt=\"Magic Spins\" width=\"595\" height=\"150\" srcset=\"https:\/\/rocketplay-slot.com\/wp-content\/uploads\/2022\/09\/magic-spins.png 595w, https:\/\/rocketplay-slot.com\/wp-content\/uploads\/2022\/09\/magic-spins-300x76.png 300w\" sizes=\"auto, (max-width: 595px) 100vw, 595px\" \/><\/p>\n<h2>REVIS\u00c3O DE GIROS M\u00c1GICOS<\/h2>\n<p>Os principais pontos do slot Rocket Play Magic Spins que todo apostador deve saber antes de iniciar o jogo s\u00e3o apresentados e descritos na tabela.<\/p>\n<table border=\"0\" cellspacing=\"0\" cellpadding=\"0\">\n<tbody>\n<tr>\n<td><strong>Desenvolvedora<\/strong><\/td>\n<td><b>Wazdan<\/b><\/td>\n<\/tr>\n<tr>\n<td>Data de aparecimento<\/td>\n<td>2022<\/td>\n<\/tr>\n<tr>\n<td>B\u00f4nus<\/td>\n<td>Rodadas gr\u00e1tis do slot Rocket Play Magic Spins;<\/p>\n<p>jackpots<\/td>\n<\/tr>\n<tr>\n<td>RTP<\/td>\n<td>95%<\/td>\n<\/tr>\n<tr>\n<td>Sinais especiais<\/td>\n<td>Colete ao Infinito;<\/p>\n<p>Colecionador<\/td>\n<\/tr>\n<tr>\n<td>Ganhos M\u00e1ximos<\/td>\n<td>x2500<\/td>\n<\/tr>\n<\/tbody>\n<\/table>\n<p>&nbsp;<\/p>\n<p>Desde o primeiro olhar para o jogo, voc\u00ea j\u00e1 pode entender que algo especial e incomum est\u00e1 esperando por voc\u00ea. A data de lan\u00e7amento do slot \u00e9 2023; ou seja, ainda \u00e9 a mais recente novidade no mundo dos jogos de azar, que merece sua aten\u00e7\u00e3o.<\/p>\n<p>Embora possa parecer ao mesmo tempo que a jogabilidade \u00e9 complicada e pouco clara, este n\u00e3o \u00e9 o caso. J\u00e1 no jogo b\u00e1sico, voc\u00ea pode ganhar um pr\u00eamio com um multiplicador de 150 em s\u00edmbolos regulares. E usando \u00edcones especiais, voc\u00ea pode ganhar o jackpot m\u00e1ximo e o dinheiro louco.<\/p>\n<p>Outro recurso do slot \u00e9 o novo recurso patenteado CollectToInfinity. Acho que te convencemos a experimentar. Mas mesmo que voc\u00ea ainda tenha d\u00favidas, aproveite o Rocket Play Magic Spins jogue gr\u00e1tis e conhe\u00e7a a nova cria\u00e7\u00e3o de Wazdan sem arriscar seu pr\u00f3prio capital.<\/p>\n<h2>CARACTER\u00cdSTICAS DO JOGO DE GIROS M\u00c1GICOS<\/h2>\n<p>Para fazer uma combina\u00e7\u00e3o vencedora, voc\u00ea precisa coletar pelo menos 10 imagens id\u00eanticas. N\u00e3o h\u00e1 linhas e carret\u00e9is usuais, ent\u00e3o eles podem ser coletados em qualquer posi\u00e7\u00e3o no campo de jogo. S\u00edmbolos especiais de dispers\u00e3o que substituem outras imagens b\u00e1sicas (exceto as especiais) ajudar\u00e3o a aumentar ainda mais suas chances e ter sucesso. Se 6 ou mais \u00edcones de b\u00f4nus ca\u00edrem, o jogo de b\u00f4nus \u00e9 lan\u00e7ado.<\/p>\n<p>O dinheiro real do slot Rocket Play Magic Spins tamb\u00e9m \u00e9 emocionante, com a oportunidade de receber uma recompensa extraordin\u00e1ria &#8211; 2500 vezes mais do que a aposta inicial.<\/p>\n<p>Outra caracter\u00edstica dos pokies \u00e9 a possibilidade de comprar um dos quatro volatilizadores dispon\u00edveis:<\/p>\n<ul>\n<li>Baixo;<\/li>\n<li>Padr\u00e3o;<\/li>\n<li>Alto;<\/li>\n<li>Extremo!<\/li>\n<\/ul>\n<p>Tal oportunidade ainda n\u00e3o foi apresentada. Esse \u00e9 um \u00f3timo recurso, mas vale a pena notar que n\u00e3o sai barato. Para o n\u00edvel mais alto, \u00e9 necess\u00e1rio pagar 500 vezes mais do que o valor da aposta. No entanto, \u00e0s vezes vale a pena.<\/p>\n<p style=\"text-align: center;\"><img loading=\"lazy\" decoding=\"async\" class=\"aligncenter wp-image-418 size-full\" src=\"https:\/\/rocketplay-slot.com\/wp-content\/uploads\/2022\/09\/magic-spins-e1664539322637.jpeg\" alt=\"Magic Spins slot\" width=\"900\" height=\"546\" srcset=\"https:\/\/rocketplay-slot.com\/wp-content\/uploads\/2022\/09\/magic-spins-e1664539322637.jpeg 900w, https:\/\/rocketplay-slot.com\/wp-content\/uploads\/2022\/09\/magic-spins-e1664539322637-300x182.jpeg 300w, https:\/\/rocketplay-slot.com\/wp-content\/uploads\/2022\/09\/magic-spins-e1664539322637-768x466.jpeg 768w\" sizes=\"auto, (max-width: 900px) 100vw, 900px\" \/><\/p>\n<h2>TEMA E DESIGN<\/h2>\n<p>O slot online Rocket Play Magic Spins tem um design incomum, mas visualmente agrad\u00e1vel. Ao fundo, os apostadores observam o c\u00e9u estrelado onde a m\u00e1gica acontece. A tela de trabalho \u00e9 dividida em quatro segmentos sim\u00e9tricos em forma de cruz. \u00c9 neles que caem os s\u00edmbolos que trazem ganhos.<\/p>\n<p>N\u00e3o h\u00e1 tambores habituais aqui. As imagens aparecem em toda a tela e somam o n\u00famero total. Al\u00e9m dos \u00edcones tem\u00e1ticos de gemas m\u00edsticas coloridas, o jogo apresenta os habituais s\u00edmbolos de cartas.<\/p>\n<h2>CONCLUS\u00c3O<\/h2>\n<p>Em conclus\u00e3o, uma coisa pode ser notada &#8211; este \u00e9 um entretenimento especial e incomum. Tudo \u00e9 diferente aqui, ent\u00e3o a jogabilidade pode parecer um pouco complicada e confusa \u00e0 primeira vista. N\u00e3o h\u00e1 linhas e bobinas, e a tela \u00e9 segmentada. No entanto, existe um super jackpot que pode crescer 2500 vezes.<\/p>\n<p>Mas mesmo sem jackpot, j\u00e1 no jogo b\u00e1sico, o n\u00famero de ganhos pode ser x150. Al\u00e9m disso, o jogador pode comprar o n\u00edvel de volatilidade e escolher o ritmo do jogo. Existem 5 jackpots no slot, mas infelizmente, todos os anteriores s\u00e3o cancelados se o jogador ganhar o maior deles.<\/p>\n<p><strong>Leia tamb\u00e9m sobre:<\/strong><\/p>\n<ul>\n<li><a href=\"https:\/\/rocketplay-slot.com\/3-coins\/\">3 Coins<\/a><\/li>\n<li><a href=\"https:\/\/rocketplay-slot.com\/aloha-king-elvis\/\">Aloha King Elvis<\/a><\/li>\n<\/ul>\n","protected":false},"excerpt":{"rendered":"<p>Obrigado ao desenvolvedor do slot, a empresa Wazdan, por uma cria\u00e7\u00e3o t\u00e3o interessante, incomum e criativa. N\u00e3o apenas o design e as novas oportunidades que podem ser usadas, mas tamb\u00e9m o n\u00famero de ganhos poss\u00edveis \u00e9 impressionante. Se a sorte sorrir para voc\u00ea, seu pr\u00eamio aumentar\u00e1 para 2.500 vezes a aposta inicial. Falaremos sobre recompensas&#8230;<\/p>\n","protected":false},"author":1,"featured_media":0,"parent":0,"menu_order":0,"comment_status":"closed","ping_status":"closed","template":"","meta":{"_acf_changed":false,"_kad_post_transparent":"default","_kad_post_title":"default","_kad_post_layout":"default","_kad_post_sidebar_id":"","_kad_post_content_style":"default","_kad_post_vertical_padding":"default","_kad_post_feature":"","_kad_post_feature_position":"","_kad_post_header":false,"_kad_post_footer":false,"footnotes":""},"class_list":["post-2194","page","type-page","status-publish","hentry"],"acf":[],"rttpg_featured_image_url":null,"rttpg_author":{"display_name":"Elvis","author_link":"https:\/\/rocketplay-slot.com\/pt-br\/author\/pemvas95n89x\/"},"rttpg_comment":0,"rttpg_category":null,"rttpg_excerpt":"Obrigado ao desenvolvedor do slot, a empresa Wazdan, por uma cria\u00e7\u00e3o t\u00e3o interessante, incomum e criativa. N\u00e3o apenas o design e as novas oportunidades que podem ser usadas, mas tamb\u00e9m o n\u00famero de ganhos poss\u00edveis \u00e9 impressionante. Se a sorte sorrir para voc\u00ea, seu pr\u00eamio aumentar\u00e1 para 2.500 vezes a aposta inicial. Falaremos sobre recompensas...","_links":{"self":[{"href":"https:\/\/rocketplay-slot.com\/pt-br\/wp-json\/wp\/v2\/pages\/2194","targetHints":{"allow":["GET"]}}],"collection":[{"href":"https:\/\/rocketplay-slot.com\/pt-br\/wp-json\/wp\/v2\/pages"}],"about":[{"href":"https:\/\/rocketplay-slot.com\/pt-br\/wp-json\/wp\/v2\/types\/page"}],"author":[{"embeddable":true,"href":"https:\/\/rocketplay-slot.com\/pt-br\/wp-json\/wp\/v2\/users\/1"}],"replies":[{"embeddable":true,"href":"https:\/\/rocketplay-slot.com\/pt-br\/wp-json\/wp\/v2\/comments?post=2194"}],"version-history":[{"count":2,"href":"https:\/\/rocketplay-slot.com\/pt-br\/wp-json\/wp\/v2\/pages\/2194\/revisions"}],"predecessor-version":[{"id":2196,"href":"https:\/\/rocketplay-slot.com\/pt-br\/wp-json\/wp\/v2\/pages\/2194\/revisions\/2196"}],"wp:attachment":[{"href":"https:\/\/rocketplay-slot.com\/pt-br\/wp-json\/wp\/v2\/media?parent=2194"}],"curies":[{"name":"wp","href":"https:\/\/api.w.org\/{rel}","templated":true}]}}