{"id":2202,"date":"2022-08-11T20:10:48","date_gmt":"2022-08-11T17:10:48","guid":{"rendered":"https:\/\/rocketplay-slot.com\/baccarat\/"},"modified":"2022-11-03T02:20:39","modified_gmt":"2022-11-02T23:20:39","slug":"baccarat","status":"publish","type":"page","link":"https:\/\/rocketplay-slot.com\/pt-br\/baccarat\/","title":{"rendered":"Jogue o jogo de bacar\u00e1 com dinheiro real"},"content":{"rendered":"<p><img loading=\"lazy\" decoding=\"async\" class=\" wp-image-311 aligncenter\" src=\"https:\/\/rocketplay-slot.com\/wp-content\/uploads\/2022\/08\/online-baccarat-1-300x146.jpg\" alt=\"baccarat online\" width=\"596\" height=\"290\" srcset=\"https:\/\/rocketplay-slot.com\/wp-content\/uploads\/2022\/08\/online-baccarat-1-300x146.jpg 300w, https:\/\/rocketplay-slot.com\/wp-content\/uploads\/2022\/08\/online-baccarat-1-1024x497.jpg 1024w, https:\/\/rocketplay-slot.com\/wp-content\/uploads\/2022\/08\/online-baccarat-1-768x372.jpg 768w, https:\/\/rocketplay-slot.com\/wp-content\/uploads\/2022\/08\/online-baccarat-1.jpg 1200w\" sizes=\"auto, (max-width: 596px) 100vw, 596px\" \/><\/p>\n<p>O cassino de bacar\u00e1 <a href=\"https:\/\/rocketplay-slot.com\/pt-br\/\">RocketPlay <\/a>\u00e9 um jogo mundialmente famoso. Ela \u00e9 adorada por milh\u00f5es de pessoas em muitos pa\u00edses. Voc\u00ea pode encontr\u00e1-lo tanto em um cassino online quanto em um estabelecimento estacion\u00e1rio cl\u00e1ssico. L\u00e1 ela assume a lideran\u00e7a. Este entretenimento de jogo tem uma atmosfera peculiar, gra\u00e7as \u00e0 qual voc\u00ea pode esquecer tudo no mundo.<\/p>\n<p>Os aristocratas gostavam de jogar, sentados \u00e0 mesa por horas. A jogabilidade pode continuar por muito tempo. As regras s\u00e3o realmente muito simples. Mas mesmo em um jogo t\u00e3o simples, existem estrat\u00e9gias peculiares que os jogadores usam para vencer. Sua efic\u00e1cia s\u00f3 pode ser testada em sua pr\u00f3pria experi\u00eancia.<\/p>\n<p>Voc\u00ea pode jogar o cassino online RocketPlay com bacar\u00e1. H\u00e1 um modo tradicional para escolher, bem como ao vivo. Ao vivo, voc\u00ea encontrar\u00e1 um <a href=\"https:\/\/rocketplay-slot.com\/pt-br\/live-baccarat\/\">crupi\u00ea ao vivo<\/a>. Assim, pode sentir-se numa verdadeira casa de jogo, imbu\u00edda de ambiente.<\/p>\n<p>O modo ao vivo s\u00f3 pode ser experimentado por usu\u00e1rios de pleno direito que criaram uma conta, fornecendo todas as informa\u00e7\u00f5es necess\u00e1rias e fazendo um dep\u00f3sito. Se voc\u00ea \u00e9 um iniciante completo e ainda n\u00e3o tentou jogar isso, mas decidiu seriamente come\u00e7ar a jogar, confira todas as nuances. Embora as regras n\u00e3o sejam muito complicadas, voc\u00ea ainda precisa conhec\u00ea-las.<\/p>\n<h2>COMO JOGAR BACCAR\u00c1<\/h2>\n<p>Tente sua sorte no melhor cassino online de bacar\u00e1 RocketPlay. Tudo o que \u00e9 exigido dos participantes neste jogo \u00e9 obter nove pontos. bem, ou algo assim. No in\u00edcio, os jogadores, assim como o pr\u00f3prio dealer, recebem um par de cartas. Aqui voc\u00ea deve ter um cuidado especial:<\/p>\n<ul>\n<li>Dez e cart\u00f5es mais velhos &#8211; eles recebem zero por eles;<\/li>\n<li>Para aqui &#8211; um;<\/li>\n<li>De dois a nove &#8211; sai como \u00e9 o valor nominal dessas cartas.<\/li>\n<\/ul>\n<p>Se mais de dez pontos ou mais forem marcados, apenas dez ser\u00e3o subtra\u00eddos do resultado. E o que resta ser\u00e3o os pontos finais. Se voc\u00ea obteve doze, ent\u00e3o subtraindo dez, obtemos 2. Este \u00e9 o seu resultado. Quando todos os participantes conhecem seus resultados. Se a aposta n\u00e3o for jogada, uma terceira carta tamb\u00e9m ser\u00e1 necess\u00e1ria. Se 2 cartas n\u00e3o derem mais de seis pontos, ent\u00e3o \u00e9 necess\u00e1ria outra carta. Tudo \u00e9 simples. Depois de alguns jogos, voc\u00ea se lembrar\u00e1 de todas as sutilezas. Aqueles que conhecem bem todas as regras t\u00eam mais chances de ganhar no cassino online de bacar\u00e1 RocketPlay.<\/p>\n<h2>DICAS PARA GANHAR PARA O JOGO DE CARTAS DE BACAR\u00c1<\/h2>\n<p>Todas as pessoas s\u00e3o diferentes, mas ainda t\u00eam algo em comum. Ou melhor, em sua psicologia. Para cada um de n\u00f3s, o controle da situa\u00e7\u00e3o \u00e9 muito importante. Por causa disso, muitas vezes estamos estressados. Para o cassino de jogos de bacar\u00e1 RocketPlay, n\u00e3o h\u00e1 motivo para tens\u00e3o especial, apenas a sorte pode afetar a vit\u00f3ria neste caso. Mas muitos iniciantes, assim como aqueles que jogam h\u00e1 muito tempo, est\u00e3o constantemente tentando usar v\u00e1rios m\u00e9todos para de alguma forma enganar o destino. Convencionalmente, todos esses chamados truques podem ser divididos em certas progress\u00f5es, que podem ser negativas ou positivas.<\/p>\n<p>Para os positivos, \u00e9 t\u00edpico aumentar a aposta se a sorte estiver do lado do jogador, caso contr\u00e1rio &#8211; reduzir. As progress\u00f5es negativas s\u00e3o bem diferentes. Se a sorte for embora, a aposta aumenta e, em caso de sorte, tudo acontece ao contr\u00e1rio.<\/p>\n<p>H\u00e1 algo mais. Outro sistema, que \u00e9 chamado de plano. Se voc\u00ea usar esse m\u00e9todo, o dinheiro deve ser economizado durante toda a dura\u00e7\u00e3o do jogo. O ponto de tal estrat\u00e9gia \u00e9 que o valor da aposta permanece est\u00e1vel. Se voc\u00ea \u00e9 iniciante e n\u00e3o est\u00e1 completamente familiarizado com o jogo, a princ\u00edpio todos esses m\u00e9todos parecer\u00e3o estranhos e incompreens\u00edveis para voc\u00ea. Mas eles s\u00e3o usados \u200b\u200bpor dezenas de milhares de pessoas. Talvez ajudem algu\u00e9m. Estes s\u00e3o os mais famosos deles.<\/p>\n<p>N\u00e3o confie muito em nenhuma das estrat\u00e9gias. Afinal, nenhum desses m\u00e9todos lhe trar\u00e1 cem por cento de ganho. Cada jogador escolhe apenas por sua pr\u00f3pria confian\u00e7a. E ele n\u00e3o deve esquecer o jogo respons\u00e1vel. Se lhe for oferecido algum conselho pago, n\u00e3o acredite. Eles s\u00f3 querem engan\u00e1-lo, aproveitando-se de sua inexperi\u00eancia.<\/p>\n<p><img loading=\"lazy\" decoding=\"async\" class=\" wp-image-314 aligncenter\" src=\"https:\/\/rocketplay-slot.com\/wp-content\/uploads\/2022\/08\/bac5-300x169.jpg\" alt=\"rocketplay baccarat\" width=\"561\" height=\"316\" srcset=\"https:\/\/rocketplay-slot.com\/wp-content\/uploads\/2022\/08\/bac5-300x169.jpg 300w, https:\/\/rocketplay-slot.com\/wp-content\/uploads\/2022\/08\/bac5-1024x576.jpg 1024w, https:\/\/rocketplay-slot.com\/wp-content\/uploads\/2022\/08\/bac5-768x432.jpg 768w, https:\/\/rocketplay-slot.com\/wp-content\/uploads\/2022\/08\/bac5.jpg 1200w\" sizes=\"auto, (max-width: 561px) 100vw, 561px\" \/><\/p>\n<h2>Perguntas frequentes<\/h2>\n<h3>POR QUE ESCOLHER O BACAR\u00c1?<\/h3>\n<p>Centenas de milhares de pessoas ao redor do mundo s\u00e3o viciadas neste jogo. Afinal, ele realmente evoca emo\u00e7\u00f5es genu\u00ednas. Al\u00e9m do fato de que, gra\u00e7as a isso, voc\u00ea pode se divertir muito, se distraindo dos problemas da vida, tamb\u00e9m pode ganhar um bom dinheiro. Se voc\u00ea tiver sorte, \u00e9 claro. Mas mesmo que n\u00e3o, n\u00e3o \u00e9 grande coisa. Afinal, voc\u00ea ainda experimentar\u00e1 emo\u00e7\u00f5es v\u00edvidas e excita\u00e7\u00e3o real, cujo efeito \u00e9 semelhante a uma droga. S\u00f3 n\u00e3o se esque\u00e7a do autocontrole. n\u00e3o exagere no resultado.<\/p>\n<h3>POR QUE VOC\u00ca N\u00c3O DEVE APOSTAR EM UM EMPATE NO BACCARAT?<\/h3>\n<p>Neste caso, a probabilidade \u00e9 muitas vezes baixa. Portanto, voc\u00ea n\u00e3o deve apostar em um empate. Na maioria das vezes, esse erro \u00e9 cometido por iniciantes inexperientes, que muito regularmente apenas assumem um risco impensado, perdendo assim todo o seu dinheiro. \u00c9 melhor ouvir os conselhos de jogadores experientes e se familiarizar com as estrat\u00e9gias mais famosas. Com o tempo, mesmo um iniciante se tornar\u00e1 um jogador experiente. Mas isso requer conhecimento e experi\u00eancia. Um fator importante para apostar \u00e9 a parcela dos ganhos da institui\u00e7\u00e3o. No jogador \u00e9 de 1,26%, no banqueiro &#8211; 1,06% e no empate &#8211; at\u00e9 14,4%. \u00c9 exatamente disso que estamos falando. Portanto, seja razo\u00e1vel.<\/p>\n<h3>QUAIS S\u00c3O AS APOSTAS SECUND\u00c1RIAS NO BACCARAT?<\/h3>\n<p>\u00c0s vezes, h\u00e1 casos em que os cassinos fornecem uma vers\u00e3o estendida deste jogo. Isso significa que existem outras apostas al\u00e9m das cl\u00e1ssicas. Voc\u00ea pode apostar na vantagem de pontos de um dos participantes ou em uma combina\u00e7\u00e3o espec\u00edfica de cartas. Uma aposta muito comum \u00e9 em um par perfeito. A linha inferior \u00e9, o banqueiro ou jogador ter\u00e1 um cart\u00e3o de par. Essa aposta \u00e9 oferecida com um coeficiente de onze para um. Este \u00e9 realmente um risco real. Esta op\u00e7\u00e3o \u00e9 apenas para os experientes.<\/p>\n","protected":false},"excerpt":{"rendered":"<p>O cassino de bacar\u00e1 RocketPlay \u00e9 um jogo mundialmente famoso. Ela \u00e9 adorada por milh\u00f5es de pessoas em muitos pa\u00edses. Voc\u00ea pode encontr\u00e1-lo tanto em um cassino online quanto em um estabelecimento estacion\u00e1rio cl\u00e1ssico. L\u00e1 ela assume a lideran\u00e7a. Este entretenimento de jogo tem uma atmosfera peculiar, gra\u00e7as \u00e0 qual voc\u00ea pode esquecer tudo no&#8230;<\/p>\n","protected":false},"author":1,"featured_media":0,"parent":0,"menu_order":0,"comment_status":"closed","ping_status":"closed","template":"","meta":{"_acf_changed":false,"_kad_post_transparent":"default","_kad_post_title":"default","_kad_post_layout":"default","_kad_post_sidebar_id":"","_kad_post_content_style":"default","_kad_post_vertical_padding":"default","_kad_post_feature":"","_kad_post_feature_position":"","_kad_post_header":false,"_kad_post_footer":false,"footnotes":""},"class_list":["post-2202","page","type-page","status-publish","hentry"],"acf":[],"rttpg_featured_image_url":null,"rttpg_author":{"display_name":"Elvis","author_link":"https:\/\/rocketplay-slot.com\/pt-br\/author\/pemvas95n89x\/"},"rttpg_comment":0,"rttpg_category":null,"rttpg_excerpt":"O cassino de bacar\u00e1 RocketPlay \u00e9 um jogo mundialmente famoso. Ela \u00e9 adorada por milh\u00f5es de pessoas em muitos pa\u00edses. Voc\u00ea pode encontr\u00e1-lo tanto em um cassino online quanto em um estabelecimento estacion\u00e1rio cl\u00e1ssico. L\u00e1 ela assume a lideran\u00e7a. Este entretenimento de jogo tem uma atmosfera peculiar, gra\u00e7as \u00e0 qual voc\u00ea pode esquecer tudo no...","_links":{"self":[{"href":"https:\/\/rocketplay-slot.com\/pt-br\/wp-json\/wp\/v2\/pages\/2202","targetHints":{"allow":["GET"]}}],"collection":[{"href":"https:\/\/rocketplay-slot.com\/pt-br\/wp-json\/wp\/v2\/pages"}],"about":[{"href":"https:\/\/rocketplay-slot.com\/pt-br\/wp-json\/wp\/v2\/types\/page"}],"author":[{"embeddable":true,"href":"https:\/\/rocketplay-slot.com\/pt-br\/wp-json\/wp\/v2\/users\/1"}],"replies":[{"embeddable":true,"href":"https:\/\/rocketplay-slot.com\/pt-br\/wp-json\/wp\/v2\/comments?post=2202"}],"version-history":[{"count":2,"href":"https:\/\/rocketplay-slot.com\/pt-br\/wp-json\/wp\/v2\/pages\/2202\/revisions"}],"predecessor-version":[{"id":2204,"href":"https:\/\/rocketplay-slot.com\/pt-br\/wp-json\/wp\/v2\/pages\/2202\/revisions\/2204"}],"wp:attachment":[{"href":"https:\/\/rocketplay-slot.com\/pt-br\/wp-json\/wp\/v2\/media?parent=2202"}],"curies":[{"name":"wp","href":"https:\/\/api.w.org\/{rel}","templated":true}]}}