{"id":2206,"date":"2022-06-15T08:06:23","date_gmt":"2022-06-15T05:06:23","guid":{"rendered":"https:\/\/rocketplay-slot.com\/live-blackjack\/"},"modified":"2024-02-08T17:43:35","modified_gmt":"2024-02-08T14:43:35","slug":"live-blackjack","status":"publish","type":"page","link":"https:\/\/rocketplay-slot.com\/pt-br\/live-blackjack\/","title":{"rendered":"Jogue blackjack de gra\u00e7a no RocketPlay"},"content":{"rendered":"<p>Se voc\u00ea ainda n\u00e3o est\u00e1 pronto para jogar blackjack ao vivo com dinheiro real RocketPlay, ou se voc\u00ea quer apenas jogar de gra\u00e7a, \u00e9 melhor faz\u00ea-lo aprimorando suas habilidades nos jogos gr\u00e1tis. Voc\u00ea n\u00e3o precisa se registrar, fornecer sua conta de e-mail ou outras informa\u00e7\u00f5es pessoais para jogar. Basta clicar na denomina\u00e7\u00e3o da ficha que deseja jogar e clicar no bot\u00e3o de oferta.<\/p>\n<h2>INTRODU\u00c7\u00c3O DO BLACKJACK<\/h2>\n<p>Blackjack ao vivo Brasil RocketPlay \u00e9, sem d\u00favida, o jogo de mesa mais popular, tanto em mesas de cassino em terra quanto entre os jogos de mesa em cassinos online. Mas o blackjack, como qualquer outro jogo de azar, tem um certo conjunto de regras que voc\u00ea precisa seguir para jogar este jogo corretamente e permanecer no jogo de blackjack contra o cassino no final. O cassino de blackjack ao vivo <a href=\"https:\/\/rocketplay-slot.com\/pt-br\/\">RocketPlay<\/a> ganha muito dinheiro com os jogadores que n\u00e3o est\u00e3o muito familiarizados com a forma de jogar blackjack, e se voc\u00ea \u00e9 apenas um desses jogadores, reserve um tempo para entender o prop\u00f3sito e as regras deste jogo.<\/p>\n\t<div class=\"alao-sidebar-box alao-sidebar-box-\">\n\t\t<a href=\"https:\/\/rocketplay-slot.com\/go-casino\/\" class=\"alao-sidebar-box__link\">\n\t\t\t<span class=\"alao-sidebar-box__thumb\">\n\t\t\t\t<img decoding=\"async\" src=\"https:\/\/rocketplay-slot.com\/wp-content\/uploads\/2022\/06\/second_bonus_nonlog.png\" alt=\" B\u00f4nus de primeiro dep\u00f3sito\">\n\t\t\t<\/span>\n\t\t\t<span class=\"alao-sidebar-box__info\">\n\t\t\t\t<span class=\"alao-sidebar-box__info-wrap\">\n\t\t\t\t\t<span class=\"alao-sidebar-box__head\"> B\u00f4nus de primeiro dep\u00f3sito<\/span>\n\t\t\t\t\t<span class=\"alao-sidebar-box__desc\">100% + 100 FS PARA UM IN\u00cdCIO PERFEITO<\/span>\n\t\t\t\t\t<span class=\"alao-sidebar-box__button\">Obter Agora<\/span>\n\t\t\t\t<\/span>\n\t\t\t<\/span>\n\t\t<\/a>\n\t<\/div>\n\t\n<h2>O OBJETIVO DO BLACKJACK<\/h2>\n<p>Al\u00e9m do crupi\u00ea, 1 a 7 jogadores podem participar do jogo RocketPlay online de blackjack ao vivo. No entanto, cada um deles joga contra o croupier, independentemente dos outros jogadores da mesa. Para ganhar uma m\u00e3o, a soma dos pontos da m\u00e3o do jogador deve ser 21 ou mais pr\u00f3xima desse n\u00famero do que a soma dos pontos da m\u00e3o RocketPlay de blackjack com dealer ao vivo, mas sem exagerar. Uma m\u00e3o que tenha mais de 21 pontos \u00e9 considerada morta e perde a aposta.<\/p>\n<h2>VALOR DO CART\u00c3O<\/h2>\n<p><img loading=\"lazy\" decoding=\"async\" class=\"aligncenter wp-image-282\" src=\"https:\/\/rocketplay-slot.com\/wp-content\/uploads\/2022\/06\/rocketplaynodep-1024x384.jpg\" alt=\"Jogue blackjack de gra\u00e7a no RocketPlay\" width=\"709\" height=\"266\" srcset=\"https:\/\/rocketplay-slot.com\/wp-content\/uploads\/2022\/06\/rocketplaynodep-1024x384.jpg 1024w, https:\/\/rocketplay-slot.com\/wp-content\/uploads\/2022\/06\/rocketplaynodep-300x113.jpg 300w, https:\/\/rocketplay-slot.com\/wp-content\/uploads\/2022\/06\/rocketplaynodep-768x288.jpg 768w, https:\/\/rocketplay-slot.com\/wp-content\/uploads\/2022\/06\/rocketplaynodep.jpg 1140w\" sizes=\"auto, (max-width: 709px) 100vw, 709px\" \/><\/p>\n<p>O valor da m\u00e3o do jogador, assim como a m\u00e3o do dealer, \u00e9 a soma do valor nominal das cartas que a comp\u00f5em. Todas as cartas com figuras, que incluem um rei, uma rainha e um valete, t\u00eam o valor de 10. As cartas de 2 a 10 t\u00eam um valor de acordo com o n\u00famero. Um \u00c1s pode ser jogado como 1 ou 11, dependendo de qual forma ser\u00e1 a melhor m\u00e3o. Se um \u00e1s for jogado como 11, \u00e9 considerado &#8220;soft&#8221;, mas se for jogado como 1, ser\u00e1 chamado de &#8220;hard&#8221;. A diferen\u00e7a \u00e9 que em uma m\u00e3o suave voc\u00ea n\u00e3o pode fazer overcall se pegar outra carta de imagem, por outro lado, uma m\u00e3o hard pode potencialmente levar a um overcall. Voc\u00ea pode ter uma ideia melhor da jogabilidade do RocketPlay gr\u00e1tis com dealer ao vivo de blackjack online jogando o jogo, que \u00e9 um dos muitos jogos de azar que n\u00e3o podem ser baixados.<\/p>\n<h2>O PROCESSO DO JOGO<\/h2>\n<p>Antes do in\u00edcio do jogo, todos os jogadores t\u00eam que fazer apostas. Cada jogador, incluindo o crupi\u00ea, recebe duas cartas, abertas ou fechadas. Cada jogador tem ent\u00e3o a oportunidade de fazer um &#8216;hit&#8217;, ou seja, comprar outra carta na esperan\u00e7a de melhorar sua m\u00e3o. Alternativamente, um jogador pode optar por jogar &#8216;ficar&#8217; e n\u00e3o pegar nenhuma carta adicional, \u00e0s vezes isso tamb\u00e9m \u00e9 chamado de passe. O croupier na maioria das vezes continua a receber cartas at\u00e9 que ele construa sua m\u00e3o como um s\u00f3lido 16. O croupier deve parar quando ele sacar um 17.<\/p>\n<h2>BLACKJACK<\/h2>\n<p>O <a href=\"https:\/\/rocketplay-slot.com\/pt-br\/bonus\/\">b\u00f4nus<\/a> de Blackjack \u00e9 exatamente de onde este jogo leva o nome. Blackjack \u00e9 quando as duas primeiras cartas que o jogador (ou croupier) recebe s\u00e3o um \u00e1s e uma carta de imagem, que ser\u00e1 21. Em m\u00e9dia, esta m\u00e3o de sorte cair\u00e1 cerca de uma vez a cada 20 m\u00e3os. O blackjack garante que o jogador ganhar\u00e1 a m\u00e3o e tamb\u00e9m d\u00e1 um pagamento de 3:2 em vez do padr\u00e3o 1:1 se o crupi\u00ea n\u00e3o tiver um blackjack ao mesmo tempo que o jogador. Em caso de empate, todas as fichas que o jogador colocou nessa m\u00e3o permanecer\u00e3o na caixa e a m\u00e3o ser\u00e1 considerada um empate.<span style=\"font-family: var(--global-body-font-family); letter-spacing: 0em;\"> \u00a0 \u00a0 \u00a0 \u00a0 \u00a0 \u00a0 \u00a0 \u00a0 \u00a0 \u00a0 \u00a0 \u00a0 \u00a0 \u00a0 \u00a0 \u00a0 \u00a0 \u00a0 \u00a0 \u00a0 \u00a0 \u00a0 \u00a0 \u00a0 \u00a0 \u00a0 \u00a0\u00a0<\/span><\/p>\n<p><span style=\"font-weight: 400;\"><img loading=\"lazy\" decoding=\"async\" class=\"aligncenter wp-image-4146 size-full\" src=\"https:\/\/rocketplay-slot.com\/wp-content\/uploads\/2024\/02\/11111.png\" alt=\"Jogue blackjack de gra\u00e7a no RocketPlay 2\" width=\"897\" height=\"606\" srcset=\"https:\/\/rocketplay-slot.com\/wp-content\/uploads\/2024\/02\/11111.png 897w, https:\/\/rocketplay-slot.com\/wp-content\/uploads\/2024\/02\/11111-300x203.png 300w, https:\/\/rocketplay-slot.com\/wp-content\/uploads\/2024\/02\/11111-768x519.png 768w\" sizes=\"auto, (max-width: 897px) 100vw, 897px\" \/><\/span><\/p>\n<h2>DIVIDIR<\/h2>\n<p>Split Pairs \u00e9 uma situa\u00e7\u00e3o que pode acontecer na primeira rodada de jogo se um jogador tiver uma m\u00e3o de duas cartas id\u00eanticas. Se isso acontecer, o jogador pode optar por dividir essas cartas em duas m\u00e3os diferentes e jogar cada m\u00e3o separadamente. No entanto, a segunda m\u00e3o exigir\u00e1 outra aposta e, dependendo do cassino, o jogador poder\u00e1 fazer v\u00e1rias divis\u00f5es seguidas, at\u00e9 3 ou 4, se continuar recebendo as mesmas cartas. A exce\u00e7\u00e3o a esta regra seriam dois ases, para os quais o jogador s\u00f3 poderia sacar uma carta adicional ap\u00f3s a divis\u00e3o.<\/p>\n<h2>EM DOBRO<\/h2>\n<p>Um duplo \u00e9 o dobro da aposta nas suas duas primeiras cartas. Tenha em mente, no entanto, que quando voc\u00ea usa esta op\u00e7\u00e3o, voc\u00ea s\u00f3 pode sacar mais uma carta ap\u00f3s a aposta. Esta op\u00e7\u00e3o \u00e9 aconselhada se voc\u00ea tem uma m\u00e3o que n\u00e3o pode perder por overshots, ou se o dealer tem uma m\u00e3o que ele pode facilmente perder.<\/p>\n<h2>SARRENDER<\/h2>\n<p>Sarrender \u00e9 quando voc\u00ea decide n\u00e3o continuar jogando uma m\u00e3o ruim antes mesmo de escolher outra carta. Nem todos os cassinos permitem que os jogadores aproveitem essa op\u00e7\u00e3o. Se voc\u00ea optar por Sarrender, voc\u00ea desiste de metade da sua aposta original, mas em alguns casos pode ser melhor do que perder tudo.<\/p>\n<h2>SEGURO<\/h2>\n<p>O seguro \u00e9 oferecido no caso de o dealer receber um \u00c1s no Open. Voc\u00ea pode pagar metade da sua aposta original como seguro caso o dealer receba o Blackjack. O seguro ser\u00e1 pago a voc\u00ea em odds de 2:1 se o dealer realmente coletar o blackjack. No entanto, os jogadores experientes consideram esta aposta sem sentido e n\u00e3o a recomendam (ao contr\u00e1rio dos casinos), por isso, se lhe for oferecido seguro, recuse educadamente.<\/p>\n<p>Para entender a hist\u00f3ria do blackjack e como ela se relaciona com o jogo que jogamos hoje, voc\u00ea precisa entender que o blackjack pode ter outras regras al\u00e9m das que discutimos acima. Os cassinos podem oferecer uma variedade de varia\u00e7\u00f5es deste jogo, mas o formato b\u00e1sico ser\u00e1 o mesmo em qualquer pa\u00eds e em qualquer estabelecimento. Quer voc\u00ea jogue no aplicativo de blackjack ao vivo RocketPlay ou em um cassino f\u00edsico, \u00e9 importante conhecer o b\u00e1sico deste jogo para poder aumentar suas chances de ganhar.<\/p>\n<h2>COMO GANHAR NO BLACKJACK ONLINE?<\/h2>\n<p>Para obter os melhores resultados no jogo de cartas RocketPlay m\u00f3vel de blackjack ao vivo no cassino, um iniciante deve seguir o seguinte plano.<\/p>\n<ul>\n<li>Aprenda completamente todos os meandros das regras.<\/li>\n<li>Dominar a teoria e aprender a aplicar na pr\u00e1tica a estrat\u00e9gia b\u00e1sica.<\/li>\n<li>Encontre as variedades de blackjack mais lucrativas com uma gama adequada de apostas.<\/li>\n<li>Escolha a melhor estrat\u00e9gia que melhor se adeque \u00e0s regras do modelo escolhido.<\/li>\n<li>Primeiro exerc\u00edcio em modo de treino &#8220;por divers\u00e3o&#8221;.<\/li>\n<li>Aprenda a gerenciar sua banca.<\/li>\n<\/ul>\n<p>Os jogadores profissionais tamb\u00e9m contam cartas, controlam os ases nos baralhos e empregam outros truques com os quais obt\u00eam uma vantagem matem\u00e1tica sobre o estabelecimento. Mas a maioria dessas t\u00e9cnicas sofisticadas n\u00e3o pode ser usada em portais de slots online, mesmo que seja um <a href=\"https:\/\/rocketplay-slot.com\/pt-br\/live-casino\/\">cassino ao vivo<\/a> com crupi\u00eas reais.<\/p>\n","protected":false},"excerpt":{"rendered":"<p>Se voc\u00ea ainda n\u00e3o est\u00e1 pronto para jogar blackjack ao vivo com dinheiro real RocketPlay, ou se voc\u00ea quer apenas jogar de gra\u00e7a, \u00e9 melhor faz\u00ea-lo aprimorando suas habilidades nos jogos gr\u00e1tis. Voc\u00ea n\u00e3o precisa se registrar, fornecer sua conta de e-mail ou outras informa\u00e7\u00f5es pessoais para jogar. Basta clicar na denomina\u00e7\u00e3o da ficha que&#8230;<\/p>\n","protected":false},"author":1,"featured_media":0,"parent":0,"menu_order":0,"comment_status":"closed","ping_status":"closed","template":"front-page.php","meta":{"_acf_changed":false,"_kad_post_transparent":"default","_kad_post_title":"default","_kad_post_layout":"default","_kad_post_sidebar_id":"","_kad_post_content_style":"default","_kad_post_vertical_padding":"default","_kad_post_feature":"","_kad_post_feature_position":"","_kad_post_header":false,"_kad_post_footer":false,"footnotes":""},"class_list":["post-2206","page","type-page","status-publish","hentry"],"acf":[],"rttpg_featured_image_url":null,"rttpg_author":{"display_name":"Elvis","author_link":"https:\/\/rocketplay-slot.com\/pt-br\/author\/pemvas95n89x\/"},"rttpg_comment":0,"rttpg_category":null,"rttpg_excerpt":"Se voc\u00ea ainda n\u00e3o est\u00e1 pronto para jogar blackjack ao vivo com dinheiro real RocketPlay, ou se voc\u00ea quer apenas jogar de gra\u00e7a, \u00e9 melhor faz\u00ea-lo aprimorando suas habilidades nos jogos gr\u00e1tis. Voc\u00ea n\u00e3o precisa se registrar, fornecer sua conta de e-mail ou outras informa\u00e7\u00f5es pessoais para jogar. Basta clicar na denomina\u00e7\u00e3o da ficha que...","_links":{"self":[{"href":"https:\/\/rocketplay-slot.com\/pt-br\/wp-json\/wp\/v2\/pages\/2206","targetHints":{"allow":["GET"]}}],"collection":[{"href":"https:\/\/rocketplay-slot.com\/pt-br\/wp-json\/wp\/v2\/pages"}],"about":[{"href":"https:\/\/rocketplay-slot.com\/pt-br\/wp-json\/wp\/v2\/types\/page"}],"author":[{"embeddable":true,"href":"https:\/\/rocketplay-slot.com\/pt-br\/wp-json\/wp\/v2\/users\/1"}],"replies":[{"embeddable":true,"href":"https:\/\/rocketplay-slot.com\/pt-br\/wp-json\/wp\/v2\/comments?post=2206"}],"version-history":[{"count":3,"href":"https:\/\/rocketplay-slot.com\/pt-br\/wp-json\/wp\/v2\/pages\/2206\/revisions"}],"predecessor-version":[{"id":4630,"href":"https:\/\/rocketplay-slot.com\/pt-br\/wp-json\/wp\/v2\/pages\/2206\/revisions\/4630"}],"wp:attachment":[{"href":"https:\/\/rocketplay-slot.com\/pt-br\/wp-json\/wp\/v2\/media?parent=2206"}],"curies":[{"name":"wp","href":"https:\/\/api.w.org\/{rel}","templated":true}]}}