{"id":2271,"date":"2022-06-15T00:06:54","date_gmt":"2022-06-14T21:06:54","guid":{"rendered":"https:\/\/rocketplay-slot.com\/live-bingo\/"},"modified":"2025-11-24T20:52:27","modified_gmt":"2025-11-24T17:52:27","slug":"live-bingo","status":"publish","type":"page","link":"https:\/\/rocketplay-slot.com\/pt-br\/live-bingo\/","title":{"rendered":"Jogue bingo ao vivo no RocketPlay"},"content":{"rendered":"<p><span style=\"font-weight: 400;\">Neste jogo, tudo depende do acaso. Cada jogador recebe um cart\u00e3o com n\u00fameros impressos em ordem aleat\u00f3ria. O anfitri\u00e3o se reveza para retirar os n\u00fameros, e a pessoa verifica o cart\u00e3o para os n\u00fameros nele. O jogador cuja carta foi a primeira a conter a combina\u00e7\u00e3o vencedora ganha. Os jogadores com n\u00fameros correspondentes em uma linha, v\u00e1rias linhas ou um bloco ganham. Nos jogos de bingo ao vivo <a href=\"https:\/\/rocketplay-slot.com\/pt-br\/\">RocketPlay<\/a>, os n\u00fameros s\u00e3o escolhidos por um programa baseado em um gerador de n\u00fameros aleat\u00f3rios em vez de um l\u00edder. \u00a0 \u00a0 \u00a0 \u00a0 \u00a0 \u00a0 \u00a0 \u00a0 \u00a0 \u00a0 \u00a0 \u00a0 \u00a0 \u00a0 \u00a0 \u00a0 \u00a0 \u00a0 \u00a0 \u00a0 \u00a0 \u00a0 \u00a0 \u00a0 \u00a0 \u00a0 \u00a0 \u00a0 \u00a0 \u00a0 \u00a0 \u00a0 \u00a0 \u00a0 \u00a0 \u00a0 \u00a0 \u00a0 \u00a0 \u00a0 \u00a0 \u00a0 \u00a0 \u00a0 \u00a0 \u00a0 \u00a0 \u00a0 \u00a0 \u00a0 \u00a0 \u00a0 \u00a0 \u00a0 \u00a0 \u00a0 \u00a0 \u00a0 \u00a0 \u00a0 \u00a0 \u00a0 \u00a0 \u00a0 \u00a0 \u00a0 \u00a0 \u00a0 \u00a0 \u00a0 \u00a0 \u00a0 \u00a0 \u00a0 \u00a0 \u00a0 \u00a0 \u00a0 \u00a0 \u00a0 \u00a0 \u00a0 \u00a0 \u00a0 \u00a0 \u00a0 <img loading=\"lazy\" decoding=\"async\" class=\"aligncenter wp-image-215\" src=\"https:\/\/rocketplay-slot.com\/wp-content\/uploads\/2022\/06\/nvpl6ximfjejhyr5duzzhoww2mtzxdvyfv7bm5b6.jpeg\" alt=\"\" width=\"600\" height=\"600\" srcset=\"https:\/\/rocketplay-slot.com\/wp-content\/uploads\/2022\/06\/nvpl6ximfjejhyr5duzzhoww2mtzxdvyfv7bm5b6.jpeg 300w, https:\/\/rocketplay-slot.com\/wp-content\/uploads\/2022\/06\/nvpl6ximfjejhyr5duzzhoww2mtzxdvyfv7bm5b6-150x150.jpeg 150w\" sizes=\"auto, (max-width: 600px) 100vw, 600px\" \/><\/span><\/p>\n<h2>UMA BREVE HIST\u00d3RIA<\/h2>\n<p>N\u00f3s, italianos, devemos n\u00e3o apenas massas, pizzas e vinhos aos italianos, mas tamb\u00e9m ao bingo. No s\u00e9culo 16, eles inventaram um jogo chamado bingo, que ainda \u00e9 jogado hoje. Ao longo dos anos, o jogo se espalhou por toda a Europa e depois chegou \u00e0 Am\u00e9rica do Norte. Na \u00e9poca, chamava-se &#8220;bino&#8221; e se tornou &#8220;bingo&#8221; por acaso quando um dos jogadores, que obteve a combina\u00e7\u00e3o vencedora, acidentalmente misturou o nome e gritou &#8220;bingo&#8221;. Na Gr\u00e3-Bretanha, este jogo n\u00e3o \u00e9 menos popular. Em 1960, foi legalizado e desde ent\u00e3o come\u00e7ou a reunir milhares de brit\u00e2nicos, tornando-se um passatempo favorito. Mais tarde, seu alcance atingiu tal escala que, desde meados dos anos 80, em muitos pa\u00edses surgiram loterias nacionais com pr\u00eamios multimilion\u00e1rios. Desde 2000, o bingo, ou bingo, est\u00e1 online, permitindo que pessoas de todo o mundo joguem, ganhem e conhe\u00e7am outros entusiastas do bingo.<\/p>\n<h2>POR QUE BINGO ONLINE?<\/h2>\n<ul>\n<li>Altos pagamentos;<\/li>\n<li>Disponibilidade de jogos a qualquer hora do dia ou da noite;<\/li>\n<li>O jogo \u00e9 mais r\u00e1pido;<\/li>\n<li>Voc\u00ea pode jogar v\u00e1rios jogos ou salas ao mesmo tempo;<\/li>\n<li>Uma grande variedade de variedades de bingo de <a href=\"https:\/\/rocketplay-slot.com\/pt-br\/live-casino\/\">cassino ao vivo<\/a> RocketPlay e o n\u00famero de jogadores;<\/li>\n<li>Voc\u00ea pode jogar de gra\u00e7a.<\/li>\n<\/ul>\n<h2>REGRAS B\u00c1SICAS<\/h2>\n<p>Antes de tudo, voc\u00ea precisa escolher o tipo de jogo: a vers\u00e3o americana tem 75 bolas; h\u00e1 tamb\u00e9m varia\u00e7\u00f5es com 30 bolas. O jogo tradicional do Reino Unido envolve 90 bolas. Vejamos as regras do jogo com base nele.<\/p>\n<p>O bilhete para o jogo com 90 n\u00fameros poss\u00edveis \u00e9 dividido em 3 linhas e 9 colunas, o que d\u00e1 um total de 27 quadrados. Cada linha cont\u00e9m 15 n\u00fameros. Cada bilhete padr\u00e3o consiste em 6 bilhetes menores, que s\u00e3o chamados de &#8220;tiras&#8221;. Essencialmente, esses seis bilhetes cont\u00eam todos os n\u00fameros de 1 a 90, dispostos em uma ordem diferente.<\/p>\n<p>Agora que voc\u00ea sabe como \u00e9 um bilhete de bingo padr\u00e3o, vamos passar para o jogo em si.<\/p>\n<p>Escolha do Jogo. Os ganhos do bingo dependem do tipo de jogo, do tamanho das apostas e do n\u00famero de bilhetes. Para lutar pelos maiores pr\u00eamios, os <a href=\"https:\/\/rocketplay-slot.com\/pt-br\/casino\/\">cassinos online<\/a> geralmente pedem ao jogador que forne\u00e7a informa\u00e7\u00f5es sobre o m\u00e9todo de pagamento. Isso pode ser informa\u00e7\u00f5es de cart\u00e3o banc\u00e1rio ou qualquer outra coisa.<\/p>\n<p>Compra de ingressos. Depois de escolher um jogo adequado, voc\u00ea receber\u00e1 ingressos. Na maioria das vezes, voc\u00ea pode comprar mais de um ingresso, mas geralmente \u00e9 no m\u00e1ximo dois. E n\u00e3o h\u00e1 nenhum mecanismo comprovado aqui &#8211; tudo depende da sua sorte. Observe que mesmo se voc\u00ea jogar o jogo de gra\u00e7a, ainda ter\u00e1 que &#8220;comprar&#8221; um ingresso. N\u00e3o se deixe intimidar por esta palavra, o jogo gratuito n\u00e3o exige que voc\u00ea fa\u00e7a nada. Depois disso, come\u00e7a a parte divertida.<\/p>\n<p>O an\u00fancio dos n\u00fameros. Nos cassinos online, as bolas s\u00e3o selecionadas usando um gerador de n\u00fameros aleat\u00f3rios. Ao contr\u00e1rio do jogo tradicional, na vers\u00e3o online o computador avisa onde voc\u00ea tem partidas ou at\u00e9 mesmo risca partidas automaticamente, deixando mais tempo para voc\u00ea interagir com outros jogadores. Voc\u00ea pode alternar para o modo autom\u00e1tico ou riscar os n\u00fameros voc\u00ea mesmo. De qualquer forma, o risco de perder o seu n\u00famero \u00e9 minimizado &#8211; o computador ainda conta as correspond\u00eancias no seu bilhete.<\/p>\n<p>An\u00fancio do vencedor. Assim que houver um vencedor, o jogo \u00e9 pausado. O jogador vencedor recebe os ganhos principais e os outros podem ver se h\u00e1 combina\u00e7\u00f5es vencedoras em seu bilhete. Mesmo que n\u00e3o tenha sido voc\u00ea que disse &#8220;Bingo!&#8221; voc\u00ea pode ganhar um belo pr\u00eamio. A chave \u00e9 ter combina\u00e7\u00f5es de n\u00fameros correspondentes em seu bilhete, como v\u00e1rias colunas ou um quadrado de n\u00fameros. Cada tipo de bingo tem suas pr\u00f3prias combina\u00e7\u00f5es vencedoras, que podem ser encontradas no site do cassino online.<\/p>\n<h2><span style=\"font-family: var(--global-body-font-family); font-size: 16px; letter-spacing: 0em;\">\t<div class=\"alao-sidebar-box alao-sidebar-box-rose\">\n\t\t<a href=\"\" class=\"alao-sidebar-box__link\">\n\t\t\t<span class=\"alao-sidebar-box__thumb\">\n\t\t\t\t<img decoding=\"async\" src=\"https:\/\/rocketplay-slot.com\/wp-content\/uploads\/2022\/06\/second_bonus_nonlog.png\" alt=\"B\u00f4nus de c\u00f3digo promocional para high roll\">\n\t\t\t<\/span>\n\t\t\t<span class=\"alao-sidebar-box__info\">\n\t\t\t\t<span class=\"alao-sidebar-box__info-wrap\">\n\t\t\t\t\t<span class=\"alao-sidebar-box__head\">B\u00f4nus de c\u00f3digo promocional para high roll<\/span>\n\t\t\t\t\t<span class=\"alao-sidebar-box__desc\">B\u00d4NUS DE 50% HIGHROLLER<\/span>\n\t\t\t\t\t<span class=\"alao-sidebar-box__button\">Obter Agora<\/span>\n\t\t\t\t<\/span>\n\t\t\t<\/span>\n\t\t<\/a>\n\t<\/div>\n\t<\/span><\/h2>\n<h2>VARIEDADES DE BINGO<\/h2>\n<p>Existem muitos modelos neste jogo. Considere o mais popular deles.<\/p>\n<p>75 bolas \u00e9 um jogo popular nos Estados Unidos e Canad\u00e1. Al\u00e9m do menor n\u00famero de bolas, este jogo usa um formato diferente de bilhete de 5 por 5, onde s\u00e3o colocados 24 n\u00fameros e com um quadrado vazio no meio. Cada uma das cinco colunas come\u00e7a com uma letra na palavra &#8220;Bingo&#8221;, tornando mais f\u00e1cil encontrar os n\u00fameros no bilhete.<\/p>\n<p>80 Bolas \u00e9 um jogo muito parecido com a varia\u00e7\u00e3o do bingo com 75 n\u00fameros, mas o bilhete tem 4 linhas e 4 colunas (16 n\u00fameros).<\/p>\n<p>90 bolas \u00e9 um jogo popular no Reino Unido. O bilhete tem 3 linhas de 9 c\u00e9lulas, com 5 n\u00fameros em cada linha. H\u00e1 um total de 15 n\u00fameros aleat\u00f3rios em cada parte do bilhete variando de 1 a 90.<\/p>\n<p>30 Balls \u00e9 uma vers\u00e3o acelerada do jogo. O bilhete tem 9 n\u00fameros e 3 linhas e colunas cada.<\/p>\n<p>Al\u00e9m dessas, existem outras vers\u00f5es do jogo.<\/p>\n<h2>PONTAS<\/h2>\n<p>Limite seu or\u00e7amento. A compra espont\u00e2nea de v\u00e1rios bilhetes em um dia provavelmente n\u00e3o resultar\u00e1 nos ganhos desejados. A consist\u00eancia \u00e9 importante neste jogo, ent\u00e3o pense com anteced\u00eancia sobre quanto voc\u00ea est\u00e1 disposto a gastar. Preste aten\u00e7\u00e3o aos c\u00f3digos de b\u00f4nus de bingo de jogo ao vivo RocketPlay.<\/p>\n<p>Encontre seu tipo favorito de jogo e site. Jogos diferentes s\u00e3o projetados para pessoas diferentes. O mesmo vale para os sites tamb\u00e9m. Ent\u00e3o, se voc\u00ea joga o RocketPlay gr\u00e1tis ao vivo de bingo regularmente ou apenas ocasionalmente, encontre um site que voc\u00ea goste.<\/p>\n<p>Se poss\u00edvel, compre alguns ingressos. Se o seu or\u00e7amento permitir, recomendamos a compra de v\u00e1rios ingressos para um jogo. Isso \u00e9 melhor do que v\u00e1rios jogos simult\u00e2neos ou consecutivos.<\/p>\n<p>Aumente suas chances de ganhar. Tente n\u00e3o escolher os hor\u00e1rios mais populares para jogar, assim voc\u00ea ter\u00e1 mais chances de pegar sua sorte pela cauda.<\/p>\n<h2><span style=\"font-family: var(--global-body-font-family); font-size: 16px; letter-spacing: 0em;\"> \u00a0 \u00a0 \u00a0 \u00a0 \u00a0 \u00a0 \u00a0 \u00a0 \u00a0 \u00a0 \u00a0 \u00a0 \u00a0 \u00a0 \u00a0 \u00a0 \u00a0 \u00a0 \u00a0 \u00a0 \u00a0 \u00a0 \u00a0 \u00a0 \u00a0 \u00a0 \u00a0 \u00a0 \u00a0 \u00a0 \u00a0 \u00a0 \u00a0 \u00a0 \u00a0 \u00a0 \u00a0 \u00a0 \u00a0 \u00a0 \u00a0 \u00a0 \u00a0<\/span><\/h2>\n<p><span style=\"font-weight: 400;\"><img loading=\"lazy\" decoding=\"async\" class=\"aligncenter wp-image-218\" src=\"https:\/\/rocketplay-slot.com\/wp-content\/uploads\/2022\/06\/rocketplay-1.webp\" alt=\"\" width=\"600\" height=\"337\" srcset=\"https:\/\/rocketplay-slot.com\/wp-content\/uploads\/2022\/06\/rocketplay-1.webp 360w, https:\/\/rocketplay-slot.com\/wp-content\/uploads\/2022\/06\/rocketplay-1-300x168.webp 300w\" sizes=\"auto, (max-width: 600px) 100vw, 600px\" \/><\/span><\/p>\n<h2>JOGUE BINGO EM VOO<\/h2>\n<p>Hoje, quase todo mundo tem um smartphone, e n\u00e3o \u00e9 surpresa que o jogo online em dispositivos m\u00f3veis esteja se tornando cada vez mais popular. Quase todos os sites de bingo online est\u00e3o agora dispon\u00edveis em dispositivos m\u00f3veis, incluindo smartphones e tablets.<\/p>\n<p>Isso significa que voc\u00ea pode baixar o bingo ao vivo RocketPlay, entrar na sala e continuar jogando onde quer que esteja! Quando voc\u00ea joga bingo em seu dispositivo m\u00f3vel, voc\u00ea n\u00e3o precisa baixar o aplicativo adicional de bingo ao vivo RocketPlay, geralmente os sites cuidam para garantir que seus jogos favoritos sejam adaptados para dispositivos m\u00f3veis, isso definitivamente proporciona a experi\u00eancia de bingo mais agrad\u00e1vel.<\/p>\n<p>Certifique-se de ter acesso ao site a partir do seu dispositivo m\u00f3vel e todos os mesmos recursos antes de se inscrever no cassino.<\/p>\n<h2>PERGUNTAS FREQUENTES<\/h2>\n<h3>\u00c9 SEGURO JOGAR BINGO ONLINE?<\/h3>\n<p>Sim, claro que \u00e9. Se voc\u00ea tem certeza de que o site que est\u00e1 usando \u00e9 confi\u00e1vel, n\u00e3o hesite em jogar bingo online.<\/p>\n<h3>TENHO QUE INSTALAR ALGUM SOFTWARE NO MEU COMPUTADOR PARA JOGAR BINGO ROCKETPLAY AO VIVO?<\/h3>\n<p>Antigamente, muitos sites exigiam que os usu\u00e1rios baixassem software para jogar sites de bingo online. Hoje em dia, no entanto, a tecnologia melhorou e a maioria dos jogos de bingo online s\u00e3o constru\u00eddos usando a mais recente tecnologia HTML5. Isso significa que ele carrega rapidamente, permitindo que voc\u00ea aproveite o jogo no seu navegador.<\/p>\n<h3>POSSO JOGAR BINGO NO MEU SMARTPHONE?<\/h3>\n<p>Gra\u00e7as aos avan\u00e7os da tecnologia, agora voc\u00ea pode jogar bingo em qualquer lugar. Voc\u00ea n\u00e3o precisa baixar nada, mas alguns sites oferecem aplicativos separados. Voc\u00ea pode acessar o site do seu navegador ou usar um aplicativo para garantir uma experi\u00eancia de jogo mais suave.<\/p>\n","protected":false},"excerpt":{"rendered":"<p>Neste jogo, tudo depende do acaso. Cada jogador recebe um cart\u00e3o com n\u00fameros impressos em ordem aleat\u00f3ria. O anfitri\u00e3o se reveza para retirar os n\u00fameros, e a pessoa verifica o cart\u00e3o para os n\u00fameros nele. O jogador cuja carta foi a primeira a conter a combina\u00e7\u00e3o vencedora ganha. Os jogadores com n\u00fameros correspondentes em uma&#8230;<\/p>\n","protected":false},"author":1,"featured_media":0,"parent":0,"menu_order":0,"comment_status":"closed","ping_status":"closed","template":"","meta":{"_acf_changed":false,"_kad_post_transparent":"default","_kad_post_title":"default","_kad_post_layout":"default","_kad_post_sidebar_id":"","_kad_post_content_style":"default","_kad_post_vertical_padding":"default","_kad_post_feature":"","_kad_post_feature_position":"","_kad_post_header":false,"_kad_post_footer":false,"footnotes":""},"class_list":["post-2271","page","type-page","status-publish","hentry"],"acf":[],"rttpg_featured_image_url":null,"rttpg_author":{"display_name":"Elvis","author_link":"https:\/\/rocketplay-slot.com\/pt-br\/author\/pemvas95n89x\/"},"rttpg_comment":0,"rttpg_category":null,"rttpg_excerpt":"Neste jogo, tudo depende do acaso. Cada jogador recebe um cart\u00e3o com n\u00fameros impressos em ordem aleat\u00f3ria. O anfitri\u00e3o se reveza para retirar os n\u00fameros, e a pessoa verifica o cart\u00e3o para os n\u00fameros nele. O jogador cuja carta foi a primeira a conter a combina\u00e7\u00e3o vencedora ganha. Os jogadores com n\u00fameros correspondentes em uma...","_links":{"self":[{"href":"https:\/\/rocketplay-slot.com\/pt-br\/wp-json\/wp\/v2\/pages\/2271","targetHints":{"allow":["GET"]}}],"collection":[{"href":"https:\/\/rocketplay-slot.com\/pt-br\/wp-json\/wp\/v2\/pages"}],"about":[{"href":"https:\/\/rocketplay-slot.com\/pt-br\/wp-json\/wp\/v2\/types\/page"}],"author":[{"embeddable":true,"href":"https:\/\/rocketplay-slot.com\/pt-br\/wp-json\/wp\/v2\/users\/1"}],"replies":[{"embeddable":true,"href":"https:\/\/rocketplay-slot.com\/pt-br\/wp-json\/wp\/v2\/comments?post=2271"}],"version-history":[{"count":3,"href":"https:\/\/rocketplay-slot.com\/pt-br\/wp-json\/wp\/v2\/pages\/2271\/revisions"}],"predecessor-version":[{"id":2274,"href":"https:\/\/rocketplay-slot.com\/pt-br\/wp-json\/wp\/v2\/pages\/2271\/revisions\/2274"}],"wp:attachment":[{"href":"https:\/\/rocketplay-slot.com\/pt-br\/wp-json\/wp\/v2\/media?parent=2271"}],"curies":[{"name":"wp","href":"https:\/\/api.w.org\/{rel}","templated":true}]}}