{"id":2276,"date":"2022-06-15T00:33:34","date_gmt":"2022-06-14T21:33:34","guid":{"rendered":"https:\/\/rocketplay-slot.com\/live-casino\/"},"modified":"2022-11-03T13:55:56","modified_gmt":"2022-11-03T10:55:56","slug":"live-casino","status":"publish","type":"page","link":"https:\/\/rocketplay-slot.com\/pt-br\/live-casino\/","title":{"rendered":"Jogue cassino ao vivo no RocketPlay"},"content":{"rendered":"<p>O cassino ao vivo RocketPlay est\u00e1 trabalhando ativamente para interessar os jogadores e maximizar seus interesses. N\u00e3o muito tempo atr\u00e1s, o site apareceu jogos com revendedores reais. Os jogos ao vivo est\u00e3o ganhando popularidade rapidamente, pois o fator de comunica\u00e7\u00e3o ao vivo n\u00e3o \u00e9 menos importante para os jogadores do que a quantidade de ganhos. Al\u00e9m disso, o crupi\u00ea \u00e9 mais confi\u00e1vel do que o programa de computador autom\u00e1tico.<\/p>\n<h2>JOGOS AO VIVO NO ROCKETPLAY DE CASINOS ONLINE<\/h2>\n<p>A peculiaridade do modo Live \u00e9 que a comunica\u00e7\u00e3o entre o dealer e o jogador ocorre em tempo real por meio de chat online. A transmiss\u00e3o do jogo \u00e9 realizada a partir de um est\u00fadio especial, onde tudo corresponde ao ambiente do cassino real. Ele define as mesas de jogo, que s\u00e3o crupi\u00eas profissionais. Eles n\u00e3o apenas conduzem o jogo e mant\u00eam um di\u00e1logo com o jogador.<\/p>\n<p>Sortido Os jogos de cassino ao vivo RocketPlay s\u00e3o uma variedade de op\u00e7\u00f5es para roleta, blackjack, p\u00f4quer, bacar\u00e1 e conhecer loterias online. Vale ressaltar que eles possuem vers\u00f5es gratuitas, mas n\u00e3o \u00e9 poss\u00edvel fazer uma aposta condicional. Esta \u00e9 apenas uma vers\u00e3o introdut\u00f3ria, para aprender as regras e princ\u00edpios do jogo. Antes de iniciar o jogo com um dealer ao vivo nastriruyte que este processo ser\u00e1 o mais diferente poss\u00edvel para girar as bobinas no slot Books da Novomatic ou puxar as cordas Monkey da Igrosoft &#8211; este \u00e9 um estilo de elite de jogar em um cassino caro!<span style=\"font-family: var(--global-body-font-family); letter-spacing: 0em;\">\u00a0 \u00a0 \u00a0 \u00a0 \u00a0 \u00a0 \u00a0 \u00a0 \u00a0 \u00a0 \u00a0 \u00a0 \u00a0 \u00a0 \u00a0 \u00a0 \u00a0 \u00a0 \u00a0 \u00a0 \u00a0 \u00a0 \u00a0 \u00a0 \u00a0\u00a0<\/span><\/p>\n<p><span style=\"font-weight: 400;\"><img loading=\"lazy\" decoding=\"async\" class=\"aligncenter wp-image-274\" src=\"https:\/\/rocketplay-slot.com\/wp-content\/uploads\/2022\/06\/welcome_1300x640-1-300x148.png\" alt=\"\" width=\"600\" height=\"295\" srcset=\"https:\/\/rocketplay-slot.com\/wp-content\/uploads\/2022\/06\/welcome_1300x640-1-300x148.png 300w, https:\/\/rocketplay-slot.com\/wp-content\/uploads\/2022\/06\/welcome_1300x640-1-1024x504.png 1024w, https:\/\/rocketplay-slot.com\/wp-content\/uploads\/2022\/06\/welcome_1300x640-1-768x378.png 768w, https:\/\/rocketplay-slot.com\/wp-content\/uploads\/2022\/06\/welcome_1300x640-1.png 1300w\" sizes=\"auto, (max-width: 600px) 100vw, 600px\" \/><\/span><\/p>\n<p>O desenvolvimento de produtos para o cassino ao vivo RocketPlay na Brasil est\u00e1 envolvido em algumas empresas, entre elas a Ezugi delusion, que se anunciou h\u00e1 relativamente pouco tempo, mas rapidamente ganhou popularidade. Seu modelo acaba de ser inclu\u00eddo na gama de cassinos online RocketPlay. Os clientes t\u00eam a op\u00e7\u00e3o de <a href=\"https:\/\/rocketplay-slot.com\/pt-br\/roulette\/\">Roleta<\/a>, Roleta Russa, Roleta Portomaso, bem como Blackjack, Blackjack Ilimitado, Baccarat Dragon Tiger, Keno e outros jogos. Para jogar qualquer um deles, basta passar o cursor sobre o \u00edcone apropriado e clicar nele. Depois disso, ser\u00e1 estabelecida uma conex\u00e3o com o est\u00fadio onde o jogo se passa.<\/p>\n<h2>CARACTER\u00cdSTICAS DOS JOGOS DE CASINO AO VIVO<\/h2>\n<p>Na <a href=\"https:\/\/rocketplay-slot.com\/pt-br\/live-roulette\/\">roleta ao vivo<\/a> pode jogar um n\u00famero ilimitado de participantes. Fichas de diferentes denomina\u00e7\u00f5es est\u00e3o localizadas na parte inferior da tela. Aqui tamb\u00e9m existem bot\u00f5es de controle e configura\u00e7\u00f5es. As informa\u00e7\u00f5es sobre a rodada atual s\u00e3o fixadas no placar, para comodidade dos jogadores. Recursos adicionais, incluindo o hist\u00f3rico do jogo, ajudar\u00e3o o jogo com um resultado alto.<\/p>\n<p>O bacar\u00e1 \u00e9 reconhecido como o jogo com as regras mais simples. Os usu\u00e1rios ver\u00e3o \u00e0 sua frente uma tabela com as marca\u00e7\u00f5es e inscri\u00e7\u00f5es apropriadas. As regras do jogo s\u00e3o descritas na se\u00e7\u00e3o de refer\u00eancia. Com a sua conduta n\u00e3o haver\u00e1 dificuldades.<\/p>\n<p>Para os f\u00e3s de sorteios de loteria online oferecidos Keno e Bet on Numbers. Eles acontecem tradicionalmente usando a m\u00e1quina de loteria, que \u00e9 carregada com bolas com n\u00fameros. Para garantir que o participante n\u00e3o perca o n\u00famero vencedor, o dealer o anuncia. Al\u00e9m disso, o n\u00famero \u00e9 refletido em um placar adicional de forma ampliada.<\/p>\n<p>Escolhendo a vers\u00e3o mais atraente do blackjack, o jogador RocketPlay live casino <a href=\"https:\/\/rocketplay-slot.com\/pt-br\/bonus\/\">b\u00f4nus<\/a> de boas-vindas n\u00e3o pode duvidar que o jogo terminar\u00e1 com um resultado positivo. As regras s\u00e3o tradicionais, voc\u00ea n\u00e3o deve demonstrar emo\u00e7\u00f5es desnecess\u00e1rias e se concentrar em compor a combina\u00e7\u00e3o de pr\u00eamios. Voc\u00ea pode usar o aplicativo de cassino ao vivo RocketPlay para jogar.<\/p>\n<p><span style=\"font-family: var(--global-body-font-family); letter-spacing: 0em;\">\t<div class=\"alao-sidebar-box alao-sidebar-box-\">\n\t\t<a href=\"\" class=\"alao-sidebar-box__link\">\n\t\t\t<span class=\"alao-sidebar-box__thumb\">\n\t\t\t\t<img decoding=\"async\" src=\"https:\/\/rocketplay-slot.com\/wp-content\/uploads\/2022\/06\/second_bonus_nonlog.png\" alt=\"B\u00f4nus de primeiro dep\u00f3sito\">\n\t\t\t<\/span>\n\t\t\t<span class=\"alao-sidebar-box__info\">\n\t\t\t\t<span class=\"alao-sidebar-box__info-wrap\">\n\t\t\t\t\t<span class=\"alao-sidebar-box__head\">B\u00f4nus de primeiro dep\u00f3sito<\/span>\n\t\t\t\t\t<span class=\"alao-sidebar-box__desc\">100% + 100 FS PARA UM IN\u00cdCIO PERFEITO<\/span>\n\t\t\t\t\t<span class=\"alao-sidebar-box__button\">Obter Agora<\/span>\n\t\t\t\t<\/span>\n\t\t\t<\/span>\n\t\t<\/a>\n\t<\/div>\n\t\u00a0 \u00a0 \u00a0 \u00a0 \u00a0 \u00a0 \u00a0 \u00a0 \u00a0 \u00a0 \u00a0 \u00a0 \u00a0 \u00a0 \u00a0 \u00a0 \u00a0 \u00a0 \u00a0 \u00a0 \u00a0 \u00a0 \u00a0 \u00a0 \u00a0 \u00a0 \u00a0 \u00a0 \u00a0 \u00a0 \u00a0 \u00a0 \u00a0 \u00a0 \u00a0 \u00a0 \u00a0 \u00a0 \u00a0 \u00a0 \u00a0 \u00a0 \u00a0 \u00a0 \u00a0 \u00a0 \u00a0 \u00a0 \u00a0 \u00a0 \u00a0 \u00a0 \u00a0 \u00a0 \u00a0 \u00a0 \u00a0 \u00a0 \u00a0 \u00a0 \u00a0 \u00a0\u00a0<\/span><\/p>\n<h2>VANTAGENS DOS JOGOS AO VIVO<\/h2>\n<p>A principal vantagem do cassino ao vivo RocketPlay sem b\u00f4nus de dep\u00f3sito sobre ca\u00e7a-n\u00edqueis, ca\u00e7a-n\u00edqueis ou jogos de mesa eletr\u00f4nicos \u00e9 que o processo \u00e9 gerenciado por um revendedor profissional. Isso tem a sensa\u00e7\u00e3o de um cassino real. \u00c9 criado pelo ambiente e pelo preenchimento sonoro. A presen\u00e7a de um crupi\u00ea aumenta a confian\u00e7a do jogador. Isso tamb\u00e9m serve como uma confirma\u00e7\u00e3o de que o jogo ser\u00e1 justo e n\u00e3o haver\u00e1 falsifica\u00e7\u00e3o dos resultados. A vantagem dos jogos ao vivo \u00e9 que eles t\u00eam regras familiares, familiares aos jogadores e h\u00e1 b\u00f4nus de cassino ao vivo RocketPlay. Para realizar as opera\u00e7\u00f5es do jogo s\u00e3o bot\u00f5es funcionais. Eles s\u00e3o colocados na tela de forma a n\u00e3o interferir com o usu\u00e1rio para acompanhar o desenvolvimento dos eventos. Eles tamb\u00e9m aplicam uma extensa gama de apostas. Voc\u00ea pode jogar com o valor m\u00ednimo e com taxas altas. O menu de configura\u00e7\u00f5es adicionais ajuda a criar um ambiente confort\u00e1vel. Tamb\u00e9m \u00e9 importante que a rodada atual de informa\u00e7\u00f5es seja registrada e o hist\u00f3rico do jogo seja criado. Seu estudo levar\u00e1 em conta os erros e construir\u00e1 um modelo de jogo mais bem-sucedido. E a oportunidade de jogar gr\u00e1tis no cassino ao vivo RocketPlay \u00e9 perfeita para quem est\u00e1 experimentando esse tipo de jogo pela primeira vez.<\/p>\n<p><span style=\"font-weight: 400;\"><img loading=\"lazy\" decoding=\"async\" class=\"aligncenter wp-image-263\" src=\"https:\/\/rocketplay-slot.com\/wp-content\/uploads\/2022\/06\/casino-coins-300x218.png\" alt=\"\" width=\"600\" height=\"436\" srcset=\"https:\/\/rocketplay-slot.com\/wp-content\/uploads\/2022\/06\/casino-coins-300x218.png 300w, https:\/\/rocketplay-slot.com\/wp-content\/uploads\/2022\/06\/casino-coins.png 358w\" sizes=\"auto, (max-width: 600px) 100vw, 600px\" \/><\/span><\/p>\n<h2>Perguntas frequentes<\/h2>\n<h3>O QUE \u00c9 O CASINO AO VIVO?<\/h3>\n<p>\u00c9 uma combina\u00e7\u00e3o das vantagens de jogar online e ir a um cassino cl\u00e1ssico, possibilitado pela Internet. \u00c9 conveniente &#8211; voc\u00ea pode jogar em qualquer lugar, mas ao mesmo tempo &#8211; com um verdadeiro croupier, que transmite o jogo de um sal\u00e3o ou est\u00fadio especificamente para o cassino online RocketPlay.<\/p>\n<h3>QUE TIPO DE JOGO O CASINO AO VIVO OFERECE?<\/h3>\n<p>Estes s\u00e3o os cl\u00e1ssicos da mesa de cassino &#8220;tr\u00eas&#8221; &#8211; roleta, blackjack e bacar\u00e1, menos comum \u00e9 o p\u00f4quer e uma variedade de sorteios instant\u00e2neos, como a roda da fortuna.<\/p>\n<h3>QUAIS S\u00c3O AS VANTAGENS DO JOGO AO VIVO SOBRE OUTROS JOGOS DE CASINO?<\/h3>\n<p>Embora o dep\u00f3sito de b\u00f4nus de cassino ao vivo RocketPlay seja acompanhado por software de jogo (por exemplo, para reconhecer um n\u00famero caindo na roleta e sua exibi\u00e7\u00e3o subsequente no placar), mas n\u00e3o s\u00e3o baseados nos algoritmos RNG (gerador de n\u00fameros aleat\u00f3rios), ent\u00e3o eles s\u00e3o mais adequado para pessoas que gostam de jogar em casinos f\u00edsicos e preferem .comunica\u00e7\u00e3o com o dealer em vez de uma rota\u00e7\u00e3o silenciosa de roleta autom\u00e1tica<\/p>\n","protected":false},"excerpt":{"rendered":"<p>O cassino ao vivo RocketPlay est\u00e1 trabalhando ativamente para interessar os jogadores e maximizar seus interesses. N\u00e3o muito tempo atr\u00e1s, o site apareceu jogos com revendedores reais. Os jogos ao vivo est\u00e3o ganhando popularidade rapidamente, pois o fator de comunica\u00e7\u00e3o ao vivo n\u00e3o \u00e9 menos importante para os jogadores do que a quantidade de ganhos&#8230;.<\/p>\n","protected":false},"author":1,"featured_media":0,"parent":0,"menu_order":0,"comment_status":"closed","ping_status":"closed","template":"","meta":{"_acf_changed":false,"_kad_post_transparent":"default","_kad_post_title":"default","_kad_post_layout":"default","_kad_post_sidebar_id":"","_kad_post_content_style":"default","_kad_post_vertical_padding":"default","_kad_post_feature":"","_kad_post_feature_position":"","_kad_post_header":false,"_kad_post_footer":false,"footnotes":""},"class_list":["post-2276","page","type-page","status-publish","hentry"],"acf":[],"rttpg_featured_image_url":null,"rttpg_author":{"display_name":"Elvis","author_link":"https:\/\/rocketplay-slot.com\/pt-br\/author\/pemvas95n89x\/"},"rttpg_comment":0,"rttpg_category":null,"rttpg_excerpt":"O cassino ao vivo RocketPlay est\u00e1 trabalhando ativamente para interessar os jogadores e maximizar seus interesses. N\u00e3o muito tempo atr\u00e1s, o site apareceu jogos com revendedores reais. Os jogos ao vivo est\u00e3o ganhando popularidade rapidamente, pois o fator de comunica\u00e7\u00e3o ao vivo n\u00e3o \u00e9 menos importante para os jogadores do que a quantidade de ganhos....","_links":{"self":[{"href":"https:\/\/rocketplay-slot.com\/pt-br\/wp-json\/wp\/v2\/pages\/2276","targetHints":{"allow":["GET"]}}],"collection":[{"href":"https:\/\/rocketplay-slot.com\/pt-br\/wp-json\/wp\/v2\/pages"}],"about":[{"href":"https:\/\/rocketplay-slot.com\/pt-br\/wp-json\/wp\/v2\/types\/page"}],"author":[{"embeddable":true,"href":"https:\/\/rocketplay-slot.com\/pt-br\/wp-json\/wp\/v2\/users\/1"}],"replies":[{"embeddable":true,"href":"https:\/\/rocketplay-slot.com\/pt-br\/wp-json\/wp\/v2\/comments?post=2276"}],"version-history":[{"count":3,"href":"https:\/\/rocketplay-slot.com\/pt-br\/wp-json\/wp\/v2\/pages\/2276\/revisions"}],"predecessor-version":[{"id":2279,"href":"https:\/\/rocketplay-slot.com\/pt-br\/wp-json\/wp\/v2\/pages\/2276\/revisions\/2279"}],"wp:attachment":[{"href":"https:\/\/rocketplay-slot.com\/pt-br\/wp-json\/wp\/v2\/media?parent=2276"}],"curies":[{"name":"wp","href":"https:\/\/api.w.org\/{rel}","templated":true}]}}