{"id":2281,"date":"2022-08-11T20:22:23","date_gmt":"2022-08-11T17:22:23","guid":{"rendered":"https:\/\/rocketplay-slot.com\/bingo\/"},"modified":"2023-01-17T22:49:56","modified_gmt":"2023-01-17T19:49:56","slug":"bingo","status":"publish","type":"page","link":"https:\/\/rocketplay-slot.com\/pt-br\/bingo\/","title":{"rendered":"RocketPlay Bingo online por dinheiro real"},"content":{"rendered":"<p><img loading=\"lazy\" decoding=\"async\" class=\" wp-image-323 aligncenter\" src=\"https:\/\/rocketplay-slot.com\/wp-content\/uploads\/2022\/08\/apps.3686.13771585125703035.1a4ab674-204b-4aee-bd33-5d3bf50e79d9-1-300x169.jpg\" alt=\"bingo \" width=\"660\" height=\"372\" srcset=\"https:\/\/rocketplay-slot.com\/wp-content\/uploads\/2022\/08\/apps.3686.13771585125703035.1a4ab674-204b-4aee-bd33-5d3bf50e79d9-1-300x169.jpg 300w, https:\/\/rocketplay-slot.com\/wp-content\/uploads\/2022\/08\/apps.3686.13771585125703035.1a4ab674-204b-4aee-bd33-5d3bf50e79d9-1-1024x576.jpg 1024w, https:\/\/rocketplay-slot.com\/wp-content\/uploads\/2022\/08\/apps.3686.13771585125703035.1a4ab674-204b-4aee-bd33-5d3bf50e79d9-1-768x432.jpg 768w, https:\/\/rocketplay-slot.com\/wp-content\/uploads\/2022\/08\/apps.3686.13771585125703035.1a4ab674-204b-4aee-bd33-5d3bf50e79d9-1-1536x864.jpg 1536w, https:\/\/rocketplay-slot.com\/wp-content\/uploads\/2022\/08\/apps.3686.13771585125703035.1a4ab674-204b-4aee-bd33-5d3bf50e79d9-1.jpg 1920w\" sizes=\"auto, (max-width: 660px) 100vw, 660px\" \/><\/p>\n<p>Para colocar seu primeiro dinheiro real em jogos de azar online, o jogo de bingo online <a href=\"https:\/\/rocketplay-slot.com\/pt-br\/\">RocketPlay<\/a> \u00e9 uma boa op\u00e7\u00e3o para iniciar sua jornada de jogo. Novos usu\u00e1rios que se registram no site de <a href=\"https:\/\/rocketplay-slot.com\/pt-br\/casino\/\">cassino<\/a> online carregam imediatamente suas contas de jogo para ganhar seu primeiro dinheiro extra.<\/p>\n<p>O que deve ser lembrado por todos aqueles usu\u00e1rios que n\u00e3o t\u00eam experi\u00eancia em jogar jogos de azar online ou que n\u00e3o t\u00eam muita experi\u00eancia? O jogo online \u00e9 apenas outra forma de entretenimento online, n\u00e3o uma forma de ganhar dinheiro online. Portanto, \u00e9 recomend\u00e1vel come\u00e7ar com uma aposta m\u00ednima, qualquer que seja o jogo que o usu\u00e1rio escolher, para estender o prazer de jogar com dinheiro real.<\/p>\n<p>Ent\u00e3o, o que voc\u00ea precisa para \u00a0jogar bingo online RocketPlay com dinheiro real? Uma condi\u00e7\u00e3o obrigat\u00f3ria para jogar com dinheiro real \u00e9 o registro. Sem sua pr\u00f3pria conta e conta de jogo, voc\u00ea pode ter certeza de que o usu\u00e1rio n\u00e3o est\u00e1 pronto para assumir a responsabilidade por suas pr\u00f3prias a\u00e7\u00f5es e cumprir os termos de uso do site do cassino. Se o usu\u00e1rio n\u00e3o se responsabilizar por suas pr\u00f3prias a\u00e7\u00f5es, \u00e9 improv\u00e1vel que o cassino garanta o recebimento desta ou daquela vit\u00f3ria. Portanto, voc\u00ea precisa confirmar o cadastro, passar pela verifica\u00e7\u00e3o, onde n\u00e3o s\u00f3 precisa inserir os dados pessoais, mas tamb\u00e9m fornecer uma c\u00f3pia do documento, o que \u00e9 uma garantia de que o usu\u00e1rio \u00e9 uma pessoa real.<\/p>\n<p>Para jogar o bingo RocketPlay online na Brasil, voc\u00ea precisa se familiarizar com as regras do cassino, revisar as regras do jogo de bingo e concordar com elas. Para que um novo usu\u00e1rio n\u00e3o hesite em se registrar no site do cassino ou n\u00e3o, o cassino oferece um b\u00f4nus de boas-vindas de 300%. Este \u00e9 um b\u00f4nus muito bom se esta for sua primeira experi\u00eancia com jogos de azar online.<\/p>\n<h2>INSTRU\u00c7\u00d5ES PARA JOGAR BINGO<\/h2>\n<p>Jogar bingo online com dinheiro real RocketPlay \u00e9 f\u00e1cil e voc\u00ea n\u00e3o precisa perder tempo aprendendo o jogo. Estas s\u00e3o as regras simples do jogo, que foram obedecidas por mais de uma gera\u00e7\u00e3o de jogadores, ca\u00e7adores de emo\u00e7\u00e3o e sorte. Ent\u00e3o, sobre o que \u00e9 o jogo de bingo?<\/p>\n<p>Antes de iniciar o jogo, o usu\u00e1rio recebe um cart\u00e3o especial com muitos n\u00fameros. Todos os n\u00fameros s\u00e3o colocados aleatoriamente. O jogo come\u00e7a no momento em que aparecem os n\u00fameros das bolas, que o usu\u00e1rio deve encontrar em seu cart\u00e3o. Se o usu\u00e1rio tiver esse n\u00famero, ele o risca. O usu\u00e1rio que conseguiu riscar todos os n\u00fameros do cart\u00e3o recebe seus ganhos. Regras bem simples. Mas voc\u00ea precisa ser paciente, porque cada pr\u00f3ximo n\u00famero o aproxima da vit\u00f3ria ou o afasta dela.<\/p>\n<p>Alguma dica para jogar bingo? Dificilmente \u00e9 poss\u00edvel recomendar realmente alguma coisa, porque nunca se pode dizer com certeza quem ser\u00e1 o pr\u00f3ximo vencedor do bingo.<\/p>\n<h2>TIPOS DE JOGO DE BINGO<\/h2>\n<p>Se o usu\u00e1rio n\u00e3o puder escolher uma carta ou n\u00fameros com bolas que aparecer\u00e3o uma a uma, ele poder\u00e1 escolher um tipo de jogo. Afinal, h\u00e1 mais de uma vers\u00e3o do jogo, e isso pode depender da sorte do usu\u00e1rio. Ent\u00e3o, o que voc\u00ea pode selecionar?<\/p>\n<p>Um jogo de bingo online gr\u00e1tis RocketPlay difere de outro n\u00e3o apenas no n\u00famero de bolas com n\u00fameros. A vers\u00e3o mais curta do jogo consiste em apenas 30 bolas. Assim, o usu\u00e1rio est\u00e1 lidando com tr\u00eas linhas e colunas. Se a vers\u00e3o mais curta n\u00e3o o inspirar, voc\u00ea pode parar na vers\u00e3o com 75 balas. Esta vers\u00e3o do jogo \u00e9 popular entre os residentes dos Estados Unidos. Mas a chamada vers\u00e3o americana tem outro recurso &#8211; mais letras aparecem l\u00e1. Junto com os n\u00fameros, os usu\u00e1rios tamb\u00e9m riscam as letras. Dessa forma, o usu\u00e1rio tamb\u00e9m alivia o estresse colorindo uma determinada imagem. Esta \u00e9 uma abordagem bastante interessante para jogar bingo.<\/p>\n<p>Al\u00e9m de 30 e 75 bolas, voc\u00ea tamb\u00e9m pode escolher uma vers\u00e3o com 80 bolas, que \u00e9 semelhante em regras \u00e0 vers\u00e3o americana do bingo. Novamente, n\u00e3o existem apenas n\u00fameros, mas tamb\u00e9m letras, o que significa uma figura geom\u00e9trica. A vers\u00e3o de 90 balas \u00e9 a mais popular entre os residentes brit\u00e2nicos. A vers\u00e3o mais recente difere em dificuldade, pois h\u00e1 tr\u00eas etapas do jogo, e cada uma delas o usu\u00e1rio deve concluir em 100%. Sobre o que \u00e9 isso? O primeiro est\u00e1gio termina quando o usu\u00e1rio fecha a linha de algu\u00e9m, enquanto o segundo est\u00e1gio &#8211; duas linhas, o terceiro est\u00e1gio &#8211; todas as linhas.<\/p>\n<p><img loading=\"lazy\" decoding=\"async\" class=\" wp-image-324 aligncenter\" src=\"https:\/\/rocketplay-slot.com\/wp-content\/uploads\/2022\/08\/is-bingo-a-casino-game-hero-300x150.jpg\" alt=\"bingo online\" width=\"596\" height=\"298\" srcset=\"https:\/\/rocketplay-slot.com\/wp-content\/uploads\/2022\/08\/is-bingo-a-casino-game-hero-300x150.jpg 300w, https:\/\/rocketplay-slot.com\/wp-content\/uploads\/2022\/08\/is-bingo-a-casino-game-hero-1024x512.jpg 1024w, https:\/\/rocketplay-slot.com\/wp-content\/uploads\/2022\/08\/is-bingo-a-casino-game-hero-768x384.jpg 768w, https:\/\/rocketplay-slot.com\/wp-content\/uploads\/2022\/08\/is-bingo-a-casino-game-hero-1536x768.jpg 1536w, https:\/\/rocketplay-slot.com\/wp-content\/uploads\/2022\/08\/is-bingo-a-casino-game-hero-2048x1024.jpg 2048w\" sizes=\"auto, (max-width: 596px) 100vw, 596px\" \/><\/p>\n<h2>Perguntas frequentes<\/h2>\n<h3>ROCKETPLAY BINGO ONLINE GRATUITO OU UM JOGO POR DINHEIRO?<\/h3>\n<p>Um novo usu\u00e1rio de cassino ou um jogador experiente pode decidir de forma independente a op\u00e7\u00e3o de jogo que atende \u00e0s suas aspira\u00e7\u00f5es e capacidades financeiras. Mas a vers\u00e3o gratuita do jogo pode ser jogada por todos os usu\u00e1rios, mesmo sem registro, enquanto o jogo a dinheiro real exige pr\u00e9-registro. Al\u00e9m disso, o jogador deve depositar seu primeiro dinheiro na conta de jogo e depositar pelo menos o valor m\u00ednimo das apostas.<\/p>\n<h3>\u00c9 REAL GANHAR BINGO?<\/h3>\n<p>Para ganhar no bingo, voc\u00ea n\u00e3o precisa fazer c\u00e1lculos matem\u00e1ticos ou aprender diferentes estrat\u00e9gias de jogo. Basta escolher uma das variedades do jogo de bingo e jogar. Se o jogador tiver sorte, ele pode obter seu primeiro dinheiro como uma vit\u00f3ria no bingo.<\/p>\n<h3>EXISTEM ESTRAT\u00c9GIAS EFICAZES DE BINGO?<\/h3>\n<p>Na verdade, n\u00e3o pode haver estrat\u00e9gia eficaz para o jogo de bingo. Quando o usu\u00e1rio recebe o cart\u00e3o e come\u00e7a a riscar os n\u00fameros, \u00e9 preciso estar o mais atento poss\u00edvel e acompanhar o jogo. Nem todo mundo tem sorte, todo mundo sabe disso com certeza.<\/p>\n<h3>ONDE JOGAR BINGO?<\/h3>\n<p>Nem todos os cassinos online oferecem o jogo que voc\u00ea est\u00e1 no bingo O site RocketPlay definitivamente tem esse jogo. Antes de iniciar o jogo, voc\u00ea deve revisar quais op\u00e7\u00f5es de jogo o usu\u00e1rio escolheu para se concentrar corretamente e em tempo h\u00e1bil no n\u00famero de linhas e bolas com n\u00fameros.<\/p>\n<h3>POSSO JOGAR BINGO A PARTIR DE UM APLICATIVO M\u00d3VEL?<\/h3>\n<p>Todos os usu\u00e1rios do RocketPlay podem baixar o aplicativo m\u00f3vel e jogar bingo em um dispositivo m\u00f3vel em vez de um PC. \u00c9 bastante conveniente e simples, e fornece acesso 24 horas por dia, 7 dias por semana ao jogo.<\/p>\n","protected":false},"excerpt":{"rendered":"<p>Para colocar seu primeiro dinheiro real em jogos de azar online, o jogo de bingo online RocketPlay \u00e9 uma boa op\u00e7\u00e3o para iniciar sua jornada de jogo. Novos usu\u00e1rios que se registram no site de cassino online carregam imediatamente suas contas de jogo para ganhar seu primeiro dinheiro extra. O que deve ser lembrado por&#8230;<\/p>\n","protected":false},"author":1,"featured_media":0,"parent":0,"menu_order":0,"comment_status":"closed","ping_status":"closed","template":"","meta":{"_acf_changed":false,"_kad_post_transparent":"default","_kad_post_title":"default","_kad_post_layout":"default","_kad_post_sidebar_id":"","_kad_post_content_style":"default","_kad_post_vertical_padding":"default","_kad_post_feature":"","_kad_post_feature_position":"","_kad_post_header":false,"_kad_post_footer":false,"footnotes":""},"class_list":["post-2281","page","type-page","status-publish","hentry"],"acf":[],"rttpg_featured_image_url":null,"rttpg_author":{"display_name":"Elvis","author_link":"https:\/\/rocketplay-slot.com\/pt-br\/author\/pemvas95n89x\/"},"rttpg_comment":0,"rttpg_category":null,"rttpg_excerpt":"Para colocar seu primeiro dinheiro real em jogos de azar online, o jogo de bingo online RocketPlay \u00e9 uma boa op\u00e7\u00e3o para iniciar sua jornada de jogo. Novos usu\u00e1rios que se registram no site de cassino online carregam imediatamente suas contas de jogo para ganhar seu primeiro dinheiro extra. O que deve ser lembrado por...","_links":{"self":[{"href":"https:\/\/rocketplay-slot.com\/pt-br\/wp-json\/wp\/v2\/pages\/2281","targetHints":{"allow":["GET"]}}],"collection":[{"href":"https:\/\/rocketplay-slot.com\/pt-br\/wp-json\/wp\/v2\/pages"}],"about":[{"href":"https:\/\/rocketplay-slot.com\/pt-br\/wp-json\/wp\/v2\/types\/page"}],"author":[{"embeddable":true,"href":"https:\/\/rocketplay-slot.com\/pt-br\/wp-json\/wp\/v2\/users\/1"}],"replies":[{"embeddable":true,"href":"https:\/\/rocketplay-slot.com\/pt-br\/wp-json\/wp\/v2\/comments?post=2281"}],"version-history":[{"count":2,"href":"https:\/\/rocketplay-slot.com\/pt-br\/wp-json\/wp\/v2\/pages\/2281\/revisions"}],"predecessor-version":[{"id":2283,"href":"https:\/\/rocketplay-slot.com\/pt-br\/wp-json\/wp\/v2\/pages\/2281\/revisions\/2283"}],"wp:attachment":[{"href":"https:\/\/rocketplay-slot.com\/pt-br\/wp-json\/wp\/v2\/media?parent=2281"}],"curies":[{"name":"wp","href":"https:\/\/api.w.org\/{rel}","templated":true}]}}