{"id":2285,"date":"2022-08-11T19:58:00","date_gmt":"2022-08-11T16:58:00","guid":{"rendered":"https:\/\/rocketplay-slot.com\/app\/"},"modified":"2022-11-03T14:04:43","modified_gmt":"2022-11-03T11:04:43","slug":"app","status":"publish","type":"page","link":"https:\/\/rocketplay-slot.com\/pt-br\/app\/","title":{"rendered":"Aplicativo de cassino RocketPlay"},"content":{"rendered":"<p><img loading=\"lazy\" decoding=\"async\" class=\" wp-image-306 aligncenter\" src=\"https:\/\/rocketplay-slot.com\/wp-content\/uploads\/2022\/08\/welcome_1300x640-2-300x148.png\" alt=\"rocketplay\" width=\"594\" height=\"293\" srcset=\"https:\/\/rocketplay-slot.com\/wp-content\/uploads\/2022\/08\/welcome_1300x640-2-300x148.png 300w, https:\/\/rocketplay-slot.com\/wp-content\/uploads\/2022\/08\/welcome_1300x640-2-1024x504.png 1024w, https:\/\/rocketplay-slot.com\/wp-content\/uploads\/2022\/08\/welcome_1300x640-2-768x378.png 768w, https:\/\/rocketplay-slot.com\/wp-content\/uploads\/2022\/08\/welcome_1300x640-2.png 1300w\" sizes=\"auto, (max-width: 594px) 100vw, 594px\" \/><\/p>\n<p>O aplicativo de cassino <a href=\"https:\/\/rocketplay-slot.com\/pt-br\/\">RocketPlay<\/a> \u00e9 uma boa maneira de jogar seus ca\u00e7a-n\u00edqueis favoritos sem depender de um computador desktop. Especialmente para jogadores com gadgets port\u00e1teis, os cassinos criam <a href=\"https:\/\/rocketplay-slot.com\/pt-br\/mobile-version\/\">vers\u00f5es m\u00f3veis<\/a> de sites ou aplicativos especiais que permitem jogar no local desejado a qualquer momento. Para que as m\u00e1quinas ca\u00e7a-n\u00edqueis em seu smartphone tragam benef\u00edcios e prazer aos jogadores, voc\u00ea deve acessar o site oficial e baixar o aplicativo de cassino com dinheiro real RocketPlay Brasil.<\/p>\n<p>O aplicativo deve ser baixado diretamente do site do cassino, onde o link para o arquivo est\u00e1 localizado em uma se\u00e7\u00e3o separada ou de plataformas de terceiros (Google Play Store). Antes de instalar o aplicativo, existem alguns requisitos, como vers\u00e3o do SO ou capacidade de mem\u00f3ria, que devem ser levados em considera\u00e7\u00e3o antes de iniciar o download.<\/p>\n<p>As lojas de aplicativos oferecem principalmente software de cassinos licenciados. Se o jogador quiser usar o aplicativo do clube com licen\u00e7a internacional, \u00e9 melhor solicitar ao servi\u00e7o de suporte o arquivo de instala\u00e7\u00e3o. O aplicativo \u00e9 instalado de forma independente ou manual de acordo com as instru\u00e7\u00f5es postadas no site da institui\u00e7\u00e3o.<\/p>\n<p>Voc\u00ea pode encontrar o pacote de instala\u00e7\u00e3o no site oficial do clube. O jogador deve abrir a p\u00e1gina com informa\u00e7\u00f5es t\u00e9cnicas. Existem arquivos que voc\u00ea precisa baixar para o seu smartphone ou tablet. Execute o procedimento melhor no dispositivo no qual voc\u00ea planeja jogar o jogo. Quando o download do aplicativo de cassino RocketPlay, o sistema operacional ser\u00e1 detectado automaticamente.<\/p>\n<p>A instala\u00e7\u00e3o do programa \u00e9 padr\u00e3o: o jogador inicia o processo, deixa uma confirma\u00e7\u00e3o nas caixas de di\u00e1logo. Se voc\u00ea for solicitado a instalar componentes adicionais, dever\u00e1 concordar que o aplicativo do cassino funcione corretamente. Ap\u00f3s a instala\u00e7\u00e3o, o \u00edcone do clube do jogo aparecer\u00e1 no dispositivo. Ele pode ser movido para a \u00e1rea de trabalho para acelerar o acesso \u00e0s m\u00e1quinas. Para testar o funcionamento do programa, voc\u00ea pode executar qualquer slot no modo de demonstra\u00e7\u00e3o.<\/p>\n<h2>VANTAGENS DE USAR O APLICATIVO DE CASINO<\/h2>\n<p>O usu\u00e1rio pode acessar o site do clube virtual atrav\u00e9s de um navegador ou baixar o aplicativo RocketPlay casino Brasil. No primeiro caso, o site est\u00e1 totalmente adaptado aos tamanhos populares de gadgets port\u00e1teis, mas possui uma estrutura de p\u00e1gina ligeiramente modificada. Jogar em um dispositivo m\u00f3vel tem algumas vantagens para o jogador:<\/p>\n<ul>\n<li>maior n\u00edvel de anonimato na rede;<\/li>\n<li>a capacidade de jogar em qualquer lugar do mundo onde haja Internet;<\/li>\n<li>participar de certas promo\u00e7\u00f5es;<\/li>\n<li>receber formas adicionais de retirar ganhos.<\/li>\n<\/ul>\n<p><img loading=\"lazy\" decoding=\"async\" class=\" wp-image-307 alignright\" src=\"https:\/\/rocketplay-slot.com\/wp-content\/uploads\/2022\/08\/rocketplay-casino-app-150x300.png\" alt=\"rocketplay app\" width=\"191\" height=\"382\" srcset=\"https:\/\/rocketplay-slot.com\/wp-content\/uploads\/2022\/08\/rocketplay-casino-app-150x300.png 150w, https:\/\/rocketplay-slot.com\/wp-content\/uploads\/2022\/08\/rocketplay-casino-app.png 250w\" sizes=\"auto, (max-width: 191px) 100vw, 191px\" \/><\/p>\n<p>All virtual clubs have an adapted version for phones, and a separate application is offered to customers mainly by large casinos. Most often, applications are created for Android devices, in rare cases &#8211; for Windows. Owners of gadgets on other operating systems will be able to spin the reels only in the adapted version of the site. Rocket Play casino app Android is available for you.<\/p>\n<h2>JOGAR APLICATIVO DE JOGO POR DINHEIRO REAL<\/h2>\n<p>Voc\u00ea pode se registrar na vers\u00e3o m\u00f3vel do cassino da mesma forma que em um computador. Se voc\u00ea tiver uma conta no seu telefone, precisar\u00e1 fazer login usando seu nome de usu\u00e1rio e senha. Um visitante de um smartphone pode usar todas as funcionalidades de um recurso da web e aplicativos motivacionais sem restri\u00e7\u00f5es. Os jogadores do telefone t\u00eam acesso a todo o entretenimento do clube:<\/p>\n<ul>\n<li>m\u00e1quinas ca\u00e7a-n\u00edqueis;<\/li>\n<li>apostas em esportes virtuais;<\/li>\n<li>loterias;<\/li>\n<li>roleta, p\u00f4quer, bacar\u00e1, blackjack;<\/li>\n<li>cassino ao vivo.<\/li>\n<\/ul>\n<p>A \u00fanica exce\u00e7\u00e3o s\u00e3o alguns dispositivos antigos que n\u00e3o s\u00e3o suportados por sistemas operacionais modernos. Os dispositivos iniciam rapidamente e funcionam sem problemas t\u00e9cnicos. Os jogos com dealers acontecem sem demora.<\/p>\n<p>Se voc\u00ea baixar o aplicativo de cassino RocketPlay, as m\u00e1quinas ca\u00e7a-n\u00edqueis do seu telefone tamb\u00e9m estar\u00e3o dispon\u00edveis na vers\u00e3o demo. Portanto, o conhecimento de novos produtos n\u00e3o ser\u00e1 acompanhado pelo risco de perder fundos. Os ganhos reais dispon\u00edveis para pagamento s\u00f3 podem ser recebidos em jogos com dinheiro real.<\/p>\n<h2>Perguntas frequentes<\/h2>\n<h3>VERS\u00c3O MOBILE OU APP?<\/h3>\n<p>No clube virtual, a vers\u00e3o mobile \u00e9 representada por um site adaptado e um aplicativo especial. Se o jogador j\u00e1 tiver uma conta no cassino, ele poder\u00e1 fazer login em sua conta pessoal no gadget usando esses dados. Assim como no site, os apostadores podem jogar no aplicativo mediante pagamento de uma taxa, com a retirada do dinheiro. Al\u00e9m disso, o jogador pode acessar o recurso da web do cassino em qualquer navegador. Nenhuma instala\u00e7\u00e3o de software adicional \u00e9 necess\u00e1ria no telefone. A vers\u00e3o m\u00f3vel do site difere da vers\u00e3o desktop do shell gr\u00e1fico. Em um recurso da Web, a localiza\u00e7\u00e3o e o tamanho dos bot\u00f5es, formul\u00e1rios e \u00edcones podem ser alterados.<\/p>\n<h3>QUAIS S\u00c3O OS BENEF\u00cdCIOS DO APLICATIVO DO CASINO?<\/h3>\n<p>Os jogadores m\u00f3veis observam os seguintes pontos fortes:<\/p>\n<ul>\n<li>o jogo est\u00e1 dispon\u00edvel em qualquer lugar a partir de um dispositivo m\u00f3vel;<\/li>\n<li>o aplicativo pode ser baixado e instalado gratuitamente;<\/li>\n<li>a plataforma se adapta a diferentes par\u00e2metros de tela;<\/li>\n<li>o acesso ao jogo \u00e9 mais r\u00e1pido;<\/li>\n<li>a qualquer momento voc\u00ea pode retornar ao jogo na \u00e1rea de trabalho.<\/li>\n<li>O dispositivo m\u00f3vel \u00e9 usado exclusivamente, para que o jogador possa salvar o login e a senha para entrar na conta pessoal do<\/li>\n<li>clube sem comprometer a seguran\u00e7a dos dados.<\/li>\n<\/ul>\n<h3>COMO BAIXAR UM CASINO NO SEU TELEFONE?<\/h3>\n<p>Para jogar para estar no gadget no aplicativo, voc\u00ea precisa baixar os arquivos do programa uma vez e instalar. Se os desenvolvedores lan\u00e7arem uma vers\u00e3o melhorada do programa, a atualiza\u00e7\u00e3o ser\u00e1 autom\u00e1tica. N\u00e3o h\u00e1 requisitos t\u00e9cnicos especiais para o dispositivo. Antes da instala\u00e7\u00e3o, o player deve alocar uma pequena quantidade de espa\u00e7o livre em disco. Componentes adicionais tamb\u00e9m s\u00e3o instalados gratuitamente.<\/p>\n","protected":false},"excerpt":{"rendered":"<p>O aplicativo de cassino RocketPlay \u00e9 uma boa maneira de jogar seus ca\u00e7a-n\u00edqueis favoritos sem depender de um computador desktop. Especialmente para jogadores com gadgets port\u00e1teis, os cassinos criam vers\u00f5es m\u00f3veis de sites ou aplicativos especiais que permitem jogar no local desejado a qualquer momento. Para que as m\u00e1quinas ca\u00e7a-n\u00edqueis em seu smartphone tragam benef\u00edcios&#8230;<\/p>\n","protected":false},"author":1,"featured_media":0,"parent":0,"menu_order":0,"comment_status":"closed","ping_status":"closed","template":"","meta":{"_acf_changed":false,"_kad_post_transparent":"default","_kad_post_title":"default","_kad_post_layout":"default","_kad_post_sidebar_id":"","_kad_post_content_style":"default","_kad_post_vertical_padding":"default","_kad_post_feature":"","_kad_post_feature_position":"","_kad_post_header":false,"_kad_post_footer":false,"footnotes":""},"class_list":["post-2285","page","type-page","status-publish","hentry"],"acf":[],"rttpg_featured_image_url":null,"rttpg_author":{"display_name":"Elvis","author_link":"https:\/\/rocketplay-slot.com\/pt-br\/author\/pemvas95n89x\/"},"rttpg_comment":0,"rttpg_category":null,"rttpg_excerpt":"O aplicativo de cassino RocketPlay \u00e9 uma boa maneira de jogar seus ca\u00e7a-n\u00edqueis favoritos sem depender de um computador desktop. Especialmente para jogadores com gadgets port\u00e1teis, os cassinos criam vers\u00f5es m\u00f3veis de sites ou aplicativos especiais que permitem jogar no local desejado a qualquer momento. Para que as m\u00e1quinas ca\u00e7a-n\u00edqueis em seu smartphone tragam benef\u00edcios...","_links":{"self":[{"href":"https:\/\/rocketplay-slot.com\/pt-br\/wp-json\/wp\/v2\/pages\/2285","targetHints":{"allow":["GET"]}}],"collection":[{"href":"https:\/\/rocketplay-slot.com\/pt-br\/wp-json\/wp\/v2\/pages"}],"about":[{"href":"https:\/\/rocketplay-slot.com\/pt-br\/wp-json\/wp\/v2\/types\/page"}],"author":[{"embeddable":true,"href":"https:\/\/rocketplay-slot.com\/pt-br\/wp-json\/wp\/v2\/users\/1"}],"replies":[{"embeddable":true,"href":"https:\/\/rocketplay-slot.com\/pt-br\/wp-json\/wp\/v2\/comments?post=2285"}],"version-history":[{"count":2,"href":"https:\/\/rocketplay-slot.com\/pt-br\/wp-json\/wp\/v2\/pages\/2285\/revisions"}],"predecessor-version":[{"id":2287,"href":"https:\/\/rocketplay-slot.com\/pt-br\/wp-json\/wp\/v2\/pages\/2285\/revisions\/2287"}],"wp:attachment":[{"href":"https:\/\/rocketplay-slot.com\/pt-br\/wp-json\/wp\/v2\/media?parent=2285"}],"curies":[{"name":"wp","href":"https:\/\/api.w.org\/{rel}","templated":true}]}}