{"id":2293,"date":"2022-05-16T10:44:31","date_gmt":"2022-05-16T07:44:31","guid":{"rendered":"https:\/\/rocketplay-slot.com\/roulette\/"},"modified":"2022-11-03T14:22:35","modified_gmt":"2022-11-03T11:22:35","slug":"roulette","status":"publish","type":"page","link":"https:\/\/rocketplay-slot.com\/pt-br\/roulette\/","title":{"rendered":"Roleta"},"content":{"rendered":"<div id=\"wppb-builder-container\" class=\"wppb-builder-container\">                <div  class=\"wppb-row-parent  wppb-row-1651149714946 \"  >\n\t\t\t\t\t\n\t\t\t\t\t\t\t\t\t\t\n\t\t\t\t\t\t\t\t\t\t\n\t\t\t\t\t<div class=\"wppb-container \">\n\t\t\t\t\t\t\t\t\t\t\t\t\t\n                        <div class=\"wppb-row\">\n\t\t\t\t\t\t\t                                    <div  class=\"wppb-column-parent wppb-column-parent-view wppb-col-1651149714949  \"  >\n                                        <div class=\"wppb-column\">\n\t\t\t\t\t\n\t\t\t\t\t\t\t\t\t\t\t\n                                            <div class=\"wppb-builder-addons\">\n\t\t\t\t\t\t\t\t\t\t\t\t<div class='wppb-builder-addon wppb-addon-1651150162258'  data-addon-id='1651150162258'><div class='wppb-addon'><div class=\"wppb-headline-addon\"><div class=\"wppb-headline-content\"><h1 class=\"wppb-addon-title\">Roleta no cassino online RocketPlay<\/h1><\/div><\/div><\/div><\/div><div class='wppb-builder-addon wppb-addon-1651150171497'  data-addon-id='1651150171497'><div class='wppb-addon'><div class=\"wppb-text-block-addon\"><div class=\"wppb-text-block-content 0\"><p>Roleta <a href=\"https:\/\/rocketplay-slot.com\/pt-br\/\">RocketPlay online<\/a> est\u00e1 dispon\u00edvel para <a href=\"https:\/\/rocketplay-slot.com\/mobile-version\/\">celular<\/a> e seu PC todos os visitantes registrados por dinheiro. Ou seja, os usu\u00e1rios n\u00e3o precisam gastar dinheiro extra com taxas de convers\u00e3o. Se voc\u00ea se lembrar de jogar no site oficial, fica bem claro por que os jogadores escolheram esse recurso para recrea\u00e7\u00e3o e vit\u00f3ria.<\/p><\/div><\/div><\/div><\/div><div class='wppb-builder-addon wppb-addon-1651149715158'  data-addon-id='1651149715158'><div class='wppb-addon'><div class=\"wppb-addon wppb-button-addon\"><div class=\"wppb-button-addon-content\"><a  href=\"\/go-casino\/\" target=_blank class=\"wppb-btn-addons  wppb-btn-custom wppb-btn-round wppb-btn-large wppb-btn-no\">JOGUE AGORA<\/a><\/div><\/div><\/div><\/div>                                            <\/div>\n                                        <\/div>\n                                    <\/div>\n\t\t\t\t\t\t\t\t\t                                    <div  class=\"wppb-column-parent wppb-column-parent-view wppb-col-1651149714947  \"  >\n                                        <div class=\"wppb-column\">\n\t\t\t\t\t\n\t\t\t\t\t\t\t\t\t\t\t\n                                            <div class=\"wppb-builder-addons\">\n\t\t\t\t\t\t\t\t\t\t\t\t<div class='wppb-builder-addon wppb-addon-1707397799743'  data-addon-id='1707397799743'><div class='wppb-addon'><div class=\"wppb-image-addon\"><figure class=\"wppb-image-addon-content-wrap\"><div class=\"wppb-image-addon-content wppb-imginlineblock\"><img decoding=\"async\" class=\"wppb-image-addon-img\" src=\"https:\/\/rocketplay-slot.com\/wp-content\/uploads\/2024\/02\/roulette-at-rocketplay-online-casino.jpg\" alt=\"ROLETA NO CASSINO ONLINE ROCKETPLAY\"><\/div><\/figure><\/div><\/div><\/div>                                            <\/div>\n                                        <\/div>\n                                    <\/div>\n\t\t\t\t\t\t\t\t\t                        <\/div>\n\n                    <\/div>\n                <\/div>\n\t\t\t\t                <div  class=\"wppb-row-parent  wppb-row-1651149715118 \"  >\n\t\t\t\t\t\n\t\t\t\t\t\t\t\t\t\t\n\t\t\t\t\t\t\t\t\t\t\n\t\t\t\t\t<div class=\"wppb-container \">\n\t\t\t\t\t\t\t\t\t\t\t\t\t\n                        <div class=\"wppb-row\">\n\t\t\t\t\t\t\t                                    <div  class=\"wppb-column-parent wppb-column-parent-view wppb-col-1651149715122  \"  >\n                                        <div class=\"wppb-column\">\n\t\t\t\t\t\n\t\t\t\t\t\t\t\t\t\t\t\n                                            <div class=\"wppb-builder-addons\">\n\t\t\t\t\t\t\t\t\t\t\t\t<div class='wppb-builder-addon wppb-addon-1707397799738'  data-addon-id='1707397799738'><div class='wppb-addon'><div class=\"wppb-image-addon\"><figure class=\"wppb-image-addon-content-wrap\"><div class=\"wppb-image-addon-content wppb-imginlineblock\"><img decoding=\"async\" class=\"wppb-image-addon-img\" src=\"https:\/\/rocketplay-slot.com\/wp-content\/uploads\/2024\/02\/roulette-at-rocketplay-online-casino-2.jpg\" alt=\"ROLETA NO CASSINO ONLINE ROCKETPLAY 2\"><\/div><\/figure><\/div><\/div><\/div>                                            <\/div>\n                                        <\/div>\n                                    <\/div>\n\t\t\t\t\t\t\t\t\t                                    <div  class=\"wppb-column-parent wppb-column-parent-view wppb-col-1651149715119  \"  >\n                                        <div class=\"wppb-column\">\n\t\t\t\t\t\n\t\t\t\t\t\t\t\t\t\t\t\n                                            <div class=\"wppb-builder-addons\">\n\t\t\t\t\t\t\t\t\t\t\t\t<div class='wppb-builder-addon wppb-addon-1651149715120'  data-addon-id='1651149715120'><div class='wppb-addon'><div class=\"wppb-headline-addon\"><div class=\"wppb-headline-content\"><h2 class=\"wppb-addon-title\">Roleta: slot interessante e emocionante<\/h2><\/div><\/div><\/div><\/div><div class='wppb-builder-addon wppb-addon-1651149715121'  data-addon-id='1651149715121'><div class='wppb-addon'><div class=\"wppb-text-block-addon\"><div class=\"wppb-text-block-content 0\"><p>Todo jogador procura jogar com a m\u00e1xima efici\u00eancia. Se um jogador prefere um determinado tipo de aplicativo, isso n\u00e3o significa que ele prefira apenas um ca\u00e7a-n\u00edqueis cl\u00e1ssico. Roleta por dinheiro real \u00e9 representada nesta se\u00e7\u00e3o do portal de v\u00e1rios tipos (dispon\u00edveis cerca de 20 variedades). Naturalmente, a mais popular foi a roleta europeia com a menor vantagem para os propriet\u00e1rios de clubes - 2,7%. Online, voc\u00ea pode usar c\u00f3digos de b\u00f4nus da administra\u00e7\u00e3o como parte de v\u00e1rias promo\u00e7\u00f5es e obter b\u00f4nus extras para o jogo.<\/p><p>Al\u00e9m da roleta europeia, existem outras variedades: americana, francesa, etc. Para uma imers\u00e3o completa no jogo, voc\u00ea pode jogar com dealers ao vivo, o que \u00e9 muito apreciado por muitos usu\u00e1rios. Apesar do fato de n\u00e3o haver rodadas gr\u00e1tis em tais aplicativos, obter uma vit\u00f3ria r\u00e1pida ainda \u00e9 real. A prop\u00f3sito, jogadores experientes recomendam jogar Roleta Francesa e usar ativamente a \"regra da pris\u00e3o\". Reduz a vantagem do cassino para 1,35%.<\/p><\/div><\/div><\/div><\/div>                                            <\/div>\n                                        <\/div>\n                                    <\/div>\n\t\t\t\t\t\t\t\t\t                        <\/div>\n\n                    <\/div>\n                <\/div>\n\t\t\t\t                <div  class=\"wppb-row-parent  wppb-row-1652183192609 \"  >\n\t\t\t\t\t\n\t\t\t\t\t\t\t\t\t\t\n\t\t\t\t\t\t\t\t\t\t\n\t\t\t\t\t<div class=\"wppb-container \">\n\t\t\t\t\t\t\t\t\t\t\t\t\t\n                        <div class=\"wppb-row\">\n\t\t\t\t\t\t\t                                    <div  class=\"wppb-column-parent wppb-column-parent-view wppb-col-1652183192610  \"  >\n                                        <div class=\"wppb-column\">\n\t\t\t\t\t\n\t\t\t\t\t\t\t\t\t\t\t\n                                            <div class=\"wppb-builder-addons\">\n\t\t\t\t\t\t\t\t\t\t\t\t<div class='wppb-builder-addon wppb-addon-1652183192623'  data-addon-id='1652183192623'><div class='wppb-addon'><div class=\"wppb-headline-addon\"><div class=\"wppb-headline-content\"><h2 class=\"wppb-addon-title\">Como ganhar na roleta<\/h2><\/div><\/div><\/div><\/div><div class='wppb-builder-addon wppb-addon-1652183192612'  data-addon-id='1652183192612'><div class='wppb-addon'><div class=\"wppb-text-block-addon\"><div class=\"wppb-text-block-content 0\"><p>O objetivo de qualquer jogo de azar \u00e9 ganhar com um investimento m\u00ednimo. Tendo come\u00e7ado a jogar Roleta RocketPlay por dinheiro, cada jogador tem como objetivo ganhar dinheiro. Usando diferentes estrat\u00e9gias, todos podem alcan\u00e7ar a boa sorte. Mas n\u00e3o esque\u00e7a que o jogo depende da sorte e da capacidade de parar no tempo, ent\u00e3o o resultado da rodada pode ser diferente. As apostas devem ser razo\u00e1veis \u200b\u200be n\u00e3o ir all-in, se n\u00e3o for justificado.<\/p><p>A estrat\u00e9gia mais simples e popular \u00e9 considerada Martingale. Os jogadores precisam apostar em odds iguais (mais\/menos, vermelho\/preto, par\/\u00edmpar). De acordo com a teoria da probabilidade, a bola n\u00e3o pode cair o tempo todo em certas c\u00e9lulas, ent\u00e3o \u00e9 necess\u00e1rio colocar o tempo todo em uma op\u00e7\u00e3o. \u00c9 necess\u00e1rio come\u00e7ar com a aposta m\u00ednima. Em caso de falha, na pr\u00f3xima rodada, o n\u00famero de fichas \u00e9 dobrado. Ent\u00e3o fa\u00e7a at\u00e9 vencer.<\/p><p>Em princ\u00edpio, este sistema poderia ser totalmente vantajoso para as duas partes se n\u00e3o fosse por uma pequena nuance. Em qualquer cassino (e no RocketPlay tamb\u00e9m) h\u00e1 limites de apostas. No entanto, a probabilidade de ganhar \u00e9 muito alta, pois o mesmo resultado de uma rodada mais de 3-5 vezes seguidas \u00e9 muito raro.<\/p><\/div><\/div><\/div><\/div>                                            <\/div>\n                                        <\/div>\n                                    <\/div>\n\t\t\t\t\t\t\t\t\t                                    <div  class=\"wppb-column-parent wppb-column-parent-view wppb-col-1652183192613  \"  >\n                                        <div class=\"wppb-column\">\n\t\t\t\t\t\n\t\t\t\t\t\t\t\t\t\t\t\n                                            <div class=\"wppb-builder-addons\">\n\t\t\t\t\t\t\t\t\t\t\t\t<div class='wppb-builder-addon wppb-addon-1707397799733'  data-addon-id='1707397799733'><div class='wppb-addon'><div class=\"wppb-image-addon\"><figure class=\"wppb-image-addon-content-wrap\"><div class=\"wppb-image-addon-content wppb-imginlineblock\"><img decoding=\"async\" class=\"wppb-image-addon-img\" src=\"https:\/\/rocketplay-slot.com\/wp-content\/uploads\/2024\/02\/roulette-at-rocketplay-online-casino-3.jpg\" alt=\"ROLETA NO CASSINO ONLINE ROCKETPLAY 3\"><\/div><\/figure><\/div><\/div><\/div>                                            <\/div>\n                                        <\/div>\n                                    <\/div>\n\t\t\t\t\t\t\t\t\t                        <\/div>\n\n                    <\/div>\n                <\/div>\n\t\t\t\t                <div  class=\"wppb-row-parent  wppb-row-1652183192667 \"  >\n\t\t\t\t\t\n\t\t\t\t\t\t\t\t\t\t\n\t\t\t\t\t\t\t\t\t\t\n\t\t\t\t\t<div class=\"wppb-container \">\n\t\t\t\t\t\t\t\t\t\t\t\t\t\n                        <div class=\"wppb-row\">\n\t\t\t\t\t\t\t                                    <div  class=\"wppb-column-parent wppb-column-parent-view wppb-col-1652183192668  \"  >\n                                        <div class=\"wppb-column\">\n\t\t\t\t\t\n\t\t\t\t\t\t\t\t\t\t\t\n                                            <div class=\"wppb-builder-addons\">\n\t\t\t\t\t\t\t\t\t\t\t\t<div class='wppb-builder-addon wppb-addon-1652183192669'  data-addon-id='1652183192669'><div class='wppb-addon'><div class=\"wppb-headline-addon\"><div class=\"wppb-headline-content\"><h2 class=\"wppb-addon-title\">Jogue roleta de gra\u00e7a<\/h2><\/div><\/div><\/div><\/div><div class='wppb-builder-addon wppb-addon-1652183192670'  data-addon-id='1652183192670'><div class='wppb-addon'><div class=\"wppb-text-block-addon\"><div class=\"wppb-text-block-content 0\"><p>No clube, todas as variedades de roleta cl\u00e1ssica s\u00e3o oferecidas em duas varia\u00e7\u00f5es: pagas e gratuitas. O jogo de demonstra\u00e7\u00e3o tem uma vantagem: est\u00e1 dispon\u00edvel para os jogadores que n\u00e3o se registraram na sala de jogos. Voc\u00ea pode simplesmente acessar o site do cassino e come\u00e7ar a jogar sem depositar e sem registro.<\/p><p>A funcionalidade da vers\u00e3o gratuita difere da vers\u00e3o paga do ponto principal: n\u00e3o h\u00e1 como ganhar dinheiro real. Caso contr\u00e1rio, essas m\u00e1quinas ca\u00e7a-n\u00edqueis RocketPlay n\u00e3o t\u00eam vers\u00e3o paga inferior. No demo-emulator voc\u00ea pode apostar, a jogabilidade est\u00e1 se desenvolvendo da maneira padr\u00e3o. Esta \u00e9 uma \u00f3tima op\u00e7\u00e3o para apostadores iniciantes que querem entender as regras, para n\u00e3o errar, fazendo apostas por dinheiro.<\/p><p>Mesmo muitos jogadores com experi\u00eancia costumam jogar a op\u00e7\u00e3o sem pagar. \u00c9 no jogo de demonstra\u00e7\u00e3o que voc\u00ea sempre pode verificar se um dos esquemas populares funciona ou criar seu pr\u00f3prio algoritmo vencedor. Se voc\u00ea quer apenas passar um tempo no cassino e economizar seu dinheiro, ent\u00e3o jogue Roleta RocketPlay gratuitamente. A julgar pelos coment\u00e1rios dos jogadores, o jogo de demonstra\u00e7\u00e3o no clube traz o mesmo prazer que a vers\u00e3o paga.<\/p><\/div><\/div><\/div><\/div>                                            <\/div>\n                                        <\/div>\n                                    <\/div>\n\t\t\t\t\t\t\t\t\t                                    <div  class=\"wppb-column-parent wppb-column-parent-view wppb-col-1652183192671  \"  >\n                                        <div class=\"wppb-column\">\n\t\t\t\t\t\n\t\t\t\t\t\t\t\t\t\t\t\n                                            <div class=\"wppb-builder-addons\">\n\t\t\t\t\t\t\t\t\t\t\t\t<div class='wppb-builder-addon wppb-addon-1707397799728'  data-addon-id='1707397799728'><div class='wppb-addon'><div class=\"wppb-image-addon\"><figure class=\"wppb-image-addon-content-wrap\"><div class=\"wppb-image-addon-content wppb-imginlineblock\"><img decoding=\"async\" class=\"wppb-image-addon-img\" src=\"https:\/\/rocketplay-slot.com\/wp-content\/uploads\/2024\/02\/roulette-at-rocketplay-online-casino-4.jpg\" alt=\"ROLETA NO CASSINO ONLINE ROCKETPLAY 4\"><\/div><\/figure><\/div><\/div><\/div>                                            <\/div>\n                                        <\/div>\n                                    <\/div>\n\t\t\t\t\t\t\t\t\t                        <\/div>\n\n                    <\/div>\n                <\/div>\n\t\t\t\t                <div  class=\"wppb-row-parent  wppb-row-1651158175344 \"  >\n\t\t\t\t\t\n\t\t\t\t\t\t\t\t\t\t\n\t\t\t\t\t\t\t\t\t\t\n\t\t\t\t\t<div class=\"wppb-container \">\n\t\t\t\t\t\t\t\t\t\t\t\t\t\n                        <div class=\"wppb-row\">\n\t\t\t\t\t\t\t                                    <div  class=\"wppb-column-parent wppb-column-parent-view wppb-col-1651158175345  \"  >\n                                        <div class=\"wppb-column\">\n\t\t\t\t\t\n\t\t\t\t\t\t\t\t\t\t\t\n                                            <div class=\"wppb-builder-addons\">\n\t\t\t\t\t\t\t\t\t\t\t\t<div class='wppb-builder-addon wppb-addon-1707397799723'  data-addon-id='1707397799723'><div class='wppb-addon'><div class=\"wppb-image-addon\"><figure class=\"wppb-image-addon-content-wrap\"><div class=\"wppb-image-addon-content wppb-imginlineblock\"><img decoding=\"async\" class=\"wppb-image-addon-img\" src=\"https:\/\/rocketplay-slot.com\/wp-content\/uploads\/2024\/02\/roulette-at-rocketplay-online-casino-5.jpg\" alt=\"ROLETA NO CASSINO ONLINE ROCKETPLAY 5\"><\/div><\/figure><\/div><\/div><\/div>                                            <\/div>\n                                        <\/div>\n                                    <\/div>\n\t\t\t\t\t\t\t\t\t                                    <div  class=\"wppb-column-parent wppb-column-parent-view wppb-col-1651158175347  \"  >\n                                        <div class=\"wppb-column\">\n\t\t\t\t\t\n\t\t\t\t\t\t\t\t\t\t\t\n                                            <div class=\"wppb-builder-addons\">\n\t\t\t\t\t\t\t\t\t\t\t\t<div class='wppb-builder-addon wppb-addon-1651158175348'  data-addon-id='1651158175348'><div class='wppb-addon'><div class=\"wppb-headline-addon\"><div class=\"wppb-headline-content\"><h2 class=\"wppb-addon-title\">Como jogar a dinheiro<\/h2><\/div><\/div><\/div><\/div><div class='wppb-builder-addon wppb-addon-1651158175349'  data-addon-id='1651158175349'><div class='wppb-addon'><div class=\"wppb-text-block-addon\"><div class=\"wppb-text-block-content 0\"><p>Regulares na sala de jogos preferem jogar Roleta RocketPlay com dinheiro real. Se decidir arriscar o seu dinheiro, ter\u00e1 de fazer um pr\u00e9-registo.<\/p><p>O procedimento de registro consiste em v\u00e1rias etapas. Primeiro, voc\u00ea precisa fazer login no site do cassino, clicar no bot\u00e3o \"registrar\" e, em seguida, fornecer no menu de abertura seu endere\u00e7o de e-mail e senha, que voc\u00ea usar\u00e1 posteriormente para acessar o site.<\/p><p>Depois disso, voc\u00ea precisar\u00e1 confirmar a caixa de correio. O reabastecimento da conta \u00e9 realizado no escrit\u00f3rio pessoal. Para inseri-lo, use os dados fornecidos durante o registro. Para fazer uma aposta, ser\u00e1 suficiente fazer um dep\u00f3sito, mesmo que seja uma pequena quantia.<\/p><p>Existem alguns m\u00e9todos de dep\u00f3sito em sua conta: atrav\u00e9s de um cart\u00e3o ou de uma carteira eletr\u00f4nica. Em ambos os casos, o dinheiro chega ao dep\u00f3sito rapidamente, voc\u00ea n\u00e3o precisa esperar. No futuro, a retirada dos ganhos ser\u00e1 feita na mesma conta em que voc\u00ea depositou originalmente.<\/p><p>Escolha qual vers\u00e3o do jogo combina mais com voc\u00ea - paga ou gratuita. Existem diferentes varia\u00e7\u00f5es do jogo principal Roleta RocketPlay Austr\u00e1lia no site do clube.<\/p><\/div><\/div><\/div><\/div>                                            <\/div>\n                                        <\/div>\n                                    <\/div>\n\t\t\t\t\t\t\t\t\t                        <\/div>\n\n                    <\/div>\n                <\/div>\n\t\t\t\t                <div  class=\"wppb-row-parent  wppb-row-1652456671409 \"  >\n\t\t\t\t\t\n\t\t\t\t\t\t\t\t\t\t\n\t\t\t\t\t\t\t\t\t\t\n\t\t\t\t\t<div class=\"wppb-container \">\n\t\t\t\t\t\t\t\t\t\t\t\t\t\n                        <div class=\"wppb-row\">\n\t\t\t\t\t\t\t                                    <div  class=\"wppb-column-parent wppb-column-parent-view wppb-col-1652456671410  \"  >\n                                        <div class=\"wppb-column\">\n\t\t\t\t\t\n\t\t\t\t\t\t\t\t\t\t\t\n                                            <div class=\"wppb-builder-addons\">\n\t\t\t\t\t\t\t\t\t\t\t\t<div class='wppb-builder-addon wppb-addon-1652456671411'  data-addon-id='1652456671411'><div class='wppb-addon'><div class=\"wppb-headline-addon\"><div class=\"wppb-headline-content\"><h2 class=\"wppb-addon-title\">Por que escolher o cassino online RocketPlay<\/h2><\/div><\/div><\/div><\/div><div class='wppb-builder-addon wppb-addon-1652456671412'  data-addon-id='1652456671412'><div class='wppb-addon'><div class=\"wppb-text-block-addon\"><div class=\"wppb-text-block-content 0\"><p>Os visitantes podem jogar online n\u00e3o apenas na roleta do cassino, mas tamb\u00e9m em outras m\u00e1quinas ca\u00e7a-n\u00edqueis RocketPlay. A gama do aplicativo Roleta RocketPlay ir\u00e1 encantar todos os f\u00e3s de passar o tempo com emo\u00e7\u00e3o. As vantagens do portal s\u00e3o \u00f3bvias:<\/p><ul><li>O clube funciona sob uma licen\u00e7a oficial.<\/li><li>Uma variedade de m\u00e1quinas ca\u00e7a-n\u00edqueis permite que qualquer usu\u00e1rio fa\u00e7a uma escolha r\u00e1pida.<\/li><li>Voc\u00ea pode jogar no site gratuitamente sem registro ou com dinheiro real.<\/li><li>O retorno total das m\u00e1quinas (RTP) est\u00e1 em alto n\u00edvel.<\/li><li>A administra\u00e7\u00e3o generosamente distribui b\u00f4nus e ofertas para participar de um programa de fidelidade vantajoso.<\/li><li><a href=\"https:\/\/rocketplay-slot.com\/pt-br\/live-roulette\/\">Roleta ao vivo<\/a> e outros jogos, executados em um est\u00fadio especial, permitem que voc\u00ea se sinta como um visitante de um cassino real.<\/li><li>Torneios e promo\u00e7\u00f5es realizadas pela administra\u00e7\u00e3o ajudam a diversificar a jogabilidade.<\/li><li>A privacidade \u00e9 garantida pelo servi\u00e7o de seguran\u00e7a.<\/li><li>A recarga de um dep\u00f3sito e a retirada de ganhos s\u00e3o feitas de diferentes maneiras convenientes (todas as transa\u00e7\u00f5es s\u00e3o protegidas por criptografia de 128 bits).<\/li><\/ul><p>Esses n\u00e3o s\u00e3o todos os benef\u00edcios dos cassinos online RocketPlay, mas esta lista prova que \u00e9 real passar o tempo com divers\u00e3o e seguran\u00e7a.<\/p><\/div><\/div><\/div><\/div>                                            <\/div>\n                                        <\/div>\n                                    <\/div>\n\t\t\t\t\t\t\t\t\t                                    <div  class=\"wppb-column-parent wppb-column-parent-view wppb-col-1652456671413  \"  >\n                                        <div class=\"wppb-column\">\n\t\t\t\t\t\n\t\t\t\t\t\t\t\t\t\t\t\n                                            <div class=\"wppb-builder-addons\">\n\t\t\t\t\t\t\t\t\t\t\t\t<div class='wppb-builder-addon wppb-addon-1707397799718'  data-addon-id='1707397799718'><div class='wppb-addon'><div class=\"wppb-image-addon\"><figure class=\"wppb-image-addon-content-wrap\"><div class=\"wppb-image-addon-content wppb-imginlineblock\"><img decoding=\"async\" class=\"wppb-image-addon-img\" src=\"https:\/\/rocketplay-slot.com\/wp-content\/uploads\/2024\/02\/roulette-at-rocketplay-online-casino-6.jpg\" alt=\"ROLETA NO CASSINO ONLINE ROCKETPLAY 6\"><\/div><\/figure><\/div><\/div><\/div>                                            <\/div>\n                                        <\/div>\n                                    <\/div>\n\t\t\t\t\t\t\t\t\t                        <\/div>\n\n                    <\/div>\n                <\/div>\n\t\t\t\t<\/div>","protected":false},"excerpt":{"rendered":"<p>Roleta no cassino online RocketPlayRoleta RocketPlay online est\u00e1 dispon\u00edvel para celular e seu PC todos os visitantes registrados por dinheiro. Ou seja, os usu\u00e1rios n\u00e3o precisam gastar dinheiro extra com taxas de convers\u00e3o. Se voc\u00ea se lembrar de jogar no site oficial, fica bem claro por que os jogadores escolheram esse recurso para recrea\u00e7\u00e3o e&#8230;<\/p>\n","protected":false},"author":1,"featured_media":0,"parent":0,"menu_order":0,"comment_status":"closed","ping_status":"closed","template":"wppb_theme_template","meta":{"_acf_changed":false,"_kad_post_transparent":"default","_kad_post_title":"default","_kad_post_layout":"default","_kad_post_sidebar_id":"","_kad_post_content_style":"default","_kad_post_vertical_padding":"default","_kad_post_feature":"","_kad_post_feature_position":"","_kad_post_header":false,"_kad_post_footer":false,"footnotes":""},"class_list":["post-2293","page","type-page","status-publish","hentry"],"acf":[],"rttpg_featured_image_url":null,"rttpg_author":{"display_name":"Elvis","author_link":"https:\/\/rocketplay-slot.com\/pt-br\/author\/pemvas95n89x\/"},"rttpg_comment":0,"rttpg_category":null,"rttpg_excerpt":"Roleta no cassino online RocketPlayRoleta RocketPlay online est\u00e1 dispon\u00edvel para celular e seu PC todos os visitantes registrados por dinheiro. Ou seja, os usu\u00e1rios n\u00e3o precisam gastar dinheiro extra com taxas de convers\u00e3o. Se voc\u00ea se lembrar de jogar no site oficial, fica bem claro por que os jogadores escolheram esse recurso para recrea\u00e7\u00e3o e...","_links":{"self":[{"href":"https:\/\/rocketplay-slot.com\/pt-br\/wp-json\/wp\/v2\/pages\/2293","targetHints":{"allow":["GET"]}}],"collection":[{"href":"https:\/\/rocketplay-slot.com\/pt-br\/wp-json\/wp\/v2\/pages"}],"about":[{"href":"https:\/\/rocketplay-slot.com\/pt-br\/wp-json\/wp\/v2\/types\/page"}],"author":[{"embeddable":true,"href":"https:\/\/rocketplay-slot.com\/pt-br\/wp-json\/wp\/v2\/users\/1"}],"replies":[{"embeddable":true,"href":"https:\/\/rocketplay-slot.com\/pt-br\/wp-json\/wp\/v2\/comments?post=2293"}],"version-history":[{"count":2,"href":"https:\/\/rocketplay-slot.com\/pt-br\/wp-json\/wp\/v2\/pages\/2293\/revisions"}],"predecessor-version":[{"id":2295,"href":"https:\/\/rocketplay-slot.com\/pt-br\/wp-json\/wp\/v2\/pages\/2293\/revisions\/2295"}],"wp:attachment":[{"href":"https:\/\/rocketplay-slot.com\/pt-br\/wp-json\/wp\/v2\/media?parent=2293"}],"curies":[{"name":"wp","href":"https:\/\/api.w.org\/{rel}","templated":true}]}}