{"id":2297,"date":"2022-06-15T08:28:32","date_gmt":"2022-06-15T05:28:32","guid":{"rendered":"https:\/\/rocketplay-slot.com\/live-roulette\/"},"modified":"2024-02-08T16:38:44","modified_gmt":"2024-02-08T13:38:44","slug":"live-roulette","status":"publish","type":"page","link":"https:\/\/rocketplay-slot.com\/pt-br\/live-roulette\/","title":{"rendered":"Roleta casino online RocketPlay"},"content":{"rendered":"<p>A roleta \u00e9 um dos jogos de azar mais inventados pelo homem. Uma aur\u00e9ola de mist\u00e9rio deste jogo guarda v\u00e1rias hist\u00f3rias de sua origem. Uma lenda diz que na Fran\u00e7a, no s\u00e9culo XIV, para encher o tesouro, o Cardeal Mazarin ordenou a distribui\u00e7\u00e3o de roleta em todas as casas de jogo. Naquela \u00e9poca era um jogo com 40 valetes numerados e tr\u00eas zeros, que se chamava &#8220;Hoca&#8221;. \u00c9 verdade que, ap\u00f3s a morte de Lu\u00eds 14, qualquer um que organizasse a &#8220;Hoca&#8221; seria executado.<\/p>\n<p>De acordo com outra vers\u00e3o, o matem\u00e1tico Blaise Pascal participou da cria\u00e7\u00e3o do jogo. Mas tamb\u00e9m se divide em duas hist\u00f3rias: segundo uma, Blaise tentou criar uma m\u00e1quina de movimento perp\u00e9tuo com uma roda e uma bola; segundo o outro, ele se fechou em um mosteiro para resolver o problema da probabilidade de uma loteria com 36 bilhetes.<\/p>\n<p>De qualquer forma, o jogo tem suas ra\u00edzes francesas e hoje \u00e9 imposs\u00edvel imaginar um cassino sem roleta. Desde o advento dos <a href=\"https:\/\/rocketplay-slot.com\/pt-br\/casino\/\">cassinos online,<\/a> a roleta, ou como pode ser chamada de &#8220;roda gigante&#8221;, tamb\u00e9m se tornou parte integrante do cassino.<\/p>\n<h2>PRINC\u00cdPIO DO JOGO DE ROLETA<\/h2>\n<p>O jogo de roleta online ao vivo RocketPlay, um dos mais simples. Na frente dos jogadores h\u00e1 uma roda, que \u00e9 numerada de 1 a 36 e mais zero. Os n\u00fameros s\u00e3o organizados em ordem aleat\u00f3ria, mas em uma estrita rota\u00e7\u00e3o de cores &#8211; preto e vermelho. Ao lado da roda h\u00e1 uma mesa de apostas. L\u00e1, os jogadores podem apostar em um n\u00famero espec\u00edfico, cor (preto-vermelho), par ou \u00edmpar, d\u00fazia (um dos 12 n\u00fameros), mais, menos e zero.<\/p>\n<p><span style=\"font-family: var(--global-body-font-family); letter-spacing: 0em;\">\t<div class=\"alao-sidebar-box alao-sidebar-box-light-blue\">\n\t\t<a href=\"\" class=\"alao-sidebar-box__link\">\n\t\t\t<span class=\"alao-sidebar-box__thumb\">\n\t\t\t\t<img decoding=\"async\" src=\"https:\/\/rocketplay-slot.com\/wp-content\/uploads\/2022\/06\/second_bonus_nonlog.png\" alt=\"B\u00f4nus de segundo dep\u00f3sito\">\n\t\t\t<\/span>\n\t\t\t<span class=\"alao-sidebar-box__info\">\n\t\t\t\t<span class=\"alao-sidebar-box__info-wrap\">\n\t\t\t\t\t<span class=\"alao-sidebar-box__head\">B\u00f4nus de segundo dep\u00f3sito<\/span>\n\t\t\t\t\t<span class=\"alao-sidebar-box__desc\">B\u00d4NUS DE 200% PARA O SEGUNDO DEP\u00d3SITO<\/span>\n\t\t\t\t\t<span class=\"alao-sidebar-box__button\">Obter Agora<\/span>\n\t\t\t\t<\/span>\n\t\t\t<\/span>\n\t\t<\/a>\n\t<\/div>\n\t<\/span><\/p>\n<h2>ROLETA<\/h2>\n<p>Antes de fazer suas apostas, o crupi\u00ea diz a aposta final: &#8220;Fa\u00e7am suas apostas, senhores!&#8221; Depois que as apostas s\u00e3o feitas, uma frase igualmente popular \u00e9 pronunciada: &#8220;Apostas feitas, n\u00e3o h\u00e1 mais apostas&#8221;. A roleta \u00e9 jogada em um sentido e a bola est\u00e1 necessariamente na dire\u00e7\u00e3o oposta. Depois que a bola parar em uma c\u00e9lula, a roleta do dealer ao vivo RocketPlay anuncia o n\u00famero vencedor, fixa-o no campo de jogo e os jogadores vencedores recebem os ganhos, e as apostas perdedoras v\u00e3o para a roleta do cassino ao vivo RocketPlay.<\/p>\n<p>O aplicativo de roleta ao vivo RocketPlay tem todas as regras acima, exceto que tudo acontece na tela do seu monitor. Claro, alguns podem perder essas frases da coroa, mas a emo\u00e7\u00e3o \u00e9 totalmente preservada. E para aqueles jogadores que ainda querem jogar roleta ao vivo sem sair de casa, tamb\u00e9m existem algumas op\u00e7\u00f5es.<\/p>\n<h2>ROLETA VIRTUAL ONLINE<\/h2>\n<p>Jogar roleta ao vivo Brasil RocketPlay \u00e9 muito mais f\u00e1cil do que voc\u00ea imagina. Na vers\u00e3o ao vivo, a roda em si consiste em mais de 300 componentes e \u00e9 configurada com precis\u00e3o de joia, pois apenas 1 mil\u00edmetro de movimento permitir\u00e1 que os jogadores observadores percebam em quais setores a bola provavelmente cair\u00e1. No caso da roleta RocketPlay com dinheiro real, tudo \u00e9 gerenciado por um gerador de n\u00fameros aleat\u00f3rios, o que garante a equidade do sorteio. Assim como no original, voc\u00ea pode ter certeza de que a bola caiu nessa figura \u00e9 completamente aleat\u00f3ria.<\/p>\n<p>Outra caracter\u00edstica da roda gigante online \u00e9 que voc\u00ea pode jogar a roleta ao vivo gr\u00e1tis RocketPlay. A roleta tem varia\u00e7\u00f5es diferentes em cada cassino, ent\u00e3o voc\u00ea pode facilmente abrir qualquer um deles e jogar de gra\u00e7a usando fichas virtuais. Isso n\u00e3o apenas ajudar\u00e1 voc\u00ea a entender o princ\u00edpio do jogo, mas tamb\u00e9m testar\u00e1 estrat\u00e9gias populares de roleta.<\/p>\n<h2>PORQU\u00ca ROLETA VIRTUAL EM CASINOS?<\/h2>\n<p>No cora\u00e7\u00e3o do jogo de roleta virtual est\u00e1 um gerador de n\u00fameros aleat\u00f3rios, que garante resultados aleat\u00f3rios. Os melhores cassinos online passam regularmente por auditorias independentes de sua solidez e possuem as licen\u00e7as apropriadas.<\/p>\n<p>As chances de ganhar na roleta virtual e real s\u00e3o as mesmas. Voc\u00ea pode usar todas as estrat\u00e9gias e dicas conhecidas que existem para a roleta regular. Embora sua efic\u00e1cia seja reduzida.<\/p>\n<p>O baixo n\u00edvel de apostas de roleta virtual em compara\u00e7\u00e3o com o jogo em um cassino real.<\/p>\n<p>Voc\u00ea pode escolher entre diferentes varia\u00e7\u00f5es de roleta, reduzindo assim a vantagem do estabelecimento.<\/p>\n<h2><span style=\"font-weight: 400;\"><img loading=\"lazy\" decoding=\"async\" class=\"aligncenter wp-image-4027\" src=\"https:\/\/rocketplay-slot.com\/wp-content\/uploads\/2024\/02\/close-up-casino-roulette-1.jpg\" alt=\"Roleta casino online RocketPlay\" width=\"800\" height=\"534\" srcset=\"https:\/\/rocketplay-slot.com\/wp-content\/uploads\/2024\/02\/close-up-casino-roulette-1.jpg 1000w, https:\/\/rocketplay-slot.com\/wp-content\/uploads\/2024\/02\/close-up-casino-roulette-1-300x200.jpg 300w, https:\/\/rocketplay-slot.com\/wp-content\/uploads\/2024\/02\/close-up-casino-roulette-1-768x512.jpg 768w\" sizes=\"auto, (max-width: 800px) 100vw, 800px\" \/><\/span><\/h2>\n<p><span style=\"font-weight: 400;\">\u00a0<\/span><\/p>\n<h2>TIPOS DE ROLETA<\/h2>\n<p>Hoje, existem muitas varia\u00e7\u00f5es de roleta. Alguns s\u00e3o populares, enquanto outros agem para atrair jogadores recreativos. Neste ponto, existem quatro variedades principais que foram estabelecidas no mundo do jogo por d\u00e9cadas.<\/p>\n<p>Roleta europeia ou cl\u00e1ssica: tem 37 setores, de 1 a 36 e um &#8220;zero&#8221;. \u00c9 o zero que d\u00e1 a principal vantagem do cassino. Aposte nele com frequ\u00eancia, porque o pagamento \u00e9 de 1 a 36, \u200b\u200bmas raramente \u00e9 atingido. A vantagem do casino nesta variante da roleta online (e offline tamb\u00e9m) \u00e9 de 2,7%.<\/p>\n<p>Roleta Americana: Sua diferen\u00e7a da Roleta Europeia \u00e9 uma coisa &#8211; o carretel tem 38 setores. De 1 a 36, \u200b\u200bzero e duplo zero. Isso aumenta a vantagem do cassino para 5,26%, mas junto com isso h\u00e1 muitos jogadores que pensam que dois zeros s\u00e3o uma grande chance de grandes ganhos.<\/p>\n<p>Roleta Francesa: \u00c9 a op\u00e7\u00e3o mais popular entre os jogadores e a mais impopular entre os operadores. A quest\u00e3o \u00e9 que \u00e9 jogada como a roleta europeia, mas no caso de zeros, todos os jogadores recebem 50% da aposta. Todos que apostarem em um n\u00famero, \u00edmpar, vermelho ou d\u00fazia, ser\u00e3o reembolsados.<\/p>\n<p>Mini Roleta: Esta op\u00e7\u00e3o \u00e9 particularmente popular entre os apostadores altos. Sua peculiaridade \u00e9 que o campo consiste em 13 setores &#8211; de 1 a 12, um zero e um setor vazio. Claro, isso pelo menos triplica a vantagem do cassino, mas o que atrai os jogadores \u00e9 a aus\u00eancia de um limite m\u00e1ximo de aposta.<\/p>\n<p>Todos esses tipos de roleta est\u00e3o dispon\u00edveis no RocketPlay Casino. Para jogar a roleta ao vivo RocketPlay de gra\u00e7a, basta fazer um r\u00e1pido registro e tentar a sorte.<span style=\"font-family: var(--global-body-font-family); font-size: 16px; letter-spacing: 0em;\"> \u00a0 \u00a0 \u00a0 \u00a0 \u00a0 \u00a0 \u00a0 \u00a0 \u00a0 \u00a0 \u00a0 \u00a0 \u00a0 \u00a0 \u00a0 \u00a0 \u00a0 \u00a0 \u00a0 \u00a0 \u00a0 \u00a0 \u00a0 \u00a0 \u00a0 \u00a0 \u00a0 \u00a0 \u00a0 \u00a0 \u00a0 \u00a0 \u00a0 \u00a0 \u00a0 \u00a0 \u00a0 \u00a0 \u00a0 \u00a0 \u00a0 \u00a0 \u00a0 \u00a0 \u00a0 \u00a0<\/span><\/p>\n<p><span style=\"font-weight: 400;\"><img loading=\"lazy\" decoding=\"async\" class=\"aligncenter wp-image-4037\" src=\"https:\/\/rocketplay-slot.com\/wp-content\/uploads\/2024\/02\/collage-casino-images-with-roulette-table-smiling-man-showing-thumbs-up.jpg\" alt=\"Roleta casino online RocketPlay 2\" width=\"800\" height=\"548\" srcset=\"https:\/\/rocketplay-slot.com\/wp-content\/uploads\/2024\/02\/collage-casino-images-with-roulette-table-smiling-man-showing-thumbs-up.jpg 1000w, https:\/\/rocketplay-slot.com\/wp-content\/uploads\/2024\/02\/collage-casino-images-with-roulette-table-smiling-man-showing-thumbs-up-300x206.jpg 300w, https:\/\/rocketplay-slot.com\/wp-content\/uploads\/2024\/02\/collage-casino-images-with-roulette-table-smiling-man-showing-thumbs-up-768x526.jpg 768w\" sizes=\"auto, (max-width: 800px) 100vw, 800px\" \/><\/span><\/p>\n<h2>ROLETA AO VIVO<\/h2>\n<p>O cassino <a href=\"https:\/\/rocketplay-slot.com\/pt-br\/\">RocketPlay<\/a> apresenta roleta ao vivo (roleta ao vivo). \u00c9 uma varia\u00e7\u00e3o da roleta, onde as apostas s\u00e3o feitas por um crupi\u00ea real &#8211; em uma mesa real e uma roda real que passou por sete rodadas de certifica\u00e7\u00e3o. Em geral, a diferen\u00e7a entre a roleta real \u00e9 que a live est\u00e1 localizada em uma sala especialmente equipada e o foco est\u00e1 nos jogadores que fazem apostas atrav\u00e9s da tela do monitor.<\/p>\n<p>Mas alguns operadores foram muito mais longe. O RocketPlay Casino tem um tipo especial de roleta ao vivo. Em uma das mesas de roleta reais, localizadas nos maiores cassinos de Las Vegas, equipamentos especiais s\u00e3o instalados para jogadores online. Assim, voc\u00ea pode fazer apostas na tela do seu monitor junto com os visitantes do cassino, observando tudo o que est\u00e1 acontecendo.<\/p>\n<h2>ESTRAT\u00c9GIA<\/h2>\n<p>Vamos direto \u00e0s not\u00edcias desagrad\u00e1veis \u200b\u200b- n\u00e3o existe um sistema \u00fanico que traga uma renda est\u00e1vel inconfund\u00edvel na roleta.<\/p>\n<p>Existem muitas estrat\u00e9gias na Internet para um jogo de sucesso. Os mais famosos s\u00e3o os sistemas de D&#8217;Alamber, Whitecracker e, claro, Martingale. Al\u00e9m deles, existem modelos baseados na \u201cTeoria do Caos\u201d, \u201cTeoria dos Grandes N\u00fameros\u201d e outros.<\/p>\n<p>E se eles podem trazer algum resultado em uma institui\u00e7\u00e3o offline, o cassino online opera com base em um gerador de n\u00fameros aleat\u00f3rios, que anula todas as estrat\u00e9gias astutas.<\/p>\n","protected":false},"excerpt":{"rendered":"<p>A roleta \u00e9 um dos jogos de azar mais inventados pelo homem. Uma aur\u00e9ola de mist\u00e9rio deste jogo guarda v\u00e1rias hist\u00f3rias de sua origem. Uma lenda diz que na Fran\u00e7a, no s\u00e9culo XIV, para encher o tesouro, o Cardeal Mazarin ordenou a distribui\u00e7\u00e3o de roleta em todas as casas de jogo. Naquela \u00e9poca era um&#8230;<\/p>\n","protected":false},"author":1,"featured_media":0,"parent":0,"menu_order":0,"comment_status":"closed","ping_status":"closed","template":"","meta":{"_acf_changed":false,"_kad_post_transparent":"default","_kad_post_title":"default","_kad_post_layout":"default","_kad_post_sidebar_id":"","_kad_post_content_style":"default","_kad_post_vertical_padding":"default","_kad_post_feature":"","_kad_post_feature_position":"","_kad_post_header":false,"_kad_post_footer":false,"footnotes":""},"class_list":["post-2297","page","type-page","status-publish","hentry"],"acf":[],"rttpg_featured_image_url":null,"rttpg_author":{"display_name":"Elvis","author_link":"https:\/\/rocketplay-slot.com\/pt-br\/author\/pemvas95n89x\/"},"rttpg_comment":0,"rttpg_category":null,"rttpg_excerpt":"A roleta \u00e9 um dos jogos de azar mais inventados pelo homem. Uma aur\u00e9ola de mist\u00e9rio deste jogo guarda v\u00e1rias hist\u00f3rias de sua origem. Uma lenda diz que na Fran\u00e7a, no s\u00e9culo XIV, para encher o tesouro, o Cardeal Mazarin ordenou a distribui\u00e7\u00e3o de roleta em todas as casas de jogo. Naquela \u00e9poca era um...","_links":{"self":[{"href":"https:\/\/rocketplay-slot.com\/pt-br\/wp-json\/wp\/v2\/pages\/2297","targetHints":{"allow":["GET"]}}],"collection":[{"href":"https:\/\/rocketplay-slot.com\/pt-br\/wp-json\/wp\/v2\/pages"}],"about":[{"href":"https:\/\/rocketplay-slot.com\/pt-br\/wp-json\/wp\/v2\/types\/page"}],"author":[{"embeddable":true,"href":"https:\/\/rocketplay-slot.com\/pt-br\/wp-json\/wp\/v2\/users\/1"}],"replies":[{"embeddable":true,"href":"https:\/\/rocketplay-slot.com\/pt-br\/wp-json\/wp\/v2\/comments?post=2297"}],"version-history":[{"count":4,"href":"https:\/\/rocketplay-slot.com\/pt-br\/wp-json\/wp\/v2\/pages\/2297\/revisions"}],"predecessor-version":[{"id":4581,"href":"https:\/\/rocketplay-slot.com\/pt-br\/wp-json\/wp\/v2\/pages\/2297\/revisions\/4581"}],"wp:attachment":[{"href":"https:\/\/rocketplay-slot.com\/pt-br\/wp-json\/wp\/v2\/media?parent=2297"}],"curies":[{"name":"wp","href":"https:\/\/api.w.org\/{rel}","templated":true}]}}