{"id":2498,"date":"2023-01-10T12:41:48","date_gmt":"2023-01-10T09:41:48","guid":{"rendered":"https:\/\/rocketplay-slot.com\/live-casino\/real-money\/"},"modified":"2025-11-24T20:47:26","modified_gmt":"2025-11-24T17:47:26","slug":"live-dealer","status":"publish","type":"page","link":"https:\/\/rocketplay-slot.com\/pt-br\/live-dealer\/","title":{"rendered":"O que s\u00e3o Live Dealer?"},"content":{"rendered":"<p>Entre os cassinos, os usu\u00e1rios est\u00e3o ganhando popularidade no cassino Live Dealer. Mas muitas pessoas n\u00e3o entendem o que \u00e9, por que \u00e9 popular e como jogar com o Live Dealer. \u00c9 por isso que o ajudaremos a descobrir, entender como funciona e por que voc\u00ea deve jogar com o casino Live Dealer. Voc\u00ea poderia ler sobre isso no artigo abaixo.<\/p>\n<p><img loading=\"lazy\" decoding=\"async\" class=\"aligncenter wp-image-4076\" src=\"https:\/\/rocketplay-slot.com\/wp-content\/uploads\/2024\/02\/hands-unknown-man-holding-two-aces-against-roulette-excited-guy-women-rejoicing-their-win-while-standing-playing-table-colorful-background-stacks-chips-poker-casino-close-up.jpg\" alt=\"O que s\u00e3o Live Dealer?\" width=\"800\" height=\"379\" srcset=\"https:\/\/rocketplay-slot.com\/wp-content\/uploads\/2024\/02\/hands-unknown-man-holding-two-aces-against-roulette-excited-guy-women-rejoicing-their-win-while-standing-playing-table-colorful-background-stacks-chips-poker-casino-close-up.jpg 1000w, https:\/\/rocketplay-slot.com\/wp-content\/uploads\/2024\/02\/hands-unknown-man-holding-two-aces-against-roulette-excited-guy-women-rejoicing-their-win-while-standing-playing-table-colorful-background-stacks-chips-poker-casino-close-up-300x142.jpg 300w, https:\/\/rocketplay-slot.com\/wp-content\/uploads\/2024\/02\/hands-unknown-man-holding-two-aces-against-roulette-excited-guy-women-rejoicing-their-win-while-standing-playing-table-colorful-background-stacks-chips-poker-casino-close-up-768x364.jpg 768w\" sizes=\"auto, (max-width: 800px) 100vw, 800px\" \/><\/p>\n<h2>PR\u00d3S E CONTRAS DO LIVE DEALER<\/h2>\n<p>Cada vez mais, os usu\u00e1rios de cassino online est\u00e3o escolhendo jogos com dealer ao vivo. Decidimos descobrir quais s\u00e3o os principais pr\u00f3s e contras. Vamos lidar com as desvantagens apontadas pelos usu\u00e1rios:<\/p>\n<ul>\n<li>gama limitada de jogos &#8211; nem todos os jogos podem adicionar um dealer. Por exemplo, n\u00e3o h\u00e1 dealer nos ca\u00e7a-n\u00edqueis, mas no p\u00f4quer hoje em dia, h\u00e1 dealer em quase todos os lugares;<\/li>\n<li>possivelmente por erros t\u00e9cnicos &#8211; voc\u00ea pode achar que jogando p\u00f4quer, quando voc\u00ea est\u00e1 quase ganhando, de repente voc\u00ea v\u00ea uma tela preta na sua frente, e voc\u00ea \u00e9 for\u00e7ado a sair do jogo. Muitas vezes o principal motivo dessa falha \u00e9 a p\u00e9ssima conex\u00e3o de<\/li>\n<li>internet do usu\u00e1rio, mas ainda assim, n\u00e3o \u00e9 muito agrad\u00e1vel;<br \/>\ntorna o jogo mais longo e complicado &#8211; voc\u00ea sempre tem que esperar que o dealer diga com sua voz que \u00e9 hora de apostar<\/li>\n<li>quando sem ela, sempre h\u00e1 bot\u00f5es de interface \u00e0 sua frente.<\/li>\n<\/ul>\n<p>Mas essas defici\u00eancias n\u00e3o parecem graves ou algo insuport\u00e1vel, mas as vantagens aqui s\u00e3o muito mais interessantes:<\/p>\n<ul>\n<li>a confian\u00e7a de que voc\u00ea est\u00e1 sendo tratado honestamente &#8211; voc\u00ea sempre v\u00ea as cartas que o dealer tira, voc\u00ea sempre v\u00ea que n\u00e3o est\u00e1 sendo enganado, isso vale muito;<\/li>\n<li>um momento inesquec\u00edvel &#8211; cada sess\u00e3o com um casino online Live Dealer n\u00e3o \u00e9 uma conversa ao vivo, uma intera\u00e7\u00e3o ao vivo. \u00c9 sempre agrad\u00e1vel;<\/li>\n<li>conveni\u00eancia &#8211; o que \u00e9 muito dif\u00edcil de negar \u00e9 que jogar com um dealer \u00e9 incrivelmente conveniente. Ele traz voc\u00ea inteiramente para a atmosfera do cassino. Voc\u00ea n\u00e3o precisa mais sair de casa para chegar ao cassino ou ficar parado em engarrafamentos.<\/li>\n<\/ul>\n<p>Resumindo os pr\u00f3s e contras de jogar com o dealer, o jogo com o dealer ainda tem vantagens mais significativas.<\/p>\n<h2>TIPOS DE JOGOS NO LIVE DEALER<\/h2>\n<p>Os jogos com um dealer geralmente s\u00e3o semelhantes aos de cassinos f\u00edsicos, mas principalmente podem ser divididos em tipos:<\/p>\n<ul>\n<li>O p\u00f4quer \u00e9 uma das formas de entretenimento mais populares em qualquer cassino, ent\u00e3o sua variante com um dealer tamb\u00e9m \u00e9 predominante;<\/li>\n<li>Blackjack \u00e9 um jogo de cartas fascinante que todo mundo j\u00e1 jogou. Em um jogo com um dealer, adiciona mais interesse e atmosfera de jogo;<\/li>\n<li>A roleta \u00e9 um jogo de casino cl\u00e1ssico com centenas de anos. Todo mundo sabe como funciona em cassinos f\u00edsicos, mas voc\u00ea tamb\u00e9m pode experiment\u00e1-lo online com um revendedor.<\/li>\n<\/ul>\n<p>Voc\u00ea pode encontrar esses tr\u00eas principais jogos de cassino online no melhor cassino com dealer ao vivo.<\/p>\n<h2>PROVEDORES DE SOFTWARE<\/h2>\n<p>Uma das principais \u00e1reas de desenvolvimento que todo desenvolvedor de software nos \u00faltimos anos sem d\u00favida chamar\u00e1 de voc\u00ea \u00e9 o desenvolvimento de cassinos ao vivo com revendedores. E isso n\u00e3o ocorre apenas porque h\u00e1 uma grande demanda por ele entre os usu\u00e1rios. \u00c9 tudo fascinante. E a procura por esse tipo de jogo aumenta a cada dia porque uma boa Internet est\u00e1 cada vez mais acess\u00edvel. A intelig\u00eancia artificial est\u00e1 se desenvolvendo cada vez mais, ent\u00e3o novos jogos com Live Dealers j\u00e1 est\u00e3o impressionando sua apar\u00eancia, velocidade e atmosfera do que est\u00e1 acontecendo.<\/p>\n<h2>B\u00d4NUS E PROMO\u00c7\u00d5ES<\/h2>\n<p>Os cassinos sempre forneceram b\u00f4nus que ajudam seus usu\u00e1rios a ganhar mais. Voc\u00ea pode gastar seu dinheiro com mais lucro e o cassino recebe novos usu\u00e1rios e pagamentos significativos. Aproveite o b\u00f4nus do cassino Live Dealer porque ele permitir\u00e1 que voc\u00ea ganhe mais.<\/p>\n<p><img loading=\"lazy\" decoding=\"async\" class=\"aligncenter wp-image-4067\" src=\"https:\/\/rocketplay-slot.com\/wp-content\/uploads\/2024\/02\/man-is-playing-poker-emotional-fail-game-game-card-player-man-very-angry-with-foolish-choices-losing-all-chips-bank-concept-victory-loosing.jpg\" alt=\"O que s\u00e3o Live Dealer? 2\" width=\"800\" height=\"534\" srcset=\"https:\/\/rocketplay-slot.com\/wp-content\/uploads\/2024\/02\/man-is-playing-poker-emotional-fail-game-game-card-player-man-very-angry-with-foolish-choices-losing-all-chips-bank-concept-victory-loosing.jpg 1000w, https:\/\/rocketplay-slot.com\/wp-content\/uploads\/2024\/02\/man-is-playing-poker-emotional-fail-game-game-card-player-man-very-angry-with-foolish-choices-losing-all-chips-bank-concept-victory-loosing-300x200.jpg 300w, https:\/\/rocketplay-slot.com\/wp-content\/uploads\/2024\/02\/man-is-playing-poker-emotional-fail-game-game-card-player-man-very-angry-with-foolish-choices-losing-all-chips-bank-concept-victory-loosing-768x512.jpg 768w\" sizes=\"auto, (max-width: 800px) 100vw, 800px\" \/><\/p>\n<h2>PAGAMENTO E RETIRADA<\/h2>\n<p>Voc\u00ea pode depositar seu saldo no cassino online de v\u00e1rias maneiras convenientes para seus m\u00e9todos. Podem ser sistemas de pagamento banc\u00e1rio como Visa, MasterCard e American Express, sistemas de pagamento online como PayPal ou suas carteiras de criptomoedas.<\/p>\n<p>Infelizmente, existem menos m\u00e9todos para sacar seus fundos, mas ainda existem muitos. Voc\u00ea ainda pode sacar seu saldo para sua carteira de criptomoedas ou usar o PayPal.<\/p>\n","protected":false},"excerpt":{"rendered":"<p>Entre os cassinos, os usu\u00e1rios est\u00e3o ganhando popularidade no cassino Live Dealer. Mas muitas pessoas n\u00e3o entendem o que \u00e9, por que \u00e9 popular e como jogar com o Live Dealer. \u00c9 por isso que o ajudaremos a descobrir, entender como funciona e por que voc\u00ea deve jogar com o casino Live Dealer. Voc\u00ea poderia&#8230;<\/p>\n","protected":false},"author":1,"featured_media":0,"parent":0,"menu_order":0,"comment_status":"closed","ping_status":"closed","template":"","meta":{"_acf_changed":false,"_kad_post_transparent":"default","_kad_post_title":"default","_kad_post_layout":"default","_kad_post_sidebar_id":"","_kad_post_content_style":"default","_kad_post_vertical_padding":"default","_kad_post_feature":"","_kad_post_feature_position":"","_kad_post_header":false,"_kad_post_footer":false,"footnotes":""},"class_list":["post-2498","page","type-page","status-publish","hentry"],"acf":[],"rttpg_featured_image_url":null,"rttpg_author":{"display_name":"Elvis","author_link":"https:\/\/rocketplay-slot.com\/pt-br\/author\/pemvas95n89x\/"},"rttpg_comment":0,"rttpg_category":null,"rttpg_excerpt":"Entre os cassinos, os usu\u00e1rios est\u00e3o ganhando popularidade no cassino Live Dealer. Mas muitas pessoas n\u00e3o entendem o que \u00e9, por que \u00e9 popular e como jogar com o Live Dealer. \u00c9 por isso que o ajudaremos a descobrir, entender como funciona e por que voc\u00ea deve jogar com o casino Live Dealer. Voc\u00ea poderia...","_links":{"self":[{"href":"https:\/\/rocketplay-slot.com\/pt-br\/wp-json\/wp\/v2\/pages\/2498","targetHints":{"allow":["GET"]}}],"collection":[{"href":"https:\/\/rocketplay-slot.com\/pt-br\/wp-json\/wp\/v2\/pages"}],"about":[{"href":"https:\/\/rocketplay-slot.com\/pt-br\/wp-json\/wp\/v2\/types\/page"}],"author":[{"embeddable":true,"href":"https:\/\/rocketplay-slot.com\/pt-br\/wp-json\/wp\/v2\/users\/1"}],"replies":[{"embeddable":true,"href":"https:\/\/rocketplay-slot.com\/pt-br\/wp-json\/wp\/v2\/comments?post=2498"}],"version-history":[{"count":3,"href":"https:\/\/rocketplay-slot.com\/pt-br\/wp-json\/wp\/v2\/pages\/2498\/revisions"}],"predecessor-version":[{"id":4597,"href":"https:\/\/rocketplay-slot.com\/pt-br\/wp-json\/wp\/v2\/pages\/2498\/revisions\/4597"}],"wp:attachment":[{"href":"https:\/\/rocketplay-slot.com\/pt-br\/wp-json\/wp\/v2\/media?parent=2498"}],"curies":[{"name":"wp","href":"https:\/\/api.w.org\/{rel}","templated":true}]}}