{"id":2550,"date":"2023-01-10T15:56:28","date_gmt":"2023-01-10T12:56:28","guid":{"rendered":"https:\/\/rocketplay-slot.com\/live-casino\/free\/"},"modified":"2024-02-08T17:07:29","modified_gmt":"2024-02-08T14:07:29","slug":"free","status":"publish","type":"page","link":"https:\/\/rocketplay-slot.com\/pt-br\/live-casino\/free\/","title":{"rendered":"Tudo sobre o Free Live Casino no Rocket Play"},"content":{"rendered":"<p>Muitos usu\u00e1rios iniciantes t\u00eam medo de jogar em cassinos com dinheiro real. Algu\u00e9m tem medo de jogar com dinheiro real por medo de perder tudo, algu\u00e9m que pode ser enganado. Para essas pessoas, existe um cassino Live Free para experimentar totalmente o cassino, desenvolver sua estrat\u00e9gia de jogo e ganhar dinheiro real.<\/p>\n<p><img loading=\"lazy\" decoding=\"async\" class=\"aligncenter wp-image-4106\" src=\"https:\/\/rocketplay-slot.com\/wp-content\/uploads\/2024\/02\/male-croupier-casino-table-hands-close-up-casino-concept-gambling-poker-chips-green-casino-table.jpg\" alt=\"Tudo sobre o Free Live Casino no Rocket Play\" width=\"800\" height=\"534\" srcset=\"https:\/\/rocketplay-slot.com\/wp-content\/uploads\/2024\/02\/male-croupier-casino-table-hands-close-up-casino-concept-gambling-poker-chips-green-casino-table.jpg 1000w, https:\/\/rocketplay-slot.com\/wp-content\/uploads\/2024\/02\/male-croupier-casino-table-hands-close-up-casino-concept-gambling-poker-chips-green-casino-table-300x200.jpg 300w, https:\/\/rocketplay-slot.com\/wp-content\/uploads\/2024\/02\/male-croupier-casino-table-hands-close-up-casino-concept-gambling-poker-chips-green-casino-table-768x512.jpg 768w\" sizes=\"auto, (max-width: 800px) 100vw, 800px\" \/><\/p>\n<h2>COMO JOGAR?<\/h2>\n<p>Se voc\u00ea est\u00e1 come\u00e7ando a se familiarizar com jogos de azar online, pode ter d\u00favidas sobre como jogar em cassinos online gratuitamente. Para come\u00e7ar a jogar no cassino ao vivo online gr\u00e1tis, voc\u00ea precisa:<\/p>\n<ol>\n<li>V\u00e1 para o site oficial do casino online.<\/li>\n<li>\u00c0 direita, no canto superior, haver\u00e1 um bot\u00e3o para registro\/autoriza\u00e7\u00e3o. Clique aqui e preencha os campos obrigat\u00f3rios. Se voc\u00ea \u00e9 um novo usu\u00e1rio do cassino, passe cuidadosamente pela etapa de registro de sua conta e especifique seus dados v\u00e1lidos, como nome, sobrenome, e-mail e n\u00famero de telefone.<\/li>\n<li>Depois disso, voc\u00ea pode coletar os b\u00f4nus dispon\u00edveis para voc\u00ea, ir para a tela de jogos dispon\u00edveis e selecionar a op\u00e7\u00e3o &#8220;Demo Games&#8221; no slot de sua prefer\u00eancia.<\/li>\n<\/ol>\n<p>Seguindo estas breves instru\u00e7\u00f5es, voc\u00ea n\u00e3o deve ter problemas para iniciar o jogo no cassino Live Free.<\/p>\n<h2>OS JOGOS MAIS POPULARES<\/h2>\n<p>Se voc\u00ea est\u00e1 come\u00e7ando sua jornada como jogador, ainda n\u00e3o decidiu quais jogos prefere. Existem mais de cem jogos no casino, por isso torna-se dif\u00edcil escolher. \u00c9 por isso que decidimos ajud\u00e1-lo com sua escolha e fizemos uma sele\u00e7\u00e3o do que pensamos ser os jogos mais emocionantes de cassino ao vivo online gr\u00e1tis:<\/p>\n<ul>\n<li>Live Baccarat &#8211; Se voc\u00ea \u00e9 f\u00e3 deste jogo, aproveite ao m\u00e1ximo em formato ao vivo. Este jogo pode surpreend\u00ea-lo ainda mais;<\/li>\n<li>Roleta ao Vivo &#8211; Muitas pessoas preferem a roleta cl\u00e1ssica pela simplicidade das regras e pelo interesse no jogo. \u00c9 por isso que recomendamos que voc\u00ea entre e experimente o que \u00e9 com um crupi\u00ea ao vivo, o que, \u00e9 claro, aprimora a experi\u00eancia;<\/li>\n<li>Live Blackjack &#8211; Este jogo \u00e9 \u00f3timo para f\u00e3s de jogos de cartas curtas, e o dealer ao vivo n\u00e3o vai deixar voc\u00ea duvidar da honestidade de seus resultados.<\/li>\n<\/ul>\n<p>Recomendamos que voc\u00ea experimente cada jogo para obter a melhor sensa\u00e7\u00e3o do cassino.<\/p>\n<h2>VANTAGENS DO CASINO AO VIVO GRATUITO<\/h2>\n<p>Jogadores experientes que jogam com dinheiro real geralmente n\u00e3o entendem por que existe um jogo gr\u00e1tis de cassino ao vivo, mas talvez muitos deles tenham esquecido como come\u00e7aram como jogadores. Quase todo jogador de cassino online tem medo de fazer seu primeiro dep\u00f3sito por causa de preconceitos que podem dizer que os cassinos podem trapacear ou que perder\u00e3o todas as suas economias.<\/p>\n<p>Isso \u00e9 exatamente o que voc\u00ea precisa para fazer o melhor cassino ao vivo gr\u00e1tis. Eles permitem que voc\u00ea experimente a vit\u00f3ria e voc\u00ea ganhar\u00e1 confian\u00e7a na honestidade do cassino porque ver\u00e1 como funciona com seus pr\u00f3prios olhos. Al\u00e9m disso, cada usu\u00e1rio pode obter um b\u00f4nus de cassino ao vivo gr\u00e1tis e come\u00e7ar a ganhar sem fazer nenhum investimento e jogar \u00e0s custas dos cassinos online.<\/p>\n<h2>CONCLUS\u00c3O<\/h2>\n<p>O jogo gr\u00e1tis em cassinos online \u00e9 uma excelente oportunidade para iniciantes se familiarizarem com o trabalho dos cassinos online, com o trabalho de muitos slots. Voc\u00ea pode desenvolver suas estrat\u00e9gias para ganhar e fazer seu primeiro dep\u00f3sito com mais confian\u00e7a. Portanto, recomendamos fortemente que todos os rec\u00e9m-chegados ao mundo do jogo online se familiarizem com os cassinos online de jogo gr\u00e1tis.<\/p>\n<p><img loading=\"lazy\" decoding=\"async\" class=\"aligncenter wp-image-4116\" src=\"https:\/\/rocketplay-slot.com\/wp-content\/uploads\/2024\/02\/different-poker-chips-casino-table.jpg\" alt=\"Tudo sobre o Free Live Casino no Rocket Play 2\" width=\"800\" height=\"534\" srcset=\"https:\/\/rocketplay-slot.com\/wp-content\/uploads\/2024\/02\/different-poker-chips-casino-table.jpg 1000w, https:\/\/rocketplay-slot.com\/wp-content\/uploads\/2024\/02\/different-poker-chips-casino-table-300x200.jpg 300w, https:\/\/rocketplay-slot.com\/wp-content\/uploads\/2024\/02\/different-poker-chips-casino-table-768x512.jpg 768w\" sizes=\"auto, (max-width: 800px) 100vw, 800px\" \/><\/p>\n<h2>Perguntas frequentes<\/h2>\n<p>Tamb\u00e9m costumamos ouvir v\u00e1rias perguntas sobre como os cassinos funcionam. Reunimos tr\u00eas bastante populares e fornecemos uma resposta que pode ajud\u00e1-lo.<\/p>\n<h3>POSSO JOGAR DO MEU CELULAR?<\/h3>\n<p>Sim, o casino online tem uma vers\u00e3o m\u00f3vel do site. Para acess\u00e1-lo, voc\u00ea precisa acessar o site oficial do cassino e ele o redirecionar\u00e1 para o site otimizado para o seu smartphone.<\/p>\n<h3>POSSO FAZER MEU PRIMEIRO DEP\u00d3SITO DE UMA CARTEIRA DE CRIPTOMOEDAS?<\/h3>\n<p>Sim, o cassino online oferece a todos os usu\u00e1rios a oportunidade de depositar em sua conta pelo m\u00e9todo que for mais conveniente para voc\u00ea.<\/p>\n<h3>O QUE \u00c9 UM B\u00d4NUS DE BOAS-VINDAS?<\/h3>\n<p>Um b\u00f4nus de boas-vindas \u00e9 oferecido a todos os novos usu\u00e1rios que se registraram em nosso cassino. Este b\u00f4nus geralmente inclui um b\u00f4nus para o primeiro dep\u00f3sito e jogos gr\u00e1tis. Certifique-se de verificar no site com ele no site oficial do cassino.<\/p>\n","protected":false},"excerpt":{"rendered":"<p>Muitos usu\u00e1rios iniciantes t\u00eam medo de jogar em cassinos com dinheiro real. Algu\u00e9m tem medo de jogar com dinheiro real por medo de perder tudo, algu\u00e9m que pode ser enganado. Para essas pessoas, existe um cassino Live Free para experimentar totalmente o cassino, desenvolver sua estrat\u00e9gia de jogo e ganhar dinheiro real. COMO JOGAR? Se&#8230;<\/p>\n","protected":false},"author":1,"featured_media":0,"parent":2276,"menu_order":0,"comment_status":"closed","ping_status":"closed","template":"","meta":{"_acf_changed":false,"_kad_post_transparent":"default","_kad_post_title":"default","_kad_post_layout":"default","_kad_post_sidebar_id":"","_kad_post_content_style":"default","_kad_post_vertical_padding":"default","_kad_post_feature":"","_kad_post_feature_position":"","_kad_post_header":false,"_kad_post_footer":false,"footnotes":""},"class_list":["post-2550","page","type-page","status-publish","hentry"],"acf":[],"rttpg_featured_image_url":null,"rttpg_author":{"display_name":"Elvis","author_link":"https:\/\/rocketplay-slot.com\/pt-br\/author\/pemvas95n89x\/"},"rttpg_comment":0,"rttpg_category":null,"rttpg_excerpt":"Muitos usu\u00e1rios iniciantes t\u00eam medo de jogar em cassinos com dinheiro real. Algu\u00e9m tem medo de jogar com dinheiro real por medo de perder tudo, algu\u00e9m que pode ser enganado. Para essas pessoas, existe um cassino Live Free para experimentar totalmente o cassino, desenvolver sua estrat\u00e9gia de jogo e ganhar dinheiro real. COMO JOGAR? Se...","_links":{"self":[{"href":"https:\/\/rocketplay-slot.com\/pt-br\/wp-json\/wp\/v2\/pages\/2550","targetHints":{"allow":["GET"]}}],"collection":[{"href":"https:\/\/rocketplay-slot.com\/pt-br\/wp-json\/wp\/v2\/pages"}],"about":[{"href":"https:\/\/rocketplay-slot.com\/pt-br\/wp-json\/wp\/v2\/types\/page"}],"author":[{"embeddable":true,"href":"https:\/\/rocketplay-slot.com\/pt-br\/wp-json\/wp\/v2\/users\/1"}],"replies":[{"embeddable":true,"href":"https:\/\/rocketplay-slot.com\/pt-br\/wp-json\/wp\/v2\/comments?post=2550"}],"version-history":[{"count":3,"href":"https:\/\/rocketplay-slot.com\/pt-br\/wp-json\/wp\/v2\/pages\/2550\/revisions"}],"predecessor-version":[{"id":4613,"href":"https:\/\/rocketplay-slot.com\/pt-br\/wp-json\/wp\/v2\/pages\/2550\/revisions\/4613"}],"up":[{"embeddable":true,"href":"https:\/\/rocketplay-slot.com\/pt-br\/wp-json\/wp\/v2\/pages\/2276"}],"wp:attachment":[{"href":"https:\/\/rocketplay-slot.com\/pt-br\/wp-json\/wp\/v2\/media?parent=2550"}],"curies":[{"name":"wp","href":"https:\/\/api.w.org\/{rel}","templated":true}]}}