{"id":2602,"date":"2023-01-10T17:52:28","date_gmt":"2023-01-10T14:52:28","guid":{"rendered":"https:\/\/rocketplay-slot.com\/live-casino\/poker\/"},"modified":"2024-02-08T17:34:20","modified_gmt":"2024-02-08T14:34:20","slug":"app","status":"publish","type":"page","link":"https:\/\/rocketplay-slot.com\/pt-br\/live-casino\/app\/","title":{"rendered":"Aplicativo de cassino ao vivo no Rocket Play"},"content":{"rendered":"<p>Uma viagem a um cassino tradicional deixa uma experi\u00eancia inesquec\u00edvel para toda a vida. Claro, porque aqui tudo \u00e9 permeado pelo jogo, uma atmosfera misteriosa e cobi\u00e7ada. Mas tudo isso pode ser feito sem sair de casa. Tudo o que voc\u00ea precisa fazer \u00e9 acessar o aplicativo Live Casino. Isso j\u00e1 ganhou popularidade, ent\u00e3o decidimos contar mais sobre isso.<\/p>\n<p><img loading=\"lazy\" decoding=\"async\" class=\"aligncenter wp-image-4126\" src=\"https:\/\/rocketplay-slot.com\/wp-content\/uploads\/2024\/02\/composite-image-online-roulette-game.jpg\" alt=\"Aplicativo de cassino ao vivo no Rocket Play\" width=\"800\" height=\"394\" srcset=\"https:\/\/rocketplay-slot.com\/wp-content\/uploads\/2024\/02\/composite-image-online-roulette-game.jpg 1000w, https:\/\/rocketplay-slot.com\/wp-content\/uploads\/2024\/02\/composite-image-online-roulette-game-300x148.jpg 300w, https:\/\/rocketplay-slot.com\/wp-content\/uploads\/2024\/02\/composite-image-online-roulette-game-768x378.jpg 768w\" sizes=\"auto, (max-width: 800px) 100vw, 800px\" \/><\/p>\n<h2>JOGAR JOGOS NO ANDROID E IPHONE<\/h2>\n<p>Para come\u00e7ar a jogar no aplicativo Live Casino android, voc\u00ea precisa:<\/p>\n<ol>\n<li>Acesse o site oficial do cassino online no seu celular.<\/li>\n<li>No topo, haver\u00e1 um bot\u00e3o que oferece o download de um aplicativo m\u00f3vel para o seu smartphone. Clique nele e, em seguida, ele deve come\u00e7ar a baixar automaticamente.<\/li>\n<li>Depois de descarregar a aplica\u00e7\u00e3o para o seu smartphone, dever\u00e1 clicar na barra de download da aplica\u00e7\u00e3o e clicar em &#8220;Instalar&#8221;. O aplicativo deve ser instalado rapidamente, ent\u00e3o isso n\u00e3o deve ser um problema.<\/li>\n<li>Ap\u00f3s a instala\u00e7\u00e3o do aplicativo, o \u00edcone do aplicativo Live Casino deve aparecer na sua \u00e1rea de trabalho. Clique nele e voc\u00ea entrar\u00e1 no aplicativo.<\/li>\n<li>Depois de fazer login no aplicativo, voc\u00ea ser\u00e1 imediatamente solicitado a fazer login se j\u00e1 tiver uma conta no cassino ou se registrar se ainda n\u00e3o tiver uma conta.<\/li>\n<li>Se voc\u00ea se registrar, lembre-se de preencher todos os campos corretamente, sem erros, e especificar os dados corretos. Voc\u00ea deve incluir seu nome e sobrenome, e-mail, seu n\u00famero de telefone. Voc\u00ea receber\u00e1 um e-mail com a confirma\u00e7\u00e3o do cadastro, e futuramente receber\u00e1 ofertas de b\u00f4nus, fique de olho.<\/li>\n<\/ol>\n<p>Seguindo estas instru\u00e7\u00f5es, voc\u00ea pode instalar facilmente o aplicativo m\u00f3vel do cassino online. Infelizmente, se voc\u00ea tiver um iPhone, n\u00e3o poder\u00e1 instalar o aplicativo. Mas nossos engenheiros de software desenvolveram uma vers\u00e3o m\u00f3vel conveniente do site, oferecendo a voc\u00ea os mesmos recursos do aplicativo.<\/p>\n<h2>ESCOLHAS DE JOGOS DE APLICATIVOS DE CASINO AO VIVO<\/h2>\n<p>Alguns jogadores podem questionar quais jogos est\u00e3o dispon\u00edveis no melhor aplicativo de cassino ao vivo. E n\u00f3s lidamos com esse problema. Os jogos mais populares na vers\u00e3o desktop est\u00e3o em dispositivos m\u00f3veis. Claro, nem todos os jogos est\u00e3o dispon\u00edveis no momento, mas mais de 80% dos jogos j\u00e1 est\u00e3o dispon\u00edveis em seus celulares. Mas separadamente, podemos alocar tais deles:<\/p>\n<ul>\n<li>Aloha Rei Elvis;<\/li>\n<li>Giro M\u00e1gico;<\/li>\n<li>3 pontos de espera e vit\u00f3ria.<\/li>\n<\/ul>\n<p>Voc\u00ea pode ganhar dinheiro real com seu celular em todos esses slots.<\/p>\n<h2>PR\u00d3S E CONTRAS DO APLICATIVO DE CASINO AO VIVO<\/h2>\n<p>Em todos os lugares voc\u00ea pode encontrar seus pr\u00f3s e contras, assim como aqui, o principal \u00e9 a propor\u00e7\u00e3o de menos para mais. E aqui, essa propor\u00e7\u00e3o pode deixar os usu\u00e1rios felizes. As \u00fanicas desvantagens do jogo m\u00f3vel s\u00e3o que nem todos os jogos est\u00e3o dispon\u00edveis, embora a maioria esteja, mas talvez o jogo favorito de algu\u00e9m ainda n\u00e3o tenha sido otimizado.<\/p>\n<p>E as vantagens do jogo m\u00f3vel s\u00e3o mais do que suficientes e podem ser diferentes para todos. Alguns notar\u00e3o que o aplicativo m\u00f3vel est\u00e1 sempre \u00e0 m\u00e3o e voc\u00ea pode jogar mesmo fora de casa. Alguns gostam que voc\u00ea possa jogar sem se levantar do sof\u00e1. Algu\u00e9m como a apar\u00eancia no telefone. E algumas pessoas n\u00e3o t\u00eam um PC. E todas essas pessoas gostam de jogos de azar m\u00f3veis.<\/p>\n<h2>CONCLUS\u00c3O<\/h2>\n<p>Em conclus\u00e3o, o aplicativo online do Live Casino ainda est\u00e1 ganhando popularidade, mas esse mercado j\u00e1 parece atraente. Os jogadores proeminentes no mercado de software j\u00e1 est\u00e3o tornando seus jogos compat\u00edveis com dispositivos m\u00f3veis em primeiro lugar. Portanto, certifique-se de tentar jogar jogos de cassino online no seu celular.<\/p>\n<p><img loading=\"lazy\" decoding=\"async\" class=\"aligncenter wp-image-4135\" src=\"https:\/\/rocketplay-slot.com\/wp-content\/uploads\/2024\/02\/online-gambling-mobile.jpg\" alt=\"Aplicativo de cassino ao vivo no Rocket Play 2\" width=\"800\" height=\"533\" srcset=\"https:\/\/rocketplay-slot.com\/wp-content\/uploads\/2024\/02\/online-gambling-mobile.jpg 1000w, https:\/\/rocketplay-slot.com\/wp-content\/uploads\/2024\/02\/online-gambling-mobile-300x200.jpg 300w, https:\/\/rocketplay-slot.com\/wp-content\/uploads\/2024\/02\/online-gambling-mobile-768x511.jpg 768w\" sizes=\"auto, (max-width: 800px) 100vw, 800px\" \/><\/p>\n<h2>Perguntas frequentes<\/h2>\n<p>N\u00f3s sempre ajudamos muitas pessoas se elas tiverem d\u00favidas. \u00c9 por isso que coletamos algumas perguntas populares de nossos leitores e demos a elas nossas respostas curtas.<\/p>\n<h3>POSSO JOGAR DE GRA\u00c7A A PARTIR DO APLICATIVO M\u00d3VEL?<\/h3>\n<p>Sim, no aplicativo m\u00f3vel, voc\u00ea pode jogar gratuitamente os mesmos jogos do site oficial no seu PC.<\/p>\n<h3>QUE M\u00c9TODOS POSSO USAR PARA RECARREGAR MEU SALDO A PARTIR DO APLICATIVO M\u00d3VEL?<\/h3>\n<p>Voc\u00ea pode recarregar seu saldo usando qualquer m\u00e9todo conveniente para voc\u00ea. Voc\u00ea pode usar seu cart\u00e3o banc\u00e1rio e sua carteira de criptomoedas.<\/p>\n<h3>POSSO JOGAR ATRAV\u00c9S DA APLICA\u00c7\u00c3O M\u00d3VEL SE TIVER MENOS DE 18 ANOS?<\/h3>\n<p>N\u00e3o, de acordo com a lei, n\u00e3o podemos dar-lhe acesso ao jogo at\u00e9 que tenha 18 anos.<\/p>\n","protected":false},"excerpt":{"rendered":"<p>Uma viagem a um cassino tradicional deixa uma experi\u00eancia inesquec\u00edvel para toda a vida. Claro, porque aqui tudo \u00e9 permeado pelo jogo, uma atmosfera misteriosa e cobi\u00e7ada. Mas tudo isso pode ser feito sem sair de casa. Tudo o que voc\u00ea precisa fazer \u00e9 acessar o aplicativo Live Casino. Isso j\u00e1 ganhou popularidade, ent\u00e3o decidimos&#8230;<\/p>\n","protected":false},"author":1,"featured_media":0,"parent":2276,"menu_order":0,"comment_status":"closed","ping_status":"closed","template":"","meta":{"_acf_changed":false,"_kad_post_transparent":"default","_kad_post_title":"default","_kad_post_layout":"default","_kad_post_sidebar_id":"","_kad_post_content_style":"default","_kad_post_vertical_padding":"default","_kad_post_feature":"","_kad_post_feature_position":"","_kad_post_header":false,"_kad_post_footer":false,"footnotes":""},"class_list":["post-2602","page","type-page","status-publish","hentry"],"acf":[],"rttpg_featured_image_url":null,"rttpg_author":{"display_name":"Elvis","author_link":"https:\/\/rocketplay-slot.com\/pt-br\/author\/pemvas95n89x\/"},"rttpg_comment":0,"rttpg_category":null,"rttpg_excerpt":"Uma viagem a um cassino tradicional deixa uma experi\u00eancia inesquec\u00edvel para toda a vida. Claro, porque aqui tudo \u00e9 permeado pelo jogo, uma atmosfera misteriosa e cobi\u00e7ada. Mas tudo isso pode ser feito sem sair de casa. Tudo o que voc\u00ea precisa fazer \u00e9 acessar o aplicativo Live Casino. Isso j\u00e1 ganhou popularidade, ent\u00e3o decidimos...","_links":{"self":[{"href":"https:\/\/rocketplay-slot.com\/pt-br\/wp-json\/wp\/v2\/pages\/2602","targetHints":{"allow":["GET"]}}],"collection":[{"href":"https:\/\/rocketplay-slot.com\/pt-br\/wp-json\/wp\/v2\/pages"}],"about":[{"href":"https:\/\/rocketplay-slot.com\/pt-br\/wp-json\/wp\/v2\/types\/page"}],"author":[{"embeddable":true,"href":"https:\/\/rocketplay-slot.com\/pt-br\/wp-json\/wp\/v2\/users\/1"}],"replies":[{"embeddable":true,"href":"https:\/\/rocketplay-slot.com\/pt-br\/wp-json\/wp\/v2\/comments?post=2602"}],"version-history":[{"count":5,"href":"https:\/\/rocketplay-slot.com\/pt-br\/wp-json\/wp\/v2\/pages\/2602\/revisions"}],"predecessor-version":[{"id":4621,"href":"https:\/\/rocketplay-slot.com\/pt-br\/wp-json\/wp\/v2\/pages\/2602\/revisions\/4621"}],"up":[{"embeddable":true,"href":"https:\/\/rocketplay-slot.com\/pt-br\/wp-json\/wp\/v2\/pages\/2276"}],"wp:attachment":[{"href":"https:\/\/rocketplay-slot.com\/pt-br\/wp-json\/wp\/v2\/media?parent=2602"}],"curies":[{"name":"wp","href":"https:\/\/api.w.org\/{rel}","templated":true}]}}