{"id":2694,"date":"2023-01-10T21:33:59","date_gmt":"2023-01-10T18:33:59","guid":{"rendered":"https:\/\/rocketplay-slot.com\/live-casino\/real-money\/"},"modified":"2025-11-24T20:50:22","modified_gmt":"2025-11-24T17:50:22","slug":"real-money","status":"publish","type":"page","link":"https:\/\/rocketplay-slot.com\/pt-br\/live-casino\/real-money\/","title":{"rendered":"Tudo sobre cassino ao vivo com dinheiro real no Rocket Play Casino"},"content":{"rendered":"<p>Muitas pessoas gostam de jogar. Alguns gostam de apostar dinheiro em esportes e outros gostam de jogar p\u00f4quer com os amigos. E alguns gostam de jogar com dinheiro real em cassinos online. D\u00e1 uma sensa\u00e7\u00e3o \u00fanica de emo\u00e7\u00e3o. D\u00e1 a sensa\u00e7\u00e3o adicional de uma atmosfera de cassino onde voc\u00ea nem precisa sair de casa. Voc\u00ea pode jogar em um cassino online a qualquer momento, uma grande vantagem para muitas pessoas. Ent\u00e3o, para voc\u00ea, fizemos nossa an\u00e1lise, na qual contaremos tudo sobre o cassino online ao vivo com dinheiro real.<\/p>\n<p><img loading=\"lazy\" decoding=\"async\" class=\"aligncenter wp-image-4086\" src=\"https:\/\/rocketplay-slot.com\/wp-content\/uploads\/2024\/02\/cards-chips-poker-green-table.jpg\" alt=\"Tudo sobre cassino ao vivo com dinheiro real no Rocket Play Casino\" width=\"800\" height=\"534\" srcset=\"https:\/\/rocketplay-slot.com\/wp-content\/uploads\/2024\/02\/cards-chips-poker-green-table.jpg 1000w, https:\/\/rocketplay-slot.com\/wp-content\/uploads\/2024\/02\/cards-chips-poker-green-table-300x200.jpg 300w, https:\/\/rocketplay-slot.com\/wp-content\/uploads\/2024\/02\/cards-chips-poker-green-table-768x512.jpg 768w\" sizes=\"auto, (max-width: 800px) 100vw, 800px\" \/><\/p>\n<h2>OS JOGOS DE CASINO AO VIVO A DINHEIRO MAIS POPULARES<\/h2>\n<p>No cassino online ao vivo com dinheiro real, voc\u00ea pode encontrar centenas de jogos. E muitos podem estar confusos sobre o que querem jogar. Por isso, preparamos para voc\u00ea nossa pequena lista de jogos aos quais voc\u00ea deve prestar aten\u00e7\u00e3o:<\/p>\n<ul>\n<li>O Live Blackjack \u00e9 um dos tipos mais populares nos cassinos online. As regras do jogo n\u00e3o s\u00e3o diferentes do blackjack normal, exceto que aqui voc\u00ea v\u00ea o dealer em sua tela, e o jogo pode ser de 1 a 7 participantes;<\/li>\n<li>A Roleta ao Vivo \u00e9 um jogo cl\u00e1ssico que voc\u00ea pode encontrar em qualquer cassino tradicional. Apenas tudo isso est\u00e1 na sua tela;<\/li>\n<li>Bingo ao vivo &#8211; todo mundo adora bingo. Muitos j\u00e1 jogaram bingo com a fam\u00edlia e muitos com amigos. Mas nem todo mundo jogou bingo com dinheiro real. Aqui voc\u00ea pode consertar isso.<\/li>\n<\/ul>\n<p>Certifique-se de ir e tentar jogar todos esses jogos. Isso lhe trar\u00e1 muitas emo\u00e7\u00f5es e lhe dar\u00e1 uma excelente oportunidade de ganhar dinheiro real.<\/p>\n<h2>M\u00c9TODOS BANC\u00c1RIOS DE CASINO AO VIVO COM DINHEIRO REAL<\/h2>\n<p>No mundo de hoje, muitas pessoas t\u00eam economias n\u00e3o apenas em um cart\u00e3o de banco. Muitas pessoas podem t\u00ea-los em sistemas de pagamento ou contas de criptomoeda. E \u00e9 bom quando o cassino oferece a oportunidade de depositar em diferentes sistemas. Vejamos quais m\u00e9todos de dep\u00f3sito de saldo est\u00e3o dispon\u00edveis no Rocket Play Casino:<\/p>\n<ul>\n<li>voc\u00ea pode recarregar seu saldo com seu cart\u00e3o banc\u00e1rio se ele for compat\u00edvel com Visa, MasterCard ou American Express;<\/li>\n<li>se voc\u00ea \u00e9 um usu\u00e1rio ativo de sistemas de pagamento pela Internet, pode recarregar seu saldo com seu PayPal ou Payoneer;<\/li>\n<li>voc\u00ea tamb\u00e9m pode recarregar seu saldo no site do cassino online a partir de sua conta de criptomoeda. Isso \u00e9 feito para sua m\u00e1xima conveni\u00eancia.<\/li>\n<\/ul>\n<p>Depois de recarregar seu saldo no cassino ao vivo com dinheiro real, voc\u00ea pode ganhar dinheiro jogando com prazer.<\/p>\n<h2>POR QUE VOC\u00ca DEVE JOGAR CASINO AO VIVO COM DINHEIRO REAL<\/h2>\n<p>Alguns usu\u00e1rios desconfiam de jogar cassino ao vivo com dinheiro real, mas voc\u00ea sempre pode come\u00e7ar com um dep\u00f3sito m\u00ednimo. Nos jogos, n\u00e3o fa\u00e7a as maiores apostas. Isso evitar\u00e1 que voc\u00ea perca rapidamente todo o valor. Voc\u00ea pode ganhar mais do que investiu. Muitos usu\u00e1rios querem obter seu jackpot, mas voc\u00ea s\u00f3 pode obt\u00ea-lo jogando com dinheiro real.<\/p>\n<p>Ao jogar com dinheiro real, \u00e9 fundamental lembrar de algumas dicas para nunca acabar com 0 no saldo. Para fazer isso, nunca aposte all-in. Aposte muito em apostas pequenas. Esteja sempre s\u00f3brio com a situa\u00e7\u00e3o e n\u00e3o continue jogando se come\u00e7ar a ser atingido apenas por perdas.<\/p>\n<h2>CONCLUS\u00c3O<\/h2>\n<p>Jogar no melhor cassino ao vivo com dinheiro real \u00e9 sempre o risco de perder tudo. Mas d\u00e1 a voc\u00ea uma excelente oportunidade de ganhar dinheiro real se voc\u00ea abord\u00e1-lo com sabedoria. Voc\u00ea certamente ganhar\u00e1 seu jackpot se for cuidadoso com suas apostas.<\/p>\n<p><img loading=\"lazy\" decoding=\"async\" class=\"aligncenter wp-image-4096\" src=\"https:\/\/rocketplay-slot.com\/wp-content\/uploads\/2024\/02\/man-dealer-croupier-shuffles-poker-cards-casino-background-tableasain-man-holding-two-playing-cards-casino-poker-poker-game-concept.jpg\" alt=\"Tudo sobre cassino ao vivo com dinheiro real no Rocket Play Casino 2\" width=\"800\" height=\"534\" srcset=\"https:\/\/rocketplay-slot.com\/wp-content\/uploads\/2024\/02\/man-dealer-croupier-shuffles-poker-cards-casino-background-tableasain-man-holding-two-playing-cards-casino-poker-poker-game-concept.jpg 1000w, https:\/\/rocketplay-slot.com\/wp-content\/uploads\/2024\/02\/man-dealer-croupier-shuffles-poker-cards-casino-background-tableasain-man-holding-two-playing-cards-casino-poker-poker-game-concept-300x200.jpg 300w, https:\/\/rocketplay-slot.com\/wp-content\/uploads\/2024\/02\/man-dealer-croupier-shuffles-poker-cards-casino-background-tableasain-man-holding-two-playing-cards-casino-poker-poker-game-concept-768x512.jpg 768w\" sizes=\"auto, (max-width: 800px) 100vw, 800px\" \/><\/p>\n<h2>Perguntas frequentes<\/h2>\n<p>Muitos jogadores novatos nos fazem perguntas que podem interess\u00e1-los. Muitas vezes, essas s\u00e3o perguntas simples, por isso compilamos algumas delas e as respondemos neste artigo.c<\/p>\n<h3>POSSO JOGAR DE GRA\u00c7A?<\/h3>\n<p>Sim, o casino online tem o seu sistema de b\u00f3nus que lhe permite tentar fazer a sua primeira aposta sem gastar o seu dinheiro real. H\u00e1 tamb\u00e9m um modo de demonstra\u00e7\u00e3o para cada slot. Tente sua m\u00e3o l\u00e1 e ganhe dinheiro real depois de fazer seu primeiro dep\u00f3sito.<\/p>\n<h3>POSSO JOGAR SE N\u00c3O TIVER UM PC?<\/h3>\n<p>Voc\u00ea n\u00e3o precisa de um PC para jogar em cassinos online. Voc\u00ea pode come\u00e7ar a jogar a partir do seu telefone. Este cassino online foi otimizado para sites oficiais de dispositivos m\u00f3veis. Voc\u00ea pode baixar nosso aplicativo no site oficial.<\/p>\n<h3>COM QUE IDADE POSSO COME\u00c7AR A JOGAR NO CASINO?<\/h3>\n<p>Voc\u00ea pode come\u00e7ar a jogar no cassino a partir dos 18 anos. Esta regra \u00e9 feita de acordo com as leis que o cassino online cumpre.<\/p>\n","protected":false},"excerpt":{"rendered":"<p>Muitas pessoas gostam de jogar. Alguns gostam de apostar dinheiro em esportes e outros gostam de jogar p\u00f4quer com os amigos. E alguns gostam de jogar com dinheiro real em cassinos online. D\u00e1 uma sensa\u00e7\u00e3o \u00fanica de emo\u00e7\u00e3o. D\u00e1 a sensa\u00e7\u00e3o adicional de uma atmosfera de cassino onde voc\u00ea nem precisa sair de casa. Voc\u00ea&#8230;<\/p>\n","protected":false},"author":1,"featured_media":0,"parent":2276,"menu_order":0,"comment_status":"closed","ping_status":"closed","template":"","meta":{"_acf_changed":false,"_kad_post_transparent":"default","_kad_post_title":"default","_kad_post_layout":"default","_kad_post_sidebar_id":"","_kad_post_content_style":"default","_kad_post_vertical_padding":"default","_kad_post_feature":"","_kad_post_feature_position":"","_kad_post_header":false,"_kad_post_footer":false,"footnotes":""},"class_list":["post-2694","page","type-page","status-publish","hentry"],"acf":[],"rttpg_featured_image_url":null,"rttpg_author":{"display_name":"Elvis","author_link":"https:\/\/rocketplay-slot.com\/pt-br\/author\/pemvas95n89x\/"},"rttpg_comment":0,"rttpg_category":null,"rttpg_excerpt":"Muitas pessoas gostam de jogar. Alguns gostam de apostar dinheiro em esportes e outros gostam de jogar p\u00f4quer com os amigos. E alguns gostam de jogar com dinheiro real em cassinos online. D\u00e1 uma sensa\u00e7\u00e3o \u00fanica de emo\u00e7\u00e3o. D\u00e1 a sensa\u00e7\u00e3o adicional de uma atmosfera de cassino onde voc\u00ea nem precisa sair de casa. Voc\u00ea...","_links":{"self":[{"href":"https:\/\/rocketplay-slot.com\/pt-br\/wp-json\/wp\/v2\/pages\/2694","targetHints":{"allow":["GET"]}}],"collection":[{"href":"https:\/\/rocketplay-slot.com\/pt-br\/wp-json\/wp\/v2\/pages"}],"about":[{"href":"https:\/\/rocketplay-slot.com\/pt-br\/wp-json\/wp\/v2\/types\/page"}],"author":[{"embeddable":true,"href":"https:\/\/rocketplay-slot.com\/pt-br\/wp-json\/wp\/v2\/users\/1"}],"replies":[{"embeddable":true,"href":"https:\/\/rocketplay-slot.com\/pt-br\/wp-json\/wp\/v2\/comments?post=2694"}],"version-history":[{"count":3,"href":"https:\/\/rocketplay-slot.com\/pt-br\/wp-json\/wp\/v2\/pages\/2694\/revisions"}],"predecessor-version":[{"id":4605,"href":"https:\/\/rocketplay-slot.com\/pt-br\/wp-json\/wp\/v2\/pages\/2694\/revisions\/4605"}],"up":[{"embeddable":true,"href":"https:\/\/rocketplay-slot.com\/pt-br\/wp-json\/wp\/v2\/pages\/2276"}],"wp:attachment":[{"href":"https:\/\/rocketplay-slot.com\/pt-br\/wp-json\/wp\/v2\/media?parent=2694"}],"curies":[{"name":"wp","href":"https:\/\/api.w.org\/{rel}","templated":true}]}}