{"id":2746,"date":"2023-01-10T22:05:04","date_gmt":"2023-01-10T19:05:04","guid":{"rendered":"https:\/\/rocketplay-slot.com\/live-poker\/"},"modified":"2024-02-08T16:47:43","modified_gmt":"2024-02-08T13:47:43","slug":"live-poker","status":"publish","type":"page","link":"https:\/\/rocketplay-slot.com\/pt-br\/live-poker\/","title":{"rendered":"Revis\u00e3o do p\u00f4quer ao vivo do Rocket Play Casino"},"content":{"rendered":"<p>No in\u00edcio do s\u00e9culo 20, o p\u00f4quer se tornou um dos jogos mais populares. O p\u00f4quer era jogado em todos os lugares, nos bares, na rua e em casa. Portanto, n\u00e3o \u00e9 de surpreender que o p\u00f4quer esteja entre os cassinos mais populares. E uma dessas op\u00e7\u00f5es \u00e9 o Live Poker, um jogo que muitos usu\u00e1rios adoram, onde muitos usu\u00e1rios podem passar noites inteiras. \u00c9 por isso que escrevemos este artigo para voc\u00ea contar tudo sobre o Poker online ao vivo.<\/p>\n<p><img loading=\"lazy\" decoding=\"async\" class=\"aligncenter wp-image-4047\" src=\"https:\/\/rocketplay-slot.com\/wp-content\/uploads\/2024\/02\/young-models-stylish-dresses-are-smiling-showing-two-green-chips-aces-posing-standing-back-back-colorful-background-with-sparkles-roulette-flying-chips-poker-casino-close-up.jpg\" alt=\"Revis\u00e3o do p\u00f4quer ao vivo do Rocket Play Casino\" width=\"800\" height=\"479\" srcset=\"https:\/\/rocketplay-slot.com\/wp-content\/uploads\/2024\/02\/young-models-stylish-dresses-are-smiling-showing-two-green-chips-aces-posing-standing-back-back-colorful-background-with-sparkles-roulette-flying-chips-poker-casino-close-up.jpg 1000w, https:\/\/rocketplay-slot.com\/wp-content\/uploads\/2024\/02\/young-models-stylish-dresses-are-smiling-showing-two-green-chips-aces-posing-standing-back-back-colorful-background-with-sparkles-roulette-flying-chips-poker-casino-close-up-300x180.jpg 300w, https:\/\/rocketplay-slot.com\/wp-content\/uploads\/2024\/02\/young-models-stylish-dresses-are-smiling-showing-two-green-chips-aces-posing-standing-back-back-colorful-background-with-sparkles-roulette-flying-chips-poker-casino-close-up-768x460.jpg 768w\" sizes=\"auto, (max-width: 800px) 100vw, 800px\" \/><\/p>\n<h2>O QUE \u00c9 POKER DE CASINO AO VIVO?<\/h2>\n<p>O poker ao vivo \u00e9 um tipo de poker que muitos jogadores adoram. A diferen\u00e7a no Live Poker Australia \u00e9 que um dealer est\u00e1 presente com voc\u00ea para lidar com as cartas. Voc\u00ea sempre pode ter certeza de que \u00e9 um jogo justo porque o dealer est\u00e1 \u00e0 sua frente e mostra as cartas para voc\u00ea. Muitas pessoas gostam do Live Poker porque ele se parece com o p\u00f4quer em um cassino tradicional.<\/p>\n<h2>COMO JOGAR JOGOS DE POKER DE CASINO AO VIVO<\/h2>\n<p>Se voc\u00ea ainda \u00e9 novo no mundo dos cassinos online, leia como come\u00e7ar a jogar o melhor Poker ao vivo. Ent\u00e3o, vamos descobrir como tudo isso acontece:<\/p>\n<ol>\n<li>Imediatamente \u00e0 sua frente na tela estar\u00e1 o dealer. Quando a mesa reunir participantes suficientes, ele iniciar\u00e1 o jogo.<\/li>\n<li>Ap\u00f3s o in\u00edcio do jogo, voc\u00ea ver\u00e1 os controles onde poder\u00e1 gerenciar suas apostas, ver as cartas atuais na mesa e na sua m\u00e3o, ver todas as poss\u00edveis combina\u00e7\u00f5es vencedoras e comparar quais voc\u00ea acertou.<\/li>\n<li>Assim que o jogo come\u00e7a, o dealer distribui duas cartas para cada jogador na mesa e coloca tr\u00eas na mesa. Veja quais cartas voc\u00ea tem, quais cartas est\u00e3o na mesa e quais combina\u00e7\u00f5es vencedoras existem no jogo. Compare suas cartas e combina\u00e7\u00f5es vencedoras e adivinhe quais ser\u00e3o suas melhores e piores combina\u00e7\u00f5es nas pr\u00f3ximas duas m\u00e3os.<\/li>\n<li>Fa\u00e7a sua aposta e espere at\u00e9 que todos os outros o fa\u00e7am. Observe seus oponentes e suas rea\u00e7\u00f5es.<\/li>\n<li>Depois que todos tiverem feito suas apostas, o dealer dir\u00e1: &#8220;As apostas foram feitas, n\u00e3o h\u00e1 mais apostas&#8221;. e distribua outra carta a todos os jogadores. Ent\u00e3o voc\u00ea pode aumentar suas apostas ou sair da mesa.<\/li>\n<li>Se voc\u00ea ainda estiver no jogo, receber\u00e1 a \u00faltima carta. Compare cuidadosamente quais cartas voc\u00ea tem e as que seus oponentes podem ter. Siga de perto seus movimentos. Depois disso, fa\u00e7a um aumento final ou saia da mesa.<\/li>\n<li>Depois que todos fizeram a aposta final, os jogadores abrem suas cartas e voc\u00ea pode encontrar o vencedor com a combina\u00e7\u00e3o mais alta. Se \u00e9 voc\u00ea &#8211; parab\u00e9ns, voc\u00ea ganhou todas as apostas neste jogo.<\/li>\n<\/ol>\n<p>Seguindo estas instru\u00e7\u00f5es, voc\u00ea sempre pode ganhar seu jogo com a sorte certa.<\/p>\n<h2>TIPOS DE POKER DE CASINO AO VIVO<\/h2>\n<p>Existem grandes variedades de p\u00f4quer no mundo, dependendo principalmente da regi\u00e3o em que se originaram. E esses tipos de p\u00f4quer voc\u00ea pode encontrar em cassinos online:<\/p>\n<ul>\n<li>Texas Hold&#8217;em;<\/li>\n<li>Omaha;<\/li>\n<li>Stud de sete cartas;<\/li>\n<li>Sorteio de cinco cartas;<\/li>\n<li>Alto Baixo Chicago.<\/li>\n<\/ul>\n<p>As principais diferen\u00e7as est\u00e3o em quantas cartas s\u00e3o jogadas por jogo. O melhor jogo de poker ao vivo \u00e9 o Texas Hold&#8217;em.<\/p>\n<h2>BENEF\u00cdCIOS DO POKER AO VIVO<\/h2>\n<p>O Poker ao vivo certamente tem muitas vantagens. Claro, todos encontrar\u00e3o suas vantagens. Podemos destacar alguns dos mais comuns &#8211; a justi\u00e7a com os jogadores, a excelente atmosfera que o leva direto para as salas do cassino e a intera\u00e7\u00e3o ao vivo que aumenta a emo\u00e7\u00e3o da a\u00e7\u00e3o.<\/p>\n<h2>CONCLUS\u00c3O<\/h2>\n<p>Concluindo, o p\u00f4quer \u00e9 um dos jogos mais emocionantes dos cassinos online. Siga as dicas do Live Poker, jogadores profissionais. E certifique-se de jogar poker!<\/p>\n<p><img loading=\"lazy\" decoding=\"async\" class=\"aligncenter wp-image-4057\" src=\"https:\/\/rocketplay-slot.com\/wp-content\/uploads\/2024\/02\/casino-tokens-green-background-with-deck-cards.jpg\" alt=\"Revis\u00e3o do p\u00f4quer ao vivo do Rocket Play Casino 2\" width=\"800\" height=\"534\" srcset=\"https:\/\/rocketplay-slot.com\/wp-content\/uploads\/2024\/02\/casino-tokens-green-background-with-deck-cards.jpg 1000w, https:\/\/rocketplay-slot.com\/wp-content\/uploads\/2024\/02\/casino-tokens-green-background-with-deck-cards-300x200.jpg 300w, https:\/\/rocketplay-slot.com\/wp-content\/uploads\/2024\/02\/casino-tokens-green-background-with-deck-cards-768x512.jpg 768w\" sizes=\"auto, (max-width: 800px) 100vw, 800px\" \/><\/p>\n<h2>Perguntas frequentes<\/h2>\n<p>Os iniciantes costumam nos escrever perguntas semelhantes, o que \u00e9 esperado porque todos se preocupam com a forma como jogar\u00e3o. E assim reunimos alguns deles neste artigo e os respondemos.<\/p>\n<h3>POSSO JOGAR DE GRA\u00c7A?<\/h3>\n<p>Sim, os cassinos online possuem vers\u00f5es demo do p\u00f4quer ao vivo, onde voc\u00ea n\u00e3o pode arriscar seu saldo e, para come\u00e7ar, aprenda a jogar.<\/p>\n<h3>POSSO JOGAR POKER NO MEU CELULAR?<\/h3>\n<p>Voc\u00ea pode baixar o aplicativo do cassino online no seu celular se tiver Android. Voc\u00ea pode jogar no site oficial do cassino online se tiver um iPhone. \u00c9 perfeitamente otimizado para dispositivos m\u00f3veis.<\/p>\n<h3>COM QUE IDADE POSSO JOGAR POKER?<\/h3>\n<p>De acordo com a lei, voc\u00ea pode come\u00e7ar a jogar apenas quando atingir a idade de 18 anos.<\/p>\n","protected":false},"excerpt":{"rendered":"<p>No in\u00edcio do s\u00e9culo 20, o p\u00f4quer se tornou um dos jogos mais populares. O p\u00f4quer era jogado em todos os lugares, nos bares, na rua e em casa. Portanto, n\u00e3o \u00e9 de surpreender que o p\u00f4quer esteja entre os cassinos mais populares. E uma dessas op\u00e7\u00f5es \u00e9 o Live Poker, um jogo que muitos&#8230;<\/p>\n","protected":false},"author":1,"featured_media":0,"parent":0,"menu_order":0,"comment_status":"closed","ping_status":"closed","template":"","meta":{"_acf_changed":false,"_kad_post_transparent":"default","_kad_post_title":"default","_kad_post_layout":"default","_kad_post_sidebar_id":"","_kad_post_content_style":"default","_kad_post_vertical_padding":"default","_kad_post_feature":"","_kad_post_feature_position":"","_kad_post_header":false,"_kad_post_footer":false,"footnotes":""},"class_list":["post-2746","page","type-page","status-publish","hentry"],"acf":[],"rttpg_featured_image_url":null,"rttpg_author":{"display_name":"Elvis","author_link":"https:\/\/rocketplay-slot.com\/pt-br\/author\/pemvas95n89x\/"},"rttpg_comment":0,"rttpg_category":null,"rttpg_excerpt":"No in\u00edcio do s\u00e9culo 20, o p\u00f4quer se tornou um dos jogos mais populares. O p\u00f4quer era jogado em todos os lugares, nos bares, na rua e em casa. Portanto, n\u00e3o \u00e9 de surpreender que o p\u00f4quer esteja entre os cassinos mais populares. E uma dessas op\u00e7\u00f5es \u00e9 o Live Poker, um jogo que muitos...","_links":{"self":[{"href":"https:\/\/rocketplay-slot.com\/pt-br\/wp-json\/wp\/v2\/pages\/2746","targetHints":{"allow":["GET"]}}],"collection":[{"href":"https:\/\/rocketplay-slot.com\/pt-br\/wp-json\/wp\/v2\/pages"}],"about":[{"href":"https:\/\/rocketplay-slot.com\/pt-br\/wp-json\/wp\/v2\/types\/page"}],"author":[{"embeddable":true,"href":"https:\/\/rocketplay-slot.com\/pt-br\/wp-json\/wp\/v2\/users\/1"}],"replies":[{"embeddable":true,"href":"https:\/\/rocketplay-slot.com\/pt-br\/wp-json\/wp\/v2\/comments?post=2746"}],"version-history":[{"count":3,"href":"https:\/\/rocketplay-slot.com\/pt-br\/wp-json\/wp\/v2\/pages\/2746\/revisions"}],"predecessor-version":[{"id":4589,"href":"https:\/\/rocketplay-slot.com\/pt-br\/wp-json\/wp\/v2\/pages\/2746\/revisions\/4589"}],"wp:attachment":[{"href":"https:\/\/rocketplay-slot.com\/pt-br\/wp-json\/wp\/v2\/media?parent=2746"}],"curies":[{"name":"wp","href":"https:\/\/api.w.org\/{rel}","templated":true}]}}