{"id":2798,"date":"2023-01-11T00:48:32","date_gmt":"2023-01-10T21:48:32","guid":{"rendered":"https:\/\/rocketplay-slot.com\/sports-betting\/"},"modified":"2024-02-08T15:49:16","modified_gmt":"2024-02-08T12:49:16","slug":"sports-betting","status":"publish","type":"page","link":"https:\/\/rocketplay-slot.com\/pt-br\/sports-betting\/","title":{"rendered":"Um guia para iniciantes em apostas esportivas"},"content":{"rendered":"<p>Muitos de n\u00f3s gostam de assistir a v\u00e1rios eventos esportivos. Algumas pessoas s\u00e3o apaixonadas por um determinado esporte, ent\u00e3o gostam de ver os profissionais praticando. Eles gostam de observar o resto de n\u00f3s. Alguns adoram a emo\u00e7\u00e3o esportiva de assistir a uma partida esportiva enquanto esperam pelo vencedor. Isso se torna mais interessante se voc\u00ea fizer apostas esportivas no seu time favorito no escrit\u00f3rio de uma casa de apostas.<\/p>\n<p><img loading=\"lazy\" decoding=\"async\" class=\"aligncenter wp-image-4008\" src=\"https:\/\/rocketplay-slot.com\/wp-content\/uploads\/2024\/02\/5581939_3644-2.jpg\" alt=\"Um guia para iniciantes em apostas esportivas\" width=\"800\" height=\"496\" srcset=\"https:\/\/rocketplay-slot.com\/wp-content\/uploads\/2024\/02\/5581939_3644-2.jpg 2500w, https:\/\/rocketplay-slot.com\/wp-content\/uploads\/2024\/02\/5581939_3644-2-300x186.jpg 300w, https:\/\/rocketplay-slot.com\/wp-content\/uploads\/2024\/02\/5581939_3644-2-1024x634.jpg 1024w, https:\/\/rocketplay-slot.com\/wp-content\/uploads\/2024\/02\/5581939_3644-2-768x476.jpg 768w, https:\/\/rocketplay-slot.com\/wp-content\/uploads\/2024\/02\/5581939_3644-2-1536x952.jpg 1536w, https:\/\/rocketplay-slot.com\/wp-content\/uploads\/2024\/02\/5581939_3644-2-2048x1269.jpg 2048w\" sizes=\"auto, (max-width: 800px) 100vw, 800px\" \/><\/p>\n<h2>COMO FUNCIONAM AS APOSTAS ESPORTIVAS?<\/h2>\n<p>As apostas esportivas seguem certos princ\u00edpios da f\u00f3rmula matem\u00e1tica baseada no aplicativo de apostas esportivas. Esses princ\u00edpios s\u00e3o mais ou menos assim:<\/p>\n<ul>\n<li>quantos usu\u00e1rios apostam em resultados espec\u00edficos. Isso \u00e9 simples, quanto mais os usu\u00e1rios apostam em um resultado espec\u00edfico, mais pessoas podem parecer que esse resultado \u00e9 mais prov\u00e1vel, o que significa que o cassino \u00e9 for\u00e7ado a reduzir as probabilidades porque o principal benefici\u00e1rio no mundo das apostas \u00e9 o escrit\u00f3rio da casa de apostas.<\/li>\n<li>probabilidades matem\u00e1ticas para um determinado resultado. Determina as probabilidades iniciais para diferentes resultados da partida. Quanto mais prov\u00e1vel o resultado, menores as chances desse evento. Al\u00e9m disso, as probabilidades matem\u00e1ticas podem ser atualizadas ap\u00f3s o in\u00edcio das apostas com base nos novos dados recebidos. Por exemplo, uma les\u00e3o de um dos jogadores em um esporte coletivo pode afetar o resultado, ent\u00e3o as probabilidades devem ser alteradas.<\/li>\n<li>comiss\u00e3o de apostas. De apostar em qualquer evento esportivo, a casa de apostas sempre ganhar\u00e1 mais dinheiro; caso contr\u00e1rio, seu trabalho n\u00e3o seria lucrativo. N\u00e3o, eles n\u00e3o enganam seus usu\u00e1rios, mas suas probabilidades sempre levam voc\u00ea a apostar em um resultado menos \u00f3bvio. Isso significa que voc\u00ea tem mais chances de perder sua aposta, enquanto a casa de apostas a receber\u00e1.<\/li>\n<\/ul>\n<p>Conhecendo esses princ\u00edpios b\u00e1sicos do cassino, voc\u00ea ter\u00e1 menos d\u00favidas sobre o assunto.<\/p>\n<h2>DIFERENTES TIPOS DE APOSTAS<\/h2>\n<p>No site de apostas esportivas, existem muitos tipos diferentes de apostas. Muitos usu\u00e1rios inexperientes podem se confundir rapidamente, entender algo errado ou usar o escrit\u00f3rio da casa de apostas, sem o benef\u00edcio m\u00e1ximo para si mesmos. Por isso, resolvemos ajudar voc\u00ea a entender essa quest\u00e3o. E ent\u00e3o aqui est\u00e3o os principais tipos de apostas em uma partida esportiva:<\/p>\n<ul>\n<li>uma aposta em um determinado resultado da partida. \u00c9 simples, pode apostar que o time &#8220;A&#8221; vai ganhar, perder ou empatar contra o time &#8220;B&#8221;. Ou voc\u00ea aposta que o time &#8220;A&#8221; jogar\u00e1 contra o time &#8220;B&#8221; com um placar espec\u00edfico, por exemplo, o time &#8220;A&#8221; vencer\u00e1 a partida com placar de 1:0. Essas apostas n\u00e3o s\u00e3o as mais lucrativas, mas s\u00e3o as mais f\u00e1ceis, ent\u00e3o voc\u00ea tem menos risco de perder sua aposta.<\/li>\n<li>apostar em um evento na partida. Isso \u00e9 mais complicado do que apostar em um resultado espec\u00edfico, mas tamb\u00e9m existem op\u00e7\u00f5es em que voc\u00ea corre menos risco de perder. Por exemplo, voc\u00ea pode apostar que o time &#8220;A&#8221; n\u00e3o vai perder ou n\u00e3o vai empatar. Voc\u00ea tamb\u00e9m pode apostar que um determinado time ou jogador receber\u00e1 um p\u00eanalti nesta partida ou marcar\u00e1 um gol. E uma d\u00fazia de op\u00e7\u00f5es diferentes para o que poderia acontecer.<\/li>\n<li>mais ou menos. Nesse tipo de aposta, voc\u00ea aposta em um evento que acontecer\u00e1 mais ou menos vezes. Por exemplo, a equipa &#8220;A&#8221; marcar\u00e1 mais de tr\u00eas golos ou falhar\u00e1 menos de 2. Este \u00e9 um dos tipos de apostas mais populares porque este tipo de aposta tem quase a melhor rela\u00e7\u00e3o risco\/recompensa.<\/li>\n<li>apostas de linha. Este \u00e9 o tipo de aposta mais complicado e inclui os outros tipos de apostas. Nesse caso, voc\u00ea aposta em tr\u00eas ou mais duelos esportivos e recebe sua recompensa se acertar. Este \u00e9 um dos tipos de apostas mais arriscados porque tudo pode acontecer no esporte, principalmente nos esportes coletivos. Mas \u00e9 vantajoso porque suas chances aumentam com mais partidas que voc\u00ea aposta.<\/li>\n<\/ul>\n<p>Conhecendo esses tipos b\u00e1sicos de apostas, voc\u00ea pode facilmente fazer muitas apostas certas e ganhar um bom dinheiro com risco m\u00ednimo.<\/p>\n<h2>ESTRAT\u00c9GIAS DE APOSTAS ESPORTIVAS<\/h2>\n<p>Como em qualquer outro lugar da vida, nas melhores apostas esportivas vale a pena seguir uma estrat\u00e9gia espec\u00edfica para tirar o m\u00e1ximo proveito das apostas. Pode ser \u00fanico para todos. Mas certifique-se de encontrar o seu pr\u00f3prio.<\/p>\n<p>Para algu\u00e9m, a estrat\u00e9gia pode ser apostar pequenas quantias, na expectativa de que assim o risco de perder tudo seja muitas vezes menor, mas a possibilidade de ganhar tamb\u00e9m seja menor. Para algu\u00e9m, a estrat\u00e9gia pode ser estudar o m\u00e1ximo poss\u00edvel os diferentes resultados e apostar no mais lucrativo e prov\u00e1vel deles. Ainda assim, voc\u00ea raramente apostar\u00e1 neste caso, ent\u00e3o sua efici\u00eancia cai.<\/p>\n<p>Certifique-se de estudar esta quest\u00e3o e encontrar algo para si mesmo.<\/p>\n<h2>DICAS DE APOSTAS ESPORTIVAS<\/h2>\n<p>N\u00e3o podemos deixar de fornecer nossas dicas de apostas esportivas para minimizar os riscos e maximizar seus benef\u00edcios. Ent\u00e3o, aqui est\u00e1 uma pequena lista de dicas para voc\u00ea come\u00e7ar:<\/p>\n<ul>\n<li>n\u00e3o aposte se voc\u00ea bebeu um pouco. O \u00e1lcool \u00e9 ruim para seus lucros. Voc\u00ea sente menos risco, seus sentidos est\u00e3o entorpecidos e voc\u00ea pode gastar mais do que o esperado. Isso lhe trar\u00e1 emo\u00e7\u00f5es negativas.<\/li>\n<li>n\u00e3o aposte todo o seu dinheiro em uma op\u00e7\u00e3o. Lembre-se que tudo pode acontecer no esporte, e ningu\u00e9m est\u00e1 imune a perder, ent\u00e3o ser\u00e1 muito desagrad\u00e1vel perder tudo de uma vez. N\u00e3o se esque\u00e7a de diferenciar seus investimentos.<\/li>\n<li>n\u00e3o use as principais apostas esportivas como forma de ganhar dinheiro. Use-o como uma forma de se divertir ou aumentar suas emo\u00e7\u00f5es ao assistir ao jogo.<\/li>\n<\/ul>\n<p>Ao seguir esses eventos simples, voc\u00ea obter\u00e1 mais emo\u00e7\u00f5es positivas e mais benef\u00edcios das previs\u00f5es de apostas esportivas.<\/p>\n<p><img loading=\"lazy\" decoding=\"async\" class=\"aligncenter wp-image-4017\" src=\"https:\/\/rocketplay-slot.com\/wp-content\/uploads\/2024\/02\/sports-betting-american-football-player-appearing-from-smartphone-field-money-shower.jpg\" alt=\"Um guia para iniciantes em apostas esportivas 2\" width=\"800\" height=\"534\" srcset=\"https:\/\/rocketplay-slot.com\/wp-content\/uploads\/2024\/02\/sports-betting-american-football-player-appearing-from-smartphone-field-money-shower.jpg 1000w, https:\/\/rocketplay-slot.com\/wp-content\/uploads\/2024\/02\/sports-betting-american-football-player-appearing-from-smartphone-field-money-shower-300x200.jpg 300w, https:\/\/rocketplay-slot.com\/wp-content\/uploads\/2024\/02\/sports-betting-american-football-player-appearing-from-smartphone-field-money-shower-768x512.jpg 768w\" sizes=\"auto, (max-width: 800px) 100vw, 800px\" \/><\/p>\n<h2>Perguntas frequentes<\/h2>\n<p>Iniciantes sempre t\u00eam muitas d\u00favidas evidentes e n\u00e3o \u00f3bvias, algumas das quais daremos a seguir.<\/p>\n<h3>COM QUE IDADE POSSO APOSTAR NO ESPORTE?<\/h3>\n<p>De acordo com a lei, voc\u00ea pode participar de apostas esportivas australianas apenas quando tiver 21 anos. Caso contr\u00e1rio, sua conta pode ser bloqueada.<\/p>\n<h3>COMO POSSO AUMENTAR MEU SALDO?<\/h3>\n<p>Voc\u00ea pode depositar seu saldo em praticamente qualquer sistema de pagamento existente. Pode ser Visa, MasterCard, American Express, Payoneer ou sua carteira de criptomoedas.<\/p>\n<h3>POSSO APOSTAR PELO MEU CELULAR?<\/h3>\n<p>Sim, voc\u00ea pode fazer apostas at\u00e9 mesmo do seu dispositivo m\u00f3vel. Para isso, basta acessar o site oficial da casa de apostas e fazer o login. Tamb\u00e9m pode descarregar a aplica\u00e7\u00e3o para o seu smartphone Android e fazer as suas apostas.<\/p>\n","protected":false},"excerpt":{"rendered":"<p>Muitos de n\u00f3s gostam de assistir a v\u00e1rios eventos esportivos. Algumas pessoas s\u00e3o apaixonadas por um determinado esporte, ent\u00e3o gostam de ver os profissionais praticando. Eles gostam de observar o resto de n\u00f3s. Alguns adoram a emo\u00e7\u00e3o esportiva de assistir a uma partida esportiva enquanto esperam pelo vencedor. Isso se torna mais interessante se voc\u00ea&#8230;<\/p>\n","protected":false},"author":1,"featured_media":0,"parent":0,"menu_order":0,"comment_status":"closed","ping_status":"closed","template":"","meta":{"_acf_changed":false,"_kad_post_transparent":"default","_kad_post_title":"default","_kad_post_layout":"default","_kad_post_sidebar_id":"","_kad_post_content_style":"default","_kad_post_vertical_padding":"default","_kad_post_feature":"","_kad_post_feature_position":"","_kad_post_header":false,"_kad_post_footer":false,"footnotes":""},"class_list":["post-2798","page","type-page","status-publish","hentry"],"acf":[],"rttpg_featured_image_url":null,"rttpg_author":{"display_name":"Elvis","author_link":"https:\/\/rocketplay-slot.com\/pt-br\/author\/pemvas95n89x\/"},"rttpg_comment":0,"rttpg_category":null,"rttpg_excerpt":"Muitos de n\u00f3s gostam de assistir a v\u00e1rios eventos esportivos. Algumas pessoas s\u00e3o apaixonadas por um determinado esporte, ent\u00e3o gostam de ver os profissionais praticando. Eles gostam de observar o resto de n\u00f3s. Alguns adoram a emo\u00e7\u00e3o esportiva de assistir a uma partida esportiva enquanto esperam pelo vencedor. Isso se torna mais interessante se voc\u00ea...","_links":{"self":[{"href":"https:\/\/rocketplay-slot.com\/pt-br\/wp-json\/wp\/v2\/pages\/2798","targetHints":{"allow":["GET"]}}],"collection":[{"href":"https:\/\/rocketplay-slot.com\/pt-br\/wp-json\/wp\/v2\/pages"}],"about":[{"href":"https:\/\/rocketplay-slot.com\/pt-br\/wp-json\/wp\/v2\/types\/page"}],"author":[{"embeddable":true,"href":"https:\/\/rocketplay-slot.com\/pt-br\/wp-json\/wp\/v2\/users\/1"}],"replies":[{"embeddable":true,"href":"https:\/\/rocketplay-slot.com\/pt-br\/wp-json\/wp\/v2\/comments?post=2798"}],"version-history":[{"count":3,"href":"https:\/\/rocketplay-slot.com\/pt-br\/wp-json\/wp\/v2\/pages\/2798\/revisions"}],"predecessor-version":[{"id":4573,"href":"https:\/\/rocketplay-slot.com\/pt-br\/wp-json\/wp\/v2\/pages\/2798\/revisions\/4573"}],"wp:attachment":[{"href":"https:\/\/rocketplay-slot.com\/pt-br\/wp-json\/wp\/v2\/media?parent=2798"}],"curies":[{"name":"wp","href":"https:\/\/api.w.org\/{rel}","templated":true}]}}