{"id":2850,"date":"2023-01-11T19:13:11","date_gmt":"2023-01-11T16:13:11","guid":{"rendered":"https:\/\/rocketplay-slot.com\/sports-betting\/free\/"},"modified":"2024-02-08T15:10:24","modified_gmt":"2024-02-08T12:10:24","slug":"free","status":"publish","type":"page","link":"https:\/\/rocketplay-slot.com\/pt-br\/sports-betting\/free\/","title":{"rendered":"Revis\u00e3o gratuita de apostas esportivas"},"content":{"rendered":"<p>Muitos usu\u00e1rios que acabaram de se familiarizar com as apostas online ainda t\u00eam medo de fazer suas apostas. Cabe a essas empresas de apostas permitir a realiza\u00e7\u00e3o de apostas gr\u00e1tis. Al\u00e9m disso, apostas gr\u00e1tis podem ser feitas, e jogadores experientes para eles nos sites de empresas de apostas costumam realizar v\u00e1rias promo\u00e7\u00f5es e brindes. Entre essas promo\u00e7\u00f5es e sorteios podem estar as apostas gr\u00e1tis. Muitas vezes, para obt\u00ea-los, voc\u00ea precisa atender a v\u00e1rias condi\u00e7\u00f5es. Estas podem ser condi\u00e7\u00f5es relacionadas \u00e0s suas apostas ou ao saldo do jogo.<\/p>\n<p>\u00c9 por isso que decidimos coletar nossas dicas de apostas gratuitas na Austr\u00e1lia para tornar o mais f\u00e1cil poss\u00edvel para voc\u00ea realizar seus b\u00f4nus.<\/p>\n<p><img loading=\"lazy\" decoding=\"async\" class=\"aligncenter wp-image-3928\" src=\"https:\/\/rocketplay-slot.com\/wp-content\/uploads\/2024\/02\/side-view-man-holding-tablet.jpg\" alt=\"Revis\u00e3o gratuita de apostas esportivas\" width=\"800\" height=\"534\" srcset=\"https:\/\/rocketplay-slot.com\/wp-content\/uploads\/2024\/02\/side-view-man-holding-tablet.jpg 1000w, https:\/\/rocketplay-slot.com\/wp-content\/uploads\/2024\/02\/side-view-man-holding-tablet-300x200.jpg 300w, https:\/\/rocketplay-slot.com\/wp-content\/uploads\/2024\/02\/side-view-man-holding-tablet-768x513.jpg 768w\" sizes=\"auto, (max-width: 800px) 100vw, 800px\" \/><\/p>\n<h2>O QUE \u00c9 UMA APOSTA GR\u00c1TIS?<\/h2>\n<p>As apostas gratuitas online est\u00e3o dispon\u00edveis em quase todas as empresas de apostas. Este \u00e9 um programa de fidelidade. Qualquer uma das apostas gr\u00e1tis pode fazer parte dos b\u00f4nus de registro para facilitar a realiza\u00e7\u00e3o de suas primeiras apostas \u00e0s custas da empresa. Ent\u00e3o voc\u00ea pode apostar com mais confian\u00e7a com seu pr\u00f3prio dinheiro ou com o saldo que ganhou com apostas gr\u00e1tis.<\/p>\n<p>Muitas vezes, para obter apostas gr\u00e1tis, um antigo jogador de uma empresa de apostas precisa fazer muitas condi\u00e7\u00f5es. Pode ser para recarregar seu saldo por um determinado valor. Al\u00e9m de cometer uma aposta, \u00e0s vezes sem sucesso. Por exemplo, voc\u00ea fez uma aposta nas corridas, mas a sua favorita ficou em segundo lugar. \u00c0s vezes, isso pode ser uma condi\u00e7\u00e3o para voc\u00ea receber uma aposta gr\u00e1tis.<\/p>\n<h2>MELHORES OFERTAS DE APOSTA GR\u00c1TIS<\/h2>\n<p>Diferentes empresas de apostas incluem diferentes melhores ofertas de apostas gratuitas. Alguns dos quais me proponho a considerar em detalhe:<\/p>\n<ul>\n<li>a oferta de aposta gr\u00e1tis mais comum \u00e9 quando a empresa de apostas cobre parte da sua aposta, mas n\u00e3o a faz completamente. Eles geralmente s\u00e3o limitados pela cobertura m\u00e1xima de sua aposta e pela porcentagem de sua aposta que a empresa de apostas pode cobrir;<\/li>\n<li>uma aposta gr\u00e1tis fixa. Os novatos geralmente podem obter uma aposta gr\u00e1tis fixa como b\u00f4nus de boas-vindas. Este ser\u00e1 um valor estritamente definido de sua aposta, que a empresa de apostas cobrir\u00e1 totalmente;<\/li>\n<li>um reembolso em uma aposta. Este \u00e9 um tipo de pr\u00eamio de consola\u00e7\u00e3o se sua aposta n\u00e3o se justificar e n\u00e3o for vencedora;<\/li>\n<li>b\u00f4nus de probabilidades estendidas. Os sites de apostas gr\u00e1tis geralmente oferecem isso para iniciantes, e o b\u00f4nus \u00e9 que o cassino oferece probabilidades mais favor\u00e1veis em eventos esportivos. Isso tornar\u00e1 sua vit\u00f3ria ainda mais agrad\u00e1vel;<\/li>\n<li>b\u00f4nus de dep\u00f3sito. As casas de apostas geralmente oferecem um b\u00f4nus pelo seu primeiro dep\u00f3sito na forma do n\u00famero de apostas gr\u00e1tis que voc\u00ea pode fazer.<\/li>\n<\/ul>\n<p>Estas s\u00e3o todas as ofertas poss\u00edveis de diferentes empresas de apostas. Certifique-se de assistir \u00e0s previs\u00f5es de apostas gratuitas para fazer a aposta mais lucrativa.<\/p>\n<h2>COMO FUNCIONAM AS APOSTAS GR\u00c1TIS?<\/h2>\n<p>As apostas esportivas gratuitas funcionam com o mesmo princ\u00edpio das apostas convencionais. Suas chances n\u00e3o s\u00e3o diferentes. Voc\u00ea s\u00f3 pode apostar uma certa quantia especificada em sua aposta gr\u00e1tis. O valor desta aposta n\u00e3o ser\u00e1 deduzido do seu saldo, mas se voc\u00ea ganhar, receber\u00e1 seus ganhos, excluindo o valor da sua aposta gr\u00e1tis.<\/p>\n<p>Isto \u00e9, se voc\u00ea fez uma aposta esportiva gratuita de $ 10 em um evento com odds de 2,58 e ganhou. Normalmente, voc\u00ea receberia $ 25,8, mas aqui voc\u00ea n\u00e3o apostou seu dinheiro, mas o dinheiro da casa de apostas. Voc\u00ea receberia $ 25,8 a $ 10, o que significa que seus ganhos s\u00e3o $ 15,8. Isso n\u00e3o \u00e9 ruim, considerando que voc\u00ea n\u00e3o arriscou seu pr\u00f3prio dinheiro.<\/p>\n<h2>BENEF\u00cdCIOS DAS OFERTAS DE APOSTA GR\u00c1TIS<\/h2>\n<p>Ao fazer apostas gr\u00e1tis em esportes, voc\u00ea obt\u00e9m muitas vantagens para si mesmo. Como o risco m\u00ednimo de perder seu investimento, a realiza\u00e7\u00e3o mais lucrativa e ganhos agrad\u00e1veis ao apostar em eventos esportivos. Mas para maximizar seus benef\u00edcios, voc\u00ea deve seguir nossas dicas:<\/p>\n<ul>\n<li>fa\u00e7a as apostas mais precisas para que voc\u00ea possa tirar o m\u00e1ximo proveito de suas apostas gr\u00e1tis;<\/li>\n<li>informe-se sempre sobre a previs\u00e3o do evento esportivo com os especialistas correspondentes, conhe\u00e7a as novidades que podem afetar o resultado;<\/li>\n<li>apostar diretamente antes do evento esportivo, para nenhum novo evento j\u00e1 teve tempo de afetar o resultado do evento, e voc\u00ea fez uma aposta corretamente;<\/li>\n<li>acompanhe sempre as not\u00edcias da casa de apostas para saber exatamente onde pode apostar com o m\u00e1ximo benef\u00edcio para si mesmo;<\/li>\n<li>siga as novas promo\u00e7\u00f5es e sorteios para obter o m\u00e1ximo de b\u00f4nus poss\u00edvel e, a partir desses b\u00f4nus, obter o m\u00e1ximo de ganhos poss\u00edvel;<\/li>\n<li>nunca aposte se estiver bebendo \u00e1lcool. Isso pode piorar seu senso de risco. Voc\u00ea pode tomar decis\u00f5es mais precipitadas;<\/li>\n<li>lembre-se que tudo pode acontecer no esporte, e qualquer previs\u00e3o n\u00e3o \u00e9 100%, ent\u00e3o fa\u00e7a suas apostas com cautela.<\/li>\n<\/ul>\n<p>Seguindo estas dicas de apostas gratuitas, voc\u00ea pode n\u00e3o apenas aproveitar ao m\u00e1ximo seus b\u00f4nus, mas tamb\u00e9m desfrutar de apostas esportivas.<\/p>\n<p><img loading=\"lazy\" decoding=\"async\" class=\"aligncenter wp-image-3938\" src=\"https:\/\/rocketplay-slot.com\/wp-content\/uploads\/2024\/02\/give-money-united-states-dollar-usd.jpg\" alt=\"Revis\u00e3o gratuita de apostas esportivas 2\" width=\"800\" height=\"534\" srcset=\"https:\/\/rocketplay-slot.com\/wp-content\/uploads\/2024\/02\/give-money-united-states-dollar-usd.jpg 1000w, https:\/\/rocketplay-slot.com\/wp-content\/uploads\/2024\/02\/give-money-united-states-dollar-usd-300x200.jpg 300w, https:\/\/rocketplay-slot.com\/wp-content\/uploads\/2024\/02\/give-money-united-states-dollar-usd-768x512.jpg 768w\" sizes=\"auto, (max-width: 800px) 100vw, 800px\" \/><\/p>\n<h2>CONCLUS\u00c3O<\/h2>\n<p>As apostas gr\u00e1tis s\u00e3o uma \u00f3tima ferramenta, n\u00e3o s\u00f3 para a casa de apostas, mas tamb\u00e9m para os jogadores que as utilizam. E n\u00e3o s\u00f3 porque, desta forma, a casa de apostas consegue novos utilizadores, e os utilizadores correm um risco m\u00ednimo ao fazer as primeiras apostas. Experimente-se no mundo das apostas agora mesmo!<\/p>\n","protected":false},"excerpt":{"rendered":"<p>Muitos usu\u00e1rios que acabaram de se familiarizar com as apostas online ainda t\u00eam medo de fazer suas apostas. Cabe a essas empresas de apostas permitir a realiza\u00e7\u00e3o de apostas gr\u00e1tis. Al\u00e9m disso, apostas gr\u00e1tis podem ser feitas, e jogadores experientes para eles nos sites de empresas de apostas costumam realizar v\u00e1rias promo\u00e7\u00f5es e brindes. Entre&#8230;<\/p>\n","protected":false},"author":1,"featured_media":0,"parent":2798,"menu_order":0,"comment_status":"closed","ping_status":"closed","template":"","meta":{"_acf_changed":false,"_kad_post_transparent":"default","_kad_post_title":"default","_kad_post_layout":"default","_kad_post_sidebar_id":"","_kad_post_content_style":"default","_kad_post_vertical_padding":"default","_kad_post_feature":"","_kad_post_feature_position":"","_kad_post_header":false,"_kad_post_footer":false,"footnotes":""},"class_list":["post-2850","page","type-page","status-publish","hentry"],"acf":[],"rttpg_featured_image_url":null,"rttpg_author":{"display_name":"Elvis","author_link":"https:\/\/rocketplay-slot.com\/pt-br\/author\/pemvas95n89x\/"},"rttpg_comment":0,"rttpg_category":null,"rttpg_excerpt":"Muitos usu\u00e1rios que acabaram de se familiarizar com as apostas online ainda t\u00eam medo de fazer suas apostas. Cabe a essas empresas de apostas permitir a realiza\u00e7\u00e3o de apostas gr\u00e1tis. Al\u00e9m disso, apostas gr\u00e1tis podem ser feitas, e jogadores experientes para eles nos sites de empresas de apostas costumam realizar v\u00e1rias promo\u00e7\u00f5es e brindes. Entre...","_links":{"self":[{"href":"https:\/\/rocketplay-slot.com\/pt-br\/wp-json\/wp\/v2\/pages\/2850","targetHints":{"allow":["GET"]}}],"collection":[{"href":"https:\/\/rocketplay-slot.com\/pt-br\/wp-json\/wp\/v2\/pages"}],"about":[{"href":"https:\/\/rocketplay-slot.com\/pt-br\/wp-json\/wp\/v2\/types\/page"}],"author":[{"embeddable":true,"href":"https:\/\/rocketplay-slot.com\/pt-br\/wp-json\/wp\/v2\/users\/1"}],"replies":[{"embeddable":true,"href":"https:\/\/rocketplay-slot.com\/pt-br\/wp-json\/wp\/v2\/comments?post=2850"}],"version-history":[{"count":3,"href":"https:\/\/rocketplay-slot.com\/pt-br\/wp-json\/wp\/v2\/pages\/2850\/revisions"}],"predecessor-version":[{"id":4541,"href":"https:\/\/rocketplay-slot.com\/pt-br\/wp-json\/wp\/v2\/pages\/2850\/revisions\/4541"}],"up":[{"embeddable":true,"href":"https:\/\/rocketplay-slot.com\/pt-br\/wp-json\/wp\/v2\/pages\/2798"}],"wp:attachment":[{"href":"https:\/\/rocketplay-slot.com\/pt-br\/wp-json\/wp\/v2\/media?parent=2850"}],"curies":[{"name":"wp","href":"https:\/\/api.w.org\/{rel}","templated":true}]}}