{"id":2906,"date":"2023-01-11T19:42:14","date_gmt":"2023-01-11T16:42:14","guid":{"rendered":"https:\/\/rocketplay-slot.com\/sports-betting\/app\/"},"modified":"2025-11-24T20:41:19","modified_gmt":"2025-11-24T17:41:19","slug":"app","status":"publish","type":"page","link":"https:\/\/rocketplay-slot.com\/pt-br\/sports-betting\/app\/","title":{"rendered":"Revis\u00e3o do aplicativo de apostas esportivas"},"content":{"rendered":"<div id=\"wppb-builder-container\" class=\"wppb-builder-container\"><p>Mais cedo ou mais tarde, qualquer f\u00e3 ativo de assistir a eventos esportivos pensa em aprimorar a experi\u00eancia de assistir a partidas esportivas por meio de apostas. E esta n\u00e3o \u00e9 uma m\u00e1 ideia. Afinal, desta forma, voc\u00ea pode n\u00e3o apenas assistir, mas tamb\u00e9m ganhar dinheiro ou torcer para o seu time do cora\u00e7\u00e3o. Para fazer isso, voc\u00ea sempre pode encontrar um aplicativo de apostas na Internet. E qual deles \u00e9 o melhor para escolher, n\u00f3s o ajudaremos a entender.<\/p>\n<p><img loading=\"lazy\" decoding=\"async\" class=\"aligncenter wp-image-3988\" src=\"https:\/\/rocketplay-slot.com\/wp-content\/uploads\/2024\/02\/5581939_3644-1.jpg\" alt=\"Revis\u00e3o do aplicativo de apostas esportivas\" width=\"800\" height=\"496\" srcset=\"https:\/\/rocketplay-slot.com\/wp-content\/uploads\/2024\/02\/5581939_3644-1.jpg 2500w, https:\/\/rocketplay-slot.com\/wp-content\/uploads\/2024\/02\/5581939_3644-1-300x186.jpg 300w, https:\/\/rocketplay-slot.com\/wp-content\/uploads\/2024\/02\/5581939_3644-1-1024x634.jpg 1024w, https:\/\/rocketplay-slot.com\/wp-content\/uploads\/2024\/02\/5581939_3644-1-768x476.jpg 768w, https:\/\/rocketplay-slot.com\/wp-content\/uploads\/2024\/02\/5581939_3644-1-1536x952.jpg 1536w, https:\/\/rocketplay-slot.com\/wp-content\/uploads\/2024\/02\/5581939_3644-1-2048x1269.jpg 2048w\" sizes=\"auto, (max-width: 800px) 100vw, 800px\" \/><\/p>\n<h2>APLICATIVOS DE APOSTAS MAIS CLASSIFICADOS<\/h2>\n<p>Voc\u00ea pode encontrar os tops e classifica\u00e7\u00f5es de muitas empresas de apostas na Internet. Muitos deles s\u00e3o dif\u00edceis de confiar porque as empresas costumam ser vistas vendendo suas opini\u00f5es e posi\u00e7\u00f5es nas classifica\u00e7\u00f5es por dinheiro, o que faz voc\u00ea duvidar de sua objetividade. Mas existem muitas classifica\u00e7\u00f5es honestas, mas, infelizmente, \u00e0s vezes s\u00e3o dif\u00edceis de encontrar e distinguir dos mentirosos. Ent\u00e3o resolvemos fazer nossa listinha de melhor app de apostas com crit\u00e9rios objetivos:<\/p>\n<p>BetWinner \u00e9 um dos aplicativos de apostas esportivas mais proeminentes. Voc\u00ea encontrar\u00e1 excelentes b\u00f4nus para novos usu\u00e1rios para registro e primeiro dep\u00f3sito. S\u00e3o probabilidades ador\u00e1veis e uma grande sele\u00e7\u00e3o de apostas. Experimente o servi\u00e7o deles;<br \/>\nWinBet &#8211; esta empresa de apostas oferece uma das mais extensas linhas de apostas em uma ampla variedade de esportes e boas chances para eles. Aqui est\u00e3o as melhores promo\u00e7\u00f5es de aplicativos de apostas esportivas que recompensam idealmente seus jogadores mais fi\u00e9is com \u00f3timos b\u00f4nus e promo\u00e7\u00f5es;<br \/>\nO BetWin \u00e9 um escrit\u00f3rio de apostas com um dos designs mais diretos e concisos. E alguns podem dizer que n\u00e3o \u00e9 o mais importante, mas ainda \u00e9 uma das partes essenciais. Um bom design sempre ajuda o usu\u00e1rio, e um iniciante sempre pode fazer o que precisa em poucos cliques. Al\u00e9m disso, algumas das probabilidades mais favor\u00e1veis e excelente suporte t\u00e9cnico responder\u00e3o a quaisquer perguntas que voc\u00ea possa ter 24 horas por dia, 7 dias por semana.<\/p>\n<p>Voc\u00ea sempre pode contar com nossa pequena lista para encontrar um parceiro confi\u00e1vel no mundo dos melhores aplicativos de apostas.<\/p>\n<h2>OS MELHORES APLICATIVOS DE APOSTAS AO VIVO<\/h2>\n<p>Al\u00e9m disso, muitas pessoas gostam de apostar em tempo real, e muitas empresas de apostas oferecem essa oportunidade. Portanto, sugerimos que voc\u00ea considere os principais:<\/p>\n<ul>\n<li>SkyBet &#8211; oferece muitas op\u00e7\u00f5es de apostas diferentes em formato ao vivo.<\/li>\n<li>BetBoom &#8211; o aplicativo de apostas mais popular, conhecido por seus b\u00f4nus generosos e grandes probabilidades.<\/li>\n<li>A FonBet \u00e9 uma empresa de apostas quase sem falhas. Eles s\u00e3o bons em tudo. Alguns at\u00e9 o consideram o melhor aplicativo de apostas da Austr\u00e1lia.<\/li>\n<\/ul>\n<p>Confira essas listas para que voc\u00ea possa escolher o que \u00e9 certo para voc\u00ea.<\/p>\n<h2>COMO BAIXAR<\/h2>\n<p>Para baixar o aplicativo de apostas esportivas, voc\u00ea precisa seguir nossas pequenas instru\u00e7\u00f5es:<\/p>\n<ol>\n<li>V\u00e1 para o site oficial da empresa de apostas em que voc\u00ea est\u00e1 interessado.<\/li>\n<li>Na parte superior da tela, ser\u00e1 oferecido o download do aplicativo para o seu celular. Clique aqui e o download come\u00e7ar\u00e1 automaticamente.<\/li>\n<li>Quando o download terminar, instale-o.<\/li>\n<li>Depois que o aplicativo estiver instalado, abra-o.<\/li>\n<li>Para fazer apostas, voc\u00ea precisa fazer login ou se registrar. Se voc\u00ea registrar uma nova conta, certifique-se de inserir seus dados atuais e seu e-mail v\u00e1lido. Al\u00e9m disso, lembre-se de incluir seu c\u00f3digo de convite para que voc\u00ea possa obter mais b\u00f4nus no in\u00edcio e para que aquele que o convidou receba seus b\u00f4nus para voc\u00ea.<\/li>\n<li>Uma vez logado, voc\u00ea pode depositar seu saldo e fazer suas primeiras apostas esportivas.<\/li>\n<\/ol>\n<p>Se voc\u00ea seguir estas instru\u00e7\u00f5es, poder\u00e1 come\u00e7ar a apostar o mais r\u00e1pido poss\u00edvel. Estas instru\u00e7\u00f5es s\u00e3o relevantes para smartphones baseados no Android. Se voc\u00ea possui um iPhone, pode fazer apostas no site m\u00f3vel das empresas de apostas. Eles geralmente s\u00e3o perfeitamente otimizados para o seu smartphone.<\/p>\n<h2>VANTAGENS DAS APOSTAS ESPORTIVAS EM DISPOSITIVOS M\u00d3VEIS<\/h2>\n<p>Apostar em eventos esportivos a partir de seus dispositivos m\u00f3veis tem muitos aspectos positivos. Eles podem ser diferentes para todos, mas h\u00e1 muitas vantagens comuns. Sugiro que voc\u00ea considere alguns dos seguintes:<\/p>\n<ul>\n<li>voc\u00ea sempre pode fazer apostas nos eventos mais atuais, mesmo que n\u00e3o esteja em casa, e isso levar\u00e1 um m\u00ednimo do seu tempo;<\/li>\n<li>a conveni\u00eancia de usar o aplicativo m\u00f3vel \u00e9 muito mais do que a\u00e7\u00f5es semelhantes do seu PC;<\/li>\n<li>voc\u00ea sempre pode fazer apostas em tempo real, mesmo enquanto assiste \u00e0 partida, e n\u00e3o precisar\u00e1 interromper a exibi\u00e7\u00e3o da partida na sua TV.<\/li>\n<\/ul>\n<p>E isso n\u00e3o s\u00e3o todos os benef\u00edcios de apostar no seu celular, ent\u00e3o voc\u00ea tem a chance de descobrir quais benef\u00edcios s\u00e3o adequados para voc\u00ea.<\/p>\n<p><img loading=\"lazy\" decoding=\"async\" class=\"aligncenter wp-image-3997\" src=\"https:\/\/rocketplay-slot.com\/wp-content\/uploads\/2024\/02\/watch-live-sports-event-your-mobile-device-betting-football-matches.jpg\" alt=\"Revis\u00e3o do aplicativo de apostas esportivas 2\" width=\"800\" height=\"448\" srcset=\"https:\/\/rocketplay-slot.com\/wp-content\/uploads\/2024\/02\/watch-live-sports-event-your-mobile-device-betting-football-matches.jpg 1000w, https:\/\/rocketplay-slot.com\/wp-content\/uploads\/2024\/02\/watch-live-sports-event-your-mobile-device-betting-football-matches-300x168.jpg 300w, https:\/\/rocketplay-slot.com\/wp-content\/uploads\/2024\/02\/watch-live-sports-event-your-mobile-device-betting-football-matches-768x430.jpg 768w\" sizes=\"auto, (max-width: 800px) 100vw, 800px\" \/><\/p>\n<h2>Perguntas frequentes<\/h2>\n<p>Novos usu\u00e1rios sempre t\u00eam muitas perguntas diferentes, o que \u00e9 esperado, ent\u00e3o decidimos coletar as mais populares e dar respostas a elas.<\/p>\n<h3>SE EU TIVER APENAS 17 ANOS, POSSO COME\u00c7AR A APOSTAR?<\/h3>\n<p>N\u00e3o, de acordo com a lei, voc\u00ea pode participar estritamente do jogo a partir dos 18 anos. Isso \u00e9 feito porque muitos menores podem n\u00e3o estar dispostos a resistir \u00e0 sensa\u00e7\u00e3o de jogar e perder muito dinheiro, muitas vezes n\u00e3o o pr\u00f3prio, mas o dinheiro dos pais.<\/p>\n<h3>POSSO RETIRAR MEUS GANHOS PARA MINHA CARTEIRA DE CRIPTOMOEDAS?<\/h3>\n<p>Muitas empresas de apostas j\u00e1 oferecem essa possibilidade, mas h\u00e1 aquelas para quem essa fun\u00e7\u00e3o n\u00e3o est\u00e1 dispon\u00edvel. Portanto, voc\u00ea deve ler atentamente as an\u00e1lises de aplicativos de apostas. Haver\u00e1 escrita sobre isso.<\/p>\n<h3>O QUE \u00c9 UM B\u00d4NUS DE BOAS-VINDAS?<\/h3>\n<p>Este \u00e9 o b\u00f4nus que voc\u00ea recebe ao registrar sua conta. Isso \u00e9 feito para que mais novos usu\u00e1rios permane\u00e7am nas empresas de apostas.<\/p>\n<\/div>","protected":false},"excerpt":{"rendered":"<p>Mais cedo ou mais tarde, qualquer f\u00e3 ativo de assistir a eventos esportivos pensa em aprimorar a experi\u00eancia de assistir a partidas esportivas por meio de apostas. E esta n\u00e3o \u00e9 uma m\u00e1 ideia. Afinal, desta forma, voc\u00ea pode n\u00e3o apenas assistir, mas tamb\u00e9m ganhar dinheiro ou torcer para o seu time do cora\u00e7\u00e3o. Para&#8230;<\/p>\n","protected":false},"author":1,"featured_media":0,"parent":2798,"menu_order":0,"comment_status":"closed","ping_status":"closed","template":"","meta":{"_acf_changed":false,"_kad_post_transparent":"default","_kad_post_title":"default","_kad_post_layout":"default","_kad_post_sidebar_id":"","_kad_post_content_style":"default","_kad_post_vertical_padding":"default","_kad_post_feature":"","_kad_post_feature_position":"","_kad_post_header":false,"_kad_post_footer":false,"footnotes":""},"class_list":["post-2906","page","type-page","status-publish","hentry"],"acf":[],"rttpg_featured_image_url":null,"rttpg_author":{"display_name":"Elvis","author_link":"https:\/\/rocketplay-slot.com\/pt-br\/author\/pemvas95n89x\/"},"rttpg_comment":0,"rttpg_category":null,"rttpg_excerpt":"Mais cedo ou mais tarde, qualquer f\u00e3 ativo de assistir a eventos esportivos pensa em aprimorar a experi\u00eancia de assistir a partidas esportivas por meio de apostas. E esta n\u00e3o \u00e9 uma m\u00e1 ideia. Afinal, desta forma, voc\u00ea pode n\u00e3o apenas assistir, mas tamb\u00e9m ganhar dinheiro ou torcer para o seu time do cora\u00e7\u00e3o. Para...","_links":{"self":[{"href":"https:\/\/rocketplay-slot.com\/pt-br\/wp-json\/wp\/v2\/pages\/2906","targetHints":{"allow":["GET"]}}],"collection":[{"href":"https:\/\/rocketplay-slot.com\/pt-br\/wp-json\/wp\/v2\/pages"}],"about":[{"href":"https:\/\/rocketplay-slot.com\/pt-br\/wp-json\/wp\/v2\/types\/page"}],"author":[{"embeddable":true,"href":"https:\/\/rocketplay-slot.com\/pt-br\/wp-json\/wp\/v2\/users\/1"}],"replies":[{"embeddable":true,"href":"https:\/\/rocketplay-slot.com\/pt-br\/wp-json\/wp\/v2\/comments?post=2906"}],"version-history":[{"count":3,"href":"https:\/\/rocketplay-slot.com\/pt-br\/wp-json\/wp\/v2\/pages\/2906\/revisions"}],"predecessor-version":[{"id":4565,"href":"https:\/\/rocketplay-slot.com\/pt-br\/wp-json\/wp\/v2\/pages\/2906\/revisions\/4565"}],"up":[{"embeddable":true,"href":"https:\/\/rocketplay-slot.com\/pt-br\/wp-json\/wp\/v2\/pages\/2798"}],"wp:attachment":[{"href":"https:\/\/rocketplay-slot.com\/pt-br\/wp-json\/wp\/v2\/media?parent=2906"}],"curies":[{"name":"wp","href":"https:\/\/api.w.org\/{rel}","templated":true}]}}