{"id":2958,"date":"2023-01-11T23:08:32","date_gmt":"2023-01-11T20:08:32","guid":{"rendered":"https:\/\/rocketplay-slot.com\/sports-betting\/handball\/"},"modified":"2024-02-08T15:00:49","modified_gmt":"2024-02-08T12:00:49","slug":"handball","status":"publish","type":"page","link":"https:\/\/rocketplay-slot.com\/pt-br\/sports-betting\/handball\/","title":{"rendered":"Guia de Apostas no Handebol"},"content":{"rendered":"<p>O handebol n\u00e3o \u00e9 um esporte muito popular, por isso n\u00e3o h\u00e1 muitos f\u00e3s de apostas em handebol. Mas isso \u00e9 \u00f3timo porque quanto mais pessoas apostam em um evento espec\u00edfico, menores s\u00e3o as chances dele e, como poucas pessoas apostam no Handebol, as chances s\u00e3o mais significativas e seus ganhos potenciais tamb\u00e9m s\u00e3o mais extensos.<\/p>\n<p>Al\u00e9m disso, todos os usu\u00e1rios podem obter seu b\u00f4nus de boas-vindas, e as chances aumentadas de partidas de handebol s\u00e3o \u00f3timas para ajud\u00e1-lo a ganhar mais dinheiro em eventos de handebol. Certifique-se de tentar apostar em uma partida de handebol depois de ler nosso artigo.<\/p>\n<p><img loading=\"lazy\" decoding=\"async\" class=\"aligncenter wp-image-3908\" src=\"https:\/\/rocketplay-slot.com\/wp-content\/uploads\/2024\/02\/soccer-player-stadium-action-mixed-media.jpg\" alt=\"Guia de Apostas no Handebol\" width=\"800\" height=\"466\" srcset=\"https:\/\/rocketplay-slot.com\/wp-content\/uploads\/2024\/02\/soccer-player-stadium-action-mixed-media.jpg 1000w, https:\/\/rocketplay-slot.com\/wp-content\/uploads\/2024\/02\/soccer-player-stadium-action-mixed-media-300x175.jpg 300w, https:\/\/rocketplay-slot.com\/wp-content\/uploads\/2024\/02\/soccer-player-stadium-action-mixed-media-768x448.jpg 768w\" sizes=\"auto, (max-width: 800px) 100vw, 800px\" \/><\/p>\n<h2>OS PRINC\u00cdPIOS B\u00c1SICOS DO HANDEBOL<\/h2>\n<p>O handebol \u00e9 muito parecido com o futebol de academia. E tem sim muitas semelhan\u00e7as, e a principal diferen\u00e7a \u00e9 que no Handebol n\u00e3o se joga com os p\u00e9s, e no futebol, com as m\u00e3os.<\/p>\n<p>Mas h\u00e1 muito mais diferen\u00e7as. Vamos chegar ao fundo disso. Em uma partida de handebol, duas equipes de 7 jogadores cada participam. As equipes podem fazer substitui\u00e7\u00f5es de jogadores se algu\u00e9m estiver lesionado ou cansado. Uma partida de handebol dura apenas dois tempos de 30 minutos cada, o que \u00e9 \u00f3timo porque voc\u00ea pode fazer mais apostas e levar\u00e1 menos tempo. No Handebol n\u00e3o se pode segurar a bola por muito tempo. Um participante uma vez a cada 3 segundos ou passos. Tem que haver um passe ou um drible. Isso torna o esporte muito din\u00e2mico e espetacular. Certifique-se de assistir a isso.<\/p>\n<h2>POR QUE APOSTAR ONLINE NO HANDEBOL?<\/h2>\n<p>Voc\u00ea pode apostar offline na partida ou online enquanto assiste \u00e0 partida em casa pelo seu celular ou TV. Muitas pessoas ainda preferem apostar offline, mas isso acarreta muitos inconvenientes. \u00c9 por isso que todos n\u00f3s recomendamos que voc\u00ea aposte online.<\/p>\n<p>Ao fazer uma aposta com uma casa de apostas online, voc\u00ea n\u00e3o precisa ficar em uma fila esperando que voc\u00ea fa\u00e7a sua aposta ou receba seus ganhos. Al\u00e9m disso, no formato online, voc\u00ea tem uma escolha muito mais excelente de varia\u00e7\u00f5es de sua aposta, n\u00e3o deixe de aproveitar isso. Voc\u00ea n\u00e3o precisa ter dinheiro. Voc\u00ea sempre pode pagar com seu cart\u00e3o banc\u00e1rio ou criptomoeda e receber seus ganhos de forma conveniente. Al\u00e9m disso, aproveite as promo\u00e7\u00f5es de apostas em Handebol para lucrar o m\u00e1ximo poss\u00edvel.<\/p>\n<h2>TIPOS DE APOSTAS<\/h2>\n<p>Todos os sites de apostas de Handebol possuem muitas apostas poss\u00edveis, o que pode confundir o usu\u00e1rio inexperiente. Por isso, resolvemos te ajudar a entender alguns deles:<\/p>\n<ul>\n<li>apostar na linha vencedora. Este \u00e9 um dos m\u00e9todos de apostas mais f\u00e1ceis. Voc\u00ea aposta no resultado final da partida. Voc\u00ea aposta que o time &#8220;A&#8221; vai ganhar, perder ou empatar contra o time &#8220;B&#8221;.<\/li>\n<li>apostar em um resultado espec\u00edfico. Voc\u00ea pode apostar no placar exato da partida. Mas voc\u00ea deve entender que se seu time venceu, mas o placar acabou sendo diferente &#8211; voc\u00ea ainda perder\u00e1.<\/li>\n<li>mais\/menos &#8211; voc\u00ea pode apostar se este ou aquele evento acontecer\u00e1 mais ou menos vezes. Por exemplo, voc\u00ea pode apostar que seu time vai marcar mais de tr\u00eas gols ou sofrer menos de dois gols.<\/li>\n<li>aposte em um evento espec\u00edfico &#8211; voc\u00ea pode apostar se um evento espec\u00edfico acontecer\u00e1 ou n\u00e3o. Por exemplo, se um jogador do time &#8220;A&#8221; marcar ou talvez nesta partida, um jogador ser\u00e1 removido.<\/li>\n<li>voc\u00ea tamb\u00e9m pode apostar em v\u00e1rias partidas &#8211; voc\u00ea pode apostar em tr\u00eas ou mais partidas de handebol simultaneamente em uma aposta, e as chances s\u00f3 aumentam a cada jogo. Voc\u00ea precisa de todas as apostas para ganhar. Se voc\u00ea apostar em cinco partidas e apenas uma for falsa, voc\u00ea ainda n\u00e3o receber\u00e1 seus ganhos. Portanto, tenha cuidado com esse tipo de aposta.<\/li>\n<\/ul>\n<p>Em diferentes casas de apostas, voc\u00ea pode encontrar outras op\u00e7\u00f5es de apostas, mas s\u00e3o essas que recomendamos aos iniciantes porque s\u00e3o as mais simples poss\u00edveis e oferecem boas chances.<\/p>\n<h2>PONTAS<\/h2>\n<p>Cada usu\u00e1rio experiente tem a certeza de ter sua estrat\u00e9gia de apostas no Handebol. Por se tratar de uma estrat\u00e9gia bem pensada que lhe permite gerir o seu saldo da forma mais eficiente poss\u00edvel, \u00e9 por isso que prepar\u00e1mos para si algumas dicas essenciais de apostas no Andebol:<\/p>\n<ul>\n<li>n\u00e3o jogue embriagado. Isso pode prejudicar seus resultados porque voc\u00ea pode ter um senso de propor\u00e7\u00e3o e perigo embotado;<\/li>\n<li>certifique-se de assistir \u00e0s previs\u00f5es de apostas no Handebol. Isso ajudar\u00e1 voc\u00ea a fazer a aposta mais precisa poss\u00edvel;<\/li>\n<li>use as melhores probabilidades de apostas de Handebol para aumentar seus ganhos o m\u00e1ximo poss\u00edvel;<\/li>\n<li>n\u00e3o use apostas de handebol para ganhar dinheiro porque o handebol \u00e9 um jogo de equipe e o resultado depende de muitos fatos, todos os quais voc\u00ea n\u00e3o pode prever.<\/li>\n<\/ul>\n<p>Siga o nosso guia de apostas no Andebol para tornar o seu investimento o mais rent\u00e1vel poss\u00edvel, correndo o risco de perder o seu investimento.<\/p>\n<p><img loading=\"lazy\" decoding=\"async\" class=\"aligncenter wp-image-3918\" src=\"https:\/\/rocketplay-slot.com\/wp-content\/uploads\/2024\/02\/soccer-player-ready-play-with-soccerball-stadium.jpg\" alt=\"Guia de Apostas no Handebol 2\" width=\"800\" height=\"534\" srcset=\"https:\/\/rocketplay-slot.com\/wp-content\/uploads\/2024\/02\/soccer-player-ready-play-with-soccerball-stadium.jpg 1000w, https:\/\/rocketplay-slot.com\/wp-content\/uploads\/2024\/02\/soccer-player-ready-play-with-soccerball-stadium-300x200.jpg 300w, https:\/\/rocketplay-slot.com\/wp-content\/uploads\/2024\/02\/soccer-player-ready-play-with-soccerball-stadium-768x512.jpg 768w\" sizes=\"auto, (max-width: 800px) 100vw, 800px\" \/><\/p>\n<h2>Perguntas frequentes<\/h2>\n<p>Por mais experiente que seja um usu\u00e1rio, voc\u00ea sempre pode ter d\u00favidas sobre como funciona uma empresa de apostas. \u00c9 por isso que reunimos alguns populares e fornecemos as respostas.<\/p>\n<h3>COMO SABER EM QUEM APOSTAR?<\/h3>\n<p>Voc\u00ea n\u00e3o pode 100% saber o vencedor at\u00e9 o apito final. Mas voc\u00ea pode somar todos os fatores objetivos e subjetivos e tentar determinar o vencedor da pr\u00f3xima partida por conta pr\u00f3pria. De vez em quando, at\u00e9 os forasteiros ganham dos l\u00edderes.<\/p>\n<h3>EM QUAIS EVENTOS DEVO APOSTAR?<\/h3>\n<p>Alguns torneios n\u00e3o est\u00e3o dispon\u00edveis em algumas casas de apostas. Principalmente partidas menos profissionais n\u00e3o est\u00e3o dispon\u00edveis. Vale apostar tamb\u00e9m na vit\u00f3ria de uma das equipes.<\/p>\n<h3>COM QUE IDADE POSSO APOSTAR?<\/h3>\n<p>Voc\u00ea s\u00f3 pode come\u00e7ar a jogar quando atingir a idade de 18 anos. A lei define isso estritamente e as empresas de apostas n\u00e3o a violam.<\/p>\n","protected":false},"excerpt":{"rendered":"<p>O handebol n\u00e3o \u00e9 um esporte muito popular, por isso n\u00e3o h\u00e1 muitos f\u00e3s de apostas em handebol. Mas isso \u00e9 \u00f3timo porque quanto mais pessoas apostam em um evento espec\u00edfico, menores s\u00e3o as chances dele e, como poucas pessoas apostam no Handebol, as chances s\u00e3o mais significativas e seus ganhos potenciais tamb\u00e9m s\u00e3o mais&#8230;<\/p>\n","protected":false},"author":1,"featured_media":0,"parent":2798,"menu_order":0,"comment_status":"closed","ping_status":"closed","template":"","meta":{"_acf_changed":false,"_kad_post_transparent":"default","_kad_post_title":"default","_kad_post_layout":"default","_kad_post_sidebar_id":"","_kad_post_content_style":"default","_kad_post_vertical_padding":"default","_kad_post_feature":"","_kad_post_feature_position":"","_kad_post_header":false,"_kad_post_footer":false,"footnotes":""},"class_list":["post-2958","page","type-page","status-publish","hentry"],"acf":[],"rttpg_featured_image_url":null,"rttpg_author":{"display_name":"Elvis","author_link":"https:\/\/rocketplay-slot.com\/pt-br\/author\/pemvas95n89x\/"},"rttpg_comment":0,"rttpg_category":null,"rttpg_excerpt":"O handebol n\u00e3o \u00e9 um esporte muito popular, por isso n\u00e3o h\u00e1 muitos f\u00e3s de apostas em handebol. Mas isso \u00e9 \u00f3timo porque quanto mais pessoas apostam em um evento espec\u00edfico, menores s\u00e3o as chances dele e, como poucas pessoas apostam no Handebol, as chances s\u00e3o mais significativas e seus ganhos potenciais tamb\u00e9m s\u00e3o mais...","_links":{"self":[{"href":"https:\/\/rocketplay-slot.com\/pt-br\/wp-json\/wp\/v2\/pages\/2958","targetHints":{"allow":["GET"]}}],"collection":[{"href":"https:\/\/rocketplay-slot.com\/pt-br\/wp-json\/wp\/v2\/pages"}],"about":[{"href":"https:\/\/rocketplay-slot.com\/pt-br\/wp-json\/wp\/v2\/types\/page"}],"author":[{"embeddable":true,"href":"https:\/\/rocketplay-slot.com\/pt-br\/wp-json\/wp\/v2\/users\/1"}],"replies":[{"embeddable":true,"href":"https:\/\/rocketplay-slot.com\/pt-br\/wp-json\/wp\/v2\/comments?post=2958"}],"version-history":[{"count":3,"href":"https:\/\/rocketplay-slot.com\/pt-br\/wp-json\/wp\/v2\/pages\/2958\/revisions"}],"predecessor-version":[{"id":4533,"href":"https:\/\/rocketplay-slot.com\/pt-br\/wp-json\/wp\/v2\/pages\/2958\/revisions\/4533"}],"up":[{"embeddable":true,"href":"https:\/\/rocketplay-slot.com\/pt-br\/wp-json\/wp\/v2\/pages\/2798"}],"wp:attachment":[{"href":"https:\/\/rocketplay-slot.com\/pt-br\/wp-json\/wp\/v2\/media?parent=2958"}],"curies":[{"name":"wp","href":"https:\/\/api.w.org\/{rel}","templated":true}]}}