{"id":3010,"date":"2023-01-11T23:39:55","date_gmt":"2023-01-11T20:39:55","guid":{"rendered":"https:\/\/rocketplay-slot.com\/sports-betting\/football\/"},"modified":"2024-02-08T15:19:42","modified_gmt":"2024-02-08T12:19:42","slug":"football","status":"publish","type":"page","link":"https:\/\/rocketplay-slot.com\/pt-br\/sports-betting\/football\/","title":{"rendered":"Futebol &#8211; Guia de Apostas"},"content":{"rendered":"<p>O futebol \u00e9 um dos jogos mais populares do mundo. Muitas pessoas adoram este jogo por sua dire\u00e7\u00e3o e n\u00e3o por an\u00e1lises. \u00c9 mais complicado que o xadrez. Devido a todos esses fatores, este jogo \u00e9 popular entre as casas de apostas. As varia\u00e7\u00f5es mais significativas de apostas ser\u00e3o sempre no futebol. Estamos escrevendo este artigo para ajud\u00e1-lo a entender o futebol de apostas.<\/p>\n<p><img loading=\"lazy\" decoding=\"async\" class=\"aligncenter wp-image-3948\" src=\"https:\/\/rocketplay-slot.com\/wp-content\/uploads\/2024\/02\/businessman-with-banknotes-around-holds-cellphone-his-hand-with-football-field-display.jpg\" alt=\"Futebol - Guia de Apostas\" width=\"800\" height=\"534\" srcset=\"https:\/\/rocketplay-slot.com\/wp-content\/uploads\/2024\/02\/businessman-with-banknotes-around-holds-cellphone-his-hand-with-football-field-display.jpg 1000w, https:\/\/rocketplay-slot.com\/wp-content\/uploads\/2024\/02\/businessman-with-banknotes-around-holds-cellphone-his-hand-with-football-field-display-300x200.jpg 300w, https:\/\/rocketplay-slot.com\/wp-content\/uploads\/2024\/02\/businessman-with-banknotes-around-holds-cellphone-his-hand-with-football-field-display-768x513.jpg 768w\" sizes=\"auto, (max-width: 800px) 100vw, 800px\" \/><\/p>\n<h2>PROBABILIDADES DE FUTEBOL EXPLICADAS<\/h2>\n<p>As probabilidades desempenham um papel crucial no mundo das apostas. As probabilidades determinam quanto voc\u00ea ganhar\u00e1 pela sua aposta. E as probabilidades dependem de v\u00e1rios fatores:<\/p>\n<ul>\n<li>as chances matem\u00e1ticas de um evento espec\u00edfico. Quanto mais prov\u00e1vel um evento acontecer, menores ser\u00e3o as chances. As probabilidades matem\u00e1ticas s\u00e3o usadas para probabilidades iniciais corrigidas pelas apostas de outros usu\u00e1rios e f\u00f3rmulas matem\u00e1ticas ap\u00f3s eventos que alteram o layout das for\u00e7as.<\/li>\n<li>apostas de outros usu\u00e1rios. Uma f\u00f3rmula matem\u00e1tica n\u00e3o pode calcular tudo. As probabilidades s\u00e3o corrigidas de acordo com as apostas de outros usu\u00e1rios para manter o equil\u00edbrio.<\/li>\n<li>a margem de uma casa de apostas. Isso depende de como ser\u00e3o as probabilidades favor\u00e1veis gerais. Quanto menor a margem da empresa de apostas, mais os usu\u00e1rios ganham, muitas vezes, algumas empresas de apostas se recusam a lucrar com alguns eventos e os usu\u00e1rios obt\u00eam o lucro m\u00e1ximo para si.<\/li>\n<\/ul>\n<p>Sabendo calcular as odds, ser\u00e1 mais f\u00e1cil fazer apostas; certifique-se de usar nossas dicas de apostas em futebol.<\/p>\n<h2>TIPOS DE APOSTAS DE FUTEBOL EXPLICADOS<\/h2>\n<p>Existem muitos tipos diferentes de apostas de futebol. Alguns deles podem ser dif\u00edceis de entender para iniciantes, por isso resolvemos te ajudar com os tipos b\u00e1sicos para facilitar na hora de fazer suas primeiras apostas:<\/p>\n<ul>\n<li>uma aposta em um determinado resultado. A escolha mais f\u00e1cil \u00e9 apostar se seu time ganha, perde ou empata;<\/li>\n<li>voc\u00ea pode apostar em uma pontua\u00e7\u00e3o espec\u00edfica. Se voc\u00ea est\u00e1 confiante de que a partida terminar\u00e1 com um resultado espec\u00edfico, pode apostar nisso. Sim, este \u00e9 um risco bastante significativo, mas tamb\u00e9m paga muito bem;<\/li>\n<li>mais\/menos. Esta \u00e9 uma aposta sobre se um determinado evento acontecer\u00e1 mais ou menos vezes. Por exemplo, voc\u00ea pode apostar que seu time vai marcar mais de um gol;<\/li>\n<li>uma cadeia de apostas. Voc\u00ea pode fazer mais de tr\u00eas apostas em uma verifica\u00e7\u00e3o e, para cada aposta sucessiva, suas chances aumentam. Mas se uma de suas apostas estiver errada, voc\u00ea perde.<\/li>\n<\/ul>\n<p>Conhecer esses tipos b\u00e1sicos de apostas tornar\u00e1 muito mais f\u00e1cil para voc\u00ea fazer sua primeira aposta. Voc\u00ea pode tentar apostas gratuitas de futebol se n\u00e3o tiver certeza.<\/p>\n<h2>APOSTAS DE LONGO PRAZO E ESPECIAIS<\/h2>\n<p>As apostas de longo prazo n\u00e3o s\u00e3o feitas para uma partida, mas para toda a temporada. Muitos usu\u00e1rios chamam isso de o inverso das apostas ao vivo no futebol.<\/p>\n<p>As apostas de longo prazo n\u00e3o s\u00e3o t\u00e3o populares quanto as apostas de curto prazo, mas isso n\u00e3o \u00e9 surpreendente porque todo mundo quer ganhar aqui e agora. Mas as apostas de longo prazo t\u00eam suas vantagens. Como probabilidades aumentadas em compara\u00e7\u00e3o com as apostas regulares. Embora nos l\u00edderes, as apostas ainda n\u00e3o s\u00e3o as maiores. \u00c0s vezes, eventos longos s\u00e3o mais simples de analisar do que uma partida curta.<\/p>\n<p>Isso porque, em uma partida, voc\u00ea pode perder devido a v\u00e1rios acidentes desagrad\u00e1veis, mas \u00e9 dif\u00edcil perder todo o torneio por acaso. Nesse caso, a abordagem sistem\u00e1tica vem \u00e0 tona. N\u00e3o deixe de tentar apostar na vit\u00f3ria de uma das equipes em um grande torneio. Voc\u00ea vai adorar.<\/p>\n<h2>COMO FAZER UMA APOSTA NO FUTEBOL:<\/h2>\n<p>Para apostar no futebol, voc\u00ea precisa seguir nossas pequenas mas diretas instru\u00e7\u00f5es:<\/p>\n<ol>\n<li>Voc\u00ea precisa escolher seu aplicativo de apostas de futebol preferido. Isso pode ser feito com base nas v\u00e1rias classifica\u00e7\u00f5es que voc\u00ea pode encontrar na Internet.<\/li>\n<li>Depois disso, voc\u00ea precisa se registrar no site da casa de apostas que voc\u00ea escolheu. Normalmente, o bot\u00e3o de registro est\u00e1 no canto superior direito. Certifique-se de especificar apenas seus dados e e-mail atuais.<\/li>\n<li>Recarregue seu saldo com seu banco ou cart\u00e3o de criptomoeda.<\/li>\n<li>Ent\u00e3o voc\u00ea deve escolher a partida em que deseja apostar.<\/li>\n<li>Estude cuidadosamente o assunto da aposta e suas possibilidades de ganhar. Se voc\u00ea concorda com o risco que est\u00e1 enfrentando, fa\u00e7a sua aposta.<\/li>\n<li>Aguarde o resultado; se voc\u00ea ganhar, o n\u00famero de seus ganhos chegar\u00e1 ao seu saldo.<\/li>\n<\/ol>\n<p>Esta instru\u00e7\u00e3o pode ser adequada para iniciantes, mas se voc\u00ea j\u00e1 \u00e9 um jogador experiente, voc\u00ea mesmo a conhece.<\/p>\n<h2>DICAS E ESTRAT\u00c9GIAS PARA APOSTAR NO FUTEBOL<\/h2>\n<p>Ao fazer suas primeiras apostas, voc\u00ea deve saber que, se quiser levar as apostas a s\u00e9rio, deve planejar suas estrat\u00e9gias de apostas em futebol e cumpri-las. \u00c9 isso que todos os jogadores experientes fazem e obt\u00eam suas melhores apostas de futebol.<\/p>\n<p><img loading=\"lazy\" decoding=\"async\" class=\"aligncenter wp-image-3957\" src=\"https:\/\/rocketplay-slot.com\/wp-content\/uploads\/2024\/02\/football-scene-night-match-with-close-up-soccer-shoe-hitting-ball-with-power.jpg\" alt=\"Futebol - Guia de Apostas 2\" width=\"800\" height=\"450\" srcset=\"https:\/\/rocketplay-slot.com\/wp-content\/uploads\/2024\/02\/football-scene-night-match-with-close-up-soccer-shoe-hitting-ball-with-power.jpg 1000w, https:\/\/rocketplay-slot.com\/wp-content\/uploads\/2024\/02\/football-scene-night-match-with-close-up-soccer-shoe-hitting-ball-with-power-300x169.jpg 300w, https:\/\/rocketplay-slot.com\/wp-content\/uploads\/2024\/02\/football-scene-night-match-with-close-up-soccer-shoe-hitting-ball-with-power-768x432.jpg 768w\" sizes=\"auto, (max-width: 800px) 100vw, 800px\" \/><\/p>\n<h2>Perguntas frequentes<\/h2>\n<p>Frequentemente recebemos perguntas sobre como apostar corretamente no futebol online, e decidimos coletar as mais populares delas e fornecer as respostas neste artigo.<\/p>\n<h3>COMO SABER QUAL EQUIPE VAI GANHAR?<\/h3>\n<p>Voc\u00ea nunca pode ter certeza de que seu time vencer\u00e1. Mas pode sempre analisar os dados agregados das equipas e fazer a sua aposta.<\/p>\n<h3>COMO APOSTAR DE UM TELEFONE CELULAR?<\/h3>\n<p>Voc\u00ea sempre pode usar o site da empresa de apostas com a qual voc\u00ea apostou. Todos eles s\u00e3o bem otimizados para telefones celulares. Voc\u00ea tamb\u00e9m pode usar seus aplicativos m\u00f3veis, que tamb\u00e9m podem ser encontrados no site.<\/p>\n<h3>POSSO APOSTAR DE GRA\u00c7A?<\/h3>\n<p>Sim, muitas empresas oferecem um b\u00f4nus de boas-vindas em apostas gr\u00e1tis para facilitar a sua primeira aposta com elas.<\/p>\n","protected":false},"excerpt":{"rendered":"<p>O futebol \u00e9 um dos jogos mais populares do mundo. Muitas pessoas adoram este jogo por sua dire\u00e7\u00e3o e n\u00e3o por an\u00e1lises. \u00c9 mais complicado que o xadrez. Devido a todos esses fatores, este jogo \u00e9 popular entre as casas de apostas. As varia\u00e7\u00f5es mais significativas de apostas ser\u00e3o sempre no futebol. Estamos escrevendo este&#8230;<\/p>\n","protected":false},"author":1,"featured_media":0,"parent":2798,"menu_order":0,"comment_status":"closed","ping_status":"closed","template":"","meta":{"_acf_changed":false,"_kad_post_transparent":"default","_kad_post_title":"default","_kad_post_layout":"default","_kad_post_sidebar_id":"","_kad_post_content_style":"default","_kad_post_vertical_padding":"default","_kad_post_feature":"","_kad_post_feature_position":"","_kad_post_header":false,"_kad_post_footer":false,"footnotes":""},"class_list":["post-3010","page","type-page","status-publish","hentry"],"acf":[],"rttpg_featured_image_url":null,"rttpg_author":{"display_name":"Elvis","author_link":"https:\/\/rocketplay-slot.com\/pt-br\/author\/pemvas95n89x\/"},"rttpg_comment":0,"rttpg_category":null,"rttpg_excerpt":"O futebol \u00e9 um dos jogos mais populares do mundo. Muitas pessoas adoram este jogo por sua dire\u00e7\u00e3o e n\u00e3o por an\u00e1lises. \u00c9 mais complicado que o xadrez. Devido a todos esses fatores, este jogo \u00e9 popular entre as casas de apostas. As varia\u00e7\u00f5es mais significativas de apostas ser\u00e3o sempre no futebol. Estamos escrevendo este...","_links":{"self":[{"href":"https:\/\/rocketplay-slot.com\/pt-br\/wp-json\/wp\/v2\/pages\/3010","targetHints":{"allow":["GET"]}}],"collection":[{"href":"https:\/\/rocketplay-slot.com\/pt-br\/wp-json\/wp\/v2\/pages"}],"about":[{"href":"https:\/\/rocketplay-slot.com\/pt-br\/wp-json\/wp\/v2\/types\/page"}],"author":[{"embeddable":true,"href":"https:\/\/rocketplay-slot.com\/pt-br\/wp-json\/wp\/v2\/users\/1"}],"replies":[{"embeddable":true,"href":"https:\/\/rocketplay-slot.com\/pt-br\/wp-json\/wp\/v2\/comments?post=3010"}],"version-history":[{"count":3,"href":"https:\/\/rocketplay-slot.com\/pt-br\/wp-json\/wp\/v2\/pages\/3010\/revisions"}],"predecessor-version":[{"id":4549,"href":"https:\/\/rocketplay-slot.com\/pt-br\/wp-json\/wp\/v2\/pages\/3010\/revisions\/4549"}],"up":[{"embeddable":true,"href":"https:\/\/rocketplay-slot.com\/pt-br\/wp-json\/wp\/v2\/pages\/2798"}],"wp:attachment":[{"href":"https:\/\/rocketplay-slot.com\/pt-br\/wp-json\/wp\/v2\/media?parent=3010"}],"curies":[{"name":"wp","href":"https:\/\/api.w.org\/{rel}","templated":true}]}}