{"id":3062,"date":"2023-01-12T00:10:18","date_gmt":"2023-01-11T21:10:18","guid":{"rendered":"https:\/\/rocketplay-slot.com\/sports-betting\/cricket\/"},"modified":"2024-02-08T15:28:07","modified_gmt":"2024-02-08T12:28:07","slug":"cricket","status":"publish","type":"page","link":"https:\/\/rocketplay-slot.com\/pt-br\/sports-betting\/cricket\/","title":{"rendered":"Tudo sobre apostas online em cr\u00edquete"},"content":{"rendered":"<p>O cr\u00edquete \u00e9 o jogo mais popular do mundo, mas ainda tem sua base de f\u00e3s. Mas como o cr\u00edquete n\u00e3o est\u00e1 apostando com tanta frequ\u00eancia quanto o futebol e outros jogos populares, as apostas no cr\u00edquete s\u00e3o muito lucrativas. Seria \u00fatil para voc\u00ea conhecer algumas dicas de apostas em cr\u00edquete e escrever este artigo para isso.<\/p>\n<p><img loading=\"lazy\" decoding=\"async\" class=\"aligncenter wp-image-3968\" src=\"https:\/\/rocketplay-slot.com\/wp-content\/uploads\/2024\/02\/cricketer-field-action.jpg\" alt=\"Tudo sobre apostas online em cr\u00edquete\" width=\"800\" height=\"534\" srcset=\"https:\/\/rocketplay-slot.com\/wp-content\/uploads\/2024\/02\/cricketer-field-action.jpg 1000w, https:\/\/rocketplay-slot.com\/wp-content\/uploads\/2024\/02\/cricketer-field-action-300x200.jpg 300w, https:\/\/rocketplay-slot.com\/wp-content\/uploads\/2024\/02\/cricketer-field-action-768x512.jpg 768w\" sizes=\"auto, (max-width: 800px) 100vw, 800px\" \/><\/p>\n<h2>DIFERENTES TIPOS DE APOSTAS NO CRICKET<\/h2>\n<p>Cada casa de apostas tem diferentes op\u00e7\u00f5es de apostas. Muitos deles podem confundir o usu\u00e1rio, e ele far\u00e1 uma aposta falsa. Isso significa que a casa de apostas vai ganhar o dinheiro. Tamb\u00e9m existem apostas simples, mas voc\u00ea precisa analisar os dados. Claro, haver\u00e1 as apostas de cr\u00edquete com probabilidades de vit\u00f3ria mais significativas.<\/p>\n<p>Para ajud\u00e1-lo a fazer as apostas certas, criamos para voc\u00ea dicas de apostas de cr\u00edquete gratuitas:<\/p>\n<ul>\n<li>uma aposta no vencedor. Pode apostar na equipa que, na sua opini\u00e3o, deve vencer este jogo;<\/li>\n<li>mais\/menos. Voc\u00ea pode apostar no evento que, na sua opini\u00e3o, acontecer\u00e1 mais ou menos vezes. Por exemplo, voc\u00ea pode dizer que o time &#8220;A&#8221; marcar\u00e1 mais de 5 pontos;<\/li>\n<li>primeira bola\/primeira recep\u00e7\u00e3o &#8211; Esta aposta \u00e9 excelente para quem pretende obter um resultado o mais r\u00e1pido poss\u00edvel;<\/li>\n<li>turnos executados. Esta \u00e9 uma aposta direta e consiste em voc\u00ea ter que adivinhar se a equipe ter\u00e1 o n\u00famero necess\u00e1rio de corridas. Voc\u00ea nem precisa adivinhar o n\u00famero exato. S\u00f3 tem que ser o suficiente;<\/li>\n<li>apostas do jogador. Voc\u00ea pode apostar n\u00e3o no time, mas em um jogador espec\u00edfico. Se ele se tornar o jogador da partida, voc\u00ea ganha.<\/li>\n<\/ul>\n<p>Seguindo este guia de apostas em cr\u00edquete, voc\u00ea sempre pode fazer sua aposta.<\/p>\n<h2>ESTRAT\u00c9GIA DE APOSTAS NO CRICKET<\/h2>\n<p>Todo jogador profissional em eventos esportivos tem sua estrat\u00e9gia. \u00c9 por isso que recomendamos que voc\u00ea tamb\u00e9m crie o seu pr\u00f3prio, mas, para voc\u00ea, aprendemos dicas gerais de usu\u00e1rios experientes:<\/p>\n<ul>\n<li>sempre estude cuidadosamente no que voc\u00ea est\u00e1 apostando. Uma boa an\u00e1lise pode lhe dizer apostas pouco \u00f3bvias e muito lucrativas.<\/li>\n<li>assista \u00e0s partidas em que voc\u00ea apostou. Isso permitir\u00e1 que voc\u00ea colete mais dados para an\u00e1lise posterior, o que significa que haver\u00e1 menos erros nas apostas.<\/li>\n<li>nunca beba \u00e1lcool enquanto aposta. Isso pode impedir que voc\u00ea veja as coisas de forma objetiva e justa. Voc\u00ea pode cometer mais erros.<\/li>\n<li>n\u00e3o use as apostas como forma de ganhar dinheiro. Sim, voc\u00ea pode ganhar muito aqui, mas se a sorte acabar, voc\u00ea corre o risco de perder tudo.<\/li>\n<li>n\u00e3o fa\u00e7a grandes apostas. Fa\u00e7a muitos pequenos. Isso permitir\u00e1 que voc\u00ea diferencie seus investimentos e os perca todos de uma vez. Voc\u00ea tem muito menos chance.<\/li>\n<li>use um aplicativo de apostas de cr\u00edquete comprovado, que garante pagamentos justos, boas probabilidades e excelentes b\u00f4nus<\/li>\n<\/ul>\n<p>Seguindo estas dicas simples, voc\u00ea sempre pode se divertir com as apostas de cr\u00edquete ao vivo.<\/p>\n<h2>AS APOSTAS DE CR\u00cdQUETE MAIS POPULARES<\/h2>\n<p>Nas apostas em cr\u00edquete, existem muitas varia\u00e7\u00f5es de como voc\u00ea pode apostar. Mas voc\u00ea deve se lembrar que quanto mais popular for uma aposta espec\u00edfica, menos favor\u00e1veis ser\u00e3o as probabilidades. Isso significa que voc\u00ea tem uma chance muito menor de obter uma recompensa decente.<\/p>\n<p>\u00c9 por isso que muitas pessoas usam apostas que n\u00e3o s\u00e3o as mais populares. Mas, para isso, vale muito a pena estudar quais as apostas que existem e analisar os times e jogadores em que voc\u00ea pode apostar. Dessa forma, voc\u00ea pode descobrir muitas coisas que n\u00e3o eram imediatamente \u00f3bvias.<\/p>\n<p>Al\u00e9m disso, n\u00e3o se esque\u00e7a que nas apostas de cr\u00edquete a Austr\u00e1lia est\u00e1 ganhando popularidade nas apostas de longo prazo. Eles consistem no fato de que voc\u00ea pode apostar n\u00e3o em uma partida, mas em todo o torneio. Isso elimina a sorte ou azar de equipes espec\u00edficas, e o desempenho sistem\u00e1tico da equipe vem \u00e0 tona, o que torna essas apostas muito atrativas.<\/p>\n<h2>CONCLUS\u00c3O<\/h2>\n<p>Em conclus\u00e3o, as apostas s\u00e3o um excelente complemento para assistir ao seu esporte favorito, o que pode lhe trazer ganhos ocasionais e regulares. Obviamente, para vencer regularmente, voc\u00ea precisar\u00e1 analisar detalhadamente as pr\u00f3ximas partidas. Tamb\u00e9m \u00e9 fundamental deixar de lado todos os preconceitos do torcedor comum, porque um profissional \u00e9 racional, mesmo quando se trata do seu time de cora\u00e7\u00e3o.<\/p>\n<p><img loading=\"lazy\" decoding=\"async\" class=\"aligncenter wp-image-3977\" src=\"https:\/\/rocketplay-slot.com\/wp-content\/uploads\/2024\/02\/man-watching-football-sports-game-digital-tablet.jpg\" alt=\"Tudo sobre apostas online em cr\u00edquete 2\" width=\"800\" height=\"534\" srcset=\"https:\/\/rocketplay-slot.com\/wp-content\/uploads\/2024\/02\/man-watching-football-sports-game-digital-tablet.jpg 1000w, https:\/\/rocketplay-slot.com\/wp-content\/uploads\/2024\/02\/man-watching-football-sports-game-digital-tablet-300x200.jpg 300w, https:\/\/rocketplay-slot.com\/wp-content\/uploads\/2024\/02\/man-watching-football-sports-game-digital-tablet-768x512.jpg 768w\" sizes=\"auto, (max-width: 800px) 100vw, 800px\" \/><\/p>\n<h2>Perguntas frequentes<\/h2>\n<p>Muitos novatos acham dif\u00edcil entender os aplicativos de apostas rapidamente. \u00c9 por isso que criamos esta se\u00e7\u00e3o onde coletamos perguntas populares para que voc\u00ea possa aprender suas respostas.<\/p>\n<h3>COMO POSSO SABER EM QUE JOGO APOSTO?<\/h3>\n<p>Voc\u00ea sempre escolhe em qual partida quer apostar sozinho. Recomendamos que aposte em jogos com boas odds ou margem m\u00ednima da casa de apostas. Eles s\u00e3o frequentemente oferecidos a iniciantes.<\/p>\n<h3>COMO ESCOLHO EM QUE EQUIPE APOSTAR?<\/h3>\n<p>Escolha a equipa em que gostaria de apostar. Voc\u00ea deve coletar uma matriz de dados para ajud\u00e1-lo a analisar. Estas devem ser necessariamente as opini\u00f5es de v\u00e1rios especialistas sobre o pr\u00f3ximo evento. Os resultados dos encontros anteriores dessas equipes e jogos nas rodadas anteriores para ver a din\u00e2mica das equipes. Voc\u00ea deve coletar informa\u00e7\u00f5es sobre as les\u00f5es dos principais jogadores e se algu\u00e9m pode substitu\u00ed-los. Certifique-se de estudar essas quest\u00f5es cuidadosamente e fazer sua aposta.<\/p>\n<h3>QUAL DEVE SER O VALOR DA MINHA APOSTA?<\/h3>\n<p>O valor da aposta \u00e9 principalmente limitado apenas pelo seu saldo. Claro, \u00e0s vezes h\u00e1 tetos das empresas de apostas, mas principalmente n\u00e3o \u00e9 necess\u00e1rio porque a maioria dos jogadores aposta em quantias n\u00e3o muito significativas. Normalmente, \u00e9 de $ 10 a $ 20. Se voc\u00ea tem medo de perder esse dinheiro, diminua o valor da sua aposta.<\/p>\n","protected":false},"excerpt":{"rendered":"<p>O cr\u00edquete \u00e9 o jogo mais popular do mundo, mas ainda tem sua base de f\u00e3s. Mas como o cr\u00edquete n\u00e3o est\u00e1 apostando com tanta frequ\u00eancia quanto o futebol e outros jogos populares, as apostas no cr\u00edquete s\u00e3o muito lucrativas. Seria \u00fatil para voc\u00ea conhecer algumas dicas de apostas em cr\u00edquete e escrever este artigo&#8230;<\/p>\n","protected":false},"author":1,"featured_media":0,"parent":2798,"menu_order":0,"comment_status":"closed","ping_status":"closed","template":"","meta":{"_acf_changed":false,"_kad_post_transparent":"default","_kad_post_title":"default","_kad_post_layout":"default","_kad_post_sidebar_id":"","_kad_post_content_style":"default","_kad_post_vertical_padding":"default","_kad_post_feature":"","_kad_post_feature_position":"","_kad_post_header":false,"_kad_post_footer":false,"footnotes":""},"class_list":["post-3062","page","type-page","status-publish","hentry"],"acf":[],"rttpg_featured_image_url":null,"rttpg_author":{"display_name":"Elvis","author_link":"https:\/\/rocketplay-slot.com\/pt-br\/author\/pemvas95n89x\/"},"rttpg_comment":0,"rttpg_category":null,"rttpg_excerpt":"O cr\u00edquete \u00e9 o jogo mais popular do mundo, mas ainda tem sua base de f\u00e3s. Mas como o cr\u00edquete n\u00e3o est\u00e1 apostando com tanta frequ\u00eancia quanto o futebol e outros jogos populares, as apostas no cr\u00edquete s\u00e3o muito lucrativas. Seria \u00fatil para voc\u00ea conhecer algumas dicas de apostas em cr\u00edquete e escrever este artigo...","_links":{"self":[{"href":"https:\/\/rocketplay-slot.com\/pt-br\/wp-json\/wp\/v2\/pages\/3062","targetHints":{"allow":["GET"]}}],"collection":[{"href":"https:\/\/rocketplay-slot.com\/pt-br\/wp-json\/wp\/v2\/pages"}],"about":[{"href":"https:\/\/rocketplay-slot.com\/pt-br\/wp-json\/wp\/v2\/types\/page"}],"author":[{"embeddable":true,"href":"https:\/\/rocketplay-slot.com\/pt-br\/wp-json\/wp\/v2\/users\/1"}],"replies":[{"embeddable":true,"href":"https:\/\/rocketplay-slot.com\/pt-br\/wp-json\/wp\/v2\/comments?post=3062"}],"version-history":[{"count":3,"href":"https:\/\/rocketplay-slot.com\/pt-br\/wp-json\/wp\/v2\/pages\/3062\/revisions"}],"predecessor-version":[{"id":4557,"href":"https:\/\/rocketplay-slot.com\/pt-br\/wp-json\/wp\/v2\/pages\/3062\/revisions\/4557"}],"up":[{"embeddable":true,"href":"https:\/\/rocketplay-slot.com\/pt-br\/wp-json\/wp\/v2\/pages\/2798"}],"wp:attachment":[{"href":"https:\/\/rocketplay-slot.com\/pt-br\/wp-json\/wp\/v2\/media?parent=3062"}],"curies":[{"name":"wp","href":"https:\/\/api.w.org\/{rel}","templated":true}]}}