{"id":3352,"date":"2023-08-17T12:12:34","date_gmt":"2023-08-17T09:12:34","guid":{"rendered":"https:\/\/rocketplay-slot.com\/wolf-treasure\/"},"modified":"2025-11-24T20:48:32","modified_gmt":"2025-11-24T17:48:32","slug":"wolf-treasure","status":"publish","type":"page","link":"https:\/\/rocketplay-slot.com\/pt-br\/wolf-treasure\/","title":{"rendered":"An\u00e1lise do ca\u00e7a-n\u00edqueis Wolf Treasure"},"content":{"rendered":"<p>Wolf Treasure pokies \u00e9 um emocionante slot online do famoso desenvolvedor de jogos Pragmatic Play. Ele o levar\u00e1 \u00e0s regi\u00f5es selvagens da Am\u00e9rica do Norte, onde voc\u00ea encontrar\u00e1 lobos, ca\u00e7adores de tesouros e muitas oportunidades de pr\u00eamios. Nesta an\u00e1lise veremos as principais caracter\u00edsticas da m\u00e1quina ca\u00e7a-n\u00edqueis Wolf Treasure, a oportunidade de jogar de gra\u00e7a com freespins, bem como as chances de ganhar dinheiro real Wolf Treasure nos melhores cassinos online do Brasil.<\/p>\n<p><img loading=\"lazy\" decoding=\"async\" class=\"aligncenter wp-image-3215 \" src=\"https:\/\/rocketplay-slot.com\/wp-content\/uploads\/2023\/08\/65.png\" alt=\"Wolf Treasure slot machine review 2\" width=\"805\" height=\"449\" srcset=\"https:\/\/rocketplay-slot.com\/wp-content\/uploads\/2023\/08\/65.png 1031w, https:\/\/rocketplay-slot.com\/wp-content\/uploads\/2023\/08\/65-300x167.png 300w, https:\/\/rocketplay-slot.com\/wp-content\/uploads\/2023\/08\/65-1024x571.png 1024w, https:\/\/rocketplay-slot.com\/wp-content\/uploads\/2023\/08\/65-768x428.png 768w\" sizes=\"auto, (max-width: 805px) 100vw, 805px\" \/><\/p>\n<h2>DESCRI\u00c7\u00c3O DO SLOT DO TESOURO DO LOBO<\/h2>\n<p>O Wolf Treasure Casino Australia \u00e9 um slot online de cinco cilindros e trinta linhas com um tema colorido e atraente. Os s\u00edmbolos incluem lobos, \u00e1guias, cavalos selvagens e imagens com n\u00fameros e letras. O s\u00edmbolo do lobo atua como o s\u00edmbolo Wild, substituindo outros s\u00edmbolos al\u00e9m do Scatter e do Dinheiro para ajud\u00e1-lo a fazer combina\u00e7\u00f5es vencedoras. O ca\u00e7a-n\u00edqueis online Wolf Treasure possui gr\u00e1ficos lindamente detalhados, efeitos sonoros de qualidade e anima\u00e7\u00f5es emocionantes que criam uma atmosfera de verdadeira aventura.<\/p>\n<h2>FREESPINS NO JOGO WOLF TREASURE<\/h2>\n<p>A m\u00e1quina ca\u00e7a-n\u00edqueis Wolf Treasure oferece um recurso interessante de freespins, que permite que voc\u00ea tenha chances adicionais de ganhar. Para ativar as rodadas gr\u00e1tis do Wolf Treasure, voc\u00ea precisa coletar tr\u00eas s\u00edmbolos Scatter (lua) nas bobinas. Ao fazer isso, voc\u00ea receber\u00e1 5 rodadas gr\u00e1tis e ter\u00e1 a oportunidade de aumentar o n\u00famero de rodadas gr\u00e1tis se coletar s\u00edmbolos Scatter novamente durante a rodada de b\u00f4nus.<\/p>\n<h2>DINHEIRO REAL E JOGO GRATUITO<\/h2>\n<p>Wolf Treasure oferece aos jogadores a oportunidade de tentar a sorte tanto com dinheiro real quanto no modo de jogo gr\u00e1tis Wolf Treasure. Se voc\u00ea \u00e9 iniciante ou apenas quer curtir o jogo sem riscos, pode escolher o modo gratuito e jogar com cr\u00e9ditos virtuais. No entanto, as verdadeiras emo\u00e7\u00f5es do jogo e as chances de grandes ganhos ser\u00e3o reveladas quando voc\u00ea jogar com dinheiro real.<\/p>\n<h2>ONDE JOGAR TESOURO DO LOBO<\/h2>\n<p>Os ca\u00e7a-n\u00edqueis online Wolf Treasure est\u00e3o dispon\u00edveis em muitos cassinos online, e voc\u00ea pode escolher aquele que melhor se adapta a voc\u00ea em termos de ofertas e b\u00f4nus. Se voc\u00ea \u00e9 residente na Austr\u00e1lia, procure cassinos que oferecem rodadas gr\u00e1tis do Wolf Treasure na Austr\u00e1lia e b\u00f4nus de dep\u00f3sito para novos jogadores. Alguns cassinos tamb\u00e9m podem oferecer promo\u00e7\u00f5es exclusivas para jogar neste slot popular.<\/p>\n<p><img loading=\"lazy\" decoding=\"async\" class=\"aligncenter wp-image-3197\" src=\"https:\/\/rocketplay-slot.com\/wp-content\/uploads\/2023\/08\/22.png\" alt=\"Wolf Treasure slot machine review 2\" width=\"798\" height=\"386\" srcset=\"https:\/\/rocketplay-slot.com\/wp-content\/uploads\/2023\/08\/22.png 1026w, https:\/\/rocketplay-slot.com\/wp-content\/uploads\/2023\/08\/22-300x145.png 300w, https:\/\/rocketplay-slot.com\/wp-content\/uploads\/2023\/08\/22-1024x495.png 1024w, https:\/\/rocketplay-slot.com\/wp-content\/uploads\/2023\/08\/22-768x371.png 768w\" sizes=\"auto, (max-width: 798px) 100vw, 798px\" \/><\/p>\n<h2>WOLF TREASURE ONLINE SLOT &#8211; SUA JORNADA AO TESOURO<\/h2>\n<p>Wolf Treasure \u00e9 um slot online emocionante com um tema emocionante e muitas oportunidades de ganhar. O jogo com rodadas gr\u00e1tis permitir\u00e1 que voc\u00ea experimente emo\u00e7\u00f5es adicionais, e a oportunidade de jogar de gra\u00e7a o ajudar\u00e1 a entender as regras e estrat\u00e9gias sem arriscar seu equil\u00edbrio. O ca\u00e7a-n\u00edqueis Wolf Treasure est\u00e1 dispon\u00edvel nos melhores cassinos online da Austr\u00e1lia, e voc\u00ea tem uma oportunidade \u00fanica de embarcar em uma emocionante jornada ao tesouro junto com os lobos.<\/p>\n","protected":false},"excerpt":{"rendered":"<p>Wolf Treasure pokies \u00e9 um emocionante slot online do famoso desenvolvedor de jogos Pragmatic Play. Ele o levar\u00e1 \u00e0s regi\u00f5es selvagens da Am\u00e9rica do Norte, onde voc\u00ea encontrar\u00e1 lobos, ca\u00e7adores de tesouros e muitas oportunidades de pr\u00eamios. Nesta an\u00e1lise veremos as principais caracter\u00edsticas da m\u00e1quina ca\u00e7a-n\u00edqueis Wolf Treasure, a oportunidade de jogar de gra\u00e7a com&#8230;<\/p>\n","protected":false},"author":1,"featured_media":0,"parent":0,"menu_order":0,"comment_status":"closed","ping_status":"closed","template":"","meta":{"_acf_changed":false,"_kad_post_transparent":"default","_kad_post_title":"default","_kad_post_layout":"default","_kad_post_sidebar_id":"","_kad_post_content_style":"default","_kad_post_vertical_padding":"default","_kad_post_feature":"","_kad_post_feature_position":"","_kad_post_header":false,"_kad_post_footer":false,"footnotes":""},"class_list":["post-3352","page","type-page","status-publish","hentry"],"acf":[],"rttpg_featured_image_url":null,"rttpg_author":{"display_name":"Elvis","author_link":"https:\/\/rocketplay-slot.com\/pt-br\/author\/pemvas95n89x\/"},"rttpg_comment":0,"rttpg_category":null,"rttpg_excerpt":"Wolf Treasure pokies \u00e9 um emocionante slot online do famoso desenvolvedor de jogos Pragmatic Play. Ele o levar\u00e1 \u00e0s regi\u00f5es selvagens da Am\u00e9rica do Norte, onde voc\u00ea encontrar\u00e1 lobos, ca\u00e7adores de tesouros e muitas oportunidades de pr\u00eamios. Nesta an\u00e1lise veremos as principais caracter\u00edsticas da m\u00e1quina ca\u00e7a-n\u00edqueis Wolf Treasure, a oportunidade de jogar de gra\u00e7a com...","_links":{"self":[{"href":"https:\/\/rocketplay-slot.com\/pt-br\/wp-json\/wp\/v2\/pages\/3352","targetHints":{"allow":["GET"]}}],"collection":[{"href":"https:\/\/rocketplay-slot.com\/pt-br\/wp-json\/wp\/v2\/pages"}],"about":[{"href":"https:\/\/rocketplay-slot.com\/pt-br\/wp-json\/wp\/v2\/types\/page"}],"author":[{"embeddable":true,"href":"https:\/\/rocketplay-slot.com\/pt-br\/wp-json\/wp\/v2\/users\/1"}],"replies":[{"embeddable":true,"href":"https:\/\/rocketplay-slot.com\/pt-br\/wp-json\/wp\/v2\/comments?post=3352"}],"version-history":[{"count":2,"href":"https:\/\/rocketplay-slot.com\/pt-br\/wp-json\/wp\/v2\/pages\/3352\/revisions"}],"predecessor-version":[{"id":3354,"href":"https:\/\/rocketplay-slot.com\/pt-br\/wp-json\/wp\/v2\/pages\/3352\/revisions\/3354"}],"wp:attachment":[{"href":"https:\/\/rocketplay-slot.com\/pt-br\/wp-json\/wp\/v2\/media?parent=3352"}],"curies":[{"name":"wp","href":"https:\/\/api.w.org\/{rel}","templated":true}]}}