{"id":3383,"date":"2023-08-17T12:14:12","date_gmt":"2023-08-17T09:14:12","guid":{"rendered":"https:\/\/rocketplay-slot.com\/9-coins\/"},"modified":"2023-10-07T20:05:46","modified_gmt":"2023-10-07T17:05:46","slug":"9-coins","status":"publish","type":"page","link":"https:\/\/rocketplay-slot.com\/pt-br\/9-coins\/","title":{"rendered":"Revise o slot de 9 moedas"},"content":{"rendered":"<p>A slot machine 9 Coins \u00e9 uma slot emocionante que atrai jogadores com o seu tema \u00fanico e oportunidades para grandes ganhos. Nesta an\u00e1lise, veremos as principais caracter\u00edsticas do slot 9 Coins, forneceremos uma vis\u00e3o geral da vers\u00e3o demo do jogo e tamb\u00e9m falaremos sobre a oportunidade de obter rodadas gr\u00e1tis na Austr\u00e1lia para este slot emocionante com dinheiro real.<\/p>\n<p><img loading=\"lazy\" decoding=\"async\" class=\"aligncenter wp-image-3226\" src=\"https:\/\/rocketplay-slot.com\/wp-content\/uploads\/2023\/08\/9-coins-ss.jpg\" alt=\"Review 9 Coins slot 1\" width=\"816\" height=\"445\" srcset=\"https:\/\/rocketplay-slot.com\/wp-content\/uploads\/2023\/08\/9-coins-ss.jpg 850w, https:\/\/rocketplay-slot.com\/wp-content\/uploads\/2023\/08\/9-coins-ss-300x164.jpg 300w, https:\/\/rocketplay-slot.com\/wp-content\/uploads\/2023\/08\/9-coins-ss-768x419.jpg 768w\" sizes=\"auto, (max-width: 816px) 100vw, 816px\" \/><\/p>\n<h2>DESCRI\u00c7\u00c3O DO SLOT DE 9 MOEDAS<\/h2>\n<p>A an\u00e1lise do slot de 9 moedas \u00e9 um slot online brilhante e colorido com um tema de jogo interessante. Tem cinco rolos e nove linhas de pagamento, o que cria muitas oportunidades de vit\u00f3ria. Os s\u00edmbolos dos slots incluem moedas de ouro, barras, s\u00edmbolos de d\u00f3lar e outros atributos de boa sorte. Al\u00e9m disso, o slot 9 Coins possui gr\u00e1ficos lindamente detalhados, anima\u00e7\u00f5es e trilha sonora emocionante, que cria a atmosfera de uma verdadeira aventura de jogo.<\/p>\n<h2>REVER SLOT DEMO 9 MOEDAS<\/h2>\n<p>Para iniciantes e aqueles que querem experimentar o slot sem arriscar o saldo, est\u00e1 dispon\u00edvel a vers\u00e3o demo do jogo 9 Coins. A demonstra\u00e7\u00e3o do slot de 9 moedas permite que voc\u00ea jogue com cr\u00e9ditos virtuais, e todos os recursos e fun\u00e7\u00f5es dispon\u00edveis no jogo real s\u00e3o mantidos. Esta \u00e9 uma \u00f3tima oportunidade para se familiarizar com as regras do slot, explorar os pagamentos e recursos de b\u00f4nus e desenvolver sua pr\u00f3pria estrat\u00e9gia de jogo.<\/p>\n<h2>FREESPINS EM SLOT DE 9 MOEDAS NA AUSTR\u00c1LIA<\/h2>\n<p>Os jogadores da Austr\u00e1lia podem desfrutar de rodadas gr\u00e1tis emocionantes no slot 9 Coins. Freespins s\u00e3o rodadas gr\u00e1tis que s\u00e3o dadas ao jogador como parte de uma promo\u00e7\u00e3o ou b\u00f4nus. Para ativar freespins no slot 9 Coins, os jogadores geralmente precisam coletar um certo n\u00famero de s\u00edmbolos Scatter (geralmente s\u00edmbolos de moeda) nas bobinas. O n\u00famero de rodadas gr\u00e1tis e poss\u00edveis b\u00f4nus adicionais podem variar de cassino para cassino.<\/p>\n<h2>JOGUE COM DINHEIRO DE VERDADE NO SLOT 9 COINS<\/h2>\n<p>Quando estiver pronto para experimentar sensa\u00e7\u00f5es reais de jogo e ganhos reais, voc\u00ea pode passar a jogar no slot de 9 moedas com dinheiro real. Para tal, ter\u00e1 de criar uma conta num dos casinos online licenciados, fazer um dep\u00f3sito e come\u00e7ar a apostar dinheiro real nas linhas. Com recursos de b\u00f4nus exclusivos e oportunidades de vit\u00f3ria, o slot 9 Coins oferece grandes chances para os jogadores.<\/p>\n<p><img loading=\"lazy\" decoding=\"async\" class=\"aligncenter wp-image-3235\" src=\"https:\/\/rocketplay-slot.com\/wp-content\/uploads\/2023\/08\/9coins1000editionslot.png\" alt=\"Review 9 Coins slot 2\" width=\"811\" height=\"356\" srcset=\"https:\/\/rocketplay-slot.com\/wp-content\/uploads\/2023\/08\/9coins1000editionslot.png 1898w, https:\/\/rocketplay-slot.com\/wp-content\/uploads\/2023\/08\/9coins1000editionslot-300x132.png 300w, https:\/\/rocketplay-slot.com\/wp-content\/uploads\/2023\/08\/9coins1000editionslot-1024x449.png 1024w, https:\/\/rocketplay-slot.com\/wp-content\/uploads\/2023\/08\/9coins1000editionslot-768x337.png 768w, https:\/\/rocketplay-slot.com\/wp-content\/uploads\/2023\/08\/9coins1000editionslot-1536x674.png 1536w\" sizes=\"auto, (max-width: 811px) 100vw, 811px\" \/><\/p>\n<h2>ONDE JOGAR SLOT DE 9 MOEDAS POR DINHEIRO REAL<\/h2>\n<p>Para jogar no slot 9 Coins com dinheiro real na Austr\u00e1lia, voc\u00ea precisar\u00e1 escolher um cassino online confi\u00e1vel e licenciado. Verifique a reputa\u00e7\u00e3o do cassino, a disponibilidade de b\u00f4nus e 9 moedas de rodadas gr\u00e1tis na Austr\u00e1lia e a conveni\u00eancia da plataforma de jogo. Depois de escolher o cassino certo, voc\u00ea poder\u00e1 desfrutar de uma emocionante aventura de jogo no slot 9 Coins e ter chances de ganhar muito.<\/p>\n<h2>CONCLUS\u00c3O<\/h2>\n<p>O slot de 9 moedas \u00e9 um slot emocionante com um tema interessante e muitas oportunidades de ganhar. Voc\u00ea pode experimentar a vers\u00e3o demo do jogo para entender as regras ou ir direto para uma aventura de jogo com dinheiro real em cassinos online na Austr\u00e1lia. Freespins e b\u00f4nus exclusivos tornam o slot 9 Coins ainda mais atraente para os jogadores, e voc\u00ea tem uma oportunidade \u00fanica de sentir toda a atmosfera de jogo do jogo neste emocionante slot.<\/p>\n","protected":false},"excerpt":{"rendered":"<p>A slot machine 9 Coins \u00e9 uma slot emocionante que atrai jogadores com o seu tema \u00fanico e oportunidades para grandes ganhos. Nesta an\u00e1lise, veremos as principais caracter\u00edsticas do slot 9 Coins, forneceremos uma vis\u00e3o geral da vers\u00e3o demo do jogo e tamb\u00e9m falaremos sobre a oportunidade de obter rodadas gr\u00e1tis na Austr\u00e1lia para este&#8230;<\/p>\n","protected":false},"author":1,"featured_media":0,"parent":0,"menu_order":0,"comment_status":"closed","ping_status":"closed","template":"","meta":{"_acf_changed":false,"_kad_post_transparent":"default","_kad_post_title":"default","_kad_post_layout":"default","_kad_post_sidebar_id":"","_kad_post_content_style":"default","_kad_post_vertical_padding":"default","_kad_post_feature":"","_kad_post_feature_position":"","_kad_post_header":false,"_kad_post_footer":false,"footnotes":""},"class_list":["post-3383","page","type-page","status-publish","hentry"],"acf":[],"rttpg_featured_image_url":null,"rttpg_author":{"display_name":"Elvis","author_link":"https:\/\/rocketplay-slot.com\/pt-br\/author\/pemvas95n89x\/"},"rttpg_comment":0,"rttpg_category":null,"rttpg_excerpt":"A slot machine 9 Coins \u00e9 uma slot emocionante que atrai jogadores com o seu tema \u00fanico e oportunidades para grandes ganhos. Nesta an\u00e1lise, veremos as principais caracter\u00edsticas do slot 9 Coins, forneceremos uma vis\u00e3o geral da vers\u00e3o demo do jogo e tamb\u00e9m falaremos sobre a oportunidade de obter rodadas gr\u00e1tis na Austr\u00e1lia para este...","_links":{"self":[{"href":"https:\/\/rocketplay-slot.com\/pt-br\/wp-json\/wp\/v2\/pages\/3383","targetHints":{"allow":["GET"]}}],"collection":[{"href":"https:\/\/rocketplay-slot.com\/pt-br\/wp-json\/wp\/v2\/pages"}],"about":[{"href":"https:\/\/rocketplay-slot.com\/pt-br\/wp-json\/wp\/v2\/types\/page"}],"author":[{"embeddable":true,"href":"https:\/\/rocketplay-slot.com\/pt-br\/wp-json\/wp\/v2\/users\/1"}],"replies":[{"embeddable":true,"href":"https:\/\/rocketplay-slot.com\/pt-br\/wp-json\/wp\/v2\/comments?post=3383"}],"version-history":[{"count":2,"href":"https:\/\/rocketplay-slot.com\/pt-br\/wp-json\/wp\/v2\/pages\/3383\/revisions"}],"predecessor-version":[{"id":3385,"href":"https:\/\/rocketplay-slot.com\/pt-br\/wp-json\/wp\/v2\/pages\/3383\/revisions\/3385"}],"wp:attachment":[{"href":"https:\/\/rocketplay-slot.com\/pt-br\/wp-json\/wp\/v2\/media?parent=3383"}],"curies":[{"name":"wp","href":"https:\/\/api.w.org\/{rel}","templated":true}]}}