{"id":3415,"date":"2023-08-17T12:16:08","date_gmt":"2023-08-17T09:16:08","guid":{"rendered":"https:\/\/rocketplay-slot.com\/gold-express\/"},"modified":"2023-10-08T11:08:31","modified_gmt":"2023-10-08T08:08:31","slug":"gold-express","status":"publish","type":"page","link":"https:\/\/rocketplay-slot.com\/pt-br\/gold-express\/","title":{"rendered":"An\u00e1lise do ca\u00e7a-n\u00edqueis Gold Express"},"content":{"rendered":"<p>O slot Play Gold Express \u00e9 uma experi\u00eancia emocionante para os entusiastas do jogo. Esta slot machine brilhante e emocionante oferece muitas oportunidades para ganhar e desfrutar do jogo. Neste artigo, veremos os principais recursos do Gold Express e explicaremos como obter acesso gratuito ao jogo e usar b\u00f4nus.<\/p>\n<p><img loading=\"lazy\" decoding=\"async\" class=\"aligncenter size-full wp-image-3246\" src=\"https:\/\/rocketplay-slot.com\/wp-content\/uploads\/2023\/08\/maxresdefault-1.jpg\" alt=\"Gold Express slot machine review 1\" width=\"951\" height=\"705\" srcset=\"https:\/\/rocketplay-slot.com\/wp-content\/uploads\/2023\/08\/maxresdefault-1.jpg 951w, https:\/\/rocketplay-slot.com\/wp-content\/uploads\/2023\/08\/maxresdefault-1-300x222.jpg 300w, https:\/\/rocketplay-slot.com\/wp-content\/uploads\/2023\/08\/maxresdefault-1-768x569.jpg 768w\" sizes=\"auto, (max-width: 951px) 100vw, 951px\" \/><\/p>\n<h2>FAMILIARIZA\u00c7\u00c3O COM A M\u00c1QUINA SLOT MACHINE GOLD EXPRESS<\/h2>\n<p>Gold Express \u00e9 um slot de cinco cilindros com 25 linhas de pagamento, desenvolvido por uma empresa l\u00edder em software de jogos de azar. O tema da an\u00e1lise do slot Gold Express Hold \u00e9 baseado na corrida do ouro e nos tempos de prospec\u00e7\u00e3o de ouro. Gr\u00e1ficos coloridos, efeitos sonoros e anima\u00e7\u00f5es mergulham o jogador em um mundo fascinante de aventura e poss\u00edveis ganhos.<\/p>\n<h2>B\u00d4NUS E RECOMPENSAS<\/h2>\n<p>Jogar no slot Gold Express n\u00e3o \u00e9 apenas interessante, mas tamb\u00e9m lucrativo. Durante o jogo voc\u00ea pode encontrar v\u00e1rios s\u00edmbolos de b\u00f4nus, como s\u00edmbolos &#8220;Wild&#8221; e &#8220;Scatter&#8221;. O s\u00edmbolo \u201cWild\u201d \u00e9 capaz de substituir outros s\u00edmbolos nas bobinas, ajudando a coletar combina\u00e7\u00f5es vencedoras. E o s\u00edmbolo &#8220;Scatter&#8221; ativa o modo de rodadas gr\u00e1tis, que lhe d\u00e1 chances adicionais de ganhar.<\/p>\n<h2>ACESSO GRATUITO AO JOGO<\/h2>\n<p>Para quem quiser experimentar o Gold Express gratuitamente, existe a oportunidade de jogar no modo demo. O Free Gold Express d\u00e1-lhe a oportunidade de se familiarizar com as regras do jogo, explorar as funcionalidades e b\u00f3nus da slot sem arriscar os seus fundos. Esta \u00e9 uma \u00f3tima maneira de determinar se esta m\u00e1quina combina com voc\u00ea e se vale uma aposta real.<\/p>\n<h2>RECURSOS AGRAD\u00c1VEIS DO GOLD EXPRESS<\/h2>\n<p>Um dos principais recursos do Gold Express \u00e9 o modo Hold slot. Quando combina\u00e7\u00f5es vencedoras caem nas bobinas, elas ficam congeladas no lugar enquanto o restante das bobinas gira novamente. Isso lhe d\u00e1 chances extras de obter ganhos maiores.<\/p>\n<p><img loading=\"lazy\" decoding=\"async\" class=\"aligncenter size-full wp-image-3255\" src=\"https:\/\/rocketplay-slot.com\/wp-content\/uploads\/2023\/08\/ss_671c8d840032a5051c396f539388da4cb8eacd97.1920x1080.jpg\" alt=\"Gold Express slot machine review 2\" width=\"1280\" height=\"720\" srcset=\"https:\/\/rocketplay-slot.com\/wp-content\/uploads\/2023\/08\/ss_671c8d840032a5051c396f539388da4cb8eacd97.1920x1080.jpg 1280w, https:\/\/rocketplay-slot.com\/wp-content\/uploads\/2023\/08\/ss_671c8d840032a5051c396f539388da4cb8eacd97.1920x1080-300x169.jpg 300w, https:\/\/rocketplay-slot.com\/wp-content\/uploads\/2023\/08\/ss_671c8d840032a5051c396f539388da4cb8eacd97.1920x1080-1024x576.jpg 1024w, https:\/\/rocketplay-slot.com\/wp-content\/uploads\/2023\/08\/ss_671c8d840032a5051c396f539388da4cb8eacd97.1920x1080-768x432.jpg 768w\" sizes=\"auto, (max-width: 1280px) 100vw, 1280px\" \/><\/p>\n<h2>DICAS E ESTRAT\u00c9GIAS DE JOGO<\/h2>\n<p>Para aumentar suas chances de ganhar no slot Gold Express gr\u00e1tis, \u00e9 recomend\u00e1vel fazer apostas razo\u00e1veis, especialmente ao jogar com dinheiro real. Gerencie seu saldo para que o jogo seja longo e gratificante. Tamb\u00e9m vale a pena utilizar o b\u00f4nus e promo\u00e7\u00f5es Gold Express oferecidos pelo cassino para aumentar seus ganhos.<\/p>\n<h2>CONCLUS\u00c3O<\/h2>\n<p>Como ganhar no slot Gold Express que oferece aos jogadores muitas oportunidades de ganhar. Com acesso gratuito ao jogo em modo de demonstra\u00e7\u00e3o, voc\u00ea pode se familiarizar com o jogo sem riscos e decidir se \u00e9 adequado para voc\u00ea. Use os b\u00f4nus e o recurso Hold slot para aumentar suas chances de ganhar muito. N\u00e3o se esque\u00e7a de gerenciar seu saldo e escolher cassinos online confi\u00e1veis para jogar.<\/p>\n<p>Ent\u00e3o, se voc\u00ea est\u00e1 pronto para embarcar em uma emocionante jornada de volta aos dias da corrida do ouro, ent\u00e3o jogar no slot Gold Express \u00e9 uma \u00f3tima escolha para voc\u00ea!<\/p>\n","protected":false},"excerpt":{"rendered":"<p>O slot Play Gold Express \u00e9 uma experi\u00eancia emocionante para os entusiastas do jogo. Esta slot machine brilhante e emocionante oferece muitas oportunidades para ganhar e desfrutar do jogo. Neste artigo, veremos os principais recursos do Gold Express e explicaremos como obter acesso gratuito ao jogo e usar b\u00f4nus. FAMILIARIZA\u00c7\u00c3O COM A M\u00c1QUINA SLOT MACHINE&#8230;<\/p>\n","protected":false},"author":1,"featured_media":0,"parent":0,"menu_order":0,"comment_status":"closed","ping_status":"closed","template":"","meta":{"_acf_changed":false,"_kad_post_transparent":"default","_kad_post_title":"default","_kad_post_layout":"default","_kad_post_sidebar_id":"","_kad_post_content_style":"default","_kad_post_vertical_padding":"default","_kad_post_feature":"","_kad_post_feature_position":"","_kad_post_header":false,"_kad_post_footer":false,"footnotes":""},"class_list":["post-3415","page","type-page","status-publish","hentry"],"acf":[],"rttpg_featured_image_url":null,"rttpg_author":{"display_name":"Elvis","author_link":"https:\/\/rocketplay-slot.com\/pt-br\/author\/pemvas95n89x\/"},"rttpg_comment":0,"rttpg_category":null,"rttpg_excerpt":"O slot Play Gold Express \u00e9 uma experi\u00eancia emocionante para os entusiastas do jogo. Esta slot machine brilhante e emocionante oferece muitas oportunidades para ganhar e desfrutar do jogo. Neste artigo, veremos os principais recursos do Gold Express e explicaremos como obter acesso gratuito ao jogo e usar b\u00f4nus. FAMILIARIZA\u00c7\u00c3O COM A M\u00c1QUINA SLOT MACHINE...","_links":{"self":[{"href":"https:\/\/rocketplay-slot.com\/pt-br\/wp-json\/wp\/v2\/pages\/3415","targetHints":{"allow":["GET"]}}],"collection":[{"href":"https:\/\/rocketplay-slot.com\/pt-br\/wp-json\/wp\/v2\/pages"}],"about":[{"href":"https:\/\/rocketplay-slot.com\/pt-br\/wp-json\/wp\/v2\/types\/page"}],"author":[{"embeddable":true,"href":"https:\/\/rocketplay-slot.com\/pt-br\/wp-json\/wp\/v2\/users\/1"}],"replies":[{"embeddable":true,"href":"https:\/\/rocketplay-slot.com\/pt-br\/wp-json\/wp\/v2\/comments?post=3415"}],"version-history":[{"count":2,"href":"https:\/\/rocketplay-slot.com\/pt-br\/wp-json\/wp\/v2\/pages\/3415\/revisions"}],"predecessor-version":[{"id":3417,"href":"https:\/\/rocketplay-slot.com\/pt-br\/wp-json\/wp\/v2\/pages\/3415\/revisions\/3417"}],"wp:attachment":[{"href":"https:\/\/rocketplay-slot.com\/pt-br\/wp-json\/wp\/v2\/media?parent=3415"}],"curies":[{"name":"wp","href":"https:\/\/api.w.org\/{rel}","templated":true}]}}