{"id":3478,"date":"2023-08-17T12:20:18","date_gmt":"2023-08-17T09:20:18","guid":{"rendered":"https:\/\/rocketplay-slot.com\/lion-gems-hold-and-win\/"},"modified":"2023-10-08T14:10:36","modified_gmt":"2023-10-08T11:10:36","slug":"lion-gems-hold-and-win","status":"publish","type":"page","link":"https:\/\/rocketplay-slot.com\/pt-br\/lion-gems-hold-and-win\/","title":{"rendered":"Revis\u00e3o do ca\u00e7a-n\u00edqueis Lion Gems: Hold and Win"},"content":{"rendered":"<p>Ca\u00e7a-n\u00edqueis Lion Gems: Hold and Win &#8211; um ca\u00e7a-n\u00edqueis emocionante que oferece aos jogadores uma oportunidade \u00fanica de mergulhar na atmosfera da pradaria africana e sentir o desejo de jogar com dinheiro real Lion Gems Hold.<\/p>\n<p><img loading=\"lazy\" decoding=\"async\" class=\"aligncenter size-full wp-image-3294\" src=\"https:\/\/rocketplay-slot.com\/wp-content\/uploads\/2023\/08\/lion_gems__post_984x552.png\" alt=\"Lion Gems 1\" width=\"984\" height=\"552\" srcset=\"https:\/\/rocketplay-slot.com\/wp-content\/uploads\/2023\/08\/lion_gems__post_984x552.png 984w, https:\/\/rocketplay-slot.com\/wp-content\/uploads\/2023\/08\/lion_gems__post_984x552-300x168.png 300w, https:\/\/rocketplay-slot.com\/wp-content\/uploads\/2023\/08\/lion_gems__post_984x552-768x431.png 768w\" sizes=\"auto, (max-width: 984px) 100vw, 984px\" \/><\/p>\n<h2>JOGABILIDADE EMOCIONANTE LION GEMS: SEGURE E GANHE<\/h2>\n<p>Lion Gems Hold and Win &#8211; uma m\u00e1quina ca\u00e7a-n\u00edqueis brilhante e colorida com cinco rolos e 25 linhas de pagamento. O tema do slot \u00e9 dedicado \u00e0 vida na natureza selvagem das terras africanas, e os s\u00edmbolos incluem le\u00f5es, elefantes, girafas e outros habitantes da savana. Gr\u00e1ficos de qualidade e som atmosf\u00e9rico mergulham os jogadores no maravilhoso mundo da natureza africana.<\/p>\n<h2>RECURSOS E B\u00d4NUS DE LION GEMS: SEGURE E GANHE<\/h2>\n<p>A an\u00e1lise Lion Gems: Hold and Win tem v\u00e1rios recursos e b\u00f4nus interessantes:<\/p>\n<ul>\n<li>B\u00f4nus Hold and Win &#8211; quando v\u00e1rios s\u00edmbolos de gemas caem nas bobinas, o modo Hold and Win \u00e9 ativado. Os jogadores t\u00eam a oportunidade de obter grandes ganhos e tamb\u00e9m ganhar um dos tr\u00eas jackpots.<\/li>\n<li>Rodadas Gr\u00e1tis &#8211; quando tr\u00eas ou mais s\u00edmbolos scatter caem, os jogadores recebem rodadas gr\u00e1tis com maiores chances de ganhar.<\/li>\n<\/ul>\n<h2>COMO JOGAR LION GEMS: MANTENHA E GANHE SLOT POR DINHEIRO REAL<\/h2>\n<p>Para jogar o slot Lion Gems: Hold and Win com dinheiro real, voc\u00ea precisa escolher um cassino online confi\u00e1vel que ofere\u00e7a esta m\u00e1quina. Ent\u00e3o voc\u00ea deve se registrar no site do cassino, reabastecer sua conta de jogo e selecionar Lion Gems: Hold and Win na se\u00e7\u00e3o de slots.<\/p>\n<h2 style=\"font-family: Rubik, sans-serif;\"><img loading=\"lazy\" decoding=\"async\" class=\"aligncenter size-full wp-image-3285\" src=\"https:\/\/rocketplay-slot.com\/wp-content\/uploads\/2023\/08\/lion-gems-hold-and-win-ss.jpg\" alt=\"Lion Gems 2\" width=\"850\" height=\"483\" srcset=\"https:\/\/rocketplay-slot.com\/wp-content\/uploads\/2023\/08\/lion-gems-hold-and-win-ss.jpg 850w, https:\/\/rocketplay-slot.com\/wp-content\/uploads\/2023\/08\/lion-gems-hold-and-win-ss-300x170.jpg 300w, https:\/\/rocketplay-slot.com\/wp-content\/uploads\/2023\/08\/lion-gems-hold-and-win-ss-768x436.jpg 768w\" sizes=\"auto, (max-width: 850px) 100vw, 850px\" \/><\/h2>\n<h2>DICAS PARA AUMENTAR SEUS GANHOS<\/h2>\n<p>Para aumentar suas chances de ganhar no slot Lion Gems: Hold and Win, \u00e9 recomend\u00e1vel seguir as seguintes dicas:<\/p>\n<ul>\n<li>Defina as apostas ideais &#8211; escolha apostas que caibam no seu or\u00e7amento e permitam que voc\u00ea aproveite o jogo por longos per\u00edodos de tempo.<\/li>\n<li>Use o b\u00f4nus Hold and Win &#8211; participe ativamente do modo Hold and Win para aumentar suas chances de obter grandes ganhos.<\/li>\n<li>Jogue com responsabilidade &#8211; lembre-se que o jogo pode ser viciante, por isso jogue com responsabilidade e estabele\u00e7a limites de aposta.<\/li>\n<\/ul>\n<h2>CONCLUS\u00c3O<\/h2>\n<p>Lion Gems: Hold and Win \u00e9 uma m\u00e1quina ca\u00e7a-n\u00edqueis emocionante com gr\u00e1ficos brilhantes e jogabilidade emocionante. Os b\u00f4nus e recursos do slot permitem que os jogadores obtenham grandes ganhos e aproveitem a emo\u00e7\u00e3o ao m\u00e1ximo. Se voc\u00ea est\u00e1 procurando um jogo de qualidade com a possibilidade de ganhar dinheiro real, Lion Gems: Hold and Win merece sua aten\u00e7\u00e3o. Jogue Lion Gems: Hold and Win com responsabilidade e boa sorte em sua jornada de jogo!<\/p>\n","protected":false},"excerpt":{"rendered":"<p>Ca\u00e7a-n\u00edqueis Lion Gems: Hold and Win &#8211; um ca\u00e7a-n\u00edqueis emocionante que oferece aos jogadores uma oportunidade \u00fanica de mergulhar na atmosfera da pradaria africana e sentir o desejo de jogar com dinheiro real Lion Gems Hold. JOGABILIDADE EMOCIONANTE LION GEMS: SEGURE E GANHE Lion Gems Hold and Win &#8211; uma m\u00e1quina ca\u00e7a-n\u00edqueis brilhante e colorida&#8230;<\/p>\n","protected":false},"author":1,"featured_media":0,"parent":0,"menu_order":0,"comment_status":"closed","ping_status":"closed","template":"","meta":{"_acf_changed":false,"_kad_post_transparent":"default","_kad_post_title":"default","_kad_post_layout":"default","_kad_post_sidebar_id":"","_kad_post_content_style":"default","_kad_post_vertical_padding":"default","_kad_post_feature":"","_kad_post_feature_position":"","_kad_post_header":false,"_kad_post_footer":false,"footnotes":""},"class_list":["post-3478","page","type-page","status-publish","hentry"],"acf":[],"rttpg_featured_image_url":null,"rttpg_author":{"display_name":"Elvis","author_link":"https:\/\/rocketplay-slot.com\/pt-br\/author\/pemvas95n89x\/"},"rttpg_comment":0,"rttpg_category":null,"rttpg_excerpt":"Ca\u00e7a-n\u00edqueis Lion Gems: Hold and Win &#8211; um ca\u00e7a-n\u00edqueis emocionante que oferece aos jogadores uma oportunidade \u00fanica de mergulhar na atmosfera da pradaria africana e sentir o desejo de jogar com dinheiro real Lion Gems Hold. JOGABILIDADE EMOCIONANTE LION GEMS: SEGURE E GANHE Lion Gems Hold and Win &#8211; uma m\u00e1quina ca\u00e7a-n\u00edqueis brilhante e colorida...","_links":{"self":[{"href":"https:\/\/rocketplay-slot.com\/pt-br\/wp-json\/wp\/v2\/pages\/3478","targetHints":{"allow":["GET"]}}],"collection":[{"href":"https:\/\/rocketplay-slot.com\/pt-br\/wp-json\/wp\/v2\/pages"}],"about":[{"href":"https:\/\/rocketplay-slot.com\/pt-br\/wp-json\/wp\/v2\/types\/page"}],"author":[{"embeddable":true,"href":"https:\/\/rocketplay-slot.com\/pt-br\/wp-json\/wp\/v2\/users\/1"}],"replies":[{"embeddable":true,"href":"https:\/\/rocketplay-slot.com\/pt-br\/wp-json\/wp\/v2\/comments?post=3478"}],"version-history":[{"count":2,"href":"https:\/\/rocketplay-slot.com\/pt-br\/wp-json\/wp\/v2\/pages\/3478\/revisions"}],"predecessor-version":[{"id":3480,"href":"https:\/\/rocketplay-slot.com\/pt-br\/wp-json\/wp\/v2\/pages\/3478\/revisions\/3480"}],"wp:attachment":[{"href":"https:\/\/rocketplay-slot.com\/pt-br\/wp-json\/wp\/v2\/media?parent=3478"}],"curies":[{"name":"wp","href":"https:\/\/api.w.org\/{rel}","templated":true}]}}