{"id":3628,"date":"2024-01-22T21:39:33","date_gmt":"2024-01-22T18:39:33","guid":{"rendered":"https:\/\/rocketplay-slot.com\/bonus-policy\/"},"modified":"2024-01-22T22:39:11","modified_gmt":"2024-01-22T19:39:11","slug":"bonus-policy","status":"publish","type":"page","link":"https:\/\/rocketplay-slot.com\/pt-br\/bonus-policy\/","title":{"rendered":"Pol\u00edtica de b\u00f4nus"},"content":{"rendered":"<p>No din\u00e2mico mundo dos cassinos on-line, os jogadores est\u00e3o constantemente buscando plataformas que ofere\u00e7am uma ampla variedade de jogos e incentivos lucrativos para aprimorar sua jornada de jogo. O RocketPlay Casino se destaca como um farol nesse cen\u00e1rio, n\u00e3o apenas por suas diversas op\u00e7\u00f5es de jogos, mas tamb\u00e9m por sua Pol\u00edtica de B\u00f4nus transparente e centrada no jogador. Vamos nos aprofundar nos detalhes da Pol\u00edtica de B\u00f4nus do RocketPlay Casino para entender como ela adiciona uma camada extra de emo\u00e7\u00e3o \u00e0 experi\u00eancia de jogo.<\/p>\n<h2>B\u00f4nus de Boas-Vindas: Lan\u00e7ando sua aventura<\/h2>\n<p>O RocketPlay Casino recebe os novos jogadores de bra\u00e7os abertos, oferecendo atraentes B\u00f4nus de Boas-Vindas. Esses b\u00f4nus s\u00e3o projetados para dar o pontap\u00e9 inicial na sua aventura de jogo com fundos extras. Seja voc\u00ea um jogador experiente ou um novato, o B\u00f4nus de Boas-Vindas atua como um catalisador, fornecendo recursos adicionais para explorar a vasta gama de jogos dispon\u00edveis na plataforma.<\/p>\n<p>A estrutura do B\u00f4nus de Boas-Vindas do RocketPlay Casino \u00e9 generosa e f\u00e1cil de entender. Os jogadores podem esperar uma combina\u00e7\u00e3o de jogos de dep\u00f3sito e rodadas gr\u00e1tis, criando um equil\u00edbrio perfeito para os entusiastas de ca\u00e7a-n\u00edqueis e f\u00e3s de jogos de mesa. Os termos e condi\u00e7\u00f5es transparentes desses b\u00f4nus garantem que os jogadores embarquem em sua jornada de jogo com clareza e confian\u00e7a.<\/p>\n<h2>B\u00f4nus de Recarga: Mantendo a emo\u00e7\u00e3o<\/h2>\n<p>O RocketPlay Casino vai al\u00e9m das boas-vindas iniciais e garante que a emo\u00e7\u00e3o permane\u00e7a forte ao longo do tempo. Entre no reino dos B\u00f4nus de Recarga, onde os jogadores s\u00e3o recompensados por sua lealdade e jogabilidade consistente. Esses b\u00f4nus atestam o compromisso do RocketPlay em criar um ambiente de jogo recompensador e sustent\u00e1vel.<\/p>\n<p>Os b\u00f4nus de recarga normalmente entram em a\u00e7\u00e3o quando os jogadores fazem dep\u00f3sitos subsequentes ap\u00f3s a fase inicial de boas-vindas. Esses b\u00f4nus s\u00e3o geralmente escalonados, o que significa que quanto mais voc\u00ea investir em sua experi\u00eancia de jogo, mais substancial ser\u00e1 o b\u00f4nus. O RocketPlay Casino valoriza a fidelidade do jogador, e os B\u00f4nus de Recarga expressam gratid\u00e3o \u00e0queles que escolhem fazer dessa plataforma a sua casa de jogos.<\/p>\n<h2>Giros Gr\u00e1tis: Girando a Roda da Fortuna<\/h2>\n<p>O RocketPlay Casino oferece uma abund\u00e2ncia de Rodadas Gr\u00e1tis como parte de sua Pol\u00edtica de B\u00f4nus para os entusiastas de ca\u00e7a-n\u00edqueis que encontram alegria em girar os rolos. Essas Rodadas Gr\u00e1tis podem ser associadas a v\u00e1rias promo\u00e7\u00f5es, incluindo B\u00f4nus de Boas-Vindas e B\u00f4nus de Recarga, proporcionando aos jogadores chances adicionais de ganhar sem esgotar seus fundos.<\/p>\n<p>A beleza das Rodadas Gr\u00e1tis est\u00e1 em sua simplicidade e versatilidade. Elas podem ser vinculadas a jogos de ca\u00e7a-n\u00edqueis espec\u00edficos ou oferecidas como um b\u00f4nus geral, permitindo que os jogadores explorem novos t\u00edtulos ou se entreguem aos seus favoritos de todos os tempos. O RocketPlay Casino atualiza frequentemente suas ofertas de Rodadas Gr\u00e1tis, garantindo que os jogadores sempre tenham algo novo e empolgante para esperar.<\/p>\n<h2>Requisitos de apostas: Alcan\u00e7ando um equil\u00edbrio<\/h2>\n<p>Embora os b\u00f4nus adicionem uma camada de emo\u00e7\u00e3o \u00e0 experi\u00eancia de jogo, o RocketPlay Casino mant\u00e9m a imparcialidade e a transpar\u00eancia por meio de seus requisitos de apostas bem definidos. Os requisitos de apostas s\u00e3o um aspecto comum dos b\u00f4nus de cassino on-line, e o RocketPlay garante que eles equilibrem a recompensa dos jogadores e a manuten\u00e7\u00e3o da integridade da plataforma.<\/p>\n<p>Os requisitos de apostas do cassino s\u00e3o claramente descritos nos termos e condi\u00e7\u00f5es associados a cada b\u00f4nus. Ao fazer isso, o RocketPlay Casino d\u00e1 aos jogadores o conhecimento necess\u00e1rio para tomar decis\u00f5es bem informadas. O compromisso do cassino com o jogo limpo \u00e9 evidente em seus requisitos de apostas razo\u00e1veis, garantindo que os jogadores possam desfrutar de seus ganhos sem obst\u00e1culos desnecess\u00e1rios.<\/p>\n<h2>Programa VIP: Elevando as recompensas para a elite<\/h2>\n<p>O RocketPlay Casino vai al\u00e9m ao oferecer um Programa VIP que leva as recompensas dos jogadores a novos patamares. O Programa VIP foi criado para os jogadores mais dedicados e com maiores apostas do cassino, oferecendo vantagens e b\u00f4nus exclusivos adaptados \u00e0s prefer\u00eancias individuais.<\/p>\n<p>Os membros VIP do RocketPlay Casino desfrutam de uma experi\u00eancia de jogo personalizada com gerentes de conta dedicados, tempos de saque mais r\u00e1pidos e promo\u00e7\u00f5es personalizadas. O Programa VIP exemplifica o compromisso do RocketPlay em reconhecer e recompensar a lealdade de seus jogadores mais estimados, criando um ambiente de jogo elevado e de elite.<\/p>\n<p>No vasto cen\u00e1rio dos cassinos on-line, o RocketPlay Casino se distingue por sua extensa biblioteca de jogos e por sua Pol\u00edtica de B\u00f4nus centrada no jogador. Desde o momento em que os jogadores se registram e reivindicam seu B\u00f4nus de Boas-Vindas at\u00e9 a emo\u00e7\u00e3o cont\u00ednua dos B\u00f4nus de Recarga e as vantagens exclusivas do Programa VIP, o RocketPlay Casino garante que recompensas generosas acompanhem cada jornada de jogo.<\/p>\n<p>A abordagem transparente e justa dos b\u00f4nus e os requisitos de apostas razo\u00e1veis diferenciam o RocketPlay Casino como uma plataforma que prioriza a experi\u00eancia do jogador. Portanto, aperte o cinto e prepare-se para uma aventura de jogo emocionante, alimentada pela inigual\u00e1vel Pol\u00edtica de B\u00f4nus do RocketPlay Casino.<\/p>\n","protected":false},"excerpt":{"rendered":"<p>No din\u00e2mico mundo dos cassinos on-line, os jogadores est\u00e3o constantemente buscando plataformas que ofere\u00e7am uma ampla variedade de jogos e incentivos lucrativos para aprimorar sua jornada de jogo. O RocketPlay Casino se destaca como um farol nesse cen\u00e1rio, n\u00e3o apenas por suas diversas op\u00e7\u00f5es de jogos, mas tamb\u00e9m por sua Pol\u00edtica de B\u00f4nus transparente e&#8230;<\/p>\n","protected":false},"author":1,"featured_media":0,"parent":0,"menu_order":0,"comment_status":"closed","ping_status":"closed","template":"","meta":{"_acf_changed":false,"_kad_post_transparent":"default","_kad_post_title":"default","_kad_post_layout":"default","_kad_post_sidebar_id":"","_kad_post_content_style":"default","_kad_post_vertical_padding":"default","_kad_post_feature":"","_kad_post_feature_position":"","_kad_post_header":false,"_kad_post_footer":false,"footnotes":""},"class_list":["post-3628","page","type-page","status-publish","hentry"],"acf":[],"rttpg_featured_image_url":null,"rttpg_author":{"display_name":"Elvis","author_link":"https:\/\/rocketplay-slot.com\/pt-br\/author\/pemvas95n89x\/"},"rttpg_comment":0,"rttpg_category":null,"rttpg_excerpt":"No din\u00e2mico mundo dos cassinos on-line, os jogadores est\u00e3o constantemente buscando plataformas que ofere\u00e7am uma ampla variedade de jogos e incentivos lucrativos para aprimorar sua jornada de jogo. O RocketPlay Casino se destaca como um farol nesse cen\u00e1rio, n\u00e3o apenas por suas diversas op\u00e7\u00f5es de jogos, mas tamb\u00e9m por sua Pol\u00edtica de B\u00f4nus transparente e...","_links":{"self":[{"href":"https:\/\/rocketplay-slot.com\/pt-br\/wp-json\/wp\/v2\/pages\/3628","targetHints":{"allow":["GET"]}}],"collection":[{"href":"https:\/\/rocketplay-slot.com\/pt-br\/wp-json\/wp\/v2\/pages"}],"about":[{"href":"https:\/\/rocketplay-slot.com\/pt-br\/wp-json\/wp\/v2\/types\/page"}],"author":[{"embeddable":true,"href":"https:\/\/rocketplay-slot.com\/pt-br\/wp-json\/wp\/v2\/users\/1"}],"replies":[{"embeddable":true,"href":"https:\/\/rocketplay-slot.com\/pt-br\/wp-json\/wp\/v2\/comments?post=3628"}],"version-history":[{"count":1,"href":"https:\/\/rocketplay-slot.com\/pt-br\/wp-json\/wp\/v2\/pages\/3628\/revisions"}],"predecessor-version":[{"id":3629,"href":"https:\/\/rocketplay-slot.com\/pt-br\/wp-json\/wp\/v2\/pages\/3628\/revisions\/3629"}],"wp:attachment":[{"href":"https:\/\/rocketplay-slot.com\/pt-br\/wp-json\/wp\/v2\/media?parent=3628"}],"curies":[{"name":"wp","href":"https:\/\/api.w.org\/{rel}","templated":true}]}}